{"id":2957,"date":"2023-01-08T04:40:20","date_gmt":"2023-01-08T04:40:20","guid":{"rendered":"https:\/\/estudiosadministrativos.com\/inscripcion\/?page_id=2957"},"modified":"2023-03-05T04:36:38","modified_gmt":"2023-03-05T04:36:38","slug":"area-de-secretaria","status":"publish","type":"page","link":"https:\/\/estudiosadministrativos.com\/inscripcion\/area-de-secretaria\/","title":{"rendered":"\u00c1rea de secretar\u00eda &#8211; informaci\u00f3n general"},"content":{"rendered":"<p>[et_pb_section fb_built=\u00bb1&#8243; admin_label=\u00bbsection\u00bb _builder_version=\u00bb3.22&#8243;][et_pb_row column_structure=\u00bb3_4,1_4&#8243; admin_label=\u00bbrow\u00bb _builder_version=\u00bb4.6.0&#8243; background_size=\u00bbinitial\u00bb background_position=\u00bbtop_left\u00bb background_repeat=\u00bbrepeat\u00bb width=\u00bb99%\u00bb max_width=\u00bb99%\u00bb][et_pb_column type=\u00bb3_4&#8243; _builder_version=\u00bb3.25&#8243; custom_padding=\u00bb|||\u00bb custom_padding__hover=\u00bb|||\u00bb][et_pb_text admin_label=\u00bbText\u00bb _builder_version=\u00bb4.6.0&#8243; background_size=\u00bbinitial\u00bb background_position=\u00bbtop_left\u00bb background_repeat=\u00bbrepeat\u00bb hover_enabled=\u00bb0&#8243; sticky_enabled=\u00bb0&#8243;]<\/p>\n<h4>\n<h4 style=\"padding-left: 40px;\"><a href='https:\/\/estudiosadministrativos.com\/inscripcion\/ope-gobierno-vasco\/' class='small-button smallblack'>GOBIERNO VASCO<\/a> <a href='https:\/\/estudiosadministrativos.com\/inscripcion\/ope-diputacion\/' class='small-button smallblack'>DIPUTACI\u00d3N<\/a> <a href='https:\/\/estudiosadministrativos.com\/inscripcion\/ope-age\/' class='small-button smallblack'>\u00a0 \u00a0 \u00a0 \u00a0A G E\u00a0 \u00a0 \u00a0 \u00a0<\/a> <a href='https:\/\/estudiosadministrativos.com\/inscripcion\/ope-osakidetza\/' class='small-button smallblack'>OSAKIDETZA<\/a> <a href='https:\/\/estudiosadministrativos.com\/inscripcion\/ope-ayuntamiento\/' class='small-button smallblack'>AYUNTAMIENTOS<\/a> <a href='https:\/\/estudiosadministrativos.com\/inscripcion\/area-de-secretaria\/' class='small-button smallblack'>SECRETAR\u00cdA<\/a> <a href='https:\/\/estudiosadministrativos.com\/test-temarios-oposiciones\/' class='small-button smallblack'>LIBRER\u00cdA ONLINE<\/a><br \/>\n<a href='https:\/\/estudiosadministrativos.com\/inscripcion\/cursos\/tecnicos-superiores-y-especialidades-medicas\/' class='small-button smallblack'>T\u00c9CNICOS\/AS SUPERIORES<\/a> <a href='https:\/\/estudiosadministrativos.com\/inscripcion\/cursos\/administrativos-as\/' class='small-button smallblack'>ADMINISTRATIVOS\/AS<\/a> <a href='https:\/\/estudiosadministrativos.com\/inscripcion\/cursos\/auxiliares\/' class='small-button smallblack'>AUXILIARES ADMINISTRATIVOS\/AS<\/a> <a href='https:\/\/estudiosadministrativos.com\/inscripcion\/cursos\/celadores-as\/' class='small-button smallblack'>CELADORES\/AS Y PERSONAL DE APOYO<\/a><\/h4>\n<\/h4>\n<h2><strong>\u00c1rea de secretar\u00eda<\/strong><\/h2>\n<div class='et-box et-bio'>\n\t\t\t\t\t<div class='et-box-content'><strong><a href=\"https:\/\/estudiosadministrativos.com\/inscripcion\/plazos-de-inscripcion-a-los-examenes-oficiales\/\">Plazos de inscripci\u00f3n a las pr\u00f3ximas oposiociones<\/a><\/strong><\/div><\/div>\n<div class='et-box et-bio'>\n\t\t\t\t\t<div class='et-box-content'><strong><a href=\"https:\/\/estudiosadministrativos.com\/inscripcion\/oferta-empleo-publico-2023\/\">Convocatorias en Plazo. Oferta de Empleo P\u00fablico 2023<\/a><\/strong><\/div><\/div>\n<div class='et-box et-bio'>\n\t\t\t\t\t<div class='et-box-content'><strong><a href=\"https:\/\/estudiosadministrativos.com\/cursos\/course\/\" target=\"_blank\" rel=\"noopener\">Nuestros cursos en la plataforma<\/a><\/strong><\/div><\/div>\n<div class='et-box et-bio'>\n\t\t\t\t\t<div class='et-box-content'><strong><a href=\"https:\/\/estudiosadministrativos.com\/inscripcion\/calendario-de-clases\/\" target=\"_blank\" rel=\"noopener\">Calendario de clases<\/a><\/strong><\/div><\/div>\n<div class='et-box et-bio'>\n\t\t\t\t\t<div class='et-box-content'><strong><a href=\"https:\/\/estudiosadministrativos.com\/inscripcion\/informacion-it-txartela\/\" target=\"_blank\" rel=\"noopener\">Informaci\u00f3n IT-Txartela<\/a><\/strong><\/div><\/div>\n<div class='et-box et-bio'>\n\t\t\t\t\t<div class='et-box-content'><strong><a href=\"https:\/\/estudiosadministrativos.com\/inscripcion\/grupos-de-clasificacion-de-los-funcionarios\/\" target=\"_blank\" rel=\"noopener\">Grupos de funcionarios y requisitos<\/a><\/strong><\/div><\/div>\n<div class='et-box et-bio'>\n\t\t\t\t\t<div class='et-box-content'><strong><a href=\"https:\/\/estudiosadministrativos.com\/inscripcion\/bases-especificas-y-requisitos\/\" target=\"_blank\" rel=\"noopener\">Bases espec\u00edficas (requisitos, estructura de la prueba y temario)<\/a><\/strong><\/div><\/div>\n<div class='et-box et-bio'>\n\t\t\t\t\t<div class='et-box-content'>Informaci\u00f3n de contacto<\/div><\/div>\n<div class='et-box et-bio'>\n\t\t\t\t\t<div class='et-box-content'>Canal en directo de monitorizaci\u00f3n de trabajo<\/div><\/div>\n<div class='et-box et-bio'>\n\t\t\t\t\t<div class='et-box-content'>Redes sociales<\/div><\/div>\n<p>&nbsp;<\/p>\n<p>&nbsp;[\/et_pb_text][\/et_pb_column][et_pb_column type=\u00bb1_4&#8243; _builder_version=\u00bb3.25&#8243; custom_padding=\u00bb|||\u00bb custom_padding__hover=\u00bb|||\u00bb][et_pb_sidebar _builder_version=\u00bb4.6.0&#8243; _module_preset=\u00bbdefault\u00bb][\/et_pb_sidebar][\/et_pb_column][\/et_pb_row][\/et_pb_section]<\/p>\n","protected":false},"excerpt":{"rendered":"<p>[et_pb_section fb_built=\u00bb1&#8243; admin_label=\u00bbsection\u00bb _builder_version=\u00bb3.22&#8243;][et_pb_row column_structure=\u00bb3_4,1_4&#8243; admin_label=\u00bbrow\u00bb _builder_version=\u00bb4.6.0&#8243; background_size=\u00bbinitial\u00bb background_position=\u00bbtop_left\u00bb background_repeat=\u00bbrepeat\u00bb width=\u00bb99%\u00bb max_width=\u00bb99%\u00bb][et_pb_column type=\u00bb3_4&#8243; _builder_version=\u00bb3.25&#8243; custom_padding=\u00bb|||\u00bb custom_padding__hover=\u00bb|||\u00bb][et_pb_text admin_label=\u00bbText\u00bb _builder_version=\u00bb4.6.0&#8243; background_size=\u00bbinitial\u00bb background_position=\u00bbtop_left\u00bb background_repeat=\u00bbrepeat\u00bb hover_enabled=\u00bb0&#8243; sticky_enabled=\u00bb0&#8243;] \u00c1rea de secretar\u00eda &nbsp; &nbsp;[\/et_pb_text][\/et_pb_column][et_pb_column type=\u00bb1_4&#8243; _builder_version=\u00bb3.25&#8243; custom_padding=\u00bb|||\u00bb custom_padding__hover=\u00bb|||\u00bb][et_pb_sidebar _builder_version=\u00bb4.6.0&#8243; _module_preset=\u00bbdefault\u00bb][\/et_pb_sidebar][\/et_pb_column][\/et_pb_row][\/et_pb_section]<\/p>\n","protected":false},"author":3,"featured_media":0,"parent":0,"menu_order":0,"comment_status":"closed","ping_status":"closed","template":"","meta":{"_et_pb_use_builder":"on","_et_pb_old_content":"<h4>[button link=\"<a href=\"https:\/\/estudiosadministrativos.com\/inscripcion\/ope-gobierno-vasco\/\">https:\/\/estudiosadministrativos.com\/inscripcion\/ope-gobierno-vasco\/<\/a>\" color=\"black\"]GOBIERNO VASCO[\/button] [button link=\"https:\/\/estudiosadministrativos.com\/inscripcion\/ope-diputacion\/\" color=\"black\"]DIPUTACI\u00d3N[\/button] [button link=\"https:\/\/estudiosadministrativos.com\/inscripcion\/ope-age\/\" color=\"black\"]\u00a0 \u00a0 \u00a0 \u00a0A G E\u00a0 \u00a0 \u00a0 \u00a0[\/button] [button link=\"https:\/\/estudiosadministrativos.com\/inscripcion\/ope-osakidetza\/\" color=\"black\"]OSAKIDETZA[\/button] [button link=\"https:\/\/estudiosadministrativos.com\/inscripcion\/ope-ayuntamiento\/\" color=\"black\"]AYUNTAMIENTOS[\/button] [button link=\"https:\/\/estudiosadministrativos.com\/inscripcion\/area-de-secretaria\/\" color=\"black\"] \u00c1REA DE SECRETAR\u00cdA[\/button] [button link=\"https:\/\/estudiosadministrativos.com\/test-temarios-oposiciones\/\" color=\"black\"]LIBRER\u00cdA ONLINE[\/button]<\/h4>\r\n<h2><strong>\u00c1rea de secretar\u00eda<\/strong><\/h2>\r\n[box type=\"bio\"] <strong><a href=\"https:\/\/estudiosadministrativos.com\/inscripcion\/oferta-empleo-publico-2023\/\">Convocatorias en Plazo. Oferta de Empleo P\u00fablico 2023<\/a><\/strong>[\/box]\r\n\r\n[box type=\"bio\"] <strong><a href=\"https:\/\/estudiosadministrativos.com\/cursos\/course\/\" target=\"_blank\" rel=\"noopener\">Nuestros cursos en la plataforma<\/a><\/strong>[\/box]\r\n\r\n[box type=\"bio\"] <strong><a href=\"https:\/\/estudiosadministrativos.com\/inscripcion\/calendario-de-clases\/\" target=\"_blank\" rel=\"noopener\">Calendario de clases<\/a><\/strong>[\/box]\r\n\r\n[box type=\"bio\"] <strong><a href=\"https:\/\/estudiosadministrativos.com\/inscripcion\/informacion-it-txartela\/\" target=\"_blank\" rel=\"noopener\">Informaci\u00f3n IT-Txartela<\/a><\/strong>[\/box]\r\n\r\n[box type=\"bio\"] <strong><a href=\"https:\/\/estudiosadministrativos.com\/inscripcion\/grupos-de-clasificacion-de-los-funcionarios\/\" target=\"_blank\" rel=\"noopener\">Grupos de funcionarios y requisitos<\/a><\/strong>[\/box]\r\n\r\n[box type=\"bio\"] <strong><a href=\"https:\/\/estudiosadministrativos.com\/inscripcion\/bases-especificas-y-requisitos\/\" target=\"_blank\" rel=\"noopener\">Bases espec\u00edficas (requisitos, estructura de la prueba y temario)<\/a><\/strong>[\/box]\r\n\r\n[box type=\"bio\"] Informaci\u00f3n de contacto[\/box]\r\n\r\n[box type=\"bio\"] Canal en directo de monitorizaci\u00f3n de trabajo[\/box]\r\n\r\n[box type=\"bio\"] Redes sociales[\/box]\r\n\r\n\u00a0\r\n\r\n\u00a0","_et_gb_content_width":"","footnotes":""},"class_list":["post-2957","page","type-page","status-publish","hentry"],"_links":{"self":[{"href":"https:\/\/estudiosadministrativos.com\/inscripcion\/wp-json\/wp\/v2\/pages\/2957","targetHints":{"allow":["GET"]}}],"collection":[{"href":"https:\/\/estudiosadministrativos.com\/inscripcion\/wp-json\/wp\/v2\/pages"}],"about":[{"href":"https:\/\/estudiosadministrativos.com\/inscripcion\/wp-json\/wp\/v2\/types\/page"}],"author":[{"embeddable":true,"href":"https:\/\/estudiosadministrativos.com\/inscripcion\/wp-json\/wp\/v2\/users\/3"}],"replies":[{"embeddable":true,"href":"https:\/\/estudiosadministrativos.com\/inscripcion\/wp-json\/wp\/v2\/comments?post=2957"}],"version-history":[{"count":24,"href":"https:\/\/estudiosadministrativos.com\/inscripcion\/wp-json\/wp\/v2\/pages\/2957\/revisions"}],"predecessor-version":[{"id":4903,"href":"https:\/\/estudiosadministrativos.com\/inscripcion\/wp-json\/wp\/v2\/pages\/2957\/revisions\/4903"}],"wp:attachment":[{"href":"https:\/\/estudiosadministrativos.com\/inscripcion\/wp-json\/wp\/v2\/media?parent=2957"}],"curies":[{"name":"wp","href":"https:\/\/api.w.org\/{rel}","templated":true}]}}