{"id":3546,"date":"2022-09-19T11:21:27","date_gmt":"2022-09-19T11:21:27","guid":{"rendered":"https:\/\/estudiosadministrativos.com\/inscripcion\/?page_id=3546"},"modified":"2024-10-29T14:41:30","modified_gmt":"2024-10-29T14:41:30","slug":"cupones-de-descuento","status":"publish","type":"page","link":"https:\/\/estudiosadministrativos.com\/inscripcion\/cupones-de-descuento\/","title":{"rendered":"Cupones de descuento"},"content":{"rendered":"<h1>Cupones de descuento en la inscripci\u00f3n<\/h1>\n<p><strong>Se puede utilizar el siguiente cup\u00f3n mientras est\u00e9 visible en esta p\u00e1gina.<\/strong><\/p>\n<p><strong>En caso de que no haya ning\u00fan cup\u00f3n visible en esta p\u00e1gina puedes llamar al 633 70 25 47 o escribir un correo a <a href=\"mailto:secretaria@estudiosadministrativos.com\" target=\"_blank\" rel=\"noopener\">secretaria@estudiosadministrativos.com<\/a> y te informar\u00e1n y asesorar\u00e1n de manera personalizada sin compromiso.<\/strong><\/p>\n<p>&nbsp;<\/p>\n<p><img loading=\"lazy\" decoding=\"async\" class=\"aligncenter wp-image-5831 size-full\" src=\"https:\/\/estudiosadministrativos.com\/inscripcion\/wp-content\/uploads\/2024\/10\/arnes.jpg\" alt=\"cup\u00f3n arn\u00e9s\" width=\"521\" height=\"321\" title=\"\" srcset=\"https:\/\/estudiosadministrativos.com\/inscripcion\/wp-content\/uploads\/2024\/10\/arnes.jpg 521w, https:\/\/estudiosadministrativos.com\/inscripcion\/wp-content\/uploads\/2024\/10\/arnes-480x296.jpg 480w\" sizes=\"auto, (min-width: 0px) and (max-width: 480px) 480px, (min-width: 481px) 521px, 100vw\" \/><\/p>\n<p>&nbsp;<\/p>\n<h4><strong>CUP\u00d3N PERMANENTE 50% de descuento para alumnas y alumnos ya inscritos en un curso:<\/strong><\/h4>\n<ul>\n<li>\n<h5><strong>Quiero inscribirme a un segundo curso<\/strong><\/h5>\n<\/li>\n<\/ul>\n<h3 style=\"padding-left: 40px;\"><strong><span style=\"color: #008000;\"><span style=\"color: #000000;\">Introduce el siguiente c\u00f3digo:\u00a0<\/span> <span style=\"font-size: 130%;\">CUPON50-2024<\/span><span style=\"color: #000000;\"> (copiar y pegar en el \u00faltimo paso de la inscripci\u00f3n)<\/span><\/span><\/strong><\/h3>\n<p>&nbsp;<\/p>\n<h3><strong>Enlaces a inscripciones<\/strong><\/h3>\n<p>&nbsp;<\/p>\n<p><strong>\u27a4 <a href=\"https:\/\/estudiosadministrativos.com\/inscripcion\/oposiciones\/administrativos-as-ayuntamiento-de-bilbao\/\" target=\"_blank\" rel=\"noopener\">Inscripci\u00f3n Administrativo\/a del Ayuntamiento de Bilbao<\/a><\/strong><\/p>\n<p><strong>\u27a4 <a href=\"https:\/\/estudiosadministrativos.com\/inscripcion\/oposiciones\/subalternos-ayuntamiento-de-bilbao\/\" target=\"_blank\" rel=\"noopener\">Inscripci\u00f3n Subalterno\/a del Ayuntamiento de Bilbao<\/a><\/strong><\/p>\n<p><strong>\u27a4 <a href=\"https:\/\/estudiosadministrativos.com\/inscripcion\/oposiciones\/administrativo-a-del-gobierno-vasco\/\" target=\"_blank\" rel=\"noopener\">Inscripci\u00f3n Administrativo\/a del Gobierno Vasco<\/a><\/strong><\/p>\n<p><strong>\u27a4 <a href=\"https:\/\/estudiosadministrativos.com\/inscripcion\/oposiciones\/auxiliar-administrativo-a-del-gobierno-vasco\/\" target=\"_blank\" rel=\"noopener\">Inscripci\u00f3n Auxiliar Administrativo\/a del Gobierno Vasco<\/a><\/strong><\/p>\n<p><strong>\u27a4 <a href=\"https:\/\/estudiosadministrativos.com\/inscripcion\/oposiciones\/administrativo-a-de-la-diputacion-de-bizkaia\/\" target=\"_blank\" rel=\"noopener\">Inscripci\u00f3n Administrativo\/a de la Diputaci\u00f3n<\/a><\/strong><\/p>\n<p><strong>\u27a4 <a href=\"https:\/\/estudiosadministrativos.com\/inscripcion\/oposiciones\/tecnico-a-superior-en-administracion-y-gestion\/\" target=\"_blank\" rel=\"noopener\">Inscripci\u00f3n T\u00e9cnico\/a Superior Adm. y Gesti\u00f3n de Osakidetza<\/a><\/strong><\/p>\n<p><strong>\u27a4 <a href=\"https:\/\/estudiosadministrativos.com\/inscripcion\/oposiciones\/administrativo-a-de-osakidetza\/\" target=\"_blank\" rel=\"noopener\">Inscripci\u00f3n Administrativo\/a de Osakidetza (incluye el curso de auxiliar administrativo\/a)<\/a><\/strong><\/p>\n<p><strong>\u27a4<a href=\"https:\/\/estudiosadministrativos.com\/inscripcion\/oposiciones\/auxiliar-administrativo-a-de-osakidetza\/\" target=\"_blank\" rel=\"noopener\"> Inscripci\u00f3n Auxiliar Administrativo\/a Osakidetza<\/a><\/strong><\/p>\n<p><strong>\u27a4<a href=\"https:\/\/estudiosadministrativos.com\/inscripcion\/oposiciones\/celadores-de-osakidetza\/\" target=\"_blank\" rel=\"noopener\"> Inscripci\u00f3n Celador\/a de Osakidetza<\/a><\/strong><\/p>\n<p><strong>\u27a4<a href=\"https:\/\/estudiosadministrativos.com\/inscripcion\/oposiciones\/acceso-completo-e-ilimitado-a-todos-los-cursos\/\" target=\"_blank\" rel=\"noopener\"> Inscripci\u00f3n al acceso completo a todos los cursos<\/a><\/strong><\/p>\n<p>&nbsp;<\/p>\n","protected":false},"excerpt":{"rendered":"<p>Cupones de descuento en la inscripci\u00f3n Se puede utilizar el siguiente cup\u00f3n mientras est\u00e9 visible en esta p\u00e1gina. En caso de que no haya ning\u00fan cup\u00f3n visible en esta p\u00e1gina puedes llamar al 633 70 25 47 o escribir un correo a secretaria@estudiosadministrativos.com y te informar\u00e1n y asesorar\u00e1n de manera personalizada sin compromiso. &nbsp; &nbsp; [&hellip;]<\/p>\n","protected":false},"author":3,"featured_media":5469,"parent":0,"menu_order":0,"comment_status":"closed","ping_status":"closed","template":"","meta":{"_et_pb_use_builder":"","_et_pb_old_content":"","_et_gb_content_width":"","footnotes":""},"class_list":["post-3546","page","type-page","status-publish","has-post-thumbnail","hentry"],"_links":{"self":[{"href":"https:\/\/estudiosadministrativos.com\/inscripcion\/wp-json\/wp\/v2\/pages\/3546","targetHints":{"allow":["GET"]}}],"collection":[{"href":"https:\/\/estudiosadministrativos.com\/inscripcion\/wp-json\/wp\/v2\/pages"}],"about":[{"href":"https:\/\/estudiosadministrativos.com\/inscripcion\/wp-json\/wp\/v2\/types\/page"}],"author":[{"embeddable":true,"href":"https:\/\/estudiosadministrativos.com\/inscripcion\/wp-json\/wp\/v2\/users\/3"}],"replies":[{"embeddable":true,"href":"https:\/\/estudiosadministrativos.com\/inscripcion\/wp-json\/wp\/v2\/comments?post=3546"}],"version-history":[{"count":38,"href":"https:\/\/estudiosadministrativos.com\/inscripcion\/wp-json\/wp\/v2\/pages\/3546\/revisions"}],"predecessor-version":[{"id":5839,"href":"https:\/\/estudiosadministrativos.com\/inscripcion\/wp-json\/wp\/v2\/pages\/3546\/revisions\/5839"}],"wp:featuredmedia":[{"embeddable":true,"href":"https:\/\/estudiosadministrativos.com\/inscripcion\/wp-json\/wp\/v2\/media\/5469"}],"wp:attachment":[{"href":"https:\/\/estudiosadministrativos.com\/inscripcion\/wp-json\/wp\/v2\/media?parent=3546"}],"curies":[{"name":"wp","href":"https:\/\/api.w.org\/{rel}","templated":true}]}}