{"id":1574,"date":"2021-05-15T13:20:38","date_gmt":"2021-05-15T13:20:38","guid":{"rendered":"https:\/\/estudiosadministrativos.com\/inscripcion\/?post_type=product&#038;p=1574"},"modified":"2024-02-09T14:39:02","modified_gmt":"2024-02-09T14:39:02","slug":"curso-de-supuestos-practicos","status":"publish","type":"product","link":"https:\/\/estudiosadministrativos.com\/inscripcion\/oposiciones\/curso-de-supuestos-practicos\/","title":{"rendered":"Curso de Supuestos Pr\u00e1cticos para Administrativos-as del Gobierno Vasco"},"content":{"rendered":"<p>[et_pb_section fb_built=\u00bb1&#8243; _builder_version=\u00bb3.22&#8243; custom_padding=\u00bb0px||||false|false\u00bb][et_pb_row _builder_version=\u00bb3.25&#8243; background_size=\u00bbinitial\u00bb background_position=\u00bbtop_left\u00bb background_repeat=\u00bbrepeat\u00bb width=\u00bb100%\u00bb custom_padding=\u00bb0px||0px||false|false\u00bb][et_pb_column type=\u00bb4_4&#8243; _builder_version=\u00bb3.25&#8243; custom_padding=\u00bb|||\u00bb custom_padding__hover=\u00bb|||\u00bb][et_pb_wc_breadcrumb _builder_version=\u00bb3.0.47&#8243;][\/et_pb_wc_breadcrumb][\/et_pb_column][\/et_pb_row][et_pb_row column_structure=\u00bb1_2,1_2&#8243; _builder_version=\u00bb4.6.0&#8243; _module_preset=\u00bbdefault\u00bb width=\u00bb100%\u00bb max_width=\u00bb2560px\u00bb][et_pb_column type=\u00bb1_2&#8243; _builder_version=\u00bb4.6.0&#8243; _module_preset=\u00bbdefault\u00bb][et_pb_wc_images _builder_version=\u00bb4.6.0&#8243; _module_preset=\u00bbdefault\u00bb custom_padding=\u00bb|69px||||\u00bb][\/et_pb_wc_images][\/et_pb_column][et_pb_column type=\u00bb1_2&#8243; _builder_version=\u00bb4.6.0&#8243; _module_preset=\u00bbdefault\u00bb][et_pb_wc_title _builder_version=\u00bb4.6.0&#8243; custom_margin=\u00bb||5px|0px|false|false\u00bb][\/et_pb_wc_title][et_pb_wc_price _builder_version=\u00bb4.6.0&#8243; custom_margin=\u00bb15px||10px|0px|false|false\u00bb][\/et_pb_wc_price][et_pb_text _builder_version=\u00bb4.6.0&#8243; _module_preset=\u00bbdefault\u00bb text_font_size=\u00bb19px\u00bb custom_margin=\u00bb10px||5px|0px|false|false\u00bb]<\/p>\n<p><strong><span style=\"color: #008080;\"><span style=\"text-decoration: underline;\">Un \u00fanico pago<\/span> hasta que apruebes la oposici\u00f3n<\/span><\/strong><\/p>\n<p><strong><span style=\"color: #008080;\"><\/span><\/strong><\/p>\n<ul>\n<li>El precio incluye las clases que ya est\u00e1n grabadas <strong><a href=\"https:\/\/estudiosadministrativos.com\/cursos\/course\/index.php?categoryid=78\" target=\"_blank\" rel=\"noopener\">en la plataforma<\/a><\/strong> y todas las que se impartan hasta el examen<\/li>\n<li>Incluye el acceso al Bloque Bater\u00eda de Preguntas (bater\u00eda online, con reordenamiento de preguntas, l\u00edmite de tiempo, versi\u00f3n en PDF y apuntes subrayados seg\u00fan la respuesta correcta)<\/li>\n<li>Todas las clases quedan grabadas y las puedes visualizar tantas veces como quieras.<\/li>\n<\/ul>\n<p>[\/et_pb_text][et_pb_wc_add_to_cart show_quantity=\u00bboff\u00bb show_stock=\u00bboff\u00bb _builder_version=\u00bb4.6.0&#8243; body_font=\u00bb|800|||||||\u00bb dropdown_menus_font_size=\u00bb16px\u00bb custom_margin=\u00bb11px|||0px|false|false\u00bb border_width_all_dropdown_menus=\u00bb3px\u00bb][\/et_pb_wc_add_to_cart][\/et_pb_column][\/et_pb_row][et_pb_row _builder_version=\u00bb4.6.0&#8243; background_size=\u00bbinitial\u00bb background_position=\u00bbtop_left\u00bb background_repeat=\u00bbrepeat\u00bb width=\u00bb100%\u00bb custom_margin=\u00bb||20px||false|false\u00bb custom_padding=\u00bb0px||||false|false\u00bb][et_pb_column type=\u00bb4_4&#8243; _builder_version=\u00bb3.25&#8243; custom_padding=\u00bb|||\u00bb custom_padding__hover=\u00bb|||\u00bb][et_pb_wc_description _builder_version=\u00bb4.6.0&#8243; custom_margin=\u00bb20px||5px||false|false\u00bb][\/et_pb_wc_description][\/et_pb_column][\/et_pb_row][et_pb_row _builder_version=\u00bb3.25&#8243; background_size=\u00bbinitial\u00bb background_position=\u00bbtop_left\u00bb background_repeat=\u00bbrepeat\u00bb width=\u00bb100%\u00bb custom_margin=\u00bb-26px|auto||auto||\u00bb][et_pb_column type=\u00bb4_4&#8243; _builder_version=\u00bb3.25&#8243; custom_padding=\u00bb|||\u00bb custom_padding__hover=\u00bb|||\u00bb][et_pb_wc_tabs include_tabs=\u00bbdescription|\u00bb _builder_version=\u00bb4.6.0&#8243;]\t\t\t\t\t[\/et_pb_wc_tabs][\/et_pb_column][\/et_pb_row][\/et_pb_section]<\/p>\n","protected":false},"excerpt":{"rendered":"<h2>Curso de Supuestos Pr\u00e1cticos<\/h2>\n<h3>Para Administrativos-as del Gobierno Vasco (A, B y C)<\/h3>\n","protected":false},"featured_media":4843,"comment_status":"closed","ping_status":"closed","template":"","meta":{"_et_pb_use_builder":"on","_et_pb_old_content":"<h2>Curso de Supuestos Pr\u00e1cticos<\/h2>\r\n<h3>Para Administrativos-as del Gobierno Vasco (niveles, A, B y C)<\/h3>\r\nLas clases son online y en directo, interactivas. Alumnos y profesor con pizarra se ven y se escuchan mutuamente. Los alumnos pueden intervenir en clase en cualquier momento.\r\n\r\nSe graban todas las clases que se imparten, se procesan y aproximadamente tres horas despu\u00e9s est\u00e1n disponibles en la plataforma de estudio. Y tanto los alumnos que han acudido al directo como los que las ven luego en diferido pueden visualizarlas tantas veces como quieran sin coste adicional hasta que aprueben el examen correspondiente\r\n\r\nPara todas las dudas y preguntas sobre el contenido, dudas en test o en apuntes, cosas que necesiten m\u00e1s explicaci\u00f3n o para cualquier asunto que la alumna o alumno quiera comentar, lo puede hace a trav\u00e9s de un foro en cada bloque de la plataforma, o escribiendo un email, preguntando en el whatsapp, llamando por tel\u00e9fono o en la misma clase. Por cualquiera de estos medios, la profesora o el profesor aclarar\u00e1 las dudas\r\n\r\nEn cuanto realizas la inscripci\u00f3n, recibes un correo con un enlace para ingresar por primera vez en la plataforma\r\n\r\n<hr \/>\r\n\r\nTambi\u00e9n nos encontrar\u00e1s a trav\u00e9s de <a href=\"https:\/\/academiaoposicionesbilbao.com\/\" target=\"_blank\" rel=\"noopener\">https:\/\/academiaoposicionesbilbao.com\/<\/a>","_et_gb_content_width":""},"product_brand":[],"product_cat":[224,40,220],"product_tag":[222,76,126,61,191,125],"class_list":{"0":"post-1574","1":"product","2":"type-product","3":"status-publish","4":"has-post-thumbnail","6":"product_cat-administrativos-as","7":"product_cat-cursos-de-oposiciones","8":"product_cat-supuestos-practicos","9":"product_tag-casos-practicos","10":"product_tag-clase-de-supuestos-practicos","11":"product_tag-curso-de-supuestos-practicos","12":"product_tag-ope-gobierno-vasco","13":"product_tag-practicos-ley-39","14":"product_tag-supuestos-practicos","16":"first","17":"instock","18":"virtual","19":"purchasable","20":"product-type-simple"},"_links":{"self":[{"href":"https:\/\/estudiosadministrativos.com\/inscripcion\/wp-json\/wp\/v2\/product\/1574","targetHints":{"allow":["GET"]}}],"collection":[{"href":"https:\/\/estudiosadministrativos.com\/inscripcion\/wp-json\/wp\/v2\/product"}],"about":[{"href":"https:\/\/estudiosadministrativos.com\/inscripcion\/wp-json\/wp\/v2\/types\/product"}],"replies":[{"embeddable":true,"href":"https:\/\/estudiosadministrativos.com\/inscripcion\/wp-json\/wp\/v2\/comments?post=1574"}],"wp:featuredmedia":[{"embeddable":true,"href":"https:\/\/estudiosadministrativos.com\/inscripcion\/wp-json\/wp\/v2\/media\/4843"}],"wp:attachment":[{"href":"https:\/\/estudiosadministrativos.com\/inscripcion\/wp-json\/wp\/v2\/media?parent=1574"}],"wp:term":[{"taxonomy":"product_brand","embeddable":true,"href":"https:\/\/estudiosadministrativos.com\/inscripcion\/wp-json\/wp\/v2\/product_brand?post=1574"},{"taxonomy":"product_cat","embeddable":true,"href":"https:\/\/estudiosadministrativos.com\/inscripcion\/wp-json\/wp\/v2\/product_cat?post=1574"},{"taxonomy":"product_tag","embeddable":true,"href":"https:\/\/estudiosadministrativos.com\/inscripcion\/wp-json\/wp\/v2\/product_tag?post=1574"}],"curies":[{"name":"wp","href":"https:\/\/api.w.org\/{rel}","templated":true}]}}