{"id":1960,"date":"2021-08-03T01:57:44","date_gmt":"2021-08-03T01:57:44","guid":{"rendered":"https:\/\/estudiosadministrativos.com\/inscripcion\/?post_type=product&#038;p=1960"},"modified":"2024-09-15T00:44:32","modified_gmt":"2024-09-15T00:44:32","slug":"curso-ley-reguladora-de-las-bases-del-regimen-local","status":"publish","type":"product","link":"https:\/\/estudiosadministrativos.com\/inscripcion\/oposiciones\/curso-ley-reguladora-de-las-bases-del-regimen-local\/","title":{"rendered":"Curso Ley Reguladora de las Bases del R\u00e9gimen Local &#8211; Clases con apuntes, esquemas, res\u00famenes y test"},"content":{"rendered":"<p>[et_pb_section fb_built=\u00bb1&#8243; _builder_version=\u00bb3.22&#8243; custom_padding=\u00bb0px||||false|false\u00bb][et_pb_row _builder_version=\u00bb3.25&#8243; background_size=\u00bbinitial\u00bb background_position=\u00bbtop_left\u00bb background_repeat=\u00bbrepeat\u00bb width=\u00bb100%\u00bb custom_padding=\u00bb0px||0px||false|false\u00bb][et_pb_column type=\u00bb4_4&#8243; _builder_version=\u00bb3.25&#8243; custom_padding=\u00bb|||\u00bb custom_padding__hover=\u00bb|||\u00bb][\/et_pb_column][\/et_pb_row][et_pb_row _builder_version=\u00bb4.6.0&#8243; background_size=\u00bbinitial\u00bb background_position=\u00bbtop_left\u00bb background_repeat=\u00bbrepeat\u00bb width=\u00bb100%\u00bb custom_padding=\u00bb0px||||false|false\u00bb][et_pb_column type=\u00bb4_4&#8243; _builder_version=\u00bb3.25&#8243; custom_padding=\u00bb|||\u00bb custom_padding__hover=\u00bb|||\u00bb][et_pb_wc_title _builder_version=\u00bb3.0.47&#8243;][\/et_pb_wc_title][et_pb_wc_price _builder_version=\u00bb3.0.47&#8243;][\/et_pb_wc_price][et_pb_text _builder_version=\u00bb4.6.0&#8243; _module_preset=\u00bbdefault\u00bb]<\/p>\n<p><strong>Un \u00fanico pago.<\/strong><\/p>\n<p><strong><em> Si luego decides inscribirte a uno de los cursos que incluyen esta Ley, se descontar\u00e1 del precio del curso el importe de este curso<\/em><\/strong><\/p>\n<p>[\/et_pb_text][et_pb_wc_add_to_cart show_quantity=\u00bboff\u00bb show_stock=\u00bboff\u00bb _builder_version=\u00bb4.6.0&#8243; dropdown_menus_font_size=\u00bb19px\u00bb border_width_all_dropdown_menus=\u00bb2px\u00bb][\/et_pb_wc_add_to_cart][et_pb_wc_description _builder_version=\u00bb3.0.47&#8243;][\/et_pb_wc_description][et_pb_wc_add_to_cart show_quantity=\u00bboff\u00bb show_stock=\u00bboff\u00bb _builder_version=\u00bb4.6.0&#8243; dropdown_menus_font_size=\u00bb19px\u00bb border_width_all_dropdown_menus=\u00bb2px\u00bb][\/et_pb_wc_add_to_cart][\/et_pb_column][\/et_pb_row][et_pb_row _builder_version=\u00bb3.25&#8243; background_size=\u00bbinitial\u00bb background_position=\u00bbtop_left\u00bb background_repeat=\u00bbrepeat\u00bb width=\u00bb100%\u00bb][et_pb_column type=\u00bb4_4&#8243; _builder_version=\u00bb3.25&#8243; custom_padding=\u00bb|||\u00bb custom_padding__hover=\u00bb|||\u00bb][et_pb_wc_tabs include_tabs=\u00bbdescription|\u00bb _builder_version=\u00bb4.6.0&#8243;]\t\t\t\t\t[\/et_pb_wc_tabs][et_pb_image src=\u00bbhttps:\/\/estudiosadministrativos.com\/inscripcion\/wp-content\/uploads\/2021\/08\/cursoleydebases.webp\u00bb alt=\u00bbLey 7\/1985, de 2 de abril, Reguladora de las Bases del R\u00e9gimen Local.\u00bb title_text=\u00bbcursoleydebases\u00bb _builder_version=\u00bb4.6.0&#8243; _module_preset=\u00bbdefault\u00bb][\/et_pb_image][\/et_pb_column][\/et_pb_row][\/et_pb_section]<\/p>\n","protected":false},"excerpt":{"rendered":"<h2>Curso Ley Reguladora de las Bases del R\u00e9gimen Local<\/h2>\n<h3>Puedes visualizar las clases tantas veces como quieras sin coste adicional y tendr\u00e1s acceso a este curso hasta que apruebes el examen de tu oposici\u00f3n.<\/h3>\n<h4>Tienes los TEST del Tema Ley Reguladora de las Bases del R\u00e9gimen Local en versi\u00f3n PDF para descargar y online cronometrados con reordenamiento de preguntas.<\/h4>\n<h4>En cuanto realizas la inscripci\u00f3n te llega un correo con un enlace para acceder a la plataforma.<\/h4>\n<h4><strong>Contenido<\/strong><\/h4>\n<h5 style=\"padding-left: 40px;\"><a href=\"https:\/\/estudiosadministrativos.com\/cursos\/course\/view.php?id=85#section-1\">I.) T\u00edtulo I Disposiciones generales, T\u00edtulo II El Municipio: Territorio y poblaci\u00f3n, Organizaci\u00f3n, Competencias y Reg\u00edmenes especiales<\/a><\/h5>\n<h5 style=\"padding-left: 40px;\"><a href=\"https:\/\/estudiosadministrativos.com\/cursos\/course\/view.php?id=85#section-2\">El padr\u00f3n municipal: su gesti\u00f3n por parte de los Ayuntamientos . La Resoluci\u00f3n de 29 de abril de 2020<\/a><\/h5>\n<h5 style=\"padding-left: 40px;\"><a href=\"https:\/\/estudiosadministrativos.com\/cursos\/course\/view.php?id=85#section-3\">II.) T\u00edtulo III La Provincia: Organizaci\u00f3n, Competencias y Reg\u00edmenes especiales. T\u00edtulo IV: Otras entidades locales<\/a><\/h5>\n<h5 style=\"padding-left: 40px;\"><a href=\"https:\/\/estudiosadministrativos.com\/cursos\/course\/view.php?id=85#section-4\">III.) T\u00edtulo V Disposiciones comunes a las Entidades locales: R\u00e9gimen de funcionamiento, Relaciones interadministrativas, Impugnaci\u00f3n de actos y acuerdos y ejercicio de acciones, Informaci\u00f3n y participaci\u00f3n ciudadanas<\/a><\/h5>\n<h5 style=\"padding-left: 40px;\"><a href=\"https:\/\/estudiosadministrativos.com\/cursos\/course\/view.php?id=85#section-8\">VII.) T\u00edtulo VIII Haciendas Locales<\/a><\/h5>\n<h5 style=\"padding-left: 40px;\"><a href=\"https:\/\/estudiosadministrativos.com\/cursos\/course\/view.php?id=85#section-10\">IX.) T\u00edtulo X R\u00e9gimen de organizaci\u00f3n de los municipios de gran poblaci\u00f3n: \u00e1mbito de aplicaci\u00f3n y organizaci\u00f3n y funcionamiento de los \u00f3rganos municipales necesarios. Cap\u00edtulos I y II del T\u00edtulo X de la Ley 7\/1985, de 2 de abril.<\/a><\/h5>\n<p>&nbsp;<\/p>\n","protected":false},"featured_media":3812,"comment_status":"closed","ping_status":"closed","template":"","meta":{"_et_pb_use_builder":"on","_et_pb_old_content":"<h2>Curso Ley Reguladora de las Bases del R\u00e9gimen Local<\/h2>\r\n[learn_more caption=\"Informaci\u00f3n\"]\r\n<h3>Puedes visualizar las clases (las que ya est\u00e1n subidas y las que se impartan) tantas veces como quieras sin coste adicional y tendr\u00e1s acceso a este curso hasta que apruebes el examen de tu oposici\u00f3n.<\/h3>\r\n<h4>Tienes los TEST del Curso Ley Reguladora de las Bases del R\u00e9gimen Local en versi\u00f3n PDF para descargar y online cronometrados con reordenamiento de preguntas.<\/h4>\r\n<h4>En cuanto realizas la inscripci\u00f3n te llega un correo con un enlace para acceder a la plataforma.<\/h4>\r\n<h4>Antes<em style=\"color: #666666;font-size: 14px\"> de comenzar a solucionar los test es conveniente visualizar las clases del Curso Ley Reguladora de las Bases del R\u00e9gimen Local y realizar una lectura<\/em><span style=\"color: #666666;font-size: 14px\"> comprensiva<\/span><em style=\"color: #666666;font-size: 14px\"> de los apuntes. <\/em><em style=\"color: #666666;font-size: 14px\"><a href=\"https:\/\/www.boe.es\/buscar\/pdf\/1985\/BOE-A-1985-5392-consolidado.pdf\" target=\"_blank\" rel=\"noopener\">Puedes descargar gratis un ejemplar de la Ley 7 1985\u00a0 directamente de la p\u00e1gina del BOE pinchando en este enlace<\/a><\/em><\/h4>\r\n[\/learn_more][learn_more caption=\"Contenido\"]\r\n<h5><a href=\"https:\/\/estudiosadministrativos.com\/cursos\/course\/view.php?id=85#section-1\">I.) T\u00edtulo I Disposiciones generales, T\u00edtulo II El Municipio: Territorio y poblaci\u00f3n, Organizaci\u00f3n, Competencias y Reg\u00edmenes especiales<\/a><\/h5>\r\n<h5><a href=\"https:\/\/estudiosadministrativos.com\/cursos\/course\/view.php?id=85#section-2\">El padr\u00f3n municipal: su gesti\u00f3n por parte de los Ayuntamientos . La Resoluci\u00f3n de 29 de abril de 2020<\/a><\/h5>\r\n<h5><a href=\"https:\/\/estudiosadministrativos.com\/cursos\/course\/view.php?id=85#section-3\">II.) T\u00edtulo III La Provincia: Organizaci\u00f3n, Competencias y Reg\u00edmenes especiales. T\u00edtulo IV: Otras entidades locales<\/a><\/h5>\r\n<h5><a href=\"https:\/\/estudiosadministrativos.com\/cursos\/course\/view.php?id=85#section-4\">III.) T\u00edtulo V Disposiciones comunes a las Entidades locales: R\u00e9gimen de funcionamiento, Relaciones interadministrativas, Impugnaci\u00f3n de actos y acuerdos y ejercicio de acciones, Informaci\u00f3n y participaci\u00f3n ciudadanas<\/a><\/h5>\r\n<h4><a href=\"https:\/\/estudiosadministrativos.com\/cursos\/course\/view.php?id=85#section-8\">VII.) T\u00edtulo VIII Haciendas Locales<\/a><\/h4>\r\n<h5><a href=\"https:\/\/estudiosadministrativos.com\/cursos\/course\/view.php?id=85#section-10\">IX.) T\u00edtulo X R\u00e9gimen de organizaci\u00f3n de los municipios de gran poblaci\u00f3n: \u00e1mbito de aplicaci\u00f3n y organizaci\u00f3n y funcionamiento de los \u00f3rganos municipales necesarios. Cap\u00edtulos I y II del T\u00edtulo X de la Ley 7\/1985, de 2 de abril.<\/a><\/h5>\r\n[\/learn_more]","_et_gb_content_width":""},"product_brand":[],"product_cat":[141],"product_tag":[137,138],"class_list":{"0":"post-1960","1":"product","2":"type-product","3":"status-publish","4":"has-post-thumbnail","6":"product_cat-cursos-sobre-temas-concretos","7":"product_tag-ley-de-bases-del-regimen-local","8":"product_tag-regimen-local","10":"first","11":"instock","12":"virtual","13":"purchasable","14":"product-type-simple"},"_links":{"self":[{"href":"https:\/\/estudiosadministrativos.com\/inscripcion\/wp-json\/wp\/v2\/product\/1960","targetHints":{"allow":["GET"]}}],"collection":[{"href":"https:\/\/estudiosadministrativos.com\/inscripcion\/wp-json\/wp\/v2\/product"}],"about":[{"href":"https:\/\/estudiosadministrativos.com\/inscripcion\/wp-json\/wp\/v2\/types\/product"}],"replies":[{"embeddable":true,"href":"https:\/\/estudiosadministrativos.com\/inscripcion\/wp-json\/wp\/v2\/comments?post=1960"}],"wp:featuredmedia":[{"embeddable":true,"href":"https:\/\/estudiosadministrativos.com\/inscripcion\/wp-json\/wp\/v2\/media\/3812"}],"wp:attachment":[{"href":"https:\/\/estudiosadministrativos.com\/inscripcion\/wp-json\/wp\/v2\/media?parent=1960"}],"wp:term":[{"taxonomy":"product_brand","embeddable":true,"href":"https:\/\/estudiosadministrativos.com\/inscripcion\/wp-json\/wp\/v2\/product_brand?post=1960"},{"taxonomy":"product_cat","embeddable":true,"href":"https:\/\/estudiosadministrativos.com\/inscripcion\/wp-json\/wp\/v2\/product_cat?post=1960"},{"taxonomy":"product_tag","embeddable":true,"href":"https:\/\/estudiosadministrativos.com\/inscripcion\/wp-json\/wp\/v2\/product_tag?post=1960"}],"curies":[{"name":"wp","href":"https:\/\/api.w.org\/{rel}","templated":true}]}}