{"id":2543,"date":"2021-09-29T11:18:52","date_gmt":"2021-09-29T11:18:52","guid":{"rendered":"https:\/\/estudiosadministrativos.com\/inscripcion\/?post_type=product&#038;p=2543"},"modified":"2026-04-05T15:20:45","modified_gmt":"2026-04-05T15:20:45","slug":"celadores-de-osakidetza","status":"publish","type":"product","link":"https:\/\/estudiosadministrativos.com\/inscripcion\/oposiciones\/celadores-de-osakidetza\/","title":{"rendered":"Celadores de Osakidetza 2026"},"content":{"rendered":"<h2>Celadores de Osakidetza 2026<\/h2>\n<h3><em>Servicio Vasco de Salud<\/em><\/h3>\n<h3>Curso online e interactivo.<\/h3>\n<div class='et-learn-more clearfix'>\n\t\t\t\t\t<h3 class='heading-more'>\u00bfEn qu\u00e9 consistir\u00e1 la prueba?<span class='et_learnmore_arrow'><span><\/span><\/span><\/h3>\n\t\t\t\t\t<div class='learn-more-content'><p class=\"BOPVDetalle\">La prueba consistir\u00e1 en la contestaci\u00f3n por escrito en el plazo m\u00e1ximo que se fije, de un cuestionario de preguntas que versar\u00e1 sobre las materias del programa que se contiene en el Anexo IV. Las preguntas del ejercicio se extraer\u00e1n de la bater\u00eda que se facilitar\u00e1 con una antelaci\u00f3n de al menos 12 semanas en la p\u00e1gina web de Osakidetza.<\/p><\/div>\n\t\t\t\t<\/div><div class='et-learn-more clearfix'>\n\t\t\t\t\t<h3 class='heading-more'>Temario com\u00fan<span class='et_learnmore_arrow'><span><\/span><\/span><\/h3>\n\t\t\t\t\t<div class='learn-more-content'><h3 style=\"text-align: center;\"><\/h3>\n<p class=\"BOPVDetalle\"><b>TEMARIO COM\u00daN DEL GRUPO PROFESIONAL DE SUBALTERNOS\/AS-OPERARIOS\/AS.\n<\/b>\n1.\u2013 Ordenaci\u00f3n de las profesiones sanitarias: Normas Generales. Del ejercicio de las profesiones sanitarias. De la formaci\u00f3n de las profesiones sanitarias. Del desarrollo profesional y su reconocimiento.\n2.\u2013 Cohesi\u00f3n y calidad del Sistema Nacional de Salud: Disposiciones generales. De las prestaciones. De los profesionales. De la investigaci\u00f3n. Del sistema de informaci\u00f3n sanitaria. De la calidad.\n3.\u2013 Estatuto Marco del personal estatutario de los servicios de salud: Normas generales. Clasificaci\u00f3n del personal estatutario. Derechos y deberes. Adquisici\u00f3n y p\u00e9rdida de la condici\u00f3n de personal estatutario fijo. Movilidad del personal. Carrera profesional. Situaciones del personal estatutario.\n4.\u2013 De la Ordenaci\u00f3n Sanitaria de Euskadi: Sistema sanitario de Euskadi-Ordenaci\u00f3n. Organizaci\u00f3n de las estructuras p\u00fablicas de provisi\u00f3n de servicios sanitarios-Configuraci\u00f3n. R\u00e9gimen de personal.\n5.\u2013 Estatutos Sociales del Ente P\u00fablico \u00abOsakidetza-Servicio vasco de salud\u00bb. Organizaci\u00f3n Rectora. Organizaci\u00f3n central.\n6.\u2013 Las organizaciones sanitarias integradas del Ente P\u00fablico Osakidetza-Servicio vasco de salud.\n7.\u2013 Declaraci\u00f3n sobre Derechos y Deberes de las personas en el sistema sanitario de Euskadi: Disposiciones generales. Derechos y Deberes. Servicios de atenci\u00f3n a pacientes y personas usuarias.\n8.\u2013 Ley 41\/2002, de 14 de noviembre, b\u00e1sica reguladora de la autonom\u00eda del paciente y de derechos y obligaciones en materia de informaci\u00f3n y documentaci\u00f3n cl\u00ednica: Principios generales. Derecho de informaci\u00f3n sanitaria. Derecho a la intimidad. Respeto a la autonom\u00eda del paciente.\n9.\u2013\u00a0<a class=\"autolink\" title=\"Ley 7\/2002, de 12 de diciembre, de las voluntades anticipadas en el \u00e1mbito de la sanidad.\" href=\"https:\/\/estudiosadministrativos.com\/cursos\/mod\/resource\/view.php?id=16460\">Ley 7\/2002, de 12 de diciembre, de las voluntades anticipadas en el \u00e1mbito de la sanidad.<\/a>\u00a0Objeto. Contenido del derecho a la expresi\u00f3n anticipada de voluntades en el \u00e1mbito de la sanidad. Documento de voluntades anticipadas. Modificaci\u00f3n, sustituci\u00f3n y revocaci\u00f3n.\n10.\u2013 Protecci\u00f3n de Datos Personales y garant\u00eda de los derechos digitales. Disposiciones generales. Principios de protecci\u00f3n de datos. Derechos de las personas. Autoridades auton\u00f3micas de protecci\u00f3n de datos. R\u00e9gimen sancionador\n11.\u2013 Decreto Legislativo 1\/2023, de 16 de marzo, por el que se aprueba el texto refundido de la Ley para la Igualdad de Mujeres y Hombres y Vidas Libres de Violencia Machista contra las Mujeres.\n12.\u2013 Plan de Salud de Euskadi 2030: Principios rectores. Retos estrat\u00e9gicos. Objetivos y L\u00edneas Estrat\u00e9gicas.\n13.\u2013 Pacto Vasco de Salud de Euskadi: Objetivos. Valores y principios. L\u00edneas estrat\u00e9gicas.\n14.\u2013 Estrategia de Seguridad del Paciente en Osakidetza 2030. Objetivos. L\u00edneas de acci\u00f3n corporativas\n15.\u2013 II Plan para la Igualdad de Mujeres y Hombres en Osakidetza 2025-2028: Objetivos. L\u00edneas Estrat\u00e9gicas.\n16.\u2013 III Plan de Normalizaci\u00f3n del Uso del Euskera en Osakidetza: Fundamentos. Objetivos. \u00c1reas de actuaci\u00f3n.\n17.\u2013 Plan Oncol\u00f3gico Integral de Euskadi 2025-2030.\n18.\u2013 Ley Org\u00e1nica 3\/2021, de 24 de marzo, de regulaci\u00f3n de la eutanasia.\n19.\u2013 Ley 53\/1984, de 26 de diciembre, de Incompatibilidades del personal al servicio de las Administraciones P\u00fablicas.<\/p><\/div>\n\t\t\t\t<\/div><div class='et-learn-more clearfix'>\n\t\t\t\t\t<h3 class='heading-more'>Temario espec\u00edfico<span class='et_learnmore_arrow'><span><\/span><\/span><\/h3>\n\t\t\t\t\t<div class='learn-more-content'><p><b>TEMARIO ESPEC\u00cdFICO.<\/b><\/p>\n<p>1.\u2013 Los Estatutos Sociales del Ente P\u00fablico Osakidetza-Servicio vasco de salud: Definici\u00f3n. Domicilio. Fines. Personalidad jur\u00eddica y capacidad de obrar. Organizaci\u00f3n Rectora.<\/p>\n<p>2.\u2013 Organizaciones de Servicios de Osakidetza-Servicio vasco de salud: Reconocimiento legal. Facultades. R\u00e9gimen org\u00e1nico y funcional. Relaci\u00f3n de organizaciones de servicio sanitarias.<\/p>\n<p>3.\u2013 Acuerdo de Regulaci\u00f3n de Condiciones de Trabajo del Personal de Osakidetza-Servicio vasco de salud: Jornada de trabajo. Descanso y vacaciones. Licencias y permisos.<\/p>\n<p>4.\u2013 Manual de organizaci\u00f3n de celadores de Osakidetza-Servicio vasco de salud: Movilidad de pacientes. Medios mec\u00e1nicos para facilitar la movilidad de los pacientes. El manejo de la cama\/ camilla y de la silla de ruedas. Otros materiales, equipos o aparatos. Diccionario de t\u00e9rminos.<\/p>\n<p>5.\u2013 Manual informativo del Servicio de Prevenci\u00f3n de Osakidetza-Servicio vasco de salud de prevenci\u00f3n de incendios: naturaleza del fuego, c\u00f3mo se provoca, agentes extintores m\u00e1s habituales, recomendaciones para la prevenci\u00f3n de incendios, situaci\u00f3n de emergencia. Manual informativo del servicio de Prevenci\u00f3n de Osakidetza-Servicio vasco de salud: Riesgos generales para los trabajadores\/as de Osakidetza-Servicio vasco de salud: Servicio de prevenci\u00f3n, definiciones, riesgos generales del medio sanitario, riesgos ergon\u00f3micos, riesgos psicosociales. Carpeta Roja de Prevenci\u00f3n: accidentes de trabajo\/incidente, actuaciones a realizar: del trabajador\/a y de la persona responsable inmediata, actuaciones a realizar ante una agresi\u00f3n.<\/p><\/div>\n\t\t\t\t<\/div><div class='et-learn-more clearfix'>\n\t\t\t\t\t<h3 class='heading-more'>Metodolog\u00eda<span class='et_learnmore_arrow'><span><\/span><\/span><\/h3>\n\t\t\t\t\t<div class='learn-more-content'><h2>Metodolog\u00eda<\/h2>\n<ul>\n<li>La clase es online interactiva, de modo que los alumnos ven la pizarra y al profesor, y lo escuchan, as\u00ed como el profesor a los alumnos. Los alumnos pueden intervenir en todo momento para realizar preguntas, y el profesor puede preguntar en todo momento a un alumno concreto.<\/li>\n<li>En clase se explica la teor\u00eda, haciendo hincapi\u00e9 en lo m\u00e1s importante para la oposici\u00f3n, se realizan esquemas, test y ex\u00e1menes peri\u00f3dicos.<\/li>\n<li>Es necesario que el alumno estudie tambi\u00e9n en casa todos los d\u00edas, para realizar los ejercicios planteados en la \u00faltima clase, estudiar la materia dada y preparar la siguiente clase.<\/li>\n<li><strong>Todas las clases se graban en v\u00eddeo y las puedes visualizar despu\u00e9s tantas veces como quieras sin coste adicional.<\/strong><\/li>\n<\/ul><\/div>\n\t\t\t\t<\/div><\/p>\n","protected":false},"excerpt":{"rendered":"<h2>Celadores de Osakidetza 2026<\/h2>\n<h3><em>Servicio Vasco de Salud<\/em><\/h3>\n<p style=\"text-align: left;\"><span style=\"color: #000080;\"><strong><b id=\"yui_3_17_2_1_1728477956830_196\"><b id=\"yui_3_17_2_1_1728477956830_195\"><b id=\"yui_3_17_2_1_1728477956830_194\">\u25b6\ufe0f<\/b><\/b><\/b> <a href=\"https:\/\/www.euskadi.eus\/web01-bopv\/es\/bopv2\/datos\/2026\/03\/2601239a.shtml\" target=\"_blank\" rel=\"noopener\">\u00daLTIMAS BASES ESPEC\u00cdFICAS 2026<\/a><\/strong><\/span><\/p>\n<ul>\n<li>Las clases son online y en directo, interactivas. Alumnos y profesor con pizarra se ven y se escuchan mutuamente. Los alumnos pueden intervenir en clase en cualquier momento.<\/li>\n<li>Se graban todas las clases que se imparten, se procesan y aproximadamente tres horas despu\u00e9s est\u00e1n disponibles en la plataforma de estudio. Y tanto los alumnos que han acudido al directo como los que las ven luego en diferido pueden visualizarlas tantas veces como quieran sin coste adicional hasta que aprueben el examen correspondiente<\/li>\n<li>Para todas las dudas y preguntas sobre el contenido, dudas en test o en apuntes, cosas que necesiten m\u00e1s explicaci\u00f3n o para cualquier asunto que la alumna o alumno quiera comentar, lo puede hace a trav\u00e9s de un foro en cada bloque de la plataforma, o escribiendo un email, preguntando en el whatsapp, llamando por tel\u00e9fono o en la misma clase. Por cualquiera de estos medios, la profesora o el profesor aclarar\u00e1 las dudas<\/li>\n<li>En cuanto realizas la inscripci\u00f3n, recibes un correo con un enlace para ingresar por primera vez en la plataforma<\/li>\n<\/ul>\n<p><b id=\"yui_3_17_2_1_1728477956830_196\"><b id=\"yui_3_17_2_1_1728477956830_195\"><b id=\"yui_3_17_2_1_1728477956830_194\">\u25b6\ufe0f<\/b><\/b><\/b>\u00a0<a title=\"P\u00e1gina principal del curso en la plataforma de estudio\" href=\"https:\/\/estudiosadministrativos.com\/cursos\/course\/index.php?categoryid=49\" target=\"_blank\" rel=\"noopener\"><strong>P\u00e1gina principal del curso en la plataforma de estudio<\/strong><\/a><\/p>\n<ul>\n<li style=\"list-style-type: none;\"><\/li>\n<\/ul>\n","protected":false},"featured_media":5995,"comment_status":"closed","ping_status":"closed","template":"","meta":{"_et_pb_use_builder":"off","_et_pb_old_content":"<h2>Celadores de Osakidetza 2025 - 2026<\/h2>\r\n<h3><em>Servicio Vasco de Salud<\/em><\/h3>\r\n<h3>Curso online e interactivo.<\/h3>\r\n[learn_more caption=\"\u00bfEn qu\u00e9 consiste la prueba?\"]\r\n<p class=\"BOPVDetalle\">La prueba consistir\u00e1 en la contestaci\u00f3n por escrito en el plazo m\u00e1ximo que se fije, de un cuestionario de preguntas que versar\u00e1 sobre las materias del programa que se contiene en el Anexo IV:<\/p>\r\n<p class=\"BOPVDetalle\">a) Las preguntas correspondientes a los temas 2, 6, 10, 11, 12, 13, 14, 15, 16 y 17 ser\u00e1n extra\u00eddas del conjunto de preguntas publicadas en la web de Osakidetza-Servicio vasco de salud.<\/p>\r\n<p class=\"BOPVDetalle\">b) Para la preparaci\u00f3n de las preguntas correspondientes al resto de los temas, se facilitar\u00e1 la bibliograf\u00eda mediante su inclusi\u00f3n en el citado anexo.<\/p>\r\n<p class=\"BOPVDetalle\">Corresponder\u00e1 al tribunal calificador la selecci\u00f3n de las preguntas correspondientes a los temas citados en el apartado a) y las decisiones que correspondan sobre la selecci\u00f3n de preguntas correspondientes a los temas citados en el apartado b), de forma que el ejercicio te\u00f3rico quede elaborado en su totalidad\u00bb.<\/p>\r\n[\/learn_more][learn_more caption=\"Temario\"]\r\n<h3 style=\"text-align: center\"><strong>TEMARIO<\/strong><\/h3>\r\n<p class=\"BOPVDetalle\">1.\u2013 La Ley de Ordenaci\u00f3n Sanitaria de Euskadi: Configuraci\u00f3n del sistema sanitario de Euskadi. Principios informadores y principios program\u00e1ticos de organizaci\u00f3n y funcionamiento. Derechos y deberes de los ciudadanos.<\/p>\r\n<p class=\"BOPVDetalle\">2.\u2013 El Estatuto Marco: Objeto y \u00e1mbito. Normas. Principios y criterios de ordenaci\u00f3n del r\u00e9gimen estatutario. Clasificaci\u00f3n del personal estatutario.<\/p>\r\n<p class=\"BOPVDetalle\">3.\u2013 Los Estatutos Sociales del Ente P\u00fablico Osakidetza-Servicio vasco de salud: Definici\u00f3n. Domicilio. Fines. Personalidad jur\u00eddica y capacidad de obrar. Organizaci\u00f3n Rectora.<\/p>\r\n<p class=\"BOPVDetalle\">4.\u2013 Organizaciones de Servicios de Osakidetza-Servicio vasco de salud: Reconocimiento legal. Facultades. R\u00e9gimen org\u00e1nico y funcional. Relaci\u00f3n de organizaciones de servicio sanitarias.<\/p>\r\n<p class=\"BOPVDetalle\">5.\u2013 Decreto 38\/2012, de 13 de marzo, sobre historia cl\u00ednica y derechos y obligaciones de pacientes y profesionales de la salud en materia de documentaci\u00f3n cl\u00ednica: Objeto. \u00c1mbito. Definici\u00f3n de historia cl\u00ednica. Documentaci\u00f3n cl\u00ednica. Acceso y usos de la historia cl\u00ednica. Derechos y obligaciones en relaci\u00f3n con la documentaci\u00f3n cl\u00ednica: derechos de las y los pacientes, consentimiento informado. Rectificaci\u00f3n, cancelaci\u00f3n y oposici\u00f3n en la historia cl\u00ednica.<\/p>\r\n<p class=\"BOPVDetalle\">6.\u2013 Ley 7\/2002, de 12 de diciembre, del Parlamento Vasco, de las Voluntades Anticipadas en el \u00e1mbito de la sanidad.<\/p>\r\n<p class=\"BOPVDetalle\">7.\u2013 Acuerdo de Regulaci\u00f3n de Condiciones de Trabajo del Personal de Osakidetza-Servicio vasco de salud: Jornada de trabajo. Descanso y vacaciones. Licencias y permisos.<\/p>\r\n<p class=\"BOPVDetalle\">8.\u2013 Manual de organizaci\u00f3n de celadores de Osakidetza-Servicio vasco de salud: Movilidad de pacientes. Medios mec\u00e1nicos para facilitar la movilidad de los pacientes. El manejo de la cama\/camilla y de la silla de ruedas. Otros materiales, equipos o aparatos. Diccionario de t\u00e9rminos.<\/p>\r\n<p class=\"BOPVDetalle\">9.\u2013 Manual informativo del Servicio de Prevenci\u00f3n de Osakidetza-Servicio vasco de salud de prevenci\u00f3n de incendios: naturaleza del fuego, c\u00f3mo se provoca, agentes extintores m\u00e1s habituales, recomendaciones para la prevenci\u00f3n de incendios, situaci\u00f3n de emergencia. Manual informativo del servicio de Prevenci\u00f3n de Osakidetza-Servicio vasco de salud: Riesgos generales para los trabajadores de Osakidetza-Servicio vasco de salud: Servicio de prevenci\u00f3n, definiciones, riesgos generales del medio sanitario, riesgos ergon\u00f3micos, riesgos psicosociales. Carpeta Roja de Prevenci\u00f3n: accidentes de trabajo\/incidente, actuaciones a realizar: del trabajador y del responsable inmediato, actuaciones a realizar ante una agresi\u00f3n.<\/p>\r\n<p class=\"BOPVDetalle\">10.\u2013 Derechos y deberes de las personas en el sistema sanitario de Euskadi.<\/p>\r\n<p class=\"BOPVDetalle\">11.\u2013 Ley Org\u00e1nica 3\/2018, de 5 de diciembre, de Protecci\u00f3n de datos de car\u00e1cter personal y garant\u00eda de derechos digitales: Principios de la protecci\u00f3n de datos.<\/p>\r\n<p class=\"BOPVDetalle\">12.\u2013 Objeto de la Ley de Igualdad de Mujeres y Hombres. Principios generales. Seguridad y salud laboral.<\/p>\r\n<p class=\"BOPVDetalle\">13.\u2013 Marco Estrat\u00e9gico. Departamento de Salud. 2021-2024.<\/p>\r\n<p class=\"BOPVDetalle\">14.\u2013 Plan de Salud. Pol\u00edticas de Salud para Euskadi 2013-2020.<\/p>\r\n<p class=\"BOPVDetalle\">15.\u2013 Estrategia de Seguridad del Paciente en Osakidetza 20 20.<\/p>\r\n<p class=\"BOPVDetalle\">16.\u2013 Estrategia de Atenci\u00f3n Sociosanitaria de Euskadi (2021-2024).<\/p>\r\n<p class=\"BOPVDetalle\">17.\u2013 III Plan de Normalizaci\u00f3n del Uso del Euskera en Osakidetza 2022-2028: Imagen y comunicaci\u00f3n corporativas. Relaciones con pacientes y personas usuarias. Relaciones con entidades externas.<\/p>\r\n[\/learn_more][learn_more caption=\"Bibliograf\u00eda\"]\r\n<h3 style=\"text-align: center\">BIBLIOGRAF\u00cdA<\/h3>\r\n1.\u2013 Art\u00edculos 5, 6, 8, 10 y 11 de la Ley 8\/1997, de 26 de junio, de Ordenaci\u00f3n Sanitaria de Euskadi.\r\n2.\u2013 Art\u00edculos 1, 2, 3, 4, 5, 6, 7, 8 y 9 de la Ley 55\/2003, de 16 de diciembre, del Estatuto Marco del personal estatutario de los Servicios de salud.\r\n3.\u2013 Art\u00edculos 1, 2, 3, 4, 6, 7 y 8 del Decreto 255\/1997, de 11 de noviembre por el que se establecen los Estatutos Sociales del Ente P\u00fablico Osakidetza-Servicio vasco de salud.\r\n4.\u2013 Art\u00edculos 13, 14 y 15 del Decreto 255\/1997, de 11 de noviembre por el que se establecen los Estatutos Sociales del Ente P\u00fablico Osakidetza-Servicio vasco de salud. Relaci\u00f3n de organizaciones de servicios sanitarios. Anexo II y distintos Acuerdos por los que se modifican sus denominaciones, creaci\u00f3n y \u00e1mbito, siendo el \u00faltimo el de 28 de diciembre de 2015.\r\n5.\u2013 Decreto 38\/2012, de 13 de marzo, sobre historia cl\u00ednica y derechos y obligaciones de pacientes y profesionales de la salud en materia de documentaci\u00f3n cl\u00ednica: art\u00edculos 1, 2, 3, 8, 11, 12, 13, 14, 15, 16, 24, 25 y 27.\r\n6.\u2013 Ley 7\/2002, de 12 de diciembre, del Parlamento Vasco, de las Voluntades Anticipadas en el \u00e1mbito de la sanidad (art\u00edculo 1, 2, 3, 4, 5, 6 y 7).\r\n7.\u2013 Titulo III y IV del Acuerdo de Regulaci\u00f3n de Condiciones de Trabajo del Personal de Osakidetza-Servicio vasco de salud, BOPV n.\u00ba 250, de 31 de diciembre de 2007 y n.\u00ba 113 de 16 de junio de 2008.\r\n8.\u2013 Manual para el personal de celadores en Osakidetza-Servicio vasco de salud.\r\n9.\u2013 Manual informativo del Servicio de Prevenci\u00f3n de Osakidetza-Servicio vasco de salud de prevenci\u00f3n de incendios: naturaleza del fuego, como se provoca, agentes extintores m\u00e1s habituales, recomendaciones para la prevenci\u00f3n de incendios, situaci\u00f3n de emergencia. Manual informativo del servicio de Prevenci\u00f3n de Osakidetza-Servicio vasco de salud: Riesgos generales para los trabajadores de Osakidetza-Servicio vasco de salud: Servicio de prevenci\u00f3n, definiciones, riesgos generales del medio sanitario, riesgos ergon\u00f3micos, riesgos\u00a0 psicosociales. Carpeta Roja de Prevenci\u00f3n: accidentes de trabajo\/incidente, actuaciones a realizar: del trabajador y del responsable inmediato, actuaciones a realizar ante una agresi\u00f3n. Todo ello est\u00e1 publicado por el Servicio de Prevenci\u00f3n de Osakidetza-Servicio vasco de salud.\r\n10.\u2013 Decreto 147\/2015, de 21 de julio, por el que se aprueba la Declaraci\u00f3n sobre derechos y Deberes de las personas en el sistema sanitario de Euskadi (art\u00edculos 1, 2, 3, 4, 5, 6, 7, 8, 9, 10, 11, 12, 13, 14, 15, 16, 17, 18, 19, 20 y 21).\r\n11.\u2013 Ley Org\u00e1nica 3\/2018, de 5 de diciembre, de Protecci\u00f3n de datos de car\u00e1cter personal y garant\u00eda de derechos digitales (art\u00edculos 4, 5, 6, 7, 8, 9 y 10).\r\n\r\n12.\u2013 Ley 1\/2022, de 3 de marzo, de segunda modificaci\u00f3n de la Ley para la Igualdad de Mujeres y Hombres (art\u00edculos 1, 3 y 43).\r\n13.\u2013 Marco Estrat\u00e9gico. Departamento de Salud. 2021-2024.\r\nhttps:\/\/www.euskadi.eus\/contenidos\/informacion\/marco_estrategico_2021_2024\/es_def\/adjuntos\/Marco-Estrategico-Departamento-Salud-2021-2024.pdf\r\n14.\u2013 Plan de Salud. Pol\u00edticas de Salud para Euskadi 2013-2020.\r\nhttp:\/\/www.osakidetza.euskadi.eus\/contenidos\/informacion\/publicaciones_informes_estudio\/es_pub\/adjuntos\/plan_salud_2013_2020.pdf\r\n15.\u2013 Estrategia de Seguridad del Paciente en Osakidetza 20 20.\r\nhttps:\/\/www.euskadi.eus\/contenidos\/informacion\/cinfo_estrategia_seg_paciente\/es_def\/adjuntos\/ESTRATEGIA2020_es.pdf\r\n16.\u2013 Estrategia de Atenci\u00f3n Sociosanitaria de Euskadi (2021-2024).\r\nhttps:\/\/www.euskadi.eus\/contenidos\/documentacion\/doc_sosa_soziosanitario_estrat\/es_def\/adjuntos\/estrategia_sociosanitaria_es_web.pdf\r\n17.\u2013 III Plan de Normalizaci\u00f3n del Uso del Euskera en Osakidetza 2022-2028.\r\nhttps:\/\/www.osakidetza.euskadi.eus\/contenidos\/informacion\/osk_ii_euskara_plana\/es_def\/adjuntos\/III-Plan-Normalizacion-Uso-Euskera-Osakidetza.pdf\r\n\r\n[\/learn_more][learn_more caption=\"Metodolog\u00eda\"]\r\n<h2>Metodolog\u00eda<\/h2>\r\n<ul>\r\n \t<li>La clase es online interactiva, de modo que los alumnos ven la pizarra y al profesor, y lo escuchan, as\u00ed como el profesor a los alumnos. Los alumnos pueden intervenir en todo momento para realizar preguntas, y el profesor puede preguntar en todo momento a un alumno concreto.<\/li>\r\n \t<li>En clase se explica la teor\u00eda, haciendo hincapi\u00e9 en lo m\u00e1s importante para la oposici\u00f3n, se realizan esquemas, test y ex\u00e1menes peri\u00f3dicos.<\/li>\r\n \t<li>Es necesario que el alumno estudie tambi\u00e9n en casa todos los d\u00edas, para realizar los ejercicios planteados en la \u00faltima clase, estudiar la materia dada y preparar la siguiente clase.<\/li>\r\n \t<li><strong>Todas las clases se graban en v\u00eddeo y las puedes visualizar despu\u00e9s tantas veces como quieras sin coste adicional.<\/strong><\/li>\r\n<\/ul>\r\n[\/learn_more]\r\n\r\n\u00a0","_et_gb_content_width":""},"product_brand":[],"product_cat":[227,40],"product_tag":[182,183,184,280],"class_list":{"0":"post-2543","1":"product","2":"type-product","3":"status-publish","4":"has-post-thumbnail","6":"product_cat-celadores-as","7":"product_cat-cursos-de-oposiciones","8":"product_tag-celadores-osakidetza","9":"product_tag-curso-ope-celadores","10":"product_tag-curso-para-la-oposicion-a-celador","11":"product_tag-ope-osakidetza","13":"first","14":"instock","15":"virtual","16":"purchasable","17":"product-type-simple"},"_links":{"self":[{"href":"https:\/\/estudiosadministrativos.com\/inscripcion\/wp-json\/wp\/v2\/product\/2543","targetHints":{"allow":["GET"]}}],"collection":[{"href":"https:\/\/estudiosadministrativos.com\/inscripcion\/wp-json\/wp\/v2\/product"}],"about":[{"href":"https:\/\/estudiosadministrativos.com\/inscripcion\/wp-json\/wp\/v2\/types\/product"}],"replies":[{"embeddable":true,"href":"https:\/\/estudiosadministrativos.com\/inscripcion\/wp-json\/wp\/v2\/comments?post=2543"}],"wp:featuredmedia":[{"embeddable":true,"href":"https:\/\/estudiosadministrativos.com\/inscripcion\/wp-json\/wp\/v2\/media\/5995"}],"wp:attachment":[{"href":"https:\/\/estudiosadministrativos.com\/inscripcion\/wp-json\/wp\/v2\/media?parent=2543"}],"wp:term":[{"taxonomy":"product_brand","embeddable":true,"href":"https:\/\/estudiosadministrativos.com\/inscripcion\/wp-json\/wp\/v2\/product_brand?post=2543"},{"taxonomy":"product_cat","embeddable":true,"href":"https:\/\/estudiosadministrativos.com\/inscripcion\/wp-json\/wp\/v2\/product_cat?post=2543"},{"taxonomy":"product_tag","embeddable":true,"href":"https:\/\/estudiosadministrativos.com\/inscripcion\/wp-json\/wp\/v2\/product_tag?post=2543"}],"curies":[{"name":"wp","href":"https:\/\/api.w.org\/{rel}","templated":true}]}}