{"id":2561,"date":"2021-10-01T09:55:23","date_gmt":"2021-10-01T09:55:23","guid":{"rendered":"https:\/\/estudiosadministrativos.com\/inscripcion\/?post_type=product&#038;p=2561"},"modified":"2024-09-15T00:41:27","modified_gmt":"2024-09-15T00:41:27","slug":"curso-gobierno-abierto-y-ley-de-transparencia","status":"publish","type":"product","link":"https:\/\/estudiosadministrativos.com\/inscripcion\/oposiciones\/curso-gobierno-abierto-y-ley-de-transparencia\/","title":{"rendered":"Curso Gobierno abierto y Ley de Transparencia, con clases, apuntes, esquemas, res\u00famenes y test"},"content":{"rendered":"<p>[et_pb_section fb_built=\u00bb1&#8243; _builder_version=\u00bb3.22&#8243; custom_padding=\u00bb0px||||false|false\u00bb][et_pb_row _builder_version=\u00bb3.25&#8243; background_size=\u00bbinitial\u00bb background_position=\u00bbtop_left\u00bb background_repeat=\u00bbrepeat\u00bb width=\u00bb100%\u00bb custom_padding=\u00bb0px||0px||false|false\u00bb][et_pb_column type=\u00bb4_4&#8243; _builder_version=\u00bb3.25&#8243; custom_padding=\u00bb|||\u00bb custom_padding__hover=\u00bb|||\u00bb][et_pb_wc_breadcrumb _builder_version=\u00bb3.0.47&#8243;][\/et_pb_wc_breadcrumb][et_pb_wc_cart_notice _builder_version=\u00bb3.0.47&#8243;][\/et_pb_wc_cart_notice][\/et_pb_column][\/et_pb_row][et_pb_row _builder_version=\u00bb4.6.0&#8243; background_size=\u00bbinitial\u00bb background_position=\u00bbtop_left\u00bb background_repeat=\u00bbrepeat\u00bb width=\u00bb100%\u00bb custom_padding=\u00bb0px||||false|false\u00bb][et_pb_column type=\u00bb4_4&#8243; _builder_version=\u00bb3.25&#8243; custom_padding=\u00bb|||\u00bb custom_padding__hover=\u00bb|||\u00bb][et_pb_wc_title _builder_version=\u00bb3.0.47&#8243;][\/et_pb_wc_title][et_pb_wc_price _builder_version=\u00bb3.0.47&#8243;][\/et_pb_wc_price][et_pb_wc_description _builder_version=\u00bb3.0.47&#8243;][\/et_pb_wc_description][et_pb_wc_add_to_cart show_quantity=\u00bboff\u00bb show_stock=\u00bboff\u00bb _builder_version=\u00bb4.6.0&#8243;][\/et_pb_wc_add_to_cart][et_pb_wc_meta show_sku=\u00bboff\u00bb show_categories=\u00bboff\u00bb show_tags=\u00bboff\u00bb _builder_version=\u00bb4.6.0&#8243;][\/et_pb_wc_meta][\/et_pb_column][\/et_pb_row][et_pb_row _builder_version=\u00bb3.25&#8243; background_size=\u00bbinitial\u00bb background_position=\u00bbtop_left\u00bb background_repeat=\u00bbrepeat\u00bb width=\u00bb100%\u00bb][et_pb_column type=\u00bb4_4&#8243; _builder_version=\u00bb3.25&#8243; custom_padding=\u00bb|||\u00bb custom_padding__hover=\u00bb|||\u00bb][et_pb_wc_tabs include_tabs=\u00bbdescription|\u00bb _builder_version=\u00bb4.6.0&#8243;]\t\t\t\t\t[\/et_pb_wc_tabs][et_pb_wc_upsells _builder_version=\u00bb3.0.47&#8243;][\/et_pb_wc_upsells][et_pb_wc_related_products _builder_version=\u00bb3.0.47&#8243;][\/et_pb_wc_related_products][\/et_pb_column][\/et_pb_row][\/et_pb_section]<\/p>\n","protected":false},"excerpt":{"rendered":"<h2>Curso Gobierno abierto y Ley de Transparencia<\/h2>\n<h4><a href=\"https:\/\/www.boe.es\/buscar\/pdf\/2013\/BOE-A-2013-12887-consolidado.pdf\" target=\"_blank\" rel=\"noopener\">Ley 19\/2013, de 9 de diciembre, de transparencia, acceso a la informaci\u00f3n p\u00fablica y buen gobierno<\/a><\/h4>\n<h3>Curso con clases, apuntes, esquemas, res\u00famenes y test. Un solo pago. Tienes acceso al curso Gobierno abierto y Ley de Transparencia por tiempo ilimitado.<\/h3>\n<p><strong>En cuanto realizas la inscripci\u00f3n, recibes un correo para entrar <a href=\"https:\/\/estudiosadministrativos.com\/cursos\/course\/index.php?categoryid=84\" target=\"_blank\" rel=\"noopener\">en la plataforma<\/a><\/strong><\/p>\n<ul id=\"yui_3_17_2_1_1627536335133_25\" class=\"section img-text\"><\/ul>\n","protected":false},"featured_media":3953,"comment_status":"closed","ping_status":"closed","template":"","meta":{"_et_pb_use_builder":"on","_et_pb_old_content":"<h2>Curso Gobierno abierto y Ley de Transparencia<\/h2>\r\n<h4><a href=\"https:\/\/www.boe.es\/buscar\/pdf\/2013\/BOE-A-2013-12887-consolidado.pdf\" target=\"_blank\" rel=\"noopener\">Ley 19\/2013, de 9 de diciembre, de transparencia, acceso a la informaci\u00f3n p\u00fablica y buen gobierno<\/a>.<\/h4>\r\n<h3>Curso con clases, apuntes, esquemas, res\u00famenes y test. Un solo pago. Tienes acceso al curso Gobierno abierto y Ley de Transparencia por tiempo ilimitado.<\/h3>\r\n<strong>En cuanto realizas la inscripci\u00f3n, recibes un correo para entrar <a href=\"https:\/\/estudiosadministrativos.com\/cursos\/course\/index.php?categoryid=84\" target=\"_blank\" rel=\"noopener\">en la plataforma<\/a><\/strong>\r\n<ul id=\"yui_3_17_2_1_1670309328854_25\" class=\"topics\">\r\n \t<li id=\"section-1\" class=\"section main clearfix\" role=\"region\" aria-label=\"Gobierno abierto\">\r\n<div class=\"content\">\r\n<h3 class=\"sectionname\"><a href=\"https:\/\/estudiosadministrativos.com\/cursos\/course\/view.php?id=84#section-1\">Gobierno abierto<\/a><\/h3>\r\n<div class=\"summary\"><\/div>\r\n<ul class=\"section img-text\">\r\n \t<li id=\"module-10808\" class=\"activity url modtype_url \">\r\n<div>\r\n<div class=\"mod-indent-outer\">\r\n<div>\r\n<div class=\"activityinstance\"><a class=\"\" href=\"https:\/\/estudiosadministrativos.com\/cursos\/mod\/url\/view.php?id=10808\"><img class=\"iconlarge activityicon\" role=\"presentation\" src=\"https:\/\/estudiosadministrativos.com\/cursos\/theme\/image.php?theme=boost&amp;component=url&amp;image=icon\" alt=\"\" aria-hidden=\"true\" \/><span class=\"instancename\">Clases Gobierno abierto<\/span><\/a><\/div>\r\n<div class=\"contentafterlink\">\r\n<div class=\"no-overflow\">\r\n<div class=\"no-overflow\">\r\n<table><caption>\u00a0<\/caption>\r\n<thead>\r\n<tr>\r\n<th scope=\"col\"><a href=\"https:\/\/drive.google.com\/file\/d\/1Bzbxw0sH9ADzxyfGxPOTAzoQT-jefiRj\/view?usp=sharing\" target=\"_blank\" rel=\"noopener\">Clase Gobierno abierto (25\/04\/2022)<\/a><\/th>\r\n<\/tr>\r\n<\/thead>\r\n<\/table>\r\n<\/div>\r\n<\/div>\r\n<\/div>\r\n<\/div>\r\n<\/div>\r\n<\/div><\/li>\r\n \t<li id=\"module-10809\" class=\"activity resource modtype_resource \">\r\n<div>\r\n<div class=\"mod-indent-outer\">\r\n<div>\r\n<div class=\"activityinstance\"><a class=\"\" href=\"https:\/\/estudiosadministrativos.com\/cursos\/mod\/resource\/view.php?id=10809\"><img class=\"iconlarge activityicon\" role=\"presentation\" src=\"https:\/\/estudiosadministrativos.com\/cursos\/theme\/image.php?theme=boost&amp;component=core&amp;image=f%2Fpdf-24\" alt=\"\" aria-hidden=\"true\" \/><span class=\"instancename\">\u2b50\u2b50\u2b50 APUNTES Gobierno abierto. Concepto y principios informadores. Acceso a la Informaci\u00f3n P\u00fablica y Buen Gobierno (TEMARIO IVAP 2021)<\/span><\/a><\/div>\r\n<\/div>\r\n<\/div>\r\n<\/div><\/li>\r\n \t<li id=\"module-10810\" class=\"activity resource modtype_resource \">\r\n<div>\r\n<div class=\"mod-indent-outer\">\r\n<div>\r\n<div class=\"activityinstance\"><a class=\"\" href=\"https:\/\/estudiosadministrativos.com\/cursos\/mod\/resource\/view.php?id=10810\"><img class=\"iconlarge activityicon\" role=\"presentation\" src=\"https:\/\/estudiosadministrativos.com\/cursos\/theme\/image.php?theme=boost&amp;component=core&amp;image=f%2Fpdf-24\" alt=\"\" aria-hidden=\"true\" \/><span class=\"instancename\">Gobierno abierto. 1. Introducci\u00f3n: El Gobierno Abierto, concepto y principios informadores.<\/span><\/a><\/div>\r\n<\/div>\r\n<\/div>\r\n<\/div><\/li>\r\n \t<li id=\"module-10811\" class=\"activity resource modtype_resource \">\r\n<div>\r\n<div class=\"mod-indent-outer\">\r\n<div>\r\n<div class=\"activityinstance\"><a class=\"\" href=\"https:\/\/estudiosadministrativos.com\/cursos\/mod\/resource\/view.php?id=10811\"><img class=\"iconlarge activityicon\" role=\"presentation\" src=\"https:\/\/estudiosadministrativos.com\/cursos\/theme\/image.php?theme=boost&amp;component=core&amp;image=f%2Fpdf-24\" alt=\"\" aria-hidden=\"true\" \/><span class=\"instancename\">AGENDA_2030_Y_ACCION_DE_GOBIERNO<\/span><\/a><\/div>\r\n<\/div>\r\n<\/div>\r\n<\/div><\/li>\r\n \t<li id=\"module-10812\" class=\"activity resource modtype_resource \">\r\n<div>\r\n<div class=\"mod-indent-outer\">\r\n<div>\r\n<div class=\"activityinstance\"><a class=\"\" href=\"https:\/\/estudiosadministrativos.com\/cursos\/mod\/resource\/view.php?id=10812\"><img class=\"iconlarge activityicon\" role=\"presentation\" src=\"https:\/\/estudiosadministrativos.com\/cursos\/theme\/image.php?theme=boost&amp;component=core&amp;image=f%2Fpdf-24\" alt=\"\" aria-hidden=\"true\" \/><span class=\"instancename\">Aprobaci\u00f3n de la Agenda 2040 Naciones Unidas (25\/09\/2015)<\/span><\/a><\/div>\r\n<\/div>\r\n<\/div>\r\n<\/div><\/li>\r\n \t<li id=\"module-10813\" class=\"activity resource modtype_resource \">\r\n<div>\r\n<div class=\"mod-indent-outer\">\r\n<div>\r\n<div class=\"activityinstance\"><a class=\"\" href=\"https:\/\/estudiosadministrativos.com\/cursos\/mod\/resource\/view.php?id=10813\"><img class=\"iconlarge activityicon\" role=\"presentation\" src=\"https:\/\/estudiosadministrativos.com\/cursos\/theme\/image.php?theme=boost&amp;component=core&amp;image=f%2Fpdf-24\" alt=\"\" aria-hidden=\"true\" \/><span class=\"instancename\">Refuerzo de la gobernanza para la Agenda 2030 (BOE 03\/04\/2019)<\/span><\/a><\/div>\r\n<div class=\"contentafterlink\">\r\n<div class=\"no-overflow\">\r\n<div class=\"no-overflow\">\r\n\r\nOrden PCI\/383\/2019, de 2 de abril, por la que se publica el Acuerdo de la Comisi\u00f3n Delegada del Gobierno para Asuntos Econ\u00f3micos de 21 de marzo de 2019, relativo al refuerzo de la gobernanza para la Agenda 2030.\r\n\r\n<\/div>\r\n<\/div>\r\n<\/div>\r\n<\/div>\r\n<\/div>\r\n<\/div><\/li>\r\n \t<li id=\"module-10814\" class=\"activity quiz modtype_quiz \">\r\n<div>\r\n<div class=\"mod-indent-outer\">\r\n<div>\r\n<div class=\"activityinstance\"><a class=\"\" href=\"https:\/\/estudiosadministrativos.com\/cursos\/mod\/quiz\/view.php?id=10814\"><img class=\"iconlarge activityicon\" role=\"presentation\" src=\"https:\/\/estudiosadministrativos.com\/cursos\/theme\/image.php?theme=boost&amp;component=quiz&amp;image=icon\" alt=\"\" aria-hidden=\"true\" \/><span class=\"instancename\">TEST Gobierno abierto<\/span><\/a><\/div>\r\n<div class=\"contentafterlink\">\r\n<div class=\"no-overflow\">\r\n<div class=\"no-overflow\">\r\n\r\n<b>28 preguntas, 23 minutos\u00a0\ud83d\udfe9\u00a0<a href=\"https:\/\/estudiosadministrativos.com\/cursos\/pluginfile.php\/13795\/mod_quiz\/intro\/BATERIA_IVAP_2022_AUX_260-287.pdf\" target=\"_blank\" rel=\"noopener\">Versi\u00f3n en PDF<\/a>\u00a0\ud83d\udfe9\u00a0<a href=\"https:\/\/estudiosadministrativos.com\/cursos\/pluginfile.php\/13795\/mod_quiz\/intro\/Temario-Aux-Administrativos-2021-GOBIERNO_ABBBBBBBBB_SUBRAYADOS.pdf\" target=\"_blank\" rel=\"noopener\">Apuntes SUBRAYADOS seg\u00fan las respuestas<\/a><\/b>\r\n\r\n&nbsp;\r\n\r\n<\/div>\r\n<\/div>\r\n<\/div>\r\n<\/div>\r\n<\/div>\r\n<\/div><\/li>\r\n<\/ul>\r\n<\/div><\/li>\r\n \t<li id=\"section-2\" class=\"section main clearfix\" role=\"region\" aria-label=\"Ley 19\/2013, de 9 de diciembre, de transparencia, acceso a la informaci\u00f3n y buen gobierno.\">\r\n<div class=\"content\">\r\n<h3 class=\"sectionname\"><a href=\"https:\/\/estudiosadministrativos.com\/cursos\/course\/view.php?id=84#section-2\">Ley 19\/2013, de 9 de diciembre, de transparencia, acceso a la informaci\u00f3n y buen gobierno.<\/a><\/h3>\r\n<div class=\"summary\"><\/div>\r\n<ul class=\"section img-text\">\r\n \t<li id=\"module-10815\" class=\"activity url modtype_url \">\r\n<div>\r\n<div class=\"mod-indent-outer\">\r\n<div>\r\n<div class=\"activityinstance\"><a class=\"\" href=\"https:\/\/estudiosadministrativos.com\/cursos\/mod\/url\/view.php?id=10815\"><img class=\"iconlarge activityicon\" role=\"presentation\" src=\"https:\/\/estudiosadministrativos.com\/cursos\/theme\/image.php?theme=boost&amp;component=url&amp;image=icon\" alt=\"\" aria-hidden=\"true\" \/><span class=\"instancename\">Clases Ley de Transparencia<\/span><\/a><\/div>\r\n<div class=\"contentafterlink\">\r\n<div class=\"no-overflow\">\r\n<div class=\"no-overflow\">\r\n<table><caption>\u00a0<\/caption>\r\n<thead>\r\n<tr>\r\n<th scope=\"col\"><a href=\"https:\/\/drive.google.com\/file\/d\/1fSvV6h042GV3X-logqgCkICErmzNSAzL\/view?usp=sharing\" target=\"_blank\" rel=\"noopener\">Clase Introducci\u00f3n a Ley de Transparencia (24\/09\/2021) - Procedimiento de transparencia<\/a>.<\/th>\r\n<th scope=\"col\"><a href=\"https:\/\/drive.google.com\/file\/d\/1H9MWkL9FC34TeYDHIA6q-NdCYW71bhLd\/view?usp=sharing\" target=\"_blank\" rel=\"noopener\">Clase Ley de transparencia (17\/01\/202) (arts. 1 - 40)<\/a><\/th>\r\n<th scope=\"col\"><a href=\"https:\/\/drive.google.com\/file\/d\/1F9eGfOjLM0ZDrd9bO5BkZcF9bglZI9Wq\/view?usp=sharing\" target=\"_blank\" rel=\"noopener\">Clase Ley 19\/2013 de Transparencia (IV) (24\/02\/2022) (arts. 1 - 11)<\/a><\/th>\r\n<\/tr>\r\n<\/thead>\r\n<tbody>\r\n<tr>\r\n<td>Introducci\u00f3n a la Ley de transparencia - Procedimiento de transparencia. Solicitud de transparencia<\/td>\r\n<td>Objeto y \u00e1mbito de la ley 19\/2013. Principio de publicidad activa. Procedimiento de solicitud de transparencia. Buen Gobierno<\/td>\r\n<td>T\u00cdTULO PRELIMINAR: 1. Objeto; T\u00cdTULO I: Transparencia de la actividad p\u00fablica: CAP\u00cdTULO I: \u00c1mbito subjetivo de aplicaci\u00f3n: 2. \u00c1mbito subjetivo de aplicaci\u00f3n; 3. Otros sujetos obligados.; 4. Obligaci\u00f3n de suministrar informaci\u00f3n; CAP\u00cdTULO II: Publicidad activa: 5. Principios generales; 6. Informaci\u00f3n institucional, organizativa y de planificaci\u00f3n; 6 bis. Registro de actividades de tratamiento; 7. Informaci\u00f3n de relevancia jur\u00eddica; 8. Informaci\u00f3n econ\u00f3mica, presupuestaria y estad\u00edstica; 9. Control; 10. Portal de la Transparencia; 11. Principios t\u00e9cnicos.<\/td>\r\n<\/tr>\r\n<\/tbody>\r\n<\/table>\r\n<\/div>\r\n<\/div>\r\n<\/div>\r\n<\/div>\r\n<\/div>\r\n<\/div><\/li>\r\n \t<li id=\"module-10816\" class=\"activity url modtype_url \">\r\n<div>\r\n<div class=\"mod-indent-outer\">\r\n<div class=\"mod-indent\"><\/div>\r\n<div>\r\n<div class=\"activityinstance\"><a class=\"\" href=\"https:\/\/estudiosadministrativos.com\/cursos\/mod\/url\/view.php?id=10816\"><img class=\"iconlarge activityicon\" role=\"presentation\" src=\"https:\/\/estudiosadministrativos.com\/cursos\/theme\/image.php?theme=boost&amp;component=url&amp;image=icon\" alt=\"\" aria-hidden=\"true\" \/><span class=\"instancename\">Clases Ley de Transparencia<\/span><\/a><\/div>\r\n<div class=\"contentafterlink\">\r\n<div class=\"no-overflow\">\r\n<div class=\"no-overflow\">\r\n<table><caption>\u00a0<\/caption>\r\n<thead>\r\n<tr>\r\n<th scope=\"col\"><a href=\"https:\/\/drive.google.com\/file\/d\/1ouXIYDfo5kNIn_sT1J6hl9fjhBX46YiH\/view?usp=sharing\" target=\"_blank\" rel=\"noopener\">Clase Ley de Transparencia (25\/04\/2022) (arts. 1 - 24)<\/a><\/th>\r\n<th scope=\"col\"><a href=\"https:\/\/estudiosadministrativos.com\/clases\/02062022_4\/\" target=\"_blank\" rel=\"noopener\">Ley 19\/2013 de Transparencia (02\/06\/2022) (arts. 1 - 11)<\/a><\/th>\r\n<\/tr>\r\n<\/thead>\r\n<\/table>\r\n<b>T\u00cdTULO PRELIMINAR: 1. Objeto; T\u00cdTULO I: Transparencia de la actividad p\u00fablica: CAP\u00cdTULO I: \u00c1mbito subjetivo de aplicaci\u00f3n: 2. \u00c1mbito subjetivo de aplicaci\u00f3n; 3. Otros sujetos obligados.; 4. Obligaci\u00f3n de suministrar informaci\u00f3n; CAP\u00cdTULO II: Publicidad activa: 5. Principios generales; 6. Informaci\u00f3n institucional, organizativa y de planificaci\u00f3n; 6 bis. Registro de actividades de tratamiento; 7. Informaci\u00f3n de relevancia jur\u00eddica; 8. Informaci\u00f3n econ\u00f3mica, presupuestaria y estad\u00edstica; 9. Control; 10. Portal de la Transparencia; 11. Principios t\u00e9cnicos. 12. Derecho de acceso a la informaci\u00f3n p\u00fablica. 13. Informaci\u00f3n p\u00fablica. 14. L\u00edmites al derecho de acceso.15. Protecci\u00f3n de datos personales. 16. Acceso parcial.\u00a0<i>Secci\u00f3n 2.\u00aa Ejercicio del derecho de acceso a la informaci\u00f3n p\u00fablica<\/i>: 17. Solicitud de acceso a la informaci\u00f3n.18. Causas de inadmisi\u00f3n. 19. Tramitaci\u00f3n. 20. Resoluci\u00f3n. 21. Unidades de informaci\u00f3n. 22. Formalizaci\u00f3n del acceso.\u00a0<i>Secci\u00f3n 3.\u00aa R\u00e9gimen de impugnaciones<\/i>. 23. Recursos. 24. Reclamaci\u00f3n ante el Consejo de Transparencia y Buen Gobierno.<\/b>\r\n\r\n<\/div>\r\n<\/div>\r\n<\/div>\r\n<\/div>\r\n<\/div>\r\n<\/div><\/li>\r\n \t<li id=\"module-10817\" class=\"activity resource modtype_resource \">\r\n<div>\r\n<div class=\"mod-indent-outer\">\r\n<div>\r\n<div class=\"activityinstance\"><a class=\"\" href=\"https:\/\/estudiosadministrativos.com\/cursos\/mod\/resource\/view.php?id=10817\"><img class=\"iconlarge activityicon\" role=\"presentation\" src=\"https:\/\/estudiosadministrativos.com\/cursos\/theme\/image.php?theme=boost&amp;component=core&amp;image=f%2Fpdf-24\" alt=\"\" aria-hidden=\"true\" \/><span class=\"instancename\">\u2b50\u2b50 APUNTES T\u00edtulo Preliminar y T\u00edtulo Primero de la Ley 19\/2013, de 9 de diciembre, (arts. 1 - 24)<\/span><\/a><\/div>\r\n<\/div>\r\n<\/div>\r\n<\/div><\/li>\r\n \t<li id=\"module-10822\" class=\"activity resource modtype_resource \">\r\n<div>\r\n<div class=\"mod-indent-outer\">\r\n<div>\r\n<div class=\"activityinstance\"><a class=\"\" href=\"https:\/\/estudiosadministrativos.com\/cursos\/mod\/resource\/view.php?id=10822\"><img class=\"iconlarge activityicon\" role=\"presentation\" src=\"https:\/\/estudiosadministrativos.com\/cursos\/theme\/image.php?theme=boost&amp;component=core&amp;image=f%2Fpdf-24\" alt=\"\" aria-hidden=\"true\" \/><span class=\"instancename\">Ley 19\/2013, de 9 de diciembre, de transparencia, acceso a la informaci\u00f3n y buen gobierno (arts. 1 - 24)<\/span><\/a><\/div>\r\n<\/div>\r\n<\/div>\r\n<\/div><\/li>\r\n \t<li id=\"module-10818\" class=\"activity resource modtype_resource \">\r\n<div>\r\n<div class=\"mod-indent-outer\">\r\n<div>\r\n<div class=\"activityinstance\"><a class=\"\" href=\"https:\/\/estudiosadministrativos.com\/cursos\/mod\/resource\/view.php?id=10818\"><img class=\"iconlarge activityicon\" role=\"presentation\" src=\"https:\/\/estudiosadministrativos.com\/cursos\/theme\/image.php?theme=boost&amp;component=core&amp;image=f%2Fpdf-24\" alt=\"\" aria-hidden=\"true\" \/><span class=\"instancename\">Ley 19\/2013, de 9 de diciembre, de transparencia, acceso a la informaci\u00f3n p\u00fablica y buen gobierno.(T\u00edtulo I, Cap\u00edtulo III, T\u00edtulo II : arts. 12 - 32)<\/span><\/a><\/div>\r\n<\/div>\r\n<\/div>\r\n<\/div><\/li>\r\n \t<li id=\"module-10819\" class=\"activity resource modtype_resource \">\r\n<div>\r\n<div class=\"mod-indent-outer\">\r\n<div>\r\n<div class=\"activityinstance\"><a class=\"\" href=\"https:\/\/estudiosadministrativos.com\/cursos\/mod\/resource\/view.php?id=10819\"><img class=\"iconlarge activityicon\" role=\"presentation\" src=\"https:\/\/estudiosadministrativos.com\/cursos\/theme\/image.php?theme=boost&amp;component=core&amp;image=f%2Fpdf-24\" alt=\"\" aria-hidden=\"true\" \/><span class=\"instancename\">La Participaci\u00f3n ciudadana en el II Plan de Gobierno abierto de Espa\u00f1a<\/span><\/a><\/div>\r\n<\/div>\r\n<\/div>\r\n<\/div><\/li>\r\n \t<li id=\"module-10820\" class=\"activity quiz modtype_quiz \">\r\n<div>\r\n<div class=\"mod-indent-outer\">\r\n<div>\r\n<div class=\"activityinstance\"><a class=\"\" href=\"https:\/\/estudiosadministrativos.com\/cursos\/mod\/quiz\/view.php?id=10820\"><img class=\"iconlarge activityicon\" role=\"presentation\" src=\"https:\/\/estudiosadministrativos.com\/cursos\/theme\/image.php?theme=boost&amp;component=quiz&amp;image=icon\" alt=\"\" aria-hidden=\"true\" \/><span class=\"instancename\">TEST Ley 19\/2013, de 9 de diciembre, de transparencia, acceso a la informaci\u00f3n p\u00fablica y buen gobierno<\/span><\/a><\/div>\r\n<div class=\"contentafterlink\">\r\n<div class=\"no-overflow\">\r\n<div class=\"no-overflow\">\r\n\r\n<b>20 preguntas, 15 minutos.\u00a0\ud83d\udfe9\u00a0<a href=\"https:\/\/estudiosadministrativos.com\/cursos\/pluginfile.php\/13801\/mod_quiz\/intro\/TestLeyDeTransparencia.pdf\" target=\"_blank\" rel=\"noopener\">Versi\u00f3n en PDF<\/a><\/b>\r\n\r\n<\/div>\r\n<\/div>\r\n<\/div>\r\n<\/div>\r\n<\/div>\r\n<\/div><\/li>\r\n \t<li id=\"module-10821\" class=\"activity quiz modtype_quiz \">\r\n<div>\r\n<div class=\"mod-indent-outer\">\r\n<div>\r\n<div class=\"activityinstance\"><a class=\"\" href=\"https:\/\/estudiosadministrativos.com\/cursos\/mod\/quiz\/view.php?id=10821\"><img class=\"iconlarge activityicon\" role=\"presentation\" src=\"https:\/\/estudiosadministrativos.com\/cursos\/theme\/image.php?theme=boost&amp;component=quiz&amp;image=icon\" alt=\"\" aria-hidden=\"true\" \/><span class=\"instancename\">TEST Ley 19\/2013 - T\u00edtulo Preliminar, T\u00edtulo I: Transparencia de la actividad p\u00fablica, T\u00edtulo II: Buen Gobierno<\/span><\/a><\/div>\r\n<div class=\"contentafterlink\">\r\n<div class=\"no-overflow\">\r\n<div class=\"no-overflow\">\r\n\r\n<b>14 preguntas, 10 minutos.\u00a0\ud83d\udfe9\u00a0<a href=\"https:\/\/estudiosadministrativos.com\/cursos\/pluginfile.php\/13802\/mod_quiz\/intro\/TEST_LEY_19_2013_DE_TRANSPARENCIATITULO_PRELIMINAR_TITULO_I_TITULO_II.pdf\" target=\"_blank\" rel=\"noopener\">Versi\u00f3n en PDF<\/a><\/b>\r\n\r\n<\/div>\r\n<\/div>\r\n<\/div>\r\n<\/div>\r\n<\/div>\r\n<\/div><\/li>\r\n \t<li id=\"module-10824\" class=\"activity quiz modtype_quiz \">\r\n<div>\r\n<div class=\"mod-indent-outer\">\r\n<div>\r\n<div class=\"activityinstance\"><a class=\"\" href=\"https:\/\/estudiosadministrativos.com\/cursos\/mod\/quiz\/view.php?id=10824\"><img class=\"iconlarge activityicon\" role=\"presentation\" src=\"https:\/\/estudiosadministrativos.com\/cursos\/theme\/image.php?theme=boost&amp;component=quiz&amp;image=icon\" alt=\"\" aria-hidden=\"true\" \/><span class=\"instancename\">TEST Gobierno abierto. Concepto y principios informadores. Acceso a la Informaci\u00f3n P\u00fablica y Buen Gobierno.<\/span><\/a><\/div>\r\n<div class=\"contentafterlink\">\r\n<div class=\"no-overflow\">\r\n<div class=\"no-overflow\">\r\n\r\n<b>15 preguntas, 12 minutos\u00a0\ud83d\udfe9\u00a0<a href=\"https:\/\/estudiosadministrativos.com\/cursos\/pluginfile.php\/13805\/mod_quiz\/intro\/TEST_BUEN_GOBIERNO_ADMIN_BATERIA_IVAP_2021_TEMA14%20%281%29%20%281%29.pdf\" target=\"_blank\" rel=\"noopener\">Versi\u00f3n en PDF<\/a><\/b>\r\n\r\n<\/div>\r\n<\/div>\r\n<\/div>\r\n<\/div>\r\n<\/div>\r\n<\/div><\/li>\r\n<\/ul>\r\n<\/div><\/li>\r\n<\/ul>\r\n&nbsp;","_et_gb_content_width":""},"product_brand":[],"product_cat":[141],"product_tag":[189,246,188],"class_list":{"0":"post-2561","1":"product","2":"type-product","3":"status-publish","4":"has-post-thumbnail","6":"product_cat-cursos-sobre-temas-concretos","7":"product_tag-apuntes-ley-de-transparencia","8":"product_tag-gobierno-abierto","9":"product_tag-ley-de-transparencia","11":"first","12":"instock","13":"virtual","14":"purchasable","15":"product-type-simple"},"_links":{"self":[{"href":"https:\/\/estudiosadministrativos.com\/inscripcion\/wp-json\/wp\/v2\/product\/2561","targetHints":{"allow":["GET"]}}],"collection":[{"href":"https:\/\/estudiosadministrativos.com\/inscripcion\/wp-json\/wp\/v2\/product"}],"about":[{"href":"https:\/\/estudiosadministrativos.com\/inscripcion\/wp-json\/wp\/v2\/types\/product"}],"replies":[{"embeddable":true,"href":"https:\/\/estudiosadministrativos.com\/inscripcion\/wp-json\/wp\/v2\/comments?post=2561"}],"wp:featuredmedia":[{"embeddable":true,"href":"https:\/\/estudiosadministrativos.com\/inscripcion\/wp-json\/wp\/v2\/media\/3953"}],"wp:attachment":[{"href":"https:\/\/estudiosadministrativos.com\/inscripcion\/wp-json\/wp\/v2\/media?parent=2561"}],"wp:term":[{"taxonomy":"product_brand","embeddable":true,"href":"https:\/\/estudiosadministrativos.com\/inscripcion\/wp-json\/wp\/v2\/product_brand?post=2561"},{"taxonomy":"product_cat","embeddable":true,"href":"https:\/\/estudiosadministrativos.com\/inscripcion\/wp-json\/wp\/v2\/product_cat?post=2561"},{"taxonomy":"product_tag","embeddable":true,"href":"https:\/\/estudiosadministrativos.com\/inscripcion\/wp-json\/wp\/v2\/product_tag?post=2561"}],"curies":[{"name":"wp","href":"https:\/\/api.w.org\/{rel}","templated":true}]}}