{"id":2572,"date":"2021-10-11T11:10:52","date_gmt":"2021-10-11T11:10:52","guid":{"rendered":"https:\/\/estudiosadministrativos.com\/inscripcion\/?post_type=product&#038;p=2572"},"modified":"2024-09-15T00:40:01","modified_gmt":"2024-09-15T00:40:01","slug":"la-constitucion-espanola","status":"publish","type":"product","link":"https:\/\/estudiosadministrativos.com\/inscripcion\/oposiciones\/la-constitucion-espanola\/","title":{"rendered":"La Constituci\u00f3n Espa\u00f1ola (T\u00edt. I, II, III, IV, V, VI, VII, VIII) con clases, apuntes, esquemas, res\u00famenes y test"},"content":{"rendered":"<p>[et_pb_section fb_built=\u00bb1&#8243; _builder_version=\u00bb3.22&#8243; custom_padding=\u00bb0px||||false|false\u00bb][et_pb_row _builder_version=\u00bb3.25&#8243; background_size=\u00bbinitial\u00bb background_position=\u00bbtop_left\u00bb background_repeat=\u00bbrepeat\u00bb width=\u00bb100%\u00bb custom_padding=\u00bb0px||0px||false|false\u00bb][et_pb_column type=\u00bb4_4&#8243; _builder_version=\u00bb3.25&#8243; custom_padding=\u00bb|||\u00bb custom_padding__hover=\u00bb|||\u00bb][et_pb_wc_breadcrumb _builder_version=\u00bb3.0.47&#8243;][\/et_pb_wc_breadcrumb][\/et_pb_column][\/et_pb_row][et_pb_row _builder_version=\u00bb4.6.0&#8243; background_size=\u00bbinitial\u00bb background_position=\u00bbtop_left\u00bb background_repeat=\u00bbrepeat\u00bb width=\u00bb100%\u00bb custom_padding=\u00bb0px||||false|false\u00bb][et_pb_column type=\u00bb4_4&#8243; _builder_version=\u00bb3.25&#8243; custom_padding=\u00bb|||\u00bb custom_padding__hover=\u00bb|||\u00bb][et_pb_wc_title _builder_version=\u00bb3.0.47&#8243;][\/et_pb_wc_title][et_pb_wc_price _builder_version=\u00bb3.0.47&#8243;][\/et_pb_wc_price][et_pb_wc_description _builder_version=\u00bb3.0.47&#8243;][\/et_pb_wc_description][et_pb_wc_add_to_cart show_quantity=\u00bboff\u00bb show_stock=\u00bboff\u00bb _builder_version=\u00bb4.6.0&#8243;][\/et_pb_wc_add_to_cart][et_pb_wc_meta show_sku=\u00bboff\u00bb show_categories=\u00bboff\u00bb show_tags=\u00bboff\u00bb _builder_version=\u00bb4.6.0&#8243; _module_preset=\u00bbdefault\u00bb][\/et_pb_wc_meta][\/et_pb_column][\/et_pb_row][et_pb_row _builder_version=\u00bb3.25&#8243; background_size=\u00bbinitial\u00bb background_position=\u00bbtop_left\u00bb background_repeat=\u00bbrepeat\u00bb width=\u00bb100%\u00bb][et_pb_column type=\u00bb4_4&#8243; _builder_version=\u00bb3.25&#8243; custom_padding=\u00bb|||\u00bb custom_padding__hover=\u00bb|||\u00bb][et_pb_wc_tabs include_tabs=\u00bbdescription|\u00bb _builder_version=\u00bb4.6.0&#8243; _module_preset=\u00bbdefault\u00bb][\/et_pb_wc_tabs][et_pb_wc_additional_info _builder_version=\u00bb4.6.0&#8243; _module_preset=\u00bbdefault\u00bb][\/et_pb_wc_additional_info][et_pb_wc_upsells _builder_version=\u00bb3.0.47&#8243;][\/et_pb_wc_upsells][et_pb_wc_add_to_cart show_quantity=\u00bboff\u00bb show_stock=\u00bboff\u00bb _builder_version=\u00bb4.6.0&#8243; _module_preset=\u00bbdefault\u00bb][\/et_pb_wc_add_to_cart][\/et_pb_column][\/et_pb_row][\/et_pb_section]<\/p>\n","protected":false},"excerpt":{"rendered":"<h2>La Constituci\u00f3n Espa\u00f1ola (T\u00edt. I, II, III, IV, V, VI, VII, VIII)<\/h2>\n<h4>Un solo pago, acceso por tiempo ilimitado.<\/h4>\n<p id=\"yui_3_17_2_1_1668156168777_1252\"><b id=\"yui_3_17_2_1_1668156168777_1254\">T\u00cdTULO Preliminar<\/b><\/p>\n<p id=\"yui_3_17_2_1_1668156168777_1255\"><b id=\"yui_3_17_2_1_1668156168777_1256\">T\u00cdTULO I De los derechos y deberes fundamentales<br id=\"yui_3_17_2_1_1668156168777_1257\" \/><\/b><\/p>\n<p id=\"yui_3_17_2_1_1668156168777_1258\"><b id=\"yui_3_17_2_1_1668156168777_1259\">T\u00cdTULO II De la Corona<br id=\"yui_3_17_2_1_1668156168777_1260\" \/><\/b><\/p>\n<p id=\"yui_3_17_2_1_1668156168777_1261\"><b id=\"yui_3_17_2_1_1668156168777_1262\">T\u00cdTULO III De las Cortes Generales<br id=\"yui_3_17_2_1_1668156168777_1263\" \/><\/b><\/p>\n<p id=\"yui_3_17_2_1_1668156168777_1264\"><b id=\"yui_3_17_2_1_1668156168777_1265\">T\u00cdTULO IV Del Gobierno y de la Administraci\u00f3n<br id=\"yui_3_17_2_1_1668156168777_1266\" \/><\/b><\/p>\n<p id=\"yui_3_17_2_1_1668156168777_1267\"><b id=\"yui_3_17_2_1_1668156168777_1268\">T\u00cdTULO V De las relaciones entre el Gobierno y las Cortes Generales<\/b><\/p>\n<p><b id=\"yui_3_17_2_1_1668156168777_1304\">T\u00cdTULO VI Del Poder Judicial<\/b><\/p>\n<p><b id=\"yui_3_17_2_1_1668156168777_1304\">T\u00cdTULO VII Econom\u00eda y Hacienda<br id=\"yui_3_17_2_1_1668156168777_1329\" \/><br id=\"yui_3_17_2_1_1668156168777_1330\" \/>T\u00cdTULO VIII De la Organizaci\u00f3n Territorial del Estado<\/b><\/p>\n","protected":false},"featured_media":3808,"comment_status":"closed","ping_status":"closed","template":"","meta":{"_et_pb_use_builder":"on","_et_pb_old_content":"<h2><\/h2>\r\n<h2>La Constituci\u00f3n espa\u00f1ola (T\u00edt. I, II, III, IV, V, VI, VII, VIII)<\/h2>\r\n<h4>Con clases, apuntes, esquemas, res\u00famenes y test.<\/h4>\r\n<h4>Un solo pago, acceso por tiempo ilimitado.<\/h4>\r\n[video width=\"1280\" height=\"720\" mp4=\"https:\/\/estudiosadministrativos.com\/inscripcion\/wp-content\/uploads\/2021\/10\/curso-la-constitucion-espanola.mp4\"][\/video]\r\n\r\n&nbsp;","_et_gb_content_width":""},"product_brand":[],"product_cat":[141],"product_tag":[190],"class_list":{"0":"post-2572","1":"product","2":"type-product","3":"status-publish","4":"has-post-thumbnail","6":"product_cat-cursos-sobre-temas-concretos","7":"product_tag-tema-la-constitucion","9":"first","10":"instock","11":"virtual","12":"purchasable","13":"product-type-simple"},"_links":{"self":[{"href":"https:\/\/estudiosadministrativos.com\/inscripcion\/wp-json\/wp\/v2\/product\/2572","targetHints":{"allow":["GET"]}}],"collection":[{"href":"https:\/\/estudiosadministrativos.com\/inscripcion\/wp-json\/wp\/v2\/product"}],"about":[{"href":"https:\/\/estudiosadministrativos.com\/inscripcion\/wp-json\/wp\/v2\/types\/product"}],"replies":[{"embeddable":true,"href":"https:\/\/estudiosadministrativos.com\/inscripcion\/wp-json\/wp\/v2\/comments?post=2572"}],"wp:featuredmedia":[{"embeddable":true,"href":"https:\/\/estudiosadministrativos.com\/inscripcion\/wp-json\/wp\/v2\/media\/3808"}],"wp:attachment":[{"href":"https:\/\/estudiosadministrativos.com\/inscripcion\/wp-json\/wp\/v2\/media?parent=2572"}],"wp:term":[{"taxonomy":"product_brand","embeddable":true,"href":"https:\/\/estudiosadministrativos.com\/inscripcion\/wp-json\/wp\/v2\/product_brand?post=2572"},{"taxonomy":"product_cat","embeddable":true,"href":"https:\/\/estudiosadministrativos.com\/inscripcion\/wp-json\/wp\/v2\/product_cat?post=2572"},{"taxonomy":"product_tag","embeddable":true,"href":"https:\/\/estudiosadministrativos.com\/inscripcion\/wp-json\/wp\/v2\/product_tag?post=2572"}],"curies":[{"name":"wp","href":"https:\/\/api.w.org\/{rel}","templated":true}]}}