{"id":3203,"date":"2022-03-23T12:30:43","date_gmt":"2022-03-23T12:30:43","guid":{"rendered":"https:\/\/estudiosadministrativos.com\/inscripcion\/?post_type=product&#038;p=3203"},"modified":"2024-11-16T09:26:49","modified_gmt":"2024-11-16T09:26:49","slug":"acceso-completo-e-ilimitado-a-todos-los-cursos","status":"publish","type":"product","link":"https:\/\/estudiosadministrativos.com\/inscripcion\/oposiciones\/acceso-completo-e-ilimitado-a-todos-los-cursos\/","title":{"rendered":"Acceso completo e ilimitado a todos los cursos"},"content":{"rendered":"<p>[et_pb_section fb_built=\u00bb1&#8243; _builder_version=\u00bb3.22&#8243; custom_padding=\u00bb0px||||false|false\u00bb][et_pb_row _builder_version=\u00bb3.25&#8243; background_size=\u00bbinitial\u00bb background_position=\u00bbtop_left\u00bb background_repeat=\u00bbrepeat\u00bb width=\u00bb100%\u00bb custom_padding=\u00bb0px||0px||false|false\u00bb][et_pb_column type=\u00bb4_4&#8243; _builder_version=\u00bb3.25&#8243; custom_padding=\u00bb|||\u00bb custom_padding__hover=\u00bb|||\u00bb][et_pb_text _builder_version=\u00bb4.6.0&#8243; _module_preset=\u00bbdefault\u00bb]<\/p>\n<h4><a href='#' class='small-button smallblack'>GOBIERNO VASCO<\/a> <a href='https:\/\/estudiosadministrativos.com\/inscripcion\/ope-diputacion\/' class='small-button smallblack'>DIPUTACI\u00d3N<\/a> <a href='https:\/\/estudiosadministrativos.com\/inscripcion\/ope-age\/' class='small-button smallblack'>\u00a0 \u00a0 \u00a0 \u00a0A G E\u00a0 \u00a0 \u00a0 \u00a0<\/a> <a href='https:\/\/estudiosadministrativos.com\/inscripcion\/ope-osakidetza\/' class='small-button smallblack'>OSAKIDETZA<\/a> <a href='https:\/\/estudiosadministrativos.com\/inscripcion\/ope-ayuntamiento\/' class='small-button smallblack'>AYUNTAMIENTOS<\/a> <a href='https:\/\/estudiosadministrativos.com\/inscripcion\/area-de-secretaria\/' class='small-button smallblack'>SECRETAR\u00cdA<\/a> <a href='https:\/\/estudiosadministrativos.com\/test-temarios-oposiciones\/' class='small-button smallblack'>LIBRER\u00cdA ONLINE<\/a><\/h4>\n<p>[\/et_pb_text][et_pb_wc_breadcrumb _builder_version=\u00bb4.6.0&#8243; _module_preset=\u00bbdefault\u00bb body_text_color=\u00bb#000000&#8243;][\/et_pb_wc_breadcrumb][\/et_pb_column][\/et_pb_row][et_pb_row column_structure=\u00bb1_4,3_4&#8243; _builder_version=\u00bb4.6.0&#8243; background_size=\u00bbinitial\u00bb background_position=\u00bbtop_left\u00bb background_repeat=\u00bbrepeat\u00bb width=\u00bb100%\u00bb custom_padding=\u00bb0px||||false|false\u00bb][et_pb_column type=\u00bb1_4&#8243; _builder_version=\u00bb3.25&#8243; custom_padding=\u00bb|||\u00bb custom_padding__hover=\u00bb|||\u00bb][et_pb_wc_images _builder_version=\u00bb3.0.47&#8243;][\/et_pb_wc_images][\/et_pb_column][et_pb_column type=\u00bb3_4&#8243; _builder_version=\u00bb3.25&#8243; custom_padding=\u00bb|||\u00bb custom_padding__hover=\u00bb|||\u00bb][et_pb_wc_title _builder_version=\u00bb4.6.0&#8243;][\/et_pb_wc_title][et_pb_wc_price _builder_version=\u00bb3.0.47&#8243;][\/et_pb_wc_price][et_pb_wc_description _builder_version=\u00bb3.0.47&#8243;][\/et_pb_wc_description][et_pb_wc_add_to_cart _builder_version=\u00bb4.6.0&#8243; dropdown_menus_font_size=\u00bb16px\u00bb border_width_all_dropdown_menus=\u00bb3px\u00bb][\/et_pb_wc_add_to_cart][\/et_pb_column][\/et_pb_row][et_pb_row _builder_version=\u00bb3.25&#8243; background_size=\u00bbinitial\u00bb background_position=\u00bbtop_left\u00bb background_repeat=\u00bbrepeat\u00bb width=\u00bb100%\u00bb][et_pb_column type=\u00bb4_4&#8243; _builder_version=\u00bb3.25&#8243; custom_padding=\u00bb|||\u00bb custom_padding__hover=\u00bb|||\u00bb][et_pb_wc_tabs include_tabs=\u00bbdescription|\u00bb _builder_version=\u00bb4.6.0&#8243;] [\/et_pb_wc_tabs][et_pb_wc_upsells _builder_version=\u00bb3.0.47&#8243;][\/et_pb_wc_upsells][et_pb_wc_related_products _builder_version=\u00bb3.0.47&#8243;][\/et_pb_wc_related_products][\/et_pb_column][\/et_pb_row][\/et_pb_section]<\/p>\n","protected":false},"excerpt":{"rendered":"<h2>Acceso ilimitado a todos los cursos de la academia<\/h2>\n<p>Con esta opci\u00f3n (un \u00fanico pago) tendr\u00e1s <strong>acceso completo ilimitado a todos los cursos<\/strong>, presentes y futuros, tanto para administrativos\/as como para auxiliares, t\u00e9cnicos, subalternos y celadores, (Gobierno Vasco, Osakidetza, Ayuntamientos, Diputaci\u00f3n) , de nuestro centro de estudios, con todos los materiales y recursos, incluido todos los bloques monotem\u00e1ticos, <strong>hasta aprobar el examen de las oposiciones a las que hayas decidido presentarte.<\/strong><\/p>\n","protected":false},"featured_media":4681,"comment_status":"closed","ping_status":"closed","template":"","meta":{"_et_pb_use_builder":"on","_et_pb_old_content":"<h2>Acceso completo e ilimitado a todos los cursos<\/h2>\r\nCon esta opci\u00f3n (un \u00fanico pago) tendr\u00e1s acceso completo e ilimitado a todos los cursos ,l, presentes y futuros, tanto para administrativos\/as como para auxiliares, t\u00e9cnicos, subalternos y celadores, (Gobierno Vasco, Osakidetza, Ayuntamientos, Diputaci\u00f3n) , de nuestro centro de estudios, con todos los materiales y recursos, incluido todos los bloques monotem\u00e1ticos, <strong>hasta aprobar el examen de lasa oposiciones a las que hayas decidido presentarte<\/strong><strong>.<\/strong>","_et_gb_content_width":""},"product_brand":[],"product_cat":[221,40],"product_tag":[278,69,277,61,280],"class_list":{"0":"post-3203","1":"product","2":"type-product","3":"status-publish","4":"has-post-thumbnail","6":"product_cat-acceso-completo-e-ilimitado-a-todos-los-cursos","7":"product_cat-cursos-de-oposiciones","8":"product_tag-ope-age","9":"product_tag-ope-ayuntamiento","10":"product_tag-ope-diputacion","11":"product_tag-ope-gobierno-vasco","12":"product_tag-ope-osakidetza","14":"first","15":"instock","16":"virtual","17":"sold-individually","18":"purchasable","19":"product-type-simple"},"_links":{"self":[{"href":"https:\/\/estudiosadministrativos.com\/inscripcion\/wp-json\/wp\/v2\/product\/3203","targetHints":{"allow":["GET"]}}],"collection":[{"href":"https:\/\/estudiosadministrativos.com\/inscripcion\/wp-json\/wp\/v2\/product"}],"about":[{"href":"https:\/\/estudiosadministrativos.com\/inscripcion\/wp-json\/wp\/v2\/types\/product"}],"replies":[{"embeddable":true,"href":"https:\/\/estudiosadministrativos.com\/inscripcion\/wp-json\/wp\/v2\/comments?post=3203"}],"wp:featuredmedia":[{"embeddable":true,"href":"https:\/\/estudiosadministrativos.com\/inscripcion\/wp-json\/wp\/v2\/media\/4681"}],"wp:attachment":[{"href":"https:\/\/estudiosadministrativos.com\/inscripcion\/wp-json\/wp\/v2\/media?parent=3203"}],"wp:term":[{"taxonomy":"product_brand","embeddable":true,"href":"https:\/\/estudiosadministrativos.com\/inscripcion\/wp-json\/wp\/v2\/product_brand?post=3203"},{"taxonomy":"product_cat","embeddable":true,"href":"https:\/\/estudiosadministrativos.com\/inscripcion\/wp-json\/wp\/v2\/product_cat?post=3203"},{"taxonomy":"product_tag","embeddable":true,"href":"https:\/\/estudiosadministrativos.com\/inscripcion\/wp-json\/wp\/v2\/product_tag?post=3203"}],"curies":[{"name":"wp","href":"https:\/\/api.w.org\/{rel}","templated":true}]}}