{"id":380,"date":"2020-09-11T12:12:21","date_gmt":"2020-09-11T12:12:21","guid":{"rendered":"https:\/\/estudiosadministrativos.com\/inscripcion\/?post_type=product&#038;p=380"},"modified":"2026-01-15T17:14:33","modified_gmt":"2026-01-15T17:14:33","slug":"auxiliar-administrativo-a-del-estado","status":"publish","type":"product","link":"https:\/\/estudiosadministrativos.com\/inscripcion\/oposiciones\/auxiliar-administrativo-a-del-estado\/","title":{"rendered":"Auxiliar Administrativo-a del Estado 2026"},"content":{"rendered":"<p>[et_pb_section bb_built=\u00bb1&#8243; _builder_version=\u00bb3.22&#8243; custom_padding=\u00bb0px||||false|false\u00bb][et_pb_row _builder_version=\u00bb3.25&#8243; background_size=\u00bbinitial\u00bb background_position=\u00bbtop_left\u00bb background_repeat=\u00bbrepeat\u00bb width=\u00bb100%\u00bb custom_padding=\u00bb0px||0px||false|false\u00bb][et_pb_column type=\u00bb4_4&#8243; _builder_version=\u00bb3.25&#8243; custom_padding=\u00bb|||\u00bb custom_padding__hover=\u00bb|||\u00bb][et_pb_text _builder_version=\u00bb4.6.0&#8243; _module_preset=\u00bbdefault\u00bb]<\/p>\n<h4><a href='https:\/\/estudiosadministrativos.com\/inscripcion\/ope-gobierno-vasco\/' class='small-button smallblack'>GOBIERNO VASCO<\/a> <a href='https:\/\/estudiosadministrativos.com\/inscripcion\/ope-diputacion\/' class='small-button smallblack'>DIPUTACI\u00d3N<\/a> <a href='https:\/\/estudiosadministrativos.com\/inscripcion\/ope-age\/' class='small-button smallblack'>\u00a0 \u00a0 \u00a0 \u00a0A G E\u00a0 \u00a0 \u00a0 \u00a0<\/a> <a href='https:\/\/estudiosadministrativos.com\/inscripcion\/ope-osakidetza\/' class='small-button smallblack'>OSAKIDETZA<\/a> <a href='https:\/\/estudiosadministrativos.com\/inscripcion\/ope-ayuntamiento\/' class='small-button smallblack'>AYUNTAMIENTOS<\/a> <a href='https:\/\/estudiosadministrativos.com\/inscripcion\/area-de-secretaria\/' class='small-button smallblack'>SECRETAR\u00cdA<\/a> <a href='https:\/\/estudiosadministrativos.com\/test-temarios-oposiciones\/' class='small-button smallblack'>LIBRER\u00cdA ONLINE<\/a><\/h4>\n<p>[\/et_pb_text][et_pb_wc_breadcrumb _builder_version=\u00bb4.6.0&#8243; _module_preset=\u00bbdefault\u00bb \/][\/et_pb_column][\/et_pb_row][et_pb_row column_structure=\u00bb1_4,3_4&#8243; _builder_version=\u00bb4.6.0&#8243; _module_preset=\u00bbdefault\u00bb width=\u00bb100%\u00bb max_width=\u00bb2560px\u00bb][et_pb_column type=\u00bb1_4&#8243; _builder_version=\u00bb4.6.0&#8243; _module_preset=\u00bbdefault\u00bb][et_pb_wc_images _builder_version=\u00bb4.6.0&#8243; _module_preset=\u00bbdefault\u00bb custom_padding=\u00bb|64px||||\u00bb \/][\/et_pb_column][et_pb_column type=\u00bb3_4&#8243; _builder_version=\u00bb4.6.0&#8243; _module_preset=\u00bbdefault\u00bb][et_pb_wc_title _builder_version=\u00bb4.6.0&#8243; custom_margin=\u00bb|||0px|false|false\u00bb \/][et_pb_wc_price _builder_version=\u00bb4.6.0&#8243; custom_margin=\u00bb|||0px|false|false\u00bb \/][et_pb_text _builder_version=\u00bb4.6.0&#8243; _module_preset=\u00bbdefault\u00bb custom_margin=\u00bb|||0px|false|false\u00bb text_text_shadow_horizontal_length=\u00bbtext_text_shadow_style,%91object Object%93&#8243; text_text_shadow_horizontal_length_tablet=\u00bb0px\u00bb text_text_shadow_vertical_length=\u00bbtext_text_shadow_style,%91object Object%93&#8243; text_text_shadow_vertical_length_tablet=\u00bb0px\u00bb text_text_shadow_blur_strength=\u00bbtext_text_shadow_style,%91object Object%93&#8243; text_text_shadow_blur_strength_tablet=\u00bb1px\u00bb link_text_shadow_horizontal_length=\u00bblink_text_shadow_style,%91object Object%93&#8243; link_text_shadow_horizontal_length_tablet=\u00bb0px\u00bb link_text_shadow_vertical_length=\u00bblink_text_shadow_style,%91object Object%93&#8243; link_text_shadow_vertical_length_tablet=\u00bb0px\u00bb link_text_shadow_blur_strength=\u00bblink_text_shadow_style,%91object Object%93&#8243; link_text_shadow_blur_strength_tablet=\u00bb1px\u00bb ul_text_shadow_horizontal_length=\u00bbul_text_shadow_style,%91object Object%93&#8243; ul_text_shadow_horizontal_length_tablet=\u00bb0px\u00bb ul_text_shadow_vertical_length=\u00bbul_text_shadow_style,%91object Object%93&#8243; ul_text_shadow_vertical_length_tablet=\u00bb0px\u00bb ul_text_shadow_blur_strength=\u00bbul_text_shadow_style,%91object Object%93&#8243; ul_text_shadow_blur_strength_tablet=\u00bb1px\u00bb ol_text_shadow_horizontal_length=\u00bbol_text_shadow_style,%91object Object%93&#8243; ol_text_shadow_horizontal_length_tablet=\u00bb0px\u00bb ol_text_shadow_vertical_length=\u00bbol_text_shadow_style,%91object Object%93&#8243; ol_text_shadow_vertical_length_tablet=\u00bb0px\u00bb ol_text_shadow_blur_strength=\u00bbol_text_shadow_style,%91object Object%93&#8243; ol_text_shadow_blur_strength_tablet=\u00bb1px\u00bb quote_text_shadow_horizontal_length=\u00bbquote_text_shadow_style,%91object Object%93&#8243; quote_text_shadow_horizontal_length_tablet=\u00bb0px\u00bb quote_text_shadow_vertical_length=\u00bbquote_text_shadow_style,%91object Object%93&#8243; quote_text_shadow_vertical_length_tablet=\u00bb0px\u00bb quote_text_shadow_blur_strength=\u00bbquote_text_shadow_style,%91object Object%93&#8243; quote_text_shadow_blur_strength_tablet=\u00bb1px\u00bb header_text_shadow_horizontal_length=\u00bbheader_text_shadow_style,%91object Object%93&#8243; header_text_shadow_horizontal_length_tablet=\u00bb0px\u00bb header_text_shadow_vertical_length=\u00bbheader_text_shadow_style,%91object Object%93&#8243; header_text_shadow_vertical_length_tablet=\u00bb0px\u00bb header_text_shadow_blur_strength=\u00bbheader_text_shadow_style,%91object Object%93&#8243; header_text_shadow_blur_strength_tablet=\u00bb1px\u00bb header_2_text_shadow_horizontal_length=\u00bbheader_2_text_shadow_style,%91object Object%93&#8243; header_2_text_shadow_horizontal_length_tablet=\u00bb0px\u00bb header_2_text_shadow_vertical_length=\u00bbheader_2_text_shadow_style,%91object Object%93&#8243; header_2_text_shadow_vertical_length_tablet=\u00bb0px\u00bb header_2_text_shadow_blur_strength=\u00bbheader_2_text_shadow_style,%91object Object%93&#8243; header_2_text_shadow_blur_strength_tablet=\u00bb1px\u00bb header_3_text_shadow_horizontal_length=\u00bbheader_3_text_shadow_style,%91object Object%93&#8243; header_3_text_shadow_horizontal_length_tablet=\u00bb0px\u00bb header_3_text_shadow_vertical_length=\u00bbheader_3_text_shadow_style,%91object Object%93&#8243; header_3_text_shadow_vertical_length_tablet=\u00bb0px\u00bb header_3_text_shadow_blur_strength=\u00bbheader_3_text_shadow_style,%91object Object%93&#8243; header_3_text_shadow_blur_strength_tablet=\u00bb1px\u00bb header_4_text_shadow_horizontal_length=\u00bbheader_4_text_shadow_style,%91object Object%93&#8243; header_4_text_shadow_horizontal_length_tablet=\u00bb0px\u00bb header_4_text_shadow_vertical_length=\u00bbheader_4_text_shadow_style,%91object Object%93&#8243; header_4_text_shadow_vertical_length_tablet=\u00bb0px\u00bb header_4_text_shadow_blur_strength=\u00bbheader_4_text_shadow_style,%91object Object%93&#8243; header_4_text_shadow_blur_strength_tablet=\u00bb1px\u00bb header_5_text_shadow_horizontal_length=\u00bbheader_5_text_shadow_style,%91object Object%93&#8243; header_5_text_shadow_horizontal_length_tablet=\u00bb0px\u00bb header_5_text_shadow_vertical_length=\u00bbheader_5_text_shadow_style,%91object Object%93&#8243; header_5_text_shadow_vertical_length_tablet=\u00bb0px\u00bb header_5_text_shadow_blur_strength=\u00bbheader_5_text_shadow_style,%91object Object%93&#8243; header_5_text_shadow_blur_strength_tablet=\u00bb1px\u00bb header_6_text_shadow_horizontal_length=\u00bbheader_6_text_shadow_style,%91object Object%93&#8243; header_6_text_shadow_horizontal_length_tablet=\u00bb0px\u00bb header_6_text_shadow_vertical_length=\u00bbheader_6_text_shadow_style,%91object Object%93&#8243; header_6_text_shadow_vertical_length_tablet=\u00bb0px\u00bb header_6_text_shadow_blur_strength=\u00bbheader_6_text_shadow_style,%91object Object%93&#8243; header_6_text_shadow_blur_strength_tablet=\u00bb1px\u00bb box_shadow_horizontal_tablet=\u00bb0px\u00bb box_shadow_vertical_tablet=\u00bb0px\u00bb box_shadow_blur_tablet=\u00bb40px\u00bb box_shadow_spread_tablet=\u00bb0px\u00bb vertical_offset_tablet=\u00bb0&#8243; horizontal_offset_tablet=\u00bb0&#8243; z_index_tablet=\u00bb0&#8243;]<\/p>\n<p><strong><span style=\"color: #008080;\">Un solo pago hasta que apruebes la oposici\u00f3n<\/span><\/strong><\/p>\n<p><strong><span style=\"color: #008080;\">Todo el temario completo. Incluye las clases de psicot\u00e9cnicos (aptitudes num\u00e9ricas, verbales y administrativas)<br \/><\/span><\/strong><\/p>\n<h5>\u00a0<\/h5>\n<h5>\u27a4 <a href=\"https:\/\/estudiosadministrativos.com\/cursos\/pluginfile.php\/97\/coursecat\/description\/bases-especificas-aux-admin-age-2026.pdf\" target=\"_blank\" rel=\"noopener\">Bases espec\u00edficas 2025\/26<\/a><\/h5>\n<h5>\u27a4\u00a0<a href=\"https:\/\/estudiosadministrativos.com\/cursos\/pluginfile.php\/97\/coursecat\/description\/temario-aux-admin2026.pdf\" target=\"_blank\" rel=\"noopener\">Temario 2025\/26<\/a><\/h5>\n<p>[\/et_pb_text][et_pb_wc_add_to_cart show_quantity=\u00bboff\u00bb show_stock=\u00bboff\u00bb _builder_version=\u00bb4.6.0&#8243; fields_font_size=\u00bb26px\u00bb dropdown_menus_font_size=\u00bb18px\u00bb custom_margin=\u00bb|||0px|false|false\u00bb border_width_all_fields=\u00bb3px\u00bb border_width_all_dropdown_menus=\u00bb3px\u00bb \/][\/et_pb_column][\/et_pb_row][et_pb_row _builder_version=\u00bb4.6.0&#8243; background_size=\u00bbinitial\u00bb background_position=\u00bbtop_left\u00bb background_repeat=\u00bbrepeat\u00bb width=\u00bb100%\u00bb custom_padding=\u00bb0px||||false|false\u00bb][et_pb_column type=\u00bb4_4&#8243; _builder_version=\u00bb3.25&#8243; custom_padding=\u00bb|||\u00bb custom_padding__hover=\u00bb|||\u00bb][et_pb_wc_description _builder_version=\u00bb4.6.0&#8243; \/][et_pb_wc_add_to_cart show_quantity=\u00bboff\u00bb show_stock=\u00bboff\u00bb _builder_version=\u00bb4.6.0&#8243; fields_font_size=\u00bb26px\u00bb dropdown_menus_font_size=\u00bb18px\u00bb border_width_all_fields=\u00bb3px\u00bb border_width_all_dropdown_menus=\u00bb3px\u00bb \/][\/et_pb_column][\/et_pb_row][et_pb_row _builder_version=\u00bb3.25&#8243; background_size=\u00bbinitial\u00bb background_position=\u00bbtop_left\u00bb background_repeat=\u00bbrepeat\u00bb width=\u00bb100%\u00bb][et_pb_column type=\u00bb4_4&#8243; _builder_version=\u00bb3.25&#8243; custom_padding=\u00bb|||\u00bb custom_padding__hover=\u00bb|||\u00bb][et_pb_wc_tabs include_tabs=\u00bbdescription|\u00bb _builder_version=\u00bb4.6.0&#8243; \/][et_pb_wc_upsells _builder_version=\u00bb3.0.47&#8243; \/][et_pb_video src=\u00bbhttps:\/\/youtu.be\/Rs3cLsv61Dg\u00bb _builder_version=\u00bb4.6.0&#8243; _module_preset=\u00bbdefault\u00bb custom_padding=\u00bb|480px||||\u00bb \/][\/et_pb_column][\/et_pb_row][\/et_pb_section]<\/p>\n","protected":false},"excerpt":{"rendered":"<h2>Auxiliar Administrativo-a del Estado 2026<\/h2>\n<h3>Curso online e interactivo para la oposici\u00f3n a Auxiliar Administrativo-a del Estado<\/h3>\n<p>&nbsp;<\/p>\n<ul>\n<li>El pago \u00fanico de 380 euros incluye:\n<ul>\n<li>Acceso al temario completo, apuntes, res\u00famenes, esquemas y test de todos los temas, as\u00ed como el acceso a todas las clases impartidas<\/li>\n<li>Todas los temas vuelven a impartirse una segunda vez, algunos son incluso m\u00e1s recurrentes, dada su importancia en el examen.<\/li>\n<li>Incluye el acceso a bloques monotem\u00e1ticos dedicados a los temas m\u00e1s importantes de las oposiciones, as\u00ed como a colecciones de ex\u00e1menes resueltos, con la clase correspondiente<\/li>\n<li>Acceso a todas las clases de Supuestos Pr\u00e1cticos con los respectivos ejercicios<\/li>\n<li>Acceso a todas las clases que traten un tema com\u00fan en las dem\u00e1s oposiciones<\/li>\n<li><a href=\"https:\/\/www.youtube.com\/channel\/UCtgMI81O7KMXYzTiwTG8qRA\/featured\" target=\"_blank\" rel=\"noopener\">Puedes ver aqu\u00ed un v\u00eddeo que muestra los recursos de la plataforma<\/a><\/li>\n<\/ul>\n<\/li>\n<\/ul>\n","protected":false},"featured_media":5997,"comment_status":"closed","ping_status":"closed","template":"","meta":{"_et_pb_use_builder":"on","_et_pb_old_content":"<h4>Auxiliar Administrativo-a del Estado 2026<\/h4>\r\n[learn_more caption=\"Requisitos y n\u00famero de plazas\"]\r\n<div class=\"o-it-1\/1 ppg-form__fieldset ppg-brd--bottom2\">\r\n<div class=\"o-it-1\/1 ppg-form__fieldset ppg-brd--bottom2\">\r\n<ul>\r\n \t<li class=\"o-unit-1-3 o-it-1\/3 o-it-sm-1\/1 ppg-heading ppg-heading--black ppg-heading--bold ppg-heading--type02\">Titulaci\u00f3n:Graduado en Educaci\u00f3n Secundaria Obligatoria<\/li>\r\n<\/ul>\r\n<\/div>\r\n<div class=\"o-it-1\/1 ppg-form__fieldset ppg-brd--bottom2\">\r\n<ul>\r\n \t<li class=\"o-unit-1-3 o-it-1\/3 o-it-sm-1\/1 ppg-heading ppg-heading--black ppg-heading--bold ppg-heading--type02\">Plazas Convocadas: 1150\r\n<ul>\r\n \t<li class=\"o-unit-1-3 o-it-1\/3 o-it-sm-1\/1 ppg-heading ppg-heading--black ppg-heading--bold ppg-heading--type02\"><strong>Libres: 1061 <\/strong><\/li>\r\n \t<li class=\"o-unit-1-3 o-it-1\/3 o-it-sm-1\/1 ppg-heading ppg-heading--black ppg-heading--bold ppg-heading--type02\">Discapacidad: 89<\/li>\r\n<\/ul>\r\n<\/li>\r\n<\/ul>\r\n<\/div>\r\n<\/div>\r\n[\/learn_more][learn_more caption=\"\u00bfEn qu\u00e9 consiste la prueba?\"]\r\n\r\n4.1\u2003Primera parte: consistir\u00e1 en contestar por escrito un cuestionario de un m\u00e1ximo de 60 preguntas.\r\n\r\nDe \u00e9stas, 30 versar\u00e1n sobre las materias previstas en el bloque I del programa recogido en el punto 5 del presente anexo, y 30 ser\u00e1n de car\u00e1cter psicot\u00e9cnico dirigidas a evaluar aptitudes administrativas, num\u00e9ricas o verbales propias de las tareas\r\ndesempe\u00f1adas por el Cuerpo General Auxiliar de la Administraci\u00f3n del Estado; podr\u00e1n preverse 5 preguntas adicionales de reserva que ser\u00e1n valoradas en el caso de que se anule alguna de las 60 anteriores.\r\n\r\n4.2\u2003Segunda parte: consistir\u00e1 en contestar por escrito un cuestionario de un m\u00e1ximo de 50 preguntas sobre las materias previstas en el bloque II del programa recogido en el punto 5 del presente anexo; podr\u00e1n preverse 5 preguntas adicionales de\r\nreserva que ser\u00e1n valoradas en el caso de que se anule alguna de las 50 anteriores.\r\n\r\nLas preguntas sobre el bloque II relacionadas con Windows y Office estar\u00e1n referidas, en concreto, a las siguientes versiones: Windows 10 y Office 2019. El tiempo m\u00e1ximo para la realizaci\u00f3n de este ejercicio ser\u00e1 de noventa minutos. El cuestionario de ambas partes estar\u00e1 compuesto por preguntas con respuestas alternativas, de las cuales s\u00f3lo una de ellas ser\u00e1 correcta. Para su realizaci\u00f3n, las personas aspirantes deber\u00e1n se\u00f1alar en la hoja de examen las opciones de respuesta que estimen v\u00e1lidas de acuerdo con las instrucciones que se faciliten. Todas las preguntas tendr\u00e1n el mismo valor y cada contestaci\u00f3n err\u00f3nea se penalizar\u00e1 descontando un tercio del valor de una respuesta correcta. Las respuestas en blanco no penalizan.\r\n\r\n[\/learn_more][learn_more caption=\"Calificaci\u00f3n del ejercicio\"]\r\n\r\n4.3\u2003Calificaci\u00f3n del ejercicio \u00fanico.\r\n4.3.1\u2003El ejercicio \u00fanico se calificar\u00e1 de 0 a 100 puntos de acuerdo con lo siguiente:\r\na)\u2003Primera parte: se calificar\u00e1 de 0 a 50 puntos, y ser\u00e1 necesario obtener una calificaci\u00f3n m\u00ednima de 25 puntos para superarla. La Comisi\u00f3n Permanente de Selecci\u00f3n fijar\u00e1 la puntuaci\u00f3n directa m\u00ednima necesaria que se debe alcanzar en esta primera parte para que pueda evaluarse la segunda.\r\n\r\nb)\u2003Segunda parte: se calificar\u00e1 de 0 a 50 puntos, y ser\u00e1 necesario obtener una calificaci\u00f3n m\u00ednima de 25 puntos para superarla. La Comisi\u00f3n Permanente de Selecci\u00f3n fijar\u00e1 la puntuaci\u00f3n directa m\u00ednima necesaria que se debe alcanzar en esta segunda parte para superar el ejercicio\r\n\r\n[\/learn_more][learn_more caption=\"Contenido y Temario\"]\r\n<ul>\r\n \t<li>Se imparte el TEMARIO COMPLETO OFICIAL PUBLICADO EN EL BOE.<\/li>\r\n \t<li class=\"video-responsive\">Todos los apuntes, ejercicios, test y dem\u00e1s material de estudio es aportado por nosotros. Adem\u00e1s, el alumno tendr\u00e1 acceso a todo el material digitalizado en nuestra plataforma de apoyo, donde podr\u00e1 adem\u00e1s realizar test cronometrados.<\/li>\r\n \t<li>TODOS LOS TEST DE ACADEMIA OPOSICIONES SON 100% FIABLES, LAS PREGUNTAS HAN SIDO RECOGIDAS A LO LARGO DE TREINTA A\u00d1OS DE DEDICACI\u00d3N A LAS OPOSICIONES, Y EST\u00c1N ACTUALIZADOS CON LA LEY ACTUAL<\/li>\r\n<\/ul>\r\n<h2>TEMARIO<\/h2>\r\n<h2>I.\u2003Organizaci\u00f3n p\u00fablica<\/h2>\r\n1.\u2003La Constituci\u00f3n Espa\u00f1ola de 1978. Caracter\u00edsticas. Los principios constitucionales y los valores superiores. Derechos y deberes fundamentales. Su garant\u00eda y suspensi\u00f3n.\r\n2.\u2003El Tribunal Constitucional. La reforma de la Constituci\u00f3n. La Corona: funciones constitucionales del Rey. Sucesi\u00f3n y regencia.\r\n3.\u2003Las Cortes Generales: composici\u00f3n, atribuciones y funcionamiento del Congreso de los Diputados y Senado. El Defensor del Pueblo.\r\n4.\u2003El Poder Judicial. El Consejo General del Poder Judicial. El Tribunal Supremo. La organizaci\u00f3n judicial espa\u00f1ola.\r\n5.\u2003El Gobierno y la Administraci\u00f3n. El Presidente del Gobierno. El Consejo de Ministros. Designaci\u00f3n, causas de cese y responsabilidad del Gobierno.\r\n6.\u2003El Gobierno Abierto: concepto y principios informadores. La Agenda 2030 y los Objetivos de Desarrollo Sostenible.\r\n7.\u2003La Ley 19\/2013, de 9 de diciembre, de transparencia, acceso a la informaci\u00f3n p\u00fablica y buen gobierno.\r\n8.\u2003La Administraci\u00f3n General del Estado. \u00d3rganos centrales. \u00d3rganos superiores y \u00f3rganos directivos. \u00d3rganos territoriales. Otros \u00f3rganos administrativos. La Administraci\u00f3n del Estado en el exterior.\r\n9.\u2003La Organizaci\u00f3n territorial del Estado: las Comunidades Aut\u00f3nomas: Constituci\u00f3n y distribuci\u00f3n de competencias entre el Estado y las Comunidades Aut\u00f3nomas. La ,Administraci\u00f3n local: entidades que la integran. La provincia, el municipio y la isla.\r\n10.\u2003La organizaci\u00f3n de la Uni\u00f3n Europea. El Consejo Europeo, el Consejo, el Parlamento Europeo, la Comisi\u00f3n Europea y el Tribunal de Justicia de la Uni\u00f3n Europea.\r\n11.\u2003Las Leyes del Procedimiento Administrativo Com\u00fan de las Administraciones P\u00fablicas y del R\u00e9gimen Jur\u00eddico del Sector P\u00fablico. El procedimiento administrativo com\u00fan y sus fases. La revisi\u00f3n de los actos en v\u00eda administrativa: revisi\u00f3n de oficio y\r\nrecursos administrativos. El recurso contencioso-administrativo. Actividad administrativa impugnable. Las partes: capacidad, legitimaci\u00f3n, representaci\u00f3n y defensa\r\n\r\n12.\u2003La protecci\u00f3n de datos personales y su r\u00e9gimen Jur\u00eddico: principios, derechos y obligaciones.\r\n13.\u2003El personal funcionario al servicio de las Administraciones p\u00fablicas: concepto y clases. R\u00e9gimen jur\u00eddico. El Registro Central de Personal. Programaci\u00f3n de efectivos y Oferta de Empleo P\u00fablico. Selecci\u00f3n. Provisi\u00f3n de puestos de trabajo. Situaciones administrativas de los funcionarios.\r\n14.\u2003Derechos y deberes de los funcionarios. La carrera administrativa. Promoci\u00f3n interna. El sistema de retribuciones e indemnizaciones. R\u00e9gimen disciplinario. El r\u00e9gimen de la Seguridad Social de los funcionarios.\r\n15.\u2003El presupuesto del Estado en Espa\u00f1a. Contenido, elaboraci\u00f3n y estructura. Fases del ciclo presupuestario.\r\n16.\u2003Pol\u00edticas de igualdad y contra la violencia de g\u00e9nero. Discapacidad y dependencia: r\u00e9gimen jur\u00eddico.\r\n<h2>II.\u2003Actividad administrativa y ofim\u00e1tica<\/h2>\r\n1.\u2003Atenci\u00f3n al p\u00fablico: acogida e informaci\u00f3n al ciudadano. Atenci\u00f3n de personas con discapacidad.\r\n2.\u2003Los servicios de informaci\u00f3n administrativa. Informaci\u00f3n general y particular al ciudadano. Iniciativas. Reclamaciones. Quejas. Peticiones.\r\n3.\u2003Concepto de documento, registro y archivo. Funciones del registro y del archivo. Clases de archivo y criterios de ordenaci\u00f3n.\r\n4.\u2003Administraci\u00f3n electr\u00f3nica y servicios al ciudadano. La informaci\u00f3n administrativa. An\u00e1lisis de principales p\u00e1ginas web de car\u00e1cter p\u00fablico. Servicios telem\u00e1ticos. Oficinas integradas de atenci\u00f3n al ciudadano. Ventanilla \u00fanica empresarial.\r\nEl Punto de Acceso General de la Administraci\u00f3n General del Estado.\r\n5.\u2003Inform\u00e1tica b\u00e1sica: conceptos fundamentales sobre el hardware y el software. Sistemas de almacenamiento de datos. Sistemas operativos. Nociones b\u00e1sicas de seguridad inform\u00e1tica.\r\n6.\u2003Introducci\u00f3n al sistema operativo: el entorno Windows. Fundamentos. Trabajo en el entorno gr\u00e1fico de Windows: ventanas, iconos, men\u00fas contextuales, cuadros de di\u00e1logo. El escritorio y sus elementos. El men\u00fa inicio. Cortana.\r\n7.\u2003El explorador de Windows. Gesti\u00f3n de carpetas y archivos. Operaciones de b\u00fasqueda. Herramientas \u00abEste equipo\u00bb y \u00abAcceso r\u00e1pido\u00bb. Accesorios. Herramientas del sistema.\r\n8.\u2003Procesadores de texto: Word 2019. Principales funciones y utilidades. Creaci\u00f3n y estructuraci\u00f3n del documento. Gesti\u00f3n, grabaci\u00f3n, recuperaci\u00f3n e impresi\u00f3n de ficheros. Personalizaci\u00f3n del entorno de trabajo.\r\n9.\u2003Hojas de c\u00e1lculo: Excel 2019. Principales funciones y utilidades. Libros, hojas y celdas. Configuraci\u00f3n. Introducci\u00f3n y edici\u00f3n de datos. F\u00f3rmulas y funciones. Gr\u00e1ficos. Gesti\u00f3n de datos. Personalizaci\u00f3n del entorno de trabajo.\r\n10.\u2003Bases de datos: Access 2019. Principales funciones y utilidades. Tablas. Consultas. Formularios. Informes. Relaciones. Importaci\u00f3n, vinculaci\u00f3n y exportaci\u00f3n de datos.\r\n11.\u2003Correo electr\u00f3nico: Outlook 2019. Conceptos elementales y funcionamiento. El entorno de trabajo. Enviar, recibir, responder y reenviar mensajes. Creaci\u00f3n de mensajes. Reglas de mensaje. Libreta de direcciones.\r\n12.\u2003La Red Internet: origen, evoluci\u00f3n y estado actual. Conceptos elementales sobre protocolos y servicios en Internet. Funcionalidades b\u00e1sicas de los navegadores web.\r\n<div>\r\n\r\n[\/learn_more][learn_more caption=\"Metodolog\u00eda\"]\r\n<ul>\r\n \t<li>Las clases son online y en directo, interactivas. Alumnos y profesor con pizarra se ven y se escuchan mutuamente. Los alumnos pueden intervenir en clase en cualquier momento.<\/li>\r\n \t<li>Se graban todas las clases que se imparten, se procesan y aproximadamente tres horas despu\u00e9s est\u00e1n disponibles en la plataforma de estudio. Y tanto los alumnos que han acudido al directo como los que las ven luego en diferido pueden visualizarlas tantas veces como quieran sin coste adicional hasta que aprueben el examen correspondiente<\/li>\r\n \t<li>Para todas las dudas y preguntas sobre el contenido, dudas en test o en apuntes, cosas que necesiten m\u00e1s explicaci\u00f3n o para cualquier asunto que la alumna o alumno quiera comentar, lo puede hace a trav\u00e9s de un foro en cada bloque de la plataforma, o escribiendo un email, preguntando en el whatsapp, llamando por tel\u00e9fono o en la misma clase. Por cualquiera de estos medios, la profesora o el profesor aclarar\u00e1 las dudas<\/li>\r\n \t<li>En cuanto realizas la inscripci\u00f3n, recibes un correo con un enlace para ingresar por primera vez en la plataforma<\/li>\r\n<\/ul>\r\n<div><\/div>\r\n[\/learn_more][learn_more caption=\"Informaci\u00f3n para la conexi\u00f3n\"]\r\n<div>- La clase tiene lugar <strong>a trav\u00e9s de MEET<\/strong> y, por lo tanto, <strong>NO requiere instalaci\u00f3n de software<\/strong>.<\/div>\r\n<div>- \u00danicamente se necesita<strong> tener iniciada la sesi\u00f3n en google<\/strong> con la direcci\u00f3n de email que nos has proporcionado.<\/div>\r\n<div>- Se accede al aula virtual a trav\u00e9s de un enlace que recibir\u00e1 cada alumno en su correo o, simplemente, haciendo click en la imagen de la p\u00e1gina del curso <a href=\"https:\/\/www.estudiosadministrativos.com\/oposicion-auxiliar-administrativo-gobierno-vasco.php#\" target=\"_blank\" rel=\"noopener noreferrer\">P\u00c1GINA DE ACCESO AL AULA VIRTUAL DE ADMINISTRATIVO DEL ESTADO<\/a>.<\/div>\r\n<div>- El sistema <strong>\u00fanicamente permite entrar al aula a alumnos matriculados<\/strong> que tengan sesi\u00f3n iniciada en google.<\/div>\r\n<div>- Se puede acceder al aula aproximadamente 15 minutos antes de comenzar la clase, siempre que ya est\u00e9 presente uno de los administradores.<\/div>\r\n<div>- Se recomienda usar el navegador <strong>Chrome<\/strong>, aunque tambi\u00e9n se puede utilizar Firefox (\u00falt. versi\u00f3n).<\/div>\r\n<div>- Tambi\u00e9n se aconseja utilizar <strong>micr\u00f3fono y auriculares<\/strong> con el fin de participar activamente, siempre acord\u00e1ndose de cerrar el micro una vez realizada la pregunta u observaci\u00f3n al profesor.<\/div>\r\n<div>- Aquellos alumnos matriculados que por fuerza mayor no han podido acudir a la clase podr\u00e1n visualizarla a trav\u00e9s de un enlace que se les proporcionar\u00e1 o en la plataforma compartida Drive.<\/div>\r\n<div>[\/learn_more]<\/div>\r\n<\/div>","_et_gb_content_width":""},"product_brand":[],"product_cat":[40,225],"product_tag":[58,128,54,56,278,57],"class_list":{"0":"post-380","1":"product","2":"type-product","3":"status-publish","4":"has-post-thumbnail","6":"product_cat-cursos-de-oposiciones","7":"product_cat-auxiliares","8":"product_tag-academia-oposiciones","9":"product_tag-age","10":"product_tag-auxiliar-administrativo","11":"product_tag-curso-online","12":"product_tag-ope-age","13":"product_tag-oposicion-auxiliar-administrativo-del-estado","15":"first","16":"instock","17":"virtual","18":"purchasable","19":"product-type-simple"},"_links":{"self":[{"href":"https:\/\/estudiosadministrativos.com\/inscripcion\/wp-json\/wp\/v2\/product\/380","targetHints":{"allow":["GET"]}}],"collection":[{"href":"https:\/\/estudiosadministrativos.com\/inscripcion\/wp-json\/wp\/v2\/product"}],"about":[{"href":"https:\/\/estudiosadministrativos.com\/inscripcion\/wp-json\/wp\/v2\/types\/product"}],"replies":[{"embeddable":true,"href":"https:\/\/estudiosadministrativos.com\/inscripcion\/wp-json\/wp\/v2\/comments?post=380"}],"wp:featuredmedia":[{"embeddable":true,"href":"https:\/\/estudiosadministrativos.com\/inscripcion\/wp-json\/wp\/v2\/media\/5997"}],"wp:attachment":[{"href":"https:\/\/estudiosadministrativos.com\/inscripcion\/wp-json\/wp\/v2\/media?parent=380"}],"wp:term":[{"taxonomy":"product_brand","embeddable":true,"href":"https:\/\/estudiosadministrativos.com\/inscripcion\/wp-json\/wp\/v2\/product_brand?post=380"},{"taxonomy":"product_cat","embeddable":true,"href":"https:\/\/estudiosadministrativos.com\/inscripcion\/wp-json\/wp\/v2\/product_cat?post=380"},{"taxonomy":"product_tag","embeddable":true,"href":"https:\/\/estudiosadministrativos.com\/inscripcion\/wp-json\/wp\/v2\/product_tag?post=380"}],"curies":[{"name":"wp","href":"https:\/\/api.w.org\/{rel}","templated":true}]}}