{"id":413,"date":"2020-10-17T10:36:34","date_gmt":"2020-10-17T10:36:34","guid":{"rendered":"https:\/\/estudiosadministrativos.com\/inscripcion\/?post_type=product&#038;p=413"},"modified":"2025-03-13T02:27:54","modified_gmt":"2025-03-13T02:27:54","slug":"auxiliar-administrativo-a-del-gobierno-vasco","status":"publish","type":"product","link":"https:\/\/estudiosadministrativos.com\/inscripcion\/oposiciones\/auxiliar-administrativo-a-del-gobierno-vasco\/","title":{"rendered":"Auxiliar Administrativo-a del Gobierno Vasco 2025 &#8211; 2026"},"content":{"rendered":"<p>[et_pb_section fb_built=\u00bb1&#8243; _builder_version=\u00bb3.22&#8243; custom_padding=\u00bb0px||||false|false\u00bb][et_pb_row _builder_version=\u00bb4.6.0&#8243; _module_preset=\u00bbdefault\u00bb width=\u00bb99%\u00bb max_width=\u00bb99%\u00bb][et_pb_column type=\u00bb4_4&#8243; _builder_version=\u00bb4.6.0&#8243; _module_preset=\u00bbdefault\u00bb][et_pb_text _builder_version=\u00bb4.6.0&#8243; _module_preset=\u00bbdefault\u00bb]<\/p>\n<h4><a href='https:\/\/estudiosadministrativos.com\/inscripcion\/ope-gobierno-vasco\/' class='small-button smallblack'>GOBIERNO VASCO<\/a> <a href='https:\/\/estudiosadministrativos.com\/inscripcion\/ope-diputacion\/' class='small-button smallblack'>DIPUTACI\u00d3N<\/a> <a href='https:\/\/estudiosadministrativos.com\/inscripcion\/ope-age\/' class='small-button smallblack'>\u00a0 \u00a0 \u00a0 \u00a0A G E\u00a0 \u00a0 \u00a0 \u00a0<\/a> <a href='https:\/\/estudiosadministrativos.com\/inscripcion\/ope-osakidetza\/' class='small-button smallblack'>OSAKIDETZA<\/a> <a href='https:\/\/estudiosadministrativos.com\/inscripcion\/ope-ayuntamiento\/' class='small-button smallblack'>AYUNTAMIENTOS<\/a> <a href='https:\/\/estudiosadministrativos.com\/inscripcion\/area-de-secretaria\/' class='small-button smallblack'>SECRETAR\u00cdA<\/a> <a href='https:\/\/estudiosadministrativos.com\/test-temarios-oposiciones\/' class='small-button smallblack'>LIBRER\u00cdA ONLINE<\/a><\/h4>\n<p>[\/et_pb_text][et_pb_wc_breadcrumb _builder_version=\u00bb4.6.0&#8243; _module_preset=\u00bbdefault\u00bb][\/et_pb_wc_breadcrumb][\/et_pb_column][\/et_pb_row][et_pb_row column_structure=\u00bb1_4,3_4&#8243; _builder_version=\u00bb4.6.0&#8243; _module_preset=\u00bbdefault\u00bb width=\u00bb100%\u00bb max_width=\u00bb2560px\u00bb][et_pb_column type=\u00bb1_4&#8243; _builder_version=\u00bb4.6.0&#8243; _module_preset=\u00bbdefault\u00bb][et_pb_wc_images _builder_version=\u00bb4.6.0&#8243; _module_preset=\u00bbdefault\u00bb custom_padding=\u00bb|32px||||\u00bb][\/et_pb_wc_images][\/et_pb_column][et_pb_column type=\u00bb3_4&#8243; _builder_version=\u00bb4.6.0&#8243; _module_preset=\u00bbdefault\u00bb][et_pb_wc_title _builder_version=\u00bb4.6.0&#8243; _module_preset=\u00bbdefault\u00bb custom_margin=\u00bb|||0px|false|false\u00bb box_shadow_style=\u00bbpreset6&#8243;][\/et_pb_wc_title][et_pb_wc_price _builder_version=\u00bb4.6.0&#8243; custom_margin=\u00bb|||0px|false|false\u00bb][\/et_pb_wc_price][et_pb_text _builder_version=\u00bb4.6.0&#8243; _module_preset=\u00bbdefault\u00bb custom_margin=\u00bb|||0px|false|false\u00bb]<\/p>\n<p><strong><span style=\"color: #008080;\">Un solo pago (sin mensualidades). Acceso hasta que apruebes la oposici\u00f3n.<\/span><\/strong><\/p>\n<p><span style=\"color: #003300;\"><strong>Incluye todos los Supuestos Pr\u00e1cticos<\/strong><\/span><\/p>\n<p>&nbsp;<\/p>\n<p>[\/et_pb_text][et_pb_wc_add_to_cart show_quantity=\u00bboff\u00bb show_stock=\u00bboff\u00bb _builder_version=\u00bb4.6.0&#8243; _module_preset=\u00bbdefault\u00bb dropdown_menus_font_size=\u00bb16px\u00bb use_focus_border_color=\u00bbon\u00bb custom_margin=\u00bb-37px|||0px|false|false\u00bb custom_padding=\u00bb3px|||||\u00bb border_width_all_dropdown_menus=\u00bb5px\u00bb][\/et_pb_wc_add_to_cart][\/et_pb_column][\/et_pb_row][et_pb_row _builder_version=\u00bb3.25&#8243; background_size=\u00bbinitial\u00bb background_position=\u00bbtop_left\u00bb background_repeat=\u00bbrepeat\u00bb width=\u00bb100%\u00bb custom_padding=\u00bb0px||0px||false|false\u00bb][et_pb_column type=\u00bb4_4&#8243; _builder_version=\u00bb3.25&#8243; custom_padding=\u00bb|||\u00bb custom_padding__hover=\u00bb|||\u00bb][et_pb_wc_description product=\u00bb413&#8243; _builder_version=\u00bb4.6.0&#8243;][\/et_pb_wc_description][\/et_pb_column][\/et_pb_row][et_pb_row _builder_version=\u00bb4.6.0&#8243; background_size=\u00bbinitial\u00bb background_position=\u00bbtop_left\u00bb background_repeat=\u00bbrepeat\u00bb width=\u00bb100%\u00bb custom_padding=\u00bb0px||0px||false|false\u00bb][et_pb_column type=\u00bb4_4&#8243; _builder_version=\u00bb3.25&#8243; custom_padding=\u00bb|||\u00bb custom_padding__hover=\u00bb|||\u00bb][et_pb_wc_add_to_cart show_quantity=\u00bboff\u00bb show_stock=\u00bboff\u00bb _builder_version=\u00bb4.6.0&#8243; _module_preset=\u00bbdefault\u00bb dropdown_menus_font_size=\u00bb16px\u00bb use_focus_border_color=\u00bbon\u00bb custom_margin=\u00bb25px|||||\u00bb border_width_all_dropdown_menus=\u00bb5px\u00bb][\/et_pb_wc_add_to_cart][\/et_pb_column][\/et_pb_row][et_pb_row _builder_version=\u00bb3.25&#8243; background_size=\u00bbinitial\u00bb background_position=\u00bbtop_left\u00bb background_repeat=\u00bbrepeat\u00bb width=\u00bb100%\u00bb][et_pb_column type=\u00bb4_4&#8243; _builder_version=\u00bb3.25&#8243; custom_padding=\u00bb|||\u00bb custom_padding__hover=\u00bb|||\u00bb][et_pb_wc_tabs include_tabs=\u00bbdescription|\u00bb _builder_version=\u00bb4.6.0&#8243;]\t\t\t\t\t[\/et_pb_wc_tabs][et_pb_video src=\u00bbhttps:\/\/www.youtube.com\/watch?v=6w6JV6ra0H0&#8243; _builder_version=\u00bb4.6.0&#8243; _module_preset=\u00bbdefault\u00bb][\/et_pb_video][\/et_pb_column][\/et_pb_row][\/et_pb_section]<\/p>\n","protected":false},"excerpt":{"rendered":"<h2>Auxiliar Administrativo-a del Gobierno Vasco 2025 &#8211; 2026<\/h2>\n<ul>\n<li style=\"list-style-type: none;\">\n<ul>\n<li>Las clases son online y en directo, interactivas. Alumnos y profesor con pizarra se ven y se escuchan mutuamente. Los alumnos pueden intervenir en clase en cualquier momento.<\/li>\n<li>Se graban todas las clases que se imparten, se procesan y aproximadamente tres horas despu\u00e9s est\u00e1n disponibles en la plataforma de estudio. Y tanto los alumnos que han acudido al directo como los que las ven luego en diferido pueden visualizarlas tantas veces como quieran sin coste adicional hasta que aprueben el examen correspondiente<\/li>\n<li>Para todas las dudas y preguntas sobre el contenido, dudas en test o en apuntes, cosas que necesiten m\u00e1s explicaci\u00f3n o para cualquier asunto que la alumna o alumno quiera comentar, lo puede hace a trav\u00e9s de un foro en cada bloque de la plataforma, o escribiendo un email, preguntando en el whatsapp, llamando por tel\u00e9fono o en la misma clase. Por cualquiera de estos medios, la profesora o el profesor aclarar\u00e1 las dudas<\/li>\n<li>En cuanto realizas la inscripci\u00f3n, recibes un correo con un enlace para ingresar por primera vez <strong><a href=\"https:\/\/estudiosadministrativos.com\/cursos\/course\/index.php?categoryid=7\" target=\"_blank\" rel=\"noopener\">en la plataforma<\/a><\/strong><\/li>\n<\/ul>\n<\/li>\n<\/ul>\n<p><b id=\"yui_3_17_2_1_1728480868146_4866\"><b id=\"yui_3_17_2_1_1728480868146_4865\"><b id=\"yui_3_17_2_1_1728480868146_4864\">\u25b6\ufe0f<\/b><\/b><\/b>\u00a0<a title=\"P\u00e1gina principal del curso en la plataforma de estudio\" href=\"https:\/\/estudiosadministrativos.com\/cursos\/course\/index.php?categoryid=7\" target=\"_blank\" rel=\"noopener\"><strong>P\u00e1gina principal del curso en la plataforma de estudio<\/strong><\/a><\/p>\n<p>&nbsp;<\/p>\n","protected":false},"featured_media":5989,"comment_status":"closed","ping_status":"closed","template":"","meta":{"_et_pb_use_builder":"on","_et_pb_old_content":"<h2>Auxiliar Administrativo-a del Gobierno Vasco 2025 - 2026<\/h2>\r\n[learn_more caption=\"Temario\"]\r\n<h1>TEMARIO<\/h1>\r\n<div>\r\n<h2>I. TEMAS GENERALES<\/h2>\r\n<strong>1. Constituci\u00f3n. Estructura y contenido.\u00a0<a href=\"https:\/\/estudiosadministrativos.com\/cursos\/mod\/resource\/view.php?id=144\">Derechos y deberes fundamentales<\/a>.<\/strong>\r\n\r\n<strong>2. La organizaci\u00f3n territorial del Estado. Aspectos generales. Las comunidades aut\u00f3nomas; Su organizaci\u00f3n y competencia. Los estatutos de autonom\u00eda.<\/strong>\r\n\r\n<strong>3. Derecho de la Uni\u00f3n Europea. Breve panorama de las instituciones: Consejo Europeo, Consejo de la Uni\u00f3n Europea, Comisi\u00f3n, Parlamento y tribunal. Actos jur\u00eddicos: Reglamentos y directivas\u00a0<\/strong>\r\n\r\n<strong>4. Organizaci\u00f3n pol\u00edtica y administrativa de la CAPV: Principios generales. Aspectos generales de la distribuci\u00f3n de competencias entre el Estado y la CAPV. El Parlamento vasco. El Gobierno Vasco y el Lehendakari.\u00a0<\/strong>\r\n\r\n<strong>5. Aspectos generales de la distribuci\u00f3n de competencias entre las Instituciones Comunes de la CAPV y los Territorios Hist\u00f3ricos. El Concierto Econ\u00f3mico. Competencia de las instituciones locales.\u00a0<\/strong>\r\n\r\n<strong>6. IGUALDAD: Contexto-antecedentes. Objeto y fin. Principios generales. Igualdad de Trato, igualdad de oportunidades; Respeto a la diversidad y a la diferencia. Integraci\u00f3n de la perspectiva de g\u00e9nero; Acci\u00f3n positiva; Eliminaci\u00f3n de roles y estereotipos en funci\u00f3n del sexo; Representaci\u00f3n equilibrada; Colaboraci\u00f3n y coordinaci\u00f3n. Medidas para promover la igualdad en la normativa y actividad administrativa.<\/strong>\r\n\r\n<strong>7. Administraci\u00f3n electr\u00f3nica. El acceso electr\u00f3nico de los ciudadanos a los servicios p\u00fablicos. El funcionamiento electr\u00f3nico del sector p\u00fablico: sede electr\u00f3nica y portal de internet, sistemas de identificaci\u00f3n y firma electr\u00f3nica. El archivo electr\u00f3nico. El expediente administrativo.<\/strong>\r\n\r\n<strong>8. normalizaci\u00f3n del uso del euskera. Derechos ling\u00fc\u00edsticos de la ciudadan\u00eda. Capacitaci\u00f3n ling\u00fc\u00edstica de los empleados p\u00fablicos. Planes de normalizaci\u00f3n del uso del euskera.<\/strong>\r\n\r\n<strong>9. Personal al servicio de las Administraciones p\u00fablicas vascas. Clases de empleados p\u00fablicos. Derechos y deberes de los empleados p\u00fablicos de las administraciones p\u00fablicas vascas. Retribuciones. R\u00e9gimen disciplinario.<\/strong>\r\n\r\n<strong>10. Aspectos b\u00e1sicos de la protecci\u00f3n de datos personales: conceptos, principios y derechos.<\/strong>\r\n\r\n<strong>11. Prevenci\u00f3n de riesgos laborales. Objeto. Derechos y obligaciones:\u00a0 derecho de protecci\u00f3n frente a los riesgos laborales. Principios de la actividad preventiva. Plan de prevenci\u00f3n, evaluaci\u00f3n de riesgos y planificaci\u00f3n de la actividad preventiva. Formaci\u00f3n de los trabajadores.<\/strong>\r\n\r\n<strong>12. Prevenci\u00f3n de riesgos laborales: Pantallas de visualizaci\u00f3n de datos.<\/strong>\r\n\r\n<strong>13. Nociones b\u00e1sicas de primeros auxilios<\/strong>\r\n\r\n<b><strong>14. Gobierno abierto. Concepto y principios informadores. Acceso a la Informaci\u00f3n P\u00fablica y Buen Gobierno.<\/strong><\/b>\r\n<h2>II. ORGANIZACI\u00d3N Y GESTI\u00d3N ADMINISTRATIVA<\/h2>\r\n<strong>15. Gesti\u00f3n de la documentaci\u00f3n en los archivos de oficina. Conceptos b\u00e1sicos. Documentaci\u00f3n electr\u00f3nica. Sistema de archivo de la Administraci\u00f3n P\u00fablica de la Comunidad Aut\u00f3noma de Euskadi.<\/strong>\r\n\r\n<strong>16. Organizaci\u00f3n y funcionamiento de los registros electr\u00f3nicos de entrada y salida de documentos en la Comunidad Aut\u00f3noma de Euskadi. El sistema de intercambio registral. Sistemas de interoperabilidad.<\/strong>\r\n\r\n<strong>17. El expediente administrativo. Documentos administrativos. La expedici\u00f3n de copias y certificaciones de documentos.\u00a0<\/strong>\r\n\r\n<strong>18. Legalizaci\u00f3n de firmas. La validaci\u00f3n en la Administraci\u00f3n Electr\u00f3nica: La identificaci\u00f3n y firma electr\u00f3nica, el certificado electr\u00f3nico.<\/strong>\r\n\r\n<strong>19. Administraci\u00f3n educativa no universitaria. Principios generales, organizaci\u00f3n de los centros docentes<\/strong>\r\n<h2>III ATENCI\u00d3N A LA CIUDADAN\u00cdA<\/h2>\r\n<ol start=\"20\">\r\n \t<li style=\"font-weight: 400\"><strong>Derechos de las personas en sus relaciones con las Administraciones P\u00fablicas. Derecho de acceso a archivos y registros p\u00fablicos.<\/strong><\/li>\r\n \t<li style=\"font-weight: 400\"><strong>La ciudadan\u00eda como destinataria de los servicios y prestaciones p\u00fablicas. La informaci\u00f3n y atenci\u00f3n al p\u00fablico. Atenci\u00f3n ante quejas y reclamaciones. Personas con discapacidad. Atenci\u00f3n intercultural en la Administraci\u00f3n vasca.<\/strong><\/li>\r\n \t<li style=\"font-weight: 400\"><strong>la comunicaci\u00f3n en la administraci\u00f3n. Uso correcto del lenguaje administrativo. Comunicaci\u00f3n escrita. Lenguaje administrativo no sexista. Contenido y presentaci\u00f3n de documentos escritos: Correspondencia, comunicaciones, autorizaciones, notificaciones, instancias, certificaciones, compulsas, etc.<\/strong><\/li>\r\n \t<li style=\"font-weight: 400\"><strong>Comunicaci\u00f3n oral. Comunicaci\u00f3n y atenci\u00f3n en persona y por tel\u00e9fono: Avisos, informaci\u00f3n, peticiones, acompa\u00f1amiento, desv\u00edo de llamadas, etc. Criterios generales. La comunicaci\u00f3n no verbal.<\/strong><\/li>\r\n<\/ol>\r\n<h2><strong>IV. EL PROCEDIMIENTO ADMINISTRATIVO<\/strong><\/h2>\r\n<ol start=\"24\">\r\n \t<li style=\"font-weight: 400\"><strong>Fuentes del Derecho Administrativo: Ley y reglamento. Jerarqu\u00eda normativa. Principio de legalidad de la administraci\u00f3n p\u00fablica.<\/strong><\/li>\r\n \t<li style=\"font-weight: 400\"><strong>La organizaci\u00f3n administrativa: los \u00f3rganos administrativos. \u00d3rganos colegiados.<\/strong><\/li>\r\n \t<li style=\"font-weight: 400\"><strong>El acto administrativo: producci\u00f3n, contenido, motivaci\u00f3n y forma.La eficacia del acto administrativo. Silencio administrativo. Nulidad y anulabilidad.<\/strong><\/li>\r\n \t<li style=\"font-weight: 400\"><strong>Procedimiento administrativo: principios generales, interesados, abstenci\u00f3n y recusaci\u00f3n.<\/strong><\/li>\r\n \t<li style=\"font-weight: 400\"><strong>Fases del procedimiento administrativo.<\/strong><\/li>\r\n \t<li style=\"font-weight: 400\"><strong>Revisi\u00f3n de los actos: recursos administrativos, revisi\u00f3n de oficio y revocaci\u00f3n. Rectificaci\u00f3n de errores materiales.<\/strong><\/li>\r\n \t<li style=\"font-weight: 400\"><strong>Principios generales de la responsabilidad de las Administraciones P\u00fablicas y sus autoridades y dem\u00e1s personal.<\/strong><\/li>\r\n<\/ol>\r\n<h2>V. CORRESPONDENCIA Y PAQUETER\u00cdA<\/h2>\r\n<b>31. Correspondencia y paqueter\u00eda. Certificados. Acuses de recibo. Telegramas. Reembolsos. Giros telegr\u00e1ficos. Notificaciones o cualquier otro env\u00edo oficial. Caracter\u00edsticas, definici\u00f3n del producto \/\u00a0 servicio y correcta cumplimentaci\u00f3n.<\/b>\r\n<h2>VI. COMPETENCIAS DIGITALES<\/h2>\r\n<ol start=\"32\">\r\n \t<li style=\"font-weight: 400\"><strong>Competencia digital 1.1. Navegar, buscar y filtrar datos informaci\u00f3n y contenido digital.<\/strong><\/li>\r\n \t<li style=\"font-weight: 400\"><strong>Competencia digital 1.2. Evaluar datos, informaci\u00f3n y contenido digital.<\/strong><\/li>\r\n \t<li style=\"font-weight: 400\"><strong>Competencia digital 1.3. Gestionar datos, informaci\u00f3n y contenido digital.<\/strong><\/li>\r\n \t<li style=\"font-weight: 400\"><strong>Competencia digital 2.1. Interactuar a trav\u00e9s de tecnolog\u00edas digitales.<\/strong><\/li>\r\n \t<li style=\"font-weight: 400\"><strong>Competencia digital 4.3. Protecci\u00f3n de la salud y el bienestar.<\/strong><\/li>\r\n<\/ol>\r\n<\/div>\r\n[\/learn_more][learn_more caption=\"\u00bfA qui\u00e9nes va dirigido?\"]\r\n<ul>\r\n \t<li>A quienes van a presentarse a\u00a0<strong>oposiciones para la Administraci\u00f3n General del Estado, Gobiernos Auton\u00f3micos y Ayuntamientos<\/strong>.<\/li>\r\n \t<li style=\"margin-bottom: 7px\">En relaci\u00f3n a lo dispuesto en las bases generales, la titulaci\u00f3n espec\u00edfica para el acceso al Cuerpo Auxiliar Administrativo es <span style=\"font-weight: 950\">Graduado en Educaci\u00f3n Secundaria Obligatoria (ESO), as\u00ed como sus equivalentes.<\/span><\/li>\r\n<\/ul>\r\n[\/learn_more][learn_more caption=\"Instrucciones para acceder a las clases en directo\"]\r\n<div>- La clase tiene lugar <strong>a trav\u00e9s de HANGOUTS MEET<\/strong> y, por lo tanto, <strong>NO requiere instalaci\u00f3n de software<\/strong>.<\/div>\r\n<div>- \u00danicamente se necesita<strong> tener iniciada la sesi\u00f3n en google<\/strong> con la direcci\u00f3n de email que nos has proporcionado.<\/div>\r\n<div>- Se accede a la clase en directo a trav\u00e9s de un enlace que recibir\u00e1 cada alumno en su correo o, simplemente, haciendo click en la imagen de la p\u00e1gina del curso <a href=\"https:\/\/estudiosadministrativos.com\/acceso-aulas.php\" target=\"_blank\" rel=\"noopener\">P\u00c1GINA DE ACCESO AL AULA VIRTUAL DE AUXILIAR ADMINISTRATIVO DEL GOBIERNO VASCO<\/a>.<\/div>\r\n<div>- El sistema <strong>\u00fanicamente permite entrar al aula a alumnos matriculados<\/strong> que tengan <strong>sesi\u00f3n iniciada en google<\/strong>.<\/div>\r\n<div>- Se puede acceder al aula aproximadamente 15 minutos antes de comenzar la clase, siempre que ya est\u00e9 presente uno de los administradores.<\/div>\r\n<div>- Se recomienda usar el navegador <strong>Chrome<\/strong>, aunque tambi\u00e9n se puede utilizar Firefox (\u00falt. versi\u00f3n).<\/div>\r\n<div>- Tambi\u00e9n se aconseja utilizar <strong>micr\u00f3fono y auriculares<\/strong> con el fin de participar activamente, siempre acord\u00e1ndose de cerrar el micro una vez realizada la pregunta u observaci\u00f3n al profesor.<\/div>\r\n<div>- <strong>Todas las clases en directo quedan grabadas y puedes visualizarlas tantas veces como quieras sin coste adicional<\/strong>.<\/div>\r\n[\/learn_more][learn_more caption=\"Metodolog\u00eda\"]\r\n<ul>\r\n \t<li>La clase es online interactiva, de modo que los alumnos ven la pizarra y al profesor, y lo escuchan, as\u00ed como el profesor a los alumnos. Los alumnos pueden intervenir en todo momento para realizar preguntas, y el profesor puede preguntar en todo momento a un alumno concreto.<\/li>\r\n \t<li>En clase se explica la teor\u00eda, haciendo hincapi\u00e9 en lo m\u00e1s importante para la oposici\u00f3n, se realizan esquemas, test y ex\u00e1menes peri\u00f3dicos.<\/li>\r\n \t<li>Es necesario que el alumno estudie tambi\u00e9n en casa todos los d\u00edas, para realizar los ejercicios planteados en la \u00faltima clase, estudiar la materia dada y preparar la siguiente clase.<\/li>\r\n \t<li>Todas las clases se graban en v\u00eddeo y las puedes visualizar despu\u00e9s tantas veces como quieras sin coste adicional.<\/li>\r\n \t<li>Se imparte el TEMARIO COMPLETO OFICIAL DE AUXILIAR ADMINISTRATIVO DEL GOBIERNO VASCO PUBLICADO EN EL BOE.<\/li>\r\n \t<li>Todos los apuntes, ejercicios, test y dem\u00e1s material de estudio es aportado por nosotros. Adem\u00e1s, el alumno tendr\u00e1 acceso a todo el material digitalizado en nuestra <a style=\"font-weight: 950\" href=\"https:\/\/estudiosadministrativos.com\/plataforma-online.php\">PLATAFORMA DE ESTUDIO<\/a>, donde podr\u00e1 adem\u00e1s realizar test cronometrados.<\/li>\r\n \t<li><span style=\"font-weight: 950\">Todas las respuestas a los TEST de la Academia Oposiciones son 100% fiables, las preguntas han sido recogidas y confeccionadas a lo largo de treinta a\u00f1os de dedicaci\u00f3n a las oposiciones, y est\u00e1n actualizados con la Ley actual<\/span><\/li>\r\n<\/ul>\r\n[\/learn_more]","_et_gb_content_width":""},"product_brand":[],"product_cat":[40,225],"product_tag":[54,59,62,402,61],"class_list":{"0":"post-413","1":"product","2":"type-product","3":"status-publish","4":"has-post-thumbnail","6":"product_cat-cursos-de-oposiciones","7":"product_cat-auxiliares","8":"product_tag-auxiliar-administrativo","9":"product_tag-auxiliar-administrativo-del-gobierno-vasco","10":"product_tag-auxiliares-gobierno-vasco","11":"product_tag-ope-2024","12":"product_tag-ope-gobierno-vasco","14":"first","15":"instock","16":"virtual","17":"purchasable","18":"product-type-simple"},"_links":{"self":[{"href":"https:\/\/estudiosadministrativos.com\/inscripcion\/wp-json\/wp\/v2\/product\/413","targetHints":{"allow":["GET"]}}],"collection":[{"href":"https:\/\/estudiosadministrativos.com\/inscripcion\/wp-json\/wp\/v2\/product"}],"about":[{"href":"https:\/\/estudiosadministrativos.com\/inscripcion\/wp-json\/wp\/v2\/types\/product"}],"replies":[{"embeddable":true,"href":"https:\/\/estudiosadministrativos.com\/inscripcion\/wp-json\/wp\/v2\/comments?post=413"}],"wp:featuredmedia":[{"embeddable":true,"href":"https:\/\/estudiosadministrativos.com\/inscripcion\/wp-json\/wp\/v2\/media\/5989"}],"wp:attachment":[{"href":"https:\/\/estudiosadministrativos.com\/inscripcion\/wp-json\/wp\/v2\/media?parent=413"}],"wp:term":[{"taxonomy":"product_brand","embeddable":true,"href":"https:\/\/estudiosadministrativos.com\/inscripcion\/wp-json\/wp\/v2\/product_brand?post=413"},{"taxonomy":"product_cat","embeddable":true,"href":"https:\/\/estudiosadministrativos.com\/inscripcion\/wp-json\/wp\/v2\/product_cat?post=413"},{"taxonomy":"product_tag","embeddable":true,"href":"https:\/\/estudiosadministrativos.com\/inscripcion\/wp-json\/wp\/v2\/product_tag?post=413"}],"curies":[{"name":"wp","href":"https:\/\/api.w.org\/{rel}","templated":true}]}}