{"id":4163,"date":"2022-12-15T16:30:54","date_gmt":"2022-12-15T16:30:54","guid":{"rendered":"https:\/\/estudiosadministrativos.com\/inscripcion\/?post_type=product&#038;p=4163"},"modified":"2022-12-16T01:11:46","modified_gmt":"2022-12-16T01:11:46","slug":"supuesto-practico-sobre-organizacion-y-gestion-administrativa","status":"publish","type":"product","link":"https:\/\/estudiosadministrativos.com\/inscripcion\/oposiciones\/supuesto-practico-sobre-organizacion-y-gestion-administrativa\/","title":{"rendered":"Supuesto Pr\u00e1ctico sobre Organizaci\u00f3n y gesti\u00f3n administrativa"},"content":{"rendered":"<p>[et_pb_section fb_built=\u00bb1&#8243; _builder_version=\u00bb3.22&#8243; custom_padding=\u00bb0px||||false|false\u00bb][et_pb_row _builder_version=\u00bb3.25&#8243; background_size=\u00bbinitial\u00bb background_position=\u00bbtop_left\u00bb background_repeat=\u00bbrepeat\u00bb width=\u00bb100%\u00bb custom_padding=\u00bb0px||0px||false|false\u00bb][et_pb_column type=\u00bb4_4&#8243; _builder_version=\u00bb3.25&#8243; custom_padding=\u00bb|||\u00bb custom_padding__hover=\u00bb|||\u00bb][et_pb_wc_breadcrumb _builder_version=\u00bb3.0.47&#8243;][\/et_pb_wc_breadcrumb][\/et_pb_column][\/et_pb_row][et_pb_row column_structure=\u00bb1_2,1_2&#8243; _builder_version=\u00bb4.6.0&#8243; background_size=\u00bbinitial\u00bb background_position=\u00bbtop_left\u00bb background_repeat=\u00bbrepeat\u00bb width=\u00bb100%\u00bb min_height=\u00bb244.1px\u00bb custom_margin=\u00bb|auto|2px|auto||\u00bb custom_padding=\u00bb0px||1px||false|false\u00bb][et_pb_column type=\u00bb1_2&#8243; _builder_version=\u00bb3.25&#8243; custom_padding=\u00bb|||\u00bb custom_padding__hover=\u00bb|||\u00bb][et_pb_wc_images _builder_version=\u00bb4.6.0&#8243; min_height=\u00bb246.5px\u00bb custom_padding=\u00bb|222px|0px|||\u00bb][\/et_pb_wc_images][\/et_pb_column][et_pb_column type=\u00bb1_2&#8243; _builder_version=\u00bb3.25&#8243; custom_padding=\u00bb|||\u00bb custom_padding__hover=\u00bb|||\u00bb][et_pb_wc_title admin_label=\u00bbWoo Title\u00bb _builder_version=\u00bb3.0.47&#8243;][\/et_pb_wc_title][\/et_pb_column][\/et_pb_row][et_pb_row column_structure=\u00bb1_3,1_3,1_3&#8243; _builder_version=\u00bb4.6.0&#8243; _module_preset=\u00bbdefault\u00bb width=\u00bb100%\u00bb max_width=\u00bb2560px\u00bb][et_pb_column type=\u00bb1_3&#8243; _builder_version=\u00bb4.6.0&#8243; _module_preset=\u00bbdefault\u00bb][et_pb_image src=\u00bbhttps:\/\/estudiosadministrativos.com\/inscripcion\/wp-content\/uploads\/2022\/12\/clasesupuestos.webp\u00bb alt=\u00bbSupuestos pr\u00e1cticos sobre la ley 39-2015&#8243; title_text=\u00bbSupuestos pr\u00e1cticos sobre la ley 39-2015&#8243; _builder_version=\u00bb4.6.0&#8243; _module_preset=\u00bbdefault\u00bb width=\u00bb64%\u00bb custom_margin=\u00bb|0px|-1px||false|false\u00bb][\/et_pb_image][et_pb_text _builder_version=\u00bb4.6.0&#8243; _module_preset=\u00bbdefault\u00bb custom_margin=\u00bb-6px|||||\u00bb]<\/p>\n<p><strong>Clase de Supuesto pr\u00e1ctico sobre Gesti\u00f3n de la documentaci\u00f3n<\/strong><\/p>\n<p>[\/et_pb_text][\/et_pb_column][et_pb_column type=\u00bb1_3&#8243; _builder_version=\u00bb4.6.0&#8243; _module_preset=\u00bbdefault\u00bb][et_pb_text _builder_version=\u00bb4.6.0&#8243; _module_preset=\u00bbdefault\u00bb text_line_height=\u00bb1.4em\u00bb width=\u00bb100%\u00bb min_height=\u00bb107px\u00bb custom_margin=\u00bb|-24px||0px|false|false\u00bb]<\/p>\n<ul style=\"font-size: 100%; line-height: 105%;\">\n<li><strong>Supuesto pr\u00e1ctico sobre sobre Gesti\u00f3n de la documentaci\u00f3n<\/strong><\/li>\n<li><strong>Fecha: 19\/07\/2022<\/strong><\/li>\n<li><strong>Duraci\u00f3n: 1 h 08 min.<\/strong><\/li>\n<li><strong>Acceso durante 1 a\u00f1o (365 d\u00edas, 24h)<\/strong><\/li>\n<\/ul>\n<table style=\"width: 100%;\">\n<tbody style=\"font-size: 80%;\">\n<tr>\n<td style=\"width: 62.0979%; font-weight: bold; background-color: #000000; color: #ffffff; border-right: 3px solid #ffffff;\"><a href=\"https:\/\/estudiosadministrativos.com\/supuestos-diferido\/19072022\/supuesto.pdf\" target=\"_blank\" rel=\"noopener noreferrer\" style=\"color: #ffffff;\">Descargar supuesto en PDF con respuestas<\/a><\/td>\n<td style=\"width: 27.9021%; font-weight: bold; background-color: #000000; color: #ffffff; margin-left: 5px; text-align: center;\"><a href=\"https:\/\/estudiosadministrativos.com\/supuestos-diferido\/19072022\/\" style=\"color: #ffffff;\">Ver la clase<\/a><\/td>\n<\/tr>\n<\/tbody>\n<\/table>\n<p>&nbsp;[\/et_pb_text][\/et_pb_column][et_pb_column type=\u00bb1_3&#8243; _builder_version=\u00bb4.6.0&#8243; _module_preset=\u00bbdefault\u00bb][et_pb_wc_add_to_cart show_quantity=\u00bboff\u00bb show_stock=\u00bboff\u00bb _builder_version=\u00bb4.6.0&#8243; _module_preset=\u00bbdefault\u00bb][\/et_pb_wc_add_to_cart][et_pb_wc_price _builder_version=\u00bb4.6.0&#8243; _module_preset=\u00bbdefault\u00bb hover_enabled=\u00bb0&#8243; sticky_enabled=\u00bb0&#8243;][\/et_pb_wc_price][\/et_pb_column][\/et_pb_row][et_pb_row _builder_version=\u00bb3.25&#8243; background_size=\u00bbinitial\u00bb background_position=\u00bbtop_left\u00bb background_repeat=\u00bbrepeat\u00bb width=\u00bb100%\u00bb][et_pb_column type=\u00bb4_4&#8243; _builder_version=\u00bb3.25&#8243; custom_padding=\u00bb|||\u00bb custom_padding__hover=\u00bb|||\u00bb][et_pb_wc_tabs include_tabs=\u00bb|\u00bb _builder_version=\u00bb4.6.0&#8243;] [\/et_pb_wc_tabs][et_pb_wc_description description_type=\u00bbdescription\u00bb _builder_version=\u00bb4.6.0&#8243; _module_preset=\u00bbdefault\u00bb][\/et_pb_wc_description][\/et_pb_column][\/et_pb_row][\/et_pb_section]<\/p>\n","protected":false},"excerpt":{"rendered":"<h2><strong>Supuesto Pr\u00e1ctico sobre Organizaci\u00f3n y gesti\u00f3n administrativa<\/strong><\/h2>\n<h3><strong>Gesti\u00f3n de la documentaci\u00f3n<\/strong><\/h3>\n<p>&nbsp;<\/p>\n","protected":false},"featured_media":4164,"comment_status":"open","ping_status":"closed","template":"","meta":{"_et_pb_use_builder":"on","_et_pb_old_content":"<h2><strong>Supuesto Pr\u00e1ctico sobre Organizaci\u00f3n y gesti\u00f3n administrativa<\/strong><\/h2>\r\n<h3>Gesti\u00f3n de la documentaci\u00f3n<\/h3>\r\n[learn_more caption=\"Informaci\u00f3n para visualizar la clase\"]\r\n<ul>\r\n \t<li>\r\n<h4>Debes proporcionar una cuenta \"google\" (generalmente un correo gmail.y la cuenta debe estar sincronizada<\/h4>\r\n<\/li>\r\n \t<li>\r\n<h4>Debes tener el Chrome actualizado<\/h4>\r\n<\/li>\r\n \t<li>\r\n<h4>Proporciona en el formulario de compra tu DNI, ya que ser\u00e1 uno de los datos de acceso (los datos son tratados de acorde a la Ley de Protecci\u00f3n de Datos y son destruidos al dejar de ser alumna o alumno)<\/h4>\r\n<\/li>\r\n \t<li>\r\n<h4>Debes permitir usar javascript al dominio estudiosadministrativos.com<\/h4>\r\n<\/li>\r\n \t<li>\r\n<h4>SI LA PANTALLA SE QUEDA EN BLANCO, sigue estos pasos:<\/h4>\r\n<\/li>\r\n<\/ul>\r\n<ol>\r\n \t<li style=\"list-style-type: none\">\r\n<ol>\r\n \t<li>\r\n<h5>Abre Chrome en tu ordenador.<\/h5>\r\n<\/li>\r\n \t<li>\r\n<h5>Haz clic en. Configuraci\u00f3n.<\/h5>\r\n<\/li>\r\n \t<li>\r\n<h5>Selecciona Seguridad y privacidad.<\/h5>\r\n<\/li>\r\n \t<li>\r\n<h5>Haz clic en Configuraci\u00f3n de sitios.<\/h5>\r\n<\/li>\r\n \t<li>\r\n<h5>Selecciona JavaScript.<\/h5>\r\n<\/li>\r\n \t<li>\r\n<h5>Selecciona \"https:\/\/estudiosadministrativos.com\/' como sitio que puede usar JavaScript.<\/h5>\r\n<\/li>\r\n<\/ol>\r\n<\/li>\r\n<\/ol>\r\n[\/learn_more]","_et_gb_content_width":""},"product_brand":[],"product_cat":[40],"product_tag":[250,222,260,259,131,258,257,261,247,125],"class_list":{"0":"post-4163","1":"product","2":"type-product","3":"status-publish","4":"has-post-thumbnail","6":"product_cat-cursos-de-oposiciones","7":"product_tag-caso-practico","8":"product_tag-casos-practicos","9":"product_tag-documentos","10":"product_tag-gestion-administrativa","11":"product_tag-ley-39-2015","12":"product_tag-organizacion-administrativa","13":"product_tag-organizacion-y-gestion-administrativa","14":"product_tag-registros","15":"product_tag-supuesto-practico","16":"product_tag-supuestos-practicos","18":"first","19":"instock","20":"virtual","21":"purchasable","22":"product-type-simple"},"_links":{"self":[{"href":"https:\/\/estudiosadministrativos.com\/inscripcion\/wp-json\/wp\/v2\/product\/4163","targetHints":{"allow":["GET"]}}],"collection":[{"href":"https:\/\/estudiosadministrativos.com\/inscripcion\/wp-json\/wp\/v2\/product"}],"about":[{"href":"https:\/\/estudiosadministrativos.com\/inscripcion\/wp-json\/wp\/v2\/types\/product"}],"replies":[{"embeddable":true,"href":"https:\/\/estudiosadministrativos.com\/inscripcion\/wp-json\/wp\/v2\/comments?post=4163"}],"wp:featuredmedia":[{"embeddable":true,"href":"https:\/\/estudiosadministrativos.com\/inscripcion\/wp-json\/wp\/v2\/media\/4164"}],"wp:attachment":[{"href":"https:\/\/estudiosadministrativos.com\/inscripcion\/wp-json\/wp\/v2\/media?parent=4163"}],"wp:term":[{"taxonomy":"product_brand","embeddable":true,"href":"https:\/\/estudiosadministrativos.com\/inscripcion\/wp-json\/wp\/v2\/product_brand?post=4163"},{"taxonomy":"product_cat","embeddable":true,"href":"https:\/\/estudiosadministrativos.com\/inscripcion\/wp-json\/wp\/v2\/product_cat?post=4163"},{"taxonomy":"product_tag","embeddable":true,"href":"https:\/\/estudiosadministrativos.com\/inscripcion\/wp-json\/wp\/v2\/product_tag?post=4163"}],"curies":[{"name":"wp","href":"https:\/\/api.w.org\/{rel}","templated":true}]}}