{"id":440,"date":"2020-11-06T09:28:29","date_gmt":"2020-11-06T09:28:29","guid":{"rendered":"https:\/\/estudiosadministrativos.com\/inscripcion\/?post_type=product&#038;p=440"},"modified":"2024-03-16T12:37:15","modified_gmt":"2024-03-16T12:37:15","slug":"curso-online-e-interactivo-para-la-oposicion-a-administrativo-a-del-estado","status":"publish","type":"product","link":"https:\/\/estudiosadministrativos.com\/inscripcion\/oposiciones\/curso-online-e-interactivo-para-la-oposicion-a-administrativo-a-del-estado\/","title":{"rendered":"Curso online e interactivo para la oposici\u00f3n a Administrativo-a del Estado 2024"},"content":{"rendered":"<p>[et_pb_section fb_built=\u00bb1&#8243; _builder_version=\u00bb3.22&#8243; custom_padding=\u00bb0px||||false|false\u00bb][et_pb_row _builder_version=\u00bb3.25&#8243; background_size=\u00bbinitial\u00bb background_position=\u00bbtop_left\u00bb background_repeat=\u00bbrepeat\u00bb width=\u00bb100%\u00bb custom_padding=\u00bb0px||0px||false|false\u00bb][et_pb_column type=\u00bb4_4&#8243; _builder_version=\u00bb3.25&#8243; custom_padding=\u00bb|||\u00bb custom_padding__hover=\u00bb|||\u00bb][et_pb_text _builder_version=\u00bb4.6.0&#8243; _module_preset=\u00bbdefault\u00bb]<\/p>\n<h4><a href='https:\/\/estudiosadministrativos.com\/inscripcion\/ope-gobierno-vasco\/' class='small-button smallblack'>GOBIERNO VASCO<\/a> <a href='https:\/\/estudiosadministrativos.com\/inscripcion\/ope-diputacion\/' class='small-button smallblack'>DIPUTACI\u00d3N<\/a> <a href='https:\/\/estudiosadministrativos.com\/inscripcion\/ope-age\/' class='small-button smallblack'>\u00a0 \u00a0 \u00a0 \u00a0A G E\u00a0 \u00a0 \u00a0 \u00a0<\/a> <a href='https:\/\/estudiosadministrativos.com\/inscripcion\/ope-osakidetza\/' class='small-button smallblack'>OSAKIDETZA<\/a> <a href='https:\/\/estudiosadministrativos.com\/inscripcion\/ope-ayuntamiento\/' class='small-button smallblack'>AYUNTAMIENTOS<\/a> <a href='https:\/\/estudiosadministrativos.com\/inscripcion\/area-de-secretaria\/' class='small-button smallblack'>SECRETAR\u00cdA<\/a> <a href='https:\/\/estudiosadministrativos.com\/test-temarios-oposiciones\/' class='small-button smallblack'>LIBRER\u00cdA ONLINE<\/a><\/h4>\n<p>[\/et_pb_text][et_pb_wc_breadcrumb _builder_version=\u00bb4.6.0&#8243; _module_preset=\u00bbdefault\u00bb body_text_color=\u00bb#000000&#8243;][\/et_pb_wc_breadcrumb][\/et_pb_column][\/et_pb_row][et_pb_row column_structure=\u00bb1_2,1_2&#8243; _builder_version=\u00bb4.6.0&#8243; _module_preset=\u00bbdefault\u00bb width=\u00bb100%\u00bb max_width=\u00bb2560px\u00bb][et_pb_column type=\u00bb1_2&#8243; _builder_version=\u00bb4.6.0&#8243; _module_preset=\u00bbdefault\u00bb][et_pb_wc_images _builder_version=\u00bb4.6.0&#8243; _module_preset=\u00bbdefault\u00bb custom_padding=\u00bb|43px||||\u00bb][\/et_pb_wc_images][\/et_pb_column][et_pb_column type=\u00bb1_2&#8243; _builder_version=\u00bb4.6.0&#8243; _module_preset=\u00bbdefault\u00bb][et_pb_wc_title _builder_version=\u00bb4.6.0&#8243; custom_margin=\u00bb|||0px|false|false\u00bb][\/et_pb_wc_title][et_pb_wc_price _builder_version=\u00bb4.6.0&#8243; custom_margin=\u00bb|||0px|false|false\u00bb][\/et_pb_wc_price][et_pb_text _builder_version=\u00bb4.6.0&#8243; _module_preset=\u00bbdefault\u00bb custom_margin=\u00bb|||0px|false|false\u00bb]<\/p>\n<p><strong><span style=\"color: #008080;\">\u00a1Aprovecha! <span style=\"text-decoration: underline;\">Un solo pago<\/span>\u00a0hasta que apruebes la oposici\u00f3n<\/span><\/strong><\/p>\n<p><span style=\"color: #008080;\"><strong>Incluye tambi\u00e9n\u00a0 el curso completo de Auxiliar Administrativo\/a y los supuestos pr\u00e1cticos<\/strong><\/span><\/p>\n<p>&nbsp;<\/p>\n<h6 id=\"yui_3_17_2_1_1675059384443_1527\"><b id=\"yui_3_17_2_1_1675059384443_1528\"><span id=\"yui_3_17_2_1_1675059384443_1529\">\u27a4\u00a0<\/span><span id=\"yui_3_17_2_1_1675059384443_1530\"><b id=\"yui_3_17_2_1_1675059384443_1531\"><a id=\"yui_3_17_2_1_1675059384443_1532\" href=\"https:\/\/estudiosadministrativos.com\/cursos\/draftfile.php\/5\/user\/draft\/770480150\/basesadmingeneral2023.pdf\" target=\"_blank\" rel=\"noreferrer noopener\">Bases espec\u00edficas 2023<\/a><\/b><\/span><\/b><\/h6>\n<h6 id=\"yui_3_17_2_1_1675059384443_516\"><b id=\"yui_3_17_2_1_1675059384443_534\"><span id=\"yui_3_17_2_1_1675059384443_532\"><b id=\"yui_3_17_2_1_1675059384443_527\"><a id=\"yui_3_17_2_1_1675059384443_1483\" href=\"https:\/\/estudiosadministrativos.com\/cursos\/draftfile.php\/5\/user\/draft\/770480150\/TEMARIOObasesadmingeneral2023.pdf?time=1675059402308\" target=\"_blank\" rel=\"noopener\"><span id=\"yui_3_17_2_1_1675059384443_526\">\u27a4\u00a0<\/span><span id=\"yui_3_17_2_1_1675059384443_528\"><b id=\"yui_3_17_2_1_1675059384443_529\">Temario 2023<\/b><\/span><\/a><\/b><\/span><\/b><\/h6>\n<p>[\/et_pb_text][et_pb_wc_add_to_cart show_quantity=\u00bboff\u00bb show_stock=\u00bboff\u00bb _builder_version=\u00bb4.6.0&#8243; _module_preset=\u00bbdefault\u00bb dropdown_menus_font_size=\u00bb19px\u00bb custom_margin=\u00bb|||0px|false|false\u00bb border_width_all_dropdown_menus=\u00bb3px\u00bb][\/et_pb_wc_add_to_cart][\/et_pb_column][\/et_pb_row][et_pb_row _builder_version=\u00bb4.6.0&#8243; background_size=\u00bbinitial\u00bb background_position=\u00bbtop_left\u00bb background_repeat=\u00bbrepeat\u00bb width=\u00bb100%\u00bb custom_padding=\u00bb0px||||false|false\u00bb][et_pb_column type=\u00bb4_4&#8243; _builder_version=\u00bb3.25&#8243; custom_padding=\u00bb|||\u00bb custom_padding__hover=\u00bb|||\u00bb][et_pb_wc_description _builder_version=\u00bb4.6.0&#8243;][\/et_pb_wc_description][et_pb_wc_add_to_cart show_quantity=\u00bboff\u00bb show_stock=\u00bboff\u00bb _builder_version=\u00bb4.6.0&#8243; _module_preset=\u00bbdefault\u00bb dropdown_menus_font_size=\u00bb19px\u00bb border_width_all_dropdown_menus=\u00bb6px\u00bb][\/et_pb_wc_add_to_cart][\/et_pb_column][\/et_pb_row][et_pb_row _builder_version=\u00bb3.25&#8243; background_size=\u00bbinitial\u00bb background_position=\u00bbtop_left\u00bb background_repeat=\u00bbrepeat\u00bb width=\u00bb100%\u00bb][et_pb_column type=\u00bb4_4&#8243; _builder_version=\u00bb3.25&#8243; custom_padding=\u00bb|||\u00bb custom_padding__hover=\u00bb|||\u00bb][et_pb_wc_tabs include_tabs=\u00bbdescription|\u00bb _builder_version=\u00bb4.6.0&#8243;]\t\t\t\t\t[\/et_pb_wc_tabs][\/et_pb_column][\/et_pb_row][\/et_pb_section]<\/p>\n","protected":false},"excerpt":{"rendered":"<h2>Curso online e interactivo para la oposici\u00f3n a Administrativo-a del Estado<\/h2>\n<p>El pago \u00fanico de 420 euros incluye:<\/p>\n<ul>\n<li>Acceso al temario completo, con apuntes, esquemas , res\u00famenes y TEST, siempre ajustados al tema<\/li>\n<li>Acceso a todas las clases de los ciclos impartidos desde 2019 y a las que se impartan desde que te inscribas hasta que apruebes, tantas veces como quieras, sin coste adicional<\/li>\n<li>Incluye el curso de Supuestos Pr\u00e1cticos con el acceso a todas las clases de Supuestos Pr\u00e1cticos con los respectivos ejercicios<\/li>\n<li>Incluye el curso de Auxiliar Administrativo\/a del Estado<\/li>\n<li>Acceso a todas las clases que traten un tema com\u00fan en las dem\u00e1s oposiciones\n<ul>\n<li style=\"list-style-type: none;\"><\/li>\n<\/ul>\n<\/li>\n<\/ul>\n","protected":false},"featured_media":3701,"comment_status":"closed","ping_status":"closed","template":"","meta":{"_et_pb_use_builder":"on","_et_pb_old_content":"<h2>Curso online e interactivo para la oposici\u00f3n a Administrativo-a del Estado<\/h2>\r\n[learn_more caption=\"Requisitos y n\u00famero de plazas\"]\r\n<div class=\"o-it-1\/1 ppg-form__fieldset ppg-brd--bottom2\">\r\n<ul>\r\n \t<li class=\"o-unit-1-3 o-it-1\/3 o-it-sm-1\/1 ppg-heading ppg-heading--black ppg-heading--bold ppg-heading--type02\">Titulaci\u00f3n: Bachiller o T\u00e9cnico<\/li>\r\n \t<li>Plazas convocadas: 4652\r\n<ul>\r\n \t<li><strong>Libres: 4333 <\/strong><\/li>\r\n \t<li>Discapacidad: 319<\/li>\r\n<\/ul>\r\n<\/li>\r\n<\/ul>\r\n<\/div>\r\n[\/learn_more][learn_more caption=\"\u00bfEn qu\u00e9 consiste la prueba?\"]\r\n\r\nPrimera parte: Consistir\u00e1 en contestar por escrito un cuestionario de un m\u00e1ximo de 70 preguntas.\r\nDe \u00e9stas, 40 versar\u00e1n sobre las materias previstas en los bloques I, II, III, IV y V del programa recogido en el punto 6 del presente anexo, y 30 ser\u00e1n del bloque VI; podr\u00e1n preverse 5 preguntas adicionales de reserva que ser\u00e1n valoradas en el caso de que se anule alguna de las 70 anteriores.\r\n\r\nLas preguntas sobre temas de ofim\u00e1tica del bloque VI relacionados con Windows y Office estar\u00e1n referidas, en concreto, a las siguientes versiones: Windows 10 y Office 2019.\r\n\r\nSegunda parte: Consistir\u00e1 en contestar por escrito un supuesto de car\u00e1cter pr\u00e1ctico a elegir entre dos propuestos, relacionados con materias de los bloques II, III, IV y V del programa. Cada supuesto pr\u00e1ctico se desglosar\u00e1 en 20 preguntas, y podr\u00e1n\r\npreverse 5 preguntas adicionales de reserva que ser\u00e1n valoradas en el caso de que se anule alguna de las 20 anteriores.\r\n\r\nEl tiempo m\u00e1ximo de realizaci\u00f3n de este ejercicio ser\u00e1 de cien minutos. El cuestionario de ambas partes estar\u00e1 compuesto por preguntas con respuestas alternativas, de las cuales s\u00f3lo una de ellas es correcta. Para su realizaci\u00f3n, las personas aspirantes deber\u00e1n se\u00f1alar en la hoja de examen las opciones de respuesta que estimen v\u00e1lidas de acuerdo con las instrucciones que se faciliten. Todas las preguntas tendr\u00e1n el mismo valor y cada contestaci\u00f3n err\u00f3nea se penalizar\u00e1 descontando un tercio del valor de una respuesta correcta. Las respuestas en blanco no penalizan.\r\n\r\n[\/learn_more][learn_more caption=\"Calificaci\u00f3n del ejercicio\"]\r\n\r\n4.3\u2003Calificaci\u00f3n del ejercicio \u00fanico.\r\n4.3.1\u2003El ejercicio \u00fanico se calificar\u00e1 de 0 a 100 puntos de acuerdo con lo siguiente:\r\na)\u2003Primera parte: se calificar\u00e1 de 0 a 50 puntos, y ser\u00e1 necesario obtener una calificaci\u00f3n m\u00ednima de 25 puntos para superarla. La Comisi\u00f3n Permanente de Selecci\u00f3n fijar\u00e1 la puntuaci\u00f3n directa m\u00ednima necesaria que se debe alcanzar en esta primera parte para que pueda evaluarse la segunda.\r\n\r\nb)\u2003Segunda parte: se calificar\u00e1 de 0 a 50 puntos, y ser\u00e1 necesario obtener una calificaci\u00f3n m\u00ednima de 25 puntos para superarla. La Comisi\u00f3n Permanente de Selecci\u00f3n fijar\u00e1 la puntuaci\u00f3n directa m\u00ednima necesaria que se debe alcanzar en esta segunda parte para superar el ejercicio.\r\n\r\n[\/learn_more][learn_more caption=\"Contenido y Temario\"]\r\n<ul>\r\n \t<li>Se imparte el TEMARIO COMPLETO OFICIAL PUBLICADO EN EL BOE.<\/li>\r\n \t<li class=\"video-responsive\">Todos los apuntes, ejercicios, test y dem\u00e1s material de estudio es aportado por nosotros. Adem\u00e1s, el alumno tendr\u00e1 acceso a todo el material digitalizado en nuestra plataforma de apoyo, donde podr\u00e1 adem\u00e1s realizar test cronometrados.<\/li>\r\n \t<li>TODOS LOS TEST DE ACADEMIA OPOSICIONES SON 100% FIABLES, LAS PREGUNTAS HAN SIDO RECOGIDAS A LO LARGO DE TREINTA A\u00d1OS DE DEDICACI\u00d3N A LAS OPOSICIONES, Y EST\u00c1N ACTUALIZADOS CON LA LEY ACTUAL<\/li>\r\n<\/ul>\r\n<h2>TEMARIO<\/h2>\r\n<h2>I. Organizaci\u00f3n del Estado y de la Administraci\u00f3n p\u00fablica<\/h2>\r\n<div>\r\n\r\n1.\u2003La Constituci\u00f3n Espa\u00f1ola de 1978: estructura y contenido. Derechos y deberes fundamentales. Su garant\u00eda y suspensi\u00f3n. El Tribunal Constitucional. El Defensor del Pueblo. Reforma de la Constituci\u00f3n.\r\n2.\u2003La Jefatura del Estado. La Corona: funciones constitucionales del Rey. Sucesi\u00f3n y regencia.\r\n3.\u2003Las Cortes Generales: composici\u00f3n, atribuciones y funcionamiento del Congreso de los Diputados y del Senado.\r\n4.\u2003El Poder Judicial. El Consejo General del Poder Judicial. El Tribunal Supremo. La organizaci\u00f3n judicial espa\u00f1ola.\r\n5.\u2003El Gobierno y la Administraci\u00f3n. El Presidente del Gobierno. El Consejo de Ministros. Designaci\u00f3n, causas de cese y responsabilidad del Gobierno. Las funciones del Gobierno. Relaciones entre el Gobierno y las Cortes Generales.\r\n6.\u2003El Gobierno Abierto: concepto y principios informadores. La Agenda 2030 y los Objetivos de Desarrollo Sostenible.\r\n7.\u2003La Ley 19\/2013, de 9 de diciembre, de transparencia, acceso a la informaci\u00f3n p\u00fablica y buen gobierno.\r\n8.\u2003La Administraci\u00f3n General del Estado. \u00d3rganos centrales. \u00d3rganos superiores y directivos. \u00d3rganos territoriales. La Administraci\u00f3n del Estado en el Exterior.\r\n9.\u2003La Organizaci\u00f3n territorial del Estado: las Comunidades Aut\u00f3nomas. Constituci\u00f3n y distribuci\u00f3n de competencias entre el Estado y las Comunidades Aut\u00f3nomas. Estatutos de Autonom\u00eda.\r\n10.\u2003La Administraci\u00f3n local: entidades que la integran. La provincia, el municipio y la isla.\r\n11.\u2003La organizaci\u00f3n de la Uni\u00f3n Europea. El Consejo Europeo, el Consejo, el Parlamento Europeo, la Comisi\u00f3n Europea y el Tribunal de Justicia de la Uni\u00f3n Europea. Efectos de la integraci\u00f3n europea sobre la organizaci\u00f3n del Estado espa\u00f1ol.\r\n<h2>II. Organizaci\u00f3n de oficinas p\u00fablicas<\/h2>\r\n1.\u2003Atenci\u00f3n al p\u00fablico. Atenci\u00f3n de personas con discapacidad. Los servicios de informaci\u00f3n administrativa. Informaci\u00f3n general y particular al ciudadano. Iniciativas. Reclamaciones. Quejas. Peticiones.\r\n2.\u2003Concepto de documento, registro y archivo. Funciones del registro y del archivo. Clases de archivo y criterios de ordenaci\u00f3n.\r\n3.\u2003Administraci\u00f3n electr\u00f3nica y servicios al ciudadano. An\u00e1lisis de principales p\u00e1ginas web de car\u00e1cter p\u00fablico. Servicios telem\u00e1ticos. Oficinas integradas de atenci\u00f3n al ciudadano. Ventanilla \u00fanica empresarial. El Punto de Acceso General de la\r\nAdministraci\u00f3n General del Estado.\r\n4.\u2003La protecci\u00f3n de datos personales y su r\u00e9gimen Jur\u00eddico: principios, derechos, responsable y encargado del tratamiento, delegado y autoridades de protecci\u00f3n de datos. Derechos digitales\r\n<h2>III. Derecho administrativo general<\/h2>\r\n1.\u2003Las fuentes del derecho administrativo. La jerarqu\u00eda de las fuentes. La ley. Las disposiciones del Ejecutivo con fuerza de ley: decreto-ley y decreto legislativo. El reglamento: concepto, clases y l\u00edmites. Otras fuentes del derecho administrativo.\r\n2.\u2003El acto administrativo: concepto, clases y elementos. Eficacia y validez de los actos administrativos. Su motivaci\u00f3n y notificaci\u00f3n.\r\n3.\u2003Las Leyes del Procedimiento Administrativo Com\u00fan de las Administraciones P\u00fablicas y del R\u00e9gimen Jur\u00eddico del Sector P\u00fablico. Procedimiento administrativo com\u00fan y su alcance: iniciaci\u00f3n, ordenaci\u00f3n, instrucci\u00f3n y terminaci\u00f3n. La revisi\u00f3n de los actos.en v\u00eda administrativa: revisi\u00f3n de oficio y recursos administrativos. El recurso contencioso-administrativo. Actividad administrativa impugnable. Las partes: capacidad, legitimaci\u00f3n, representaci\u00f3n y defensa.\r\n\r\n4.\u2003Los contratos del sector p\u00fablico: concepto y clases. Preparaci\u00f3n, adjudicaci\u00f3n, efectos, cumplimiento y extinci\u00f3n. La revisi\u00f3n de precios y otras alteraciones contractuales. R\u00e9gimen de invalidez y recursos.\r\n\r\n5.\u2003Procedimientos y formas de la actividad administrativa. La actividad de limitaci\u00f3n, arbitral, de servicio p\u00fablico y de fomento. Formas de gesti\u00f3n de los servicios p\u00fablicos.\r\n6.\u2003La responsabilidad patrimonial de las Administraciones p\u00fablicas. Concepto y clases. Requisitos generales. Efectos.\r\n7.\u2003Pol\u00edticas de igualdad y contra la violencia de g\u00e9nero. Discapacidad y dependencia: r\u00e9gimen jur\u00eddico\r\n<h2>IV. Gesti\u00f3n de personal<\/h2>\r\n1.\u2003El personal al servicio de las Administraciones p\u00fablicas: concepto y clases. El texto refundido del Estatuto B\u00e1sico del Empleado P\u00fablico y dem\u00e1s normativa de aplicaci\u00f3n. Las competencias en materia de personal. El Registro Central de Personal.\r\n2.\u2003Selecci\u00f3n de personal. Los procesos selectivos en la Administraci\u00f3n p\u00fablica y su conexi\u00f3n con la Oferta de Empleo P\u00fablico. Principios constitucionales. Acceso al empleo p\u00fablico y provisi\u00f3n de puestos de trabajo de las personas con discapacidad.\r\n3.\u2003El personal funcionario al servicio de las Administraciones p\u00fablicas: funcionarios de carrera y funcionarios interinos. La selecci\u00f3n de los funcionarios.\r\n4.\u2003Adquisici\u00f3n y p\u00e9rdida de la condici\u00f3n de funcionario. Situaciones administrativas de los funcionarios. Supuestos y efectos de cada una de ellas.\r\n5.\u2003Provisi\u00f3n de puestos de trabajo en la funci\u00f3n p\u00fablica. Los deberes y derechos de los funcionarios. La carrera administrativa. Promoci\u00f3n interna.\r\n6.\u2003Las incompatibilidades. R\u00e9gimen disciplinario: faltas, sanciones y procedimiento.\r\n7.\u2003El r\u00e9gimen de la Seguridad Social de los funcionarios. La MUFACE y las clases pasivas.\r\n8.\u2003El personal laboral al servicio de las Administraciones p\u00fablicas. Selecci\u00f3n. Derechos, deberes e incompatibilidades. El IV Convenio \u00danico para el personal laboral de la Administraci\u00f3n General del Estado: \u00e1mbito de aplicaci\u00f3n y sistema de clasificaci\u00f3n.\r\n9.\u2003El r\u00e9gimen de la Seguridad Social del personal laboral. La acci\u00f3n protectora.Tipos y caracter\u00edsticas de las prestaciones.\r\n<h2>V. Gesti\u00f3n financiera<\/h2>\r\n1.\u2003El presupuesto: concepto. Los principios presupuestarios. El ciclo presupuestario. El presupuesto por programas: concepto y fases. Terminolog\u00eda y desarrollo del proceso presupuestario.\r\n2.\u2003El presupuesto del Estado en Espa\u00f1a: concepto y estructura. Los cr\u00e9ditos presupuestarios: clasificaci\u00f3n. Gastos plurianuales. Las modificaciones presupuestarias: cr\u00e9ditos extraordinarios y suplementos de cr\u00e9dito. Ampliaciones de cr\u00e9dito.\r\nGeneraciones de cr\u00e9dito. Transferencias de cr\u00e9dito. Incorporaciones de cr\u00e9dito. Anticipos de tesorer\u00eda.\r\n3.\u2003El procedimiento administrativo de ejecuci\u00f3n del presupuesto de gasto. \u00d3rganos competentes. Fases del procedimiento y sus documentos contables. Compromisos de gasto para ejercicios posteriores. La ordenaci\u00f3n del pago: concepto y competencia. Realizaci\u00f3n del pago: modos y perceptores. Control del gasto p\u00fablico. Clases. Especial referencia al control de legalidad. El Tribunal de Cuentas.\r\n4.\u2003Las retribuciones e indemnizaciones de los funcionarios p\u00fablicos y del personal laboral al servicio de la Administraci\u00f3n p\u00fablica. N\u00f3minas: estructura y normas de confecci\u00f3n. Altas y bajas: su justificaci\u00f3n. Retribuciones b\u00e1sicas: sueldos, trienios, pagas extraordinarias. Retribuciones complementarias y otras remuneraciones. Devengo y.liquidaci\u00f3n de derechos econ\u00f3micos. El pago de las retribuciones del personal en activo. Formas de pago.\r\n5.\u2003Gastos para la compra de bienes y servicios. Gastos de inversi\u00f3n. Gastos de transferencias: corrientes y de capital. Pagos: concepto y tipos. Pagos por obligaciones presupuestarias. Anticipos de caja fija. Pagos \u00aba justificar\u00bb. Justificaci\u00f3n de libramientos.\r\n6.\u2003Gesti\u00f3n econ\u00f3mica y financiera de los contratos del sector p\u00fablico. Gesti\u00f3n econ\u00f3mica y financiera de subvenciones\r\n<div>\r\n<div>\r\n<div>\r\n<h2>VI.\u2003Inform\u00e1tica b\u00e1sica y ofim\u00e1tica<\/h2>\r\n1.\u2003Inform\u00e1tica b\u00e1sica: conceptos fundamentales sobre el hardware y el software. Sistemas de almacenamiento de datos. Sistemas operativos. Nociones b\u00e1sicas de seguridad inform\u00e1tica.\r\n2.\u2003Introducci\u00f3n al sistema operativo: el entorno Windows. Fundamentos. Trabajo en el entorno gr\u00e1fico de Windows: ventanas, iconos, men\u00fas contextuales, cuadros de di\u00e1logo. El escritorio y sus elementos. El men\u00fa inicio. Cortana.\r\n3.\u2003El explorador de Windows. Gesti\u00f3n de carpetas y archivos. Operaciones de b\u00fasqueda. Herramientas \u00abEste equipo\u00bb y \u00abAcceso r\u00e1pido\u00bb. Accesorios. Herramientas del sistema.\r\n4.\u2003Procesadores de texto: Word 2019. Principales funciones y utilidades. Creaci\u00f3n y estructuraci\u00f3n del documento. Gesti\u00f3n, grabaci\u00f3n, recuperaci\u00f3n e impresi\u00f3n de ficheros. Personalizaci\u00f3n del entorno de trabajo.\r\n5.\u2003Hojas de c\u00e1lculo: Excel 2019. Principales funciones y utilidades. Libros, hojas y celdas. Configuraci\u00f3n. Introducci\u00f3n y edici\u00f3n de datos. F\u00f3rmulas y funciones. Gr\u00e1ficos. Gesti\u00f3n de datos. Personalizaci\u00f3n del entorno de trabajo.\r\n6.\u2003Bases de datos: Access 2019. Principales funciones y utilidades. Tablas. Consultas. Formularios. Informes. Relaciones. Importaci\u00f3n, vinculaci\u00f3n y exportaci\u00f3n de datos.\r\n7.\u2003Correo electr\u00f3nico: Outlook 2019. Conceptos elementales y funcionamiento. El entorno de trabajo. Enviar, recibir, responder y reenviar mensajes. Creaci\u00f3n de mensajes. Reglas de mensaje. Libreta de direcciones.\r\n8.\u2003La Red Internet: origen, evoluci\u00f3n y estado actual. Conceptos elementales sobre protocolos y servicios en Internet. Funcionalidades b\u00e1sicas de los navegadores web\r\n\r\n<\/div>\r\n<\/div>\r\n<\/div>\r\n[\/learn_more][learn_more caption=\"Metodolog\u00eda\"]\r\n<ul>\r\n \t<li>Las clases son online y en directo, interactivas. Alumnos y profesor con pizarra se ven y se escuchan mutuamente. Los alumnos pueden intervenir en clase en cualquier momento.<\/li>\r\n \t<li>Se graban todas las clases que se imparten, se procesan y aproximadamente tres horas despu\u00e9s est\u00e1n disponibles en la plataforma de estudio. Y tanto los alumnos que han acudido al directo como los que las ven luego en diferido pueden visualizarlas tantas veces como quieran sin coste adicional hasta que aprueben el examen correspondiente<\/li>\r\n \t<li>Para todas las dudas y preguntas sobre el contenido, dudas en test o en apuntes, cosas que necesiten m\u00e1s explicaci\u00f3n o para cualquier asunto que la alumna o alumno quiera comentar, lo puede hace a trav\u00e9s de un foro en cada bloque de la plataforma, o escribiendo un email, preguntando en el whatsapp, llamando por tel\u00e9fono o en la misma clase. Por cualquiera de estos medios, la profesora o el profesor aclarar\u00e1 las dudas<\/li>\r\n \t<li>En cuanto realizas la inscripci\u00f3n, recibes un correo con un enlace para ingresar por primera vez en la plataforma<\/li>\r\n<\/ul>\r\n<div><\/div>\r\n[\/learn_more][learn_more caption=\"Informaci\u00f3n para la conexi\u00f3n\"]\r\n<div>- La clase tiene lugar <strong>a trav\u00e9s de HANGOUTS MEET<\/strong> y, por lo tanto, <strong>NO requiere instalaci\u00f3n de software<\/strong>.<\/div>\r\n<div>- \u00danicamente se necesita<strong> tener iniciada la sesi\u00f3n en google<\/strong> con la direcci\u00f3n de email que nos has proporcionado.<\/div>\r\n<div>- Se accede al aula virtual a trav\u00e9s de un enlace que recibir\u00e1 cada alumno en su correo o, simplemente, haciendo click en la imagen de la p\u00e1gina del curso <a href=\"https:\/\/www.estudiosadministrativos.com\/oposicion-auxiliar-administrativo-gobierno-vasco.php#\" target=\"_blank\" rel=\"noopener noreferrer\">P\u00c1GINA DE ACCESO AL AULA VIRTUAL DE ADMINISTRATIVO DEL ESTADO<\/a>.<\/div>\r\n<div>- El sistema <strong>\u00fanicamente permite entrar al aula a alumnos matriculados<\/strong> que tengan sesi\u00f3n iniciada en google.<\/div>\r\n<div>- Se puede acceder al aula aproximadamente 15 minutos antes de comenzar la clase, siempre que ya est\u00e9 presente uno de los administradores.<\/div>\r\n<div>- Se recomienda usar el navegador <strong>Chrome<\/strong>, aunque tambi\u00e9n se puede utilizar Firefox (\u00falt. versi\u00f3n).<\/div>\r\n<div>- Tambi\u00e9n se aconseja utilizar <strong>micr\u00f3fono y auriculares<\/strong> con el fin de participar activamente, siempre acord\u00e1ndose de cerrar el micro una vez realizada la pregunta u observaci\u00f3n al profesor.<\/div>\r\n<div>- Aquellos alumnos matriculados que por fuerza mayor no han podido acudir a la clase podr\u00e1n visualizarla a trav\u00e9s de un enlace que se les proporcionar\u00e1 o en la plataforma compartida Drive.<\/div>\r\n<div>[\/learn_more]<\/div>\r\n<\/div>","_et_gb_content_width":""},"product_brand":[],"product_cat":[224],"product_tag":[255,54,278],"class_list":{"0":"post-440","1":"product","2":"type-product","3":"status-publish","4":"has-post-thumbnail","6":"product_cat-administrativos-as","7":"product_tag-administrativo","8":"product_tag-auxiliar-administrativo","9":"product_tag-ope-age","11":"first","12":"instock","13":"virtual","14":"purchasable","15":"product-type-simple"},"_links":{"self":[{"href":"https:\/\/estudiosadministrativos.com\/inscripcion\/wp-json\/wp\/v2\/product\/440","targetHints":{"allow":["GET"]}}],"collection":[{"href":"https:\/\/estudiosadministrativos.com\/inscripcion\/wp-json\/wp\/v2\/product"}],"about":[{"href":"https:\/\/estudiosadministrativos.com\/inscripcion\/wp-json\/wp\/v2\/types\/product"}],"replies":[{"embeddable":true,"href":"https:\/\/estudiosadministrativos.com\/inscripcion\/wp-json\/wp\/v2\/comments?post=440"}],"wp:featuredmedia":[{"embeddable":true,"href":"https:\/\/estudiosadministrativos.com\/inscripcion\/wp-json\/wp\/v2\/media\/3701"}],"wp:attachment":[{"href":"https:\/\/estudiosadministrativos.com\/inscripcion\/wp-json\/wp\/v2\/media?parent=440"}],"wp:term":[{"taxonomy":"product_brand","embeddable":true,"href":"https:\/\/estudiosadministrativos.com\/inscripcion\/wp-json\/wp\/v2\/product_brand?post=440"},{"taxonomy":"product_cat","embeddable":true,"href":"https:\/\/estudiosadministrativos.com\/inscripcion\/wp-json\/wp\/v2\/product_cat?post=440"},{"taxonomy":"product_tag","embeddable":true,"href":"https:\/\/estudiosadministrativos.com\/inscripcion\/wp-json\/wp\/v2\/product_tag?post=440"}],"curies":[{"name":"wp","href":"https:\/\/api.w.org\/{rel}","templated":true}]}}