{"id":4844,"date":"2023-02-19T18:57:14","date_gmt":"2023-02-19T18:57:14","guid":{"rendered":"https:\/\/estudiosadministrativos.com\/inscripcion\/?post_type=product&#038;p=4844"},"modified":"2024-02-09T14:34:29","modified_gmt":"2024-02-09T14:34:29","slug":"curso-de-supuestos-practicos-para-administrativos-as-de-la-diputacion-foral-de-bizkaia","status":"publish","type":"product","link":"https:\/\/estudiosadministrativos.com\/inscripcion\/oposiciones\/curso-de-supuestos-practicos-para-administrativos-as-de-la-diputacion-foral-de-bizkaia\/","title":{"rendered":"Curso de Supuestos Pr\u00e1cticos para Administrativos-as de la Diputaci\u00f3n Foral de Bizkaia"},"content":{"rendered":"<p>[et_pb_section fb_built=\u00bb1&#8243; _builder_version=\u00bb3.22&#8243; custom_padding=\u00bb0px||||false|false\u00bb][et_pb_row _builder_version=\u00bb3.25&#8243; background_size=\u00bbinitial\u00bb background_position=\u00bbtop_left\u00bb background_repeat=\u00bbrepeat\u00bb width=\u00bb100%\u00bb custom_padding=\u00bb0px||0px||false|false\u00bb][et_pb_column type=\u00bb4_4&#8243; _builder_version=\u00bb3.25&#8243; custom_padding=\u00bb|||\u00bb custom_padding__hover=\u00bb|||\u00bb][et_pb_text _builder_version=\u00bb4.6.0&#8243; _module_preset=\u00bbdefault\u00bb]<a href='https:\/\/estudiosadministrativos.com\/inscripcion\/ope-gobierno-vasco\/' class='small-button smallblack'>GOBIERNO VASCO<\/a> <a href='https:\/\/estudiosadministrativos.com\/inscripcion\/ope-diputacion\/' class='small-button smallblack'>DIPUTACI\u00d3N<\/a> <a href='https:\/\/estudiosadministrativos.com\/inscripcion\/ope-age\/' class='small-button smallblack'>\u00a0 \u00a0 \u00a0 \u00a0A G E\u00a0 \u00a0 \u00a0 \u00a0<\/a> <a href='https:\/\/estudiosadministrativos.com\/inscripcion\/ope-osakidetza\/' class='small-button smallblack'>OSAKIDETZA<\/a> <a href='https:\/\/estudiosadministrativos.com\/inscripcion\/ope-ayuntamiento\/' class='small-button smallblack'>AYUNTAMIENTOS<\/a> <a href='https:\/\/estudiosadministrativos.com\/secretaria-virtual\/' class='small-button smallblack'>SECRETAR\u00cdA<\/a> <a href='https:\/\/estudiosadministrativos.com\/test-temarios-oposiciones\/' class='small-button smallblack'>LIBRER\u00cdA ONLINE<\/a>[\/et_pb_text][et_pb_wc_breadcrumb _builder_version=\u00bb3.0.47&#8243;][\/et_pb_wc_breadcrumb][\/et_pb_column][\/et_pb_row][et_pb_row column_structure=\u00bb1_2,1_2&#8243; _builder_version=\u00bb4.6.0&#8243; _module_preset=\u00bbdefault\u00bb width=\u00bb100%\u00bb max_width=\u00bb2560px\u00bb][et_pb_column type=\u00bb1_2&#8243; _builder_version=\u00bb4.6.0&#8243; _module_preset=\u00bbdefault\u00bb][et_pb_wc_images _builder_version=\u00bb4.6.0&#8243; _module_preset=\u00bbdefault\u00bb custom_padding=\u00bb|69px||||\u00bb][\/et_pb_wc_images][\/et_pb_column][et_pb_column type=\u00bb1_2&#8243; _builder_version=\u00bb4.6.0&#8243; _module_preset=\u00bbdefault\u00bb][et_pb_wc_title _builder_version=\u00bb4.6.0&#8243; custom_margin=\u00bb||5px|0px|false|false\u00bb][\/et_pb_wc_title][et_pb_wc_price _builder_version=\u00bb4.6.0&#8243; custom_margin=\u00bb15px||10px|0px|false|false\u00bb][\/et_pb_wc_price][et_pb_text _builder_version=\u00bb4.6.0&#8243; _module_preset=\u00bbdefault\u00bb text_font_size=\u00bb19px\u00bb custom_margin=\u00bb10px||5px|0px|false|false\u00bb hover_enabled=\u00bb0&#8243; sticky_enabled=\u00bb0&#8243;]<\/p>\n<p><strong><span style=\"color: #008080;\"><span style=\"text-decoration: underline;\">Un \u00fanico pago<\/span> hasta que apruebes la oposici\u00f3n<\/span><\/strong><\/p>\n<p>&nbsp;<\/p>\n<ul>\n<li>El precio incluye las clases que ya est\u00e1n grabadas <strong><a href=\"https:\/\/estudiosadministrativos.com\/cursos\/course\/index.php?categoryid=78\" target=\"_blank\" rel=\"noopener\">en la plataforma<\/a><\/strong> y todas las que se impartan hasta el examen<\/li>\n<li>Todas las clases quedan grabadas y las puedes visualizar tantas veces como quieras.<\/li>\n<\/ul>\n<p>[\/et_pb_text][et_pb_wc_add_to_cart show_quantity=\u00bboff\u00bb show_stock=\u00bboff\u00bb _builder_version=\u00bb4.6.0&#8243; body_font=\u00bb|800|||||||\u00bb dropdown_menus_font_size=\u00bb16px\u00bb custom_margin=\u00bb11px|||0px|false|false\u00bb border_width_all_dropdown_menus=\u00bb3px\u00bb][\/et_pb_wc_add_to_cart][\/et_pb_column][\/et_pb_row][et_pb_row _builder_version=\u00bb4.6.0&#8243; background_size=\u00bbinitial\u00bb background_position=\u00bbtop_left\u00bb background_repeat=\u00bbrepeat\u00bb width=\u00bb100%\u00bb custom_margin=\u00bb||20px||false|false\u00bb custom_padding=\u00bb0px||||false|false\u00bb][et_pb_column type=\u00bb4_4&#8243; _builder_version=\u00bb3.25&#8243; custom_padding=\u00bb|||\u00bb custom_padding__hover=\u00bb|||\u00bb][et_pb_wc_description _builder_version=\u00bb4.6.0&#8243; custom_margin=\u00bb20px||5px||false|false\u00bb][\/et_pb_wc_description][\/et_pb_column][\/et_pb_row][et_pb_row _builder_version=\u00bb3.25&#8243; background_size=\u00bbinitial\u00bb background_position=\u00bbtop_left\u00bb background_repeat=\u00bbrepeat\u00bb width=\u00bb100%\u00bb custom_margin=\u00bb-26px|auto||auto||\u00bb][et_pb_column type=\u00bb4_4&#8243; _builder_version=\u00bb3.25&#8243; custom_padding=\u00bb|||\u00bb custom_padding__hover=\u00bb|||\u00bb][et_pb_wc_tabs include_tabs=\u00bbdescription|\u00bb _builder_version=\u00bb4.6.0&#8243;]\t\t\t\t\t[\/et_pb_wc_tabs][\/et_pb_column][\/et_pb_row][\/et_pb_section]<\/p>\n","protected":false},"excerpt":{"rendered":"<h2>Curso de Supuestos Pr\u00e1cticos<\/h2>\n<h3>Para Administrativos-as de la Diputaci\u00f3n Foral de Bizkaia<\/h3>\n","protected":false},"featured_media":4846,"comment_status":"closed","ping_status":"closed","template":"","meta":{"_et_pb_use_builder":"on","_et_pb_old_content":"<h2>Curso de Supuestos Pr\u00e1cticos<\/h2>\r\n<h3>Para Administrativos-as de la Diputaci\u00f3n Foral de Bizkaia<\/h3>\r\n[embed]https:\/\/www.youtube.com\/watch?v=m_NGX9W1RLE[\/embed]\r\n\r\nLas clases son online y en directo, interactivas. Alumnos y profesor con pizarra se ven y se escuchan mutuamente. Los alumnos pueden intervenir en clase en cualquier momento.\r\n\r\nSe graban todas las clases que se imparten, se procesan y aproximadamente tres horas despu\u00e9s est\u00e1n disponibles en la plataforma de estudio. Y tanto los alumnos que han acudido al directo como los que las ven luego en diferido pueden visualizarlas tantas veces como quieran sin coste adicional hasta que aprueben el examen correspondiente\r\n\r\nPara todas las dudas y preguntas sobre el contenido, dudas en test o en apuntes, cosas que necesiten m\u00e1s explicaci\u00f3n o para cualquier asunto que la alumna o alumno quiera comentar, lo puede hace a trav\u00e9s de un foro en cada bloque de la plataforma, o escribiendo un email, preguntando en el whatsapp, llamando por tel\u00e9fono o en la misma clase. Por cualquiera de estos medios, la profesora o el profesor aclarar\u00e1 las dudas\r\n\r\nEn cuanto realizas la inscripci\u00f3n, recibes un correo con un enlace para ingresar por primera vez en la plataforma\r\n\r\n<hr \/>\r\n\r\nEjemplos de Supuestos:\r\n\r\nSUPUESTO PR\u00c1CTICO 1\r\nNorma Foral 4\/2015, de 25 de marzo, del Impuesto de Sucesiones y Donaciones\r\n\r\nMar\u00eda es una mujer soltera de 40 a\u00f1os que ha heredado de su t\u00eda Marta una vivienda en la ciudad de Bilbao, valorada en 400.000 euros, y una cuenta bancaria con un saldo de 100.000 euros. Marta no ten\u00eda hijos ni c\u00f3nyuge, por lo que Mar\u00eda es la \u00fanica heredera. Adem\u00e1s, Marta dej\u00f3 en su testamento una donaci\u00f3n de 50.000 euros a su sobrino Juan, que tambi\u00e9n es sobrino de Mar\u00eda. Mar\u00eda desconoce los detalles del Impuesto de Sucesiones y Donaciones, por lo que acude a un asesor fiscal para que la ayude en el proceso.\r\n\r\nEl asesor le explica que la herencia est\u00e1 sujeta a este impuesto y que el tipo impositivo depender\u00e1 del parentesco entre el fallecido y el heredero, as\u00ed como del valor de los bienes heredados. Adem\u00e1s, le indica que la donaci\u00f3n a Juan tambi\u00e9n est\u00e1 sujeta a este impuesto, aunque se aplican reglas especiales para las donaciones. Mar\u00eda decide aceptar la herencia y pagar los impuestos correspondientes\r\n\r\n<hr \/>\r\n\r\nSUPUESTO PR\u00c1CTICO 1\r\nNorma Foral 1\/2016. de 17 de febrero. de Transparencia de Bizkaia\r\n(arts. 2, 4, 17, 21, 28 y 29)\r\n\r\nEl Ayuntamiento de Bilbao ha recibido una petici\u00f3n ciudadana para la instalaci\u00f3n de una estatua\u00a0 onmemorativa en homenaje a una figura hist\u00f3rica de la ciudad. La propuesta ha generado un gran debate en la ciudad, ya que algunos sectores de la sociedad consideran que la persona en cuesti\u00f3n no representa adecuadamente los valores de la ciudad y su legado hist\u00f3rico, mientras que otros consideran que es importante reconocer la figura por su relevancia hist\u00f3rica.\r\n\r\nEl Ayuntamiento ha decidido someter la decisi\u00f3n a consulta popular y ha lanzado una campa\u00f1a para recopilar opiniones y votos sobre la propuesta. Para ello, ha creado una p\u00e1gina web donde se puede encontrar informaci\u00f3n sobre la figura en cuesti\u00f3n y sobre el proceso de consulta, as\u00ed como un formulario de votaci\u00f3n que incluye varias opciones de respuesta. Adem\u00e1s, el Ayuntamiento ha organizado una serie de debates p\u00fablicos en los que se ha discutido el tema y se han recogido las opiniones de los ciudadanos.\r\n\r\nLa p\u00e1gina web del Ayuntamiento incluye informaci\u00f3n detallada sobre la figura hist\u00f3rica en cuesti\u00f3n, su relevancia hist\u00f3rica y cultural, y los motivos por los que se propone la instalaci\u00f3n de la estatua conmemorativa. Tambi\u00e9n se incluye informaci\u00f3n sobre los criterios que se han seguido para seleccionar la ubicaci\u00f3n de la estatua y sobre el proceso de votaci\u00f3n, que se llevar\u00e1 a cabo a trav\u00e9s de la p\u00e1gina web. Sin embargo, algunos ciudadanos han expresado su descontento por el proceso de consulta, alegando que no se ha informado adecuadamente sobre el proceso ni se han tenido en cuenta todas las opiniones y perspectivas. Algunos han cuestionado la objetividad de la informaci\u00f3n\r\nproporcionada y han solicitado una mayor transparencia en el proceso\r\n\r\n<hr \/>\r\n\r\nTambi\u00e9n nos encontrar\u00e1s a trav\u00e9s de <a href=\"https:\/\/academiaoposicionesbilbao.com\/\" target=\"_blank\" rel=\"noopener\">https:\/\/academiaoposicionesbilbao.com\/<\/a>","_et_gb_content_width":""},"product_brand":[],"product_cat":[224,40,220],"product_tag":[222,76,126,277,281,191,125],"class_list":{"0":"post-4844","1":"product","2":"type-product","3":"status-publish","4":"has-post-thumbnail","6":"product_cat-administrativos-as","7":"product_cat-cursos-de-oposiciones","8":"product_cat-supuestos-practicos","9":"product_tag-casos-practicos","10":"product_tag-clase-de-supuestos-practicos","11":"product_tag-curso-de-supuestos-practicos","12":"product_tag-ope-diputacion","13":"product_tag-ope-diputacion-foral-de-bizkaia","14":"product_tag-practicos-ley-39","15":"product_tag-supuestos-practicos","17":"first","18":"instock","19":"virtual","20":"purchasable","21":"product-type-simple"},"_links":{"self":[{"href":"https:\/\/estudiosadministrativos.com\/inscripcion\/wp-json\/wp\/v2\/product\/4844","targetHints":{"allow":["GET"]}}],"collection":[{"href":"https:\/\/estudiosadministrativos.com\/inscripcion\/wp-json\/wp\/v2\/product"}],"about":[{"href":"https:\/\/estudiosadministrativos.com\/inscripcion\/wp-json\/wp\/v2\/types\/product"}],"replies":[{"embeddable":true,"href":"https:\/\/estudiosadministrativos.com\/inscripcion\/wp-json\/wp\/v2\/comments?post=4844"}],"wp:featuredmedia":[{"embeddable":true,"href":"https:\/\/estudiosadministrativos.com\/inscripcion\/wp-json\/wp\/v2\/media\/4846"}],"wp:attachment":[{"href":"https:\/\/estudiosadministrativos.com\/inscripcion\/wp-json\/wp\/v2\/media?parent=4844"}],"wp:term":[{"taxonomy":"product_brand","embeddable":true,"href":"https:\/\/estudiosadministrativos.com\/inscripcion\/wp-json\/wp\/v2\/product_brand?post=4844"},{"taxonomy":"product_cat","embeddable":true,"href":"https:\/\/estudiosadministrativos.com\/inscripcion\/wp-json\/wp\/v2\/product_cat?post=4844"},{"taxonomy":"product_tag","embeddable":true,"href":"https:\/\/estudiosadministrativos.com\/inscripcion\/wp-json\/wp\/v2\/product_tag?post=4844"}],"curies":[{"name":"wp","href":"https:\/\/api.w.org\/{rel}","templated":true}]}}