{"id":5320,"date":"2023-10-04T09:58:34","date_gmt":"2023-10-04T09:58:34","guid":{"rendered":"https:\/\/estudiosadministrativos.com\/inscripcion\/?post_type=product&#038;p=5320"},"modified":"2024-04-23T14:06:19","modified_gmt":"2024-04-23T14:06:19","slug":"auxiliar-administrativo-principado-de-asturias","status":"publish","type":"product","link":"https:\/\/estudiosadministrativos.com\/inscripcion\/oposiciones\/auxiliar-administrativo-principado-de-asturias\/","title":{"rendered":"Auxiliar Administrativo Principado de Asturias 2024"},"content":{"rendered":"<p>[et_pb_section fb_built=\u00bb1&#8243; _builder_version=\u00bb3.22&#8243; custom_padding=\u00bb0px||||false|false\u00bb][et_pb_row _builder_version=\u00bb3.25&#8243; background_size=\u00bbinitial\u00bb background_position=\u00bbtop_left\u00bb background_repeat=\u00bbrepeat\u00bb width=\u00bb100%\u00bb custom_padding=\u00bb0px||0px||false|false\u00bb][et_pb_column type=\u00bb4_4&#8243; _builder_version=\u00bb3.25&#8243; custom_padding=\u00bb|||\u00bb custom_padding__hover=\u00bb|||\u00bb][et_pb_text _builder_version=\u00bb4.6.0&#8243; _module_preset=\u00bbdefault\u00bb]<\/p>\n<h4><a href='https:\/\/estudiosadministrativos.com\/inscripcion\/ope-gobierno-vasco\/' class='small-button smallblack'>GOBIERNO VASCO<\/a> <a href='https:\/\/estudiosadministrativos.com\/inscripcion\/ope-diputacion\/' class='small-button smallblack'>DIPUTACI\u00d3N<\/a> <a href='https:\/\/estudiosadministrativos.com\/inscripcion\/ope-age\/' class='small-button smallblack'>\u00a0 \u00a0 \u00a0 \u00a0A G E\u00a0 \u00a0 \u00a0 \u00a0<\/a> <a href='https:\/\/estudiosadministrativos.com\/inscripcion\/ope-osakidetza\/' class='small-button smallblack'>OSAKIDETZA<\/a> <a href='https:\/\/estudiosadministrativos.com\/inscripcion\/ope-ayuntamiento\/' class='small-button smallblack'>AYUNTAMIENTOS<\/a> <a href='https:\/\/estudiosadministrativos.com\/inscripcion\/area-de-secretaria\/' class='small-button smallblack'>SECRETAR\u00cdA<\/a> <a href='https:\/\/estudiosadministrativos.com\/test-temarios-oposiciones\/' class='small-button smallblack'>LIBRER\u00cdA ONLINE<\/a><\/h4>\n<p><a href='https:\/\/estudiosadministrativos.com\/inscripcion\/cursos\/tecnicos-superiores-y-especialidades-medicas\/' class='small-button smallblack'>T\u00c9CNICOS\/AS SUPERIORES<\/a> <a href='https:\/\/estudiosadministrativos.com\/inscripcion\/cursos\/administrativos-as\/' class='small-button smallblack'>ADMINISTRATIVOS\/AS<\/a> <a href='https:\/\/estudiosadministrativos.com\/inscripcion\/cursos\/auxiliares\/' class='small-button smallblack'>AUXILIARES ADMINISTRATIVOS\/AS<\/a> <a href='https:\/\/estudiosadministrativos.com\/inscripcion\/cursos\/celadores-as\/' class='small-button smallblack'>CELADORES\/AS Y PERSONAL DE APOYO<\/a><br \/>\n[\/et_pb_text][et_pb_wc_breadcrumb _builder_version=\u00bb4.6.0&#8243; _module_preset=\u00bbdefault\u00bb][\/et_pb_wc_breadcrumb][\/et_pb_column][\/et_pb_row][et_pb_row column_structure=\u00bb1_2,1_2&#8243; _builder_version=\u00bb4.6.0&#8243; _module_preset=\u00bbdefault\u00bb width=\u00bb100%\u00bb max_width=\u00bb2560px\u00bb][et_pb_column type=\u00bb1_2&#8243; _builder_version=\u00bb4.6.0&#8243; _module_preset=\u00bbdefault\u00bb][et_pb_wc_images _builder_version=\u00bb4.6.0&#8243; _module_preset=\u00bbdefault\u00bb custom_padding=\u00bb|103px||||\u00bb][\/et_pb_wc_images][\/et_pb_column][et_pb_column type=\u00bb1_2&#8243; _builder_version=\u00bb4.6.0&#8243; _module_preset=\u00bbdefault\u00bb][et_pb_wc_title _builder_version=\u00bb4.6.0&#8243; custom_margin=\u00bb|||0px|false|false\u00bb custom_padding=\u00bb|||0px|false|false\u00bb][\/et_pb_wc_title][et_pb_wc_price _builder_version=\u00bb4.6.0&#8243; custom_margin=\u00bb|||0px|false|false\u00bb custom_padding=\u00bb|||0px||\u00bb][\/et_pb_wc_price][et_pb_text _builder_version=\u00bb4.6.0&#8243; _module_preset=\u00bbdefault\u00bb custom_margin=\u00bb|||0px|false|false\u00bb]<span style=\"color: #003300;\"><strong>\u00a1Aprovecha! <span style=\"text-decoration: underline;\">Un \u00fanico pago hasta que <\/span>apruebes la oposici\u00f3n<\/strong><\/span><\/p>\n<p>&nbsp;<br \/>\n[\/et_pb_text][et_pb_wc_add_to_cart show_quantity=\u00bboff\u00bb show_stock=\u00bboff\u00bb _builder_version=\u00bb4.6.0&#8243; dropdown_menus_font_size=\u00bb17px\u00bb custom_margin=\u00bb-35px|||0px|false|false\u00bb custom_padding=\u00bb|||0px||\u00bb border_width_all_dropdown_menus=\u00bb3px\u00bb][\/et_pb_wc_add_to_cart][et_pb_text _builder_version=\u00bb4.6.0&#8243; _module_preset=\u00bbdefault\u00bb]<\/p>\n<p style=\"text-align: center;\"><strong>SI NO PUEDES ACUDIR EN DIRECTO, Y SOLO PUEDES VER LAS CLASES EN DIFERIDO, HAY UN DESCUENTO DEL 22% (por el valor a\u00f1adido que supone entrenar la situaci\u00f3n de presi\u00f3n al tener que contestar obligatoriamente y no tener que plantear las dudas por los otros canales alternativos). EN ESE CASO, SELECCIONA LA OPCI\u00d3N CORRESPONDIENTE<\/strong><\/p>\n<p><div class='et-learn-more clearfix'>\n\t\t\t\t\t<h3 class='heading-more'>\u00bfQU\u00c9 ESCOJO? \u00bfEN DIRECTO o EN DIFERIDO? \u00bfC\u00d3MO PLANTEO LAS DUDAS SI ESCOJO LA OPCI\u00d3N EN DIFERIDO?<span class='et_learnmore_arrow'><span><\/span><\/span><\/h3>\n\t\t\t\t\t<div class='learn-more-content'>Las clases en directo suelen impartirse, como m\u00ednimo, en <strong>dos sesiones de dos hora a la semana, de 19:00 a 21:00.<\/strong> Si se tiene disponibilidad, nosotros <strong>recomendamos la opci\u00f3n \u00aben directo\u00bb,<\/strong> ya que no hay gran diferencia en el precio y suelen ser participativas. El profesor os llama por vuestro nombre y os plantea preguntas, lo cual os \u00abentrena\u00bb un poco<strong> a acostumbraros a la situaci\u00f3n de tener que contestar algo s\u00ed o s\u00ed.<\/strong> Sobre todo, en el caso de los supuestos pr\u00e1cticos se hace muy productiva la asistencia. Pero <strong>si no tienes disponibilidad horaria, no te preocupes<\/strong>: grabamos la clase y a las tres o cuatro horas ya la puedes ver completa. Despu\u00e9s, la \u00abtroceamos\u00bb y ponemos cada parte de la clase que pertenezca a temas, t\u00edtulos o aspectos diferentes en el correspondiente tema de la plataforma. <strong>\u00bfC\u00f3mo planteo las dudas si escojo la opci\u00f3n en diferido?<\/strong> Para plantear dudas, si escog\u00e9is la opci\u00f3n \u00aben diferido\u00bb, dispon\u00e9is de una <strong>l\u00ednea de whatsapp 24h<\/strong>, <strong>correo electr\u00f3nico<\/strong>, <strong>tel\u00e9fono<\/strong>, incluso pod\u00e9is <strong>entrar a clase<\/strong> los \u00faltimos 15 minutos para preguntar la duda. Transmitimos vuestra duda al profesor y, si hace falta, os llama personalmente para aclararla o, si no es urgente, la aclara en la pr\u00f3xima clase. Informamos a todas las alumnas y alumnos por igual. Tanto los que escogen la opci\u00f3n \u00aben directo\u00bb como los que escogen \u00abdiferido\u00bb reciben los mismos avisos cuando va a haber una clase, los mismos mensajes. Cuando se sube la clase grabada a la plataforma, <strong>se avisa a todos<\/strong>, y cuando est\u00e1 disponible en el Calendario, tambi\u00e9n. El \u00faltimo mes antes del examen pod\u00e9is entrar todos en directo. Tambi\u00e9n puedes escoger en diferido y luego pasarte a en directo; solo abonar\u00edas la diferencia con un cup\u00f3n de descuento por el importe que ya has pagado.<\/div>\n\t\t\t\t<\/div>[\/et_pb_text][\/et_pb_column][\/et_pb_row][et_pb_row _builder_version=\u00bb4.6.0&#8243; background_size=\u00bbinitial\u00bb background_position=\u00bbtop_left\u00bb background_repeat=\u00bbrepeat\u00bb width=\u00bb100%\u00bb custom_padding=\u00bb0px||||false|false\u00bb][et_pb_column type=\u00bb4_4&#8243; _builder_version=\u00bb3.25&#8243; custom_padding=\u00bb|||\u00bb custom_padding__hover=\u00bb|||\u00bb][et_pb_text _builder_version=\u00bb4.6.0&#8243; _module_preset=\u00bbdefault\u00bb]En cuanto se realiza inscripci\u00f3n, llega un correo<strong> electr\u00f3nico a la cuenta de gmail proporcionada, con un enlace para activar tu cuenta de Gmail en la plataforma de estudio<\/strong>. A partir de ese momento, entrar\u00e1s autom\u00e1ticamente si tienes la sesi\u00f3n de gmail iniciada.<br \/>\n[\/et_pb_text][et_pb_wc_description _builder_version=\u00bb4.6.0&#8243; width=\u00bb103.1%\u00bb module_alignment=\u00bbcenter\u00bb custom_margin=\u00bb|72px||-45px||\u00bb custom_padding=\u00bb|66px||13px||\u00bb][\/et_pb_wc_description][et_pb_wc_add_to_cart show_quantity=\u00bboff\u00bb show_stock=\u00bboff\u00bb _builder_version=\u00bb4.6.0&#8243; dropdown_menus_font_size=\u00bb17px\u00bb custom_margin=\u00bb|||0px||\u00bb custom_padding=\u00bb|||0px||\u00bb border_width_all_dropdown_menus=\u00bb3px\u00bb][\/et_pb_wc_add_to_cart][et_pb_text _builder_version=\u00bb4.6.0&#8243; _module_preset=\u00bbdefault\u00bb]En cuanto se realiza inscripci\u00f3n, llega un correo<strong> electr\u00f3nico a la cuenta de gmail proporcionada, con un enlace para activar tu cuenta de Gmail en la plataforma de estudio<\/strong>. A partir de ese momento, entrar\u00e1s autom\u00e1ticamente si tienes la sesi\u00f3n de gmail iniciada.<br \/>\n[\/et_pb_text][\/et_pb_column][\/et_pb_row][et_pb_row _builder_version=\u00bb4.6.0&#8243; background_size=\u00bbinitial\u00bb background_position=\u00bbtop_left\u00bb background_repeat=\u00bbrepeat\u00bb width=\u00bb100%\u00bb][et_pb_column type=\u00bb4_4&#8243; _builder_version=\u00bb4.6.0&#8243; _module_preset=\u00bbdefault\u00bb][et_pb_wc_tabs include_tabs=\u00bbdescription|\u00bb _builder_version=\u00bb4.6.0&#8243;] [\/et_pb_wc_tabs][\/et_pb_column][\/et_pb_row][\/et_pb_section]<\/p>\n","protected":false},"excerpt":{"rendered":"<h2>Auxiliar Administrativo Principado de Asturias<\/h2>\n<h3>Curso online interactivo<\/h3>\n<ul>\n<li style=\"list-style-type: none;\">\n<ul>\n<li>Las clases son online y en directo, interactivas. Alumnos y profesor con pizarra se ven y se escuchan mutuamente. Los alumnos pueden intervenir en clase en cualquier momento.<\/li>\n<li>Se graban todas las clases que se imparten, se procesan y aproximadamente tres horas despu\u00e9s est\u00e1n disponibles <strong><a href=\"https:\/\/estudiosadministrativos.com\/cursos\/course\/index.php?categoryid=82\" target=\"_blank\" rel=\"noopener\">en la plataforma de estudio<\/a><\/strong>. Y tanto los alumnos que han acudido al directo como los que las ven luego en diferido pueden visualizarlas tantas veces como quieran sin coste adicional hasta que aprueben el examen correspondiente<\/li>\n<li>Para todas las dudas y preguntas sobre el contenido, dudas en test o en apuntes, cosas que necesiten m\u00e1s explicaci\u00f3n o para cualquier asunto que la alumna o alumno quiera comentar, lo puede hace a trav\u00e9s de un foro en cada bloque de la plataforma, o escribiendo un email, preguntando en el whatsapp, llamando por tel\u00e9fono o en la misma clase. Por cualquiera de estos medios, la profesora o el profesor aclarar\u00e1 las dudas<\/li>\n<li>En cuanto realizas la inscripci\u00f3n, recibes un correo con un enlace para ingresar por primera vez <a href=\"https:\/\/estudiosadministrativos.com\/cursos\/course\/index.php?categoryid=82\" target=\"_blank\" rel=\"noopener\"><strong>en la plataforma<\/strong><\/a><\/li>\n<\/ul>\n<\/li>\n<\/ul>\n<p>&nbsp;<\/p>\n<p style=\"text-align: center;\"><strong>SI NO PUEDES ACUDIR EN DIRECTO, Y SOLO PUEDES VER LAS CLASES EN DIFERIDO, HAY UN DESCUENTO DEL 22% (por el valor a\u00f1adido que supone tener m\u00e1s fuerza de voluntad y tener que plantear las dudas por los otros canales alternativos). EN ESE CASO, SELECCIONA LA OPCI\u00d3N CORRESPONDIENTE<\/strong><\/p>\n<p>&nbsp;<\/p>\n","protected":false},"featured_media":5323,"comment_status":"closed","ping_status":"closed","template":"","meta":{"_et_pb_use_builder":"on","_et_pb_old_content":"<h2>Auxiliar Administrativo Principado de Asturias<\/h2>\r\n<h3>Curso online interactivo, con clases online en directo y diferido y con plataforma de estudios que incluye todo el material de estudio<\/h3>\r\n<ul>\r\n \t<li>Se imparte el TEMARIO COMPLETO OFICIAL de Auxiliar Administrativo Principado de Asturias PUBLICADO EN EL BOE. Mientras no se haya publicado el temario para el examen, nos basaremos en el temario de la \u00faltima convocatoria.<\/li>\r\n \t<li>Todos los apuntes, ejercicios, test y dem\u00e1s material de estudio es aportado por nosotros. Adem\u00e1s, el alumno tendr\u00e1 acceso a todo el material digitalizado en nuestra <a style=\"font-weight: 950\" href=\"https:\/\/estudiosadministrativos.com\/plataforma-online.php\">PLATAFORMA DE ESTUDIO<\/a>, donde podr\u00e1 adem\u00e1s realizar test cronometrados.<\/li>\r\n \t<li><span style=\"font-weight: 950\">Todas las respuestas a los TEST de la Academia Oposiciones son 100% fiables, las preguntas han sido recogidas y confeccionadas a lo largo de treinta a\u00f1os de dedicaci\u00f3n a las oposiciones, y est\u00e1n actualizados con la Ley actual<\/span>.<\/li>\r\n<\/ul>\r\n&nbsp;\r\n\r\n[learn_more caption=\"\u00daltima convocatoria\"]\r\n<div class=\"field field-name-field-paragraph-title field-type-text field-label-hidden\">\r\n<div class=\"field-items\">\r\n<div class=\"anexos_enlaces\"><\/div>\r\n<div class=\"anexos_enlaces\">\r\n\r\nResoluci\u00f3n de 22 de diciembre de 2022, de la Directora del Instituto Asturiano de Administraci\u00f3n P\u00fablica \u201cAdolfo Posada\u201d, por la que se aprueban las bases espec\u00edficas del proceso selectivo para la provisi\u00f3n de 48 plazas del Cuerpo Auxiliar de la Administraci\u00f3n del Principado de Asturias, correspondiente a la Oferta de Empleo P\u00fablico extraordinaria para la estabilizaci\u00f3n de empleo temporal en aplicaci\u00f3n de la Ley 20\/2021, de 28 de diciembre, de medidas urgentes para la reducci\u00f3n de la temporalidad en el empleo, por el procedimiento de concurso-oposici\u00f3n (art\u00edculo 2.1 de la Ley 20\/2021).\u00a0<strong>[C\u00f3d. 2022-10683]<\/strong>\r\n\r\n<strong><a title=\"Texto de la disposici\u00f3n\" href=\"https:\/\/sede.asturias.es\/ast\/bopa-disposiciones?p_p_id=pa_sede_bopa_web_portlet_SedeBopaDispositionWeb&amp;p_p_lifecycle=0&amp;_pa_sede_bopa_web_portlet_SedeBopaDispositionWeb_mvcRenderCommandName=%2Fdisposition%2Fdetail&amp;p_r_p_dispositionText=2022-10683&amp;p_r_p_dispositionReference=2022-10683&amp;p_r_p_dispositionDate=29%2F12%2F2022\">Texto de la disposici\u00f3n<\/a>\u00a0\u00a0\u00a0<span class=\"pdfResultadoBopa\"><a title=\"PDF de la disposici\u00f3n\" href=\"https:\/\/sede.asturias.es\/bopa\/2022\/12\/29\/2022-10683.pdf\" target=\"_blank\" rel=\"noopener\">PDF de la disposici\u00f3n<\/a> (454Kb)\u00a0<\/span><\/strong>\r\n\r\n<\/div>\r\n<\/div>\r\n<\/div>\r\n[\/learn_more][learn_more caption=\"Temario\"]\r\n\r\n1. La Constituci\u00f3n espa\u00f1ola de 1978 (I): T\u00edtulo Preliminar; De los derechos y deberes fundamentales (T\u00edtulo I);\r\nDe las Cortes Generales (T\u00edtulo III); Del Gobierno y de la Administraci\u00f3n (T\u00edtulo IV); De las relaciones entre el\r\nGobierno y las Cortes Generales (T\u00edtulo V); De la organizaci\u00f3n territorial del Estado (T\u00edtulo VIII). Del Tribunal\r\nConstitucional (T\u00edtulo IX).\r\n\r\n2. El Estatuto de Autonom\u00eda del Principado de Asturias: T\u00edtulo Preliminar; De las competencias del Principado de\r\nAsturias (T\u00edtulo I); De los \u00f3rganos institucionales del Principado de Asturias (T\u00edtulo II); De los \u00f3rganos auxiliares del Principado de Asturias (T\u00edtulo II bis); De la Administraci\u00f3n de Justicia (T\u00edtulo III); Hacienda y Econom\u00eda\r\n(T\u00edtulo IV); Del control sobre la actividad de los \u00f3rganos del Principado (T\u00edtulo V); De la reforma del Estatuto\r\n(T\u00edtulo VI).\r\n\r\n3. La Ley del Principado de Asturias 6\/1984, de 5 de julio, del Presidente y del Consejo de Gobierno. La Ley del\r\nPrincipado de Asturias 8\/1991, de 30 de julio, de Organizaci\u00f3n de la Administraci\u00f3n.\r\n\r\n4. El Tratado de la Uni\u00f3n Europea: Disposiciones sobre las instituciones (T\u00edtulo III).\r\n\r\n5. La Ley 39\/2015, de 1 de octubre, del Procedimiento Administrativo Com\u00fan de las Administraciones P\u00fablicas:\r\nDisposiciones Generales (T\u00edtulo Preliminar); De los interesados en el procedimiento (T\u00edtulo I); De la actividad de\r\nlas Administraciones P\u00fablicas (T\u00edtulo II); De los actos administrativos (T\u00edtulo III); De las disposiciones sobre el\r\nprocedimiento administrativo com\u00fan (T\u00edtulo IV); De la revisi\u00f3n de los actos en v\u00eda administrativa (T\u00edtulo V).\r\n\r\n6. La Ley 40\/2015, de 1 de octubre, de R\u00e9gimen Jur\u00eddico del Sector P\u00fablico: Disposiciones generales (Cap\u00edtulo I del T\u00edtulo Preliminar); De los \u00f3rganos de las Administraciones P\u00fablicas (Cap\u00edtulo II del T\u00edtulo Preliminar); Funcionamiento\r\nelectr\u00f3nico del sector p\u00fablico (Cap\u00edtulo V del T\u00edtulo Preliminar); Relaciones Interadministrativas (T\u00edtulo III).\r\n\r\n7. La Ley 2\/1995, de 13 de marzo, sobre R\u00e9gimen Jur\u00eddico de la Administraci\u00f3n del Principado de Asturias.\r\n\r\n8. El texto refundido de la Ley del Estatuto B\u00e1sico del Empleado P\u00fablico: \u00c1mbito de aplicaci\u00f3n (art\u00edculo 2); Personal\r\nal servicio de las Administraciones P\u00fablicas (T\u00edtulo II); Derechos y deberes. C\u00f3digo de conducta de los empleados p\u00fablicos (T\u00edtulo III); Adquisici\u00f3n y p\u00e9rdida de la relaci\u00f3n de servicio (T\u00edtulo IV); Situaciones administrativas\r\n(T\u00edtulo VI); R\u00e9gimen disciplinario (T\u00edtulo VII).\r\n\r\n9. La Ley 3\/1985, de 26 de diciembre, de Ordenaci\u00f3n de la Funci\u00f3n P\u00fablica de la Administraci\u00f3n del Principado de\r\nAsturias: \u00c1mbito de aplicaci\u00f3n; Clases y definiciones de personal (T\u00edtulo I); Ordenaci\u00f3n de la Funci\u00f3n P\u00fablica\r\n(T\u00edtulo III); Acceso y promoci\u00f3n del personal (T\u00edtulo IV); R\u00e9gimen disciplinario (Cap\u00edtulo VII del T\u00edtulo V). El\r\nReglamento de jornada, horario, vacaciones y permisos de los funcionarios de la Administraci\u00f3n del Principado\r\nde Asturias, sus organismos y entes p\u00fablicos.\r\n\r\n10. El V Convenio Colectivo para el personal laboral de la Administraci\u00f3n del Principado de Asturias: \u00c1mbito de\r\naplicaci\u00f3n (Cap\u00edtulo I); Jornada, horario de trabajo, vacaciones, permisos, licencias, suspensi\u00f3n y extinci\u00f3n\r\ndel contrato de trabajo (Cap\u00edtulos V y VI y Acuerdos de Consejo de Gobierno de 24 de mayo de 2019 (BOPA de\r\n27\/05\/2019) y de 30 de abril de 2013 (BOPA de 03\/05\/2013), modificado por sendos Acuerdos de 27 de enero de\r\n2016 (BOPA de 29\/01\/2016). R\u00e9gimen disciplinario (Cap\u00edtulo IX); Derechos sindicales, formaci\u00f3n y perfeccionamiento profesional y asistencia social (Cap\u00edtulo X).\r\n\r\n11. El texto refundido r\u00e9gimen econ\u00f3mico y presupuestario del Principado de Asturias: Normas generales (Cap\u00edtulo\r\nI); De los presupuestos (Cap\u00edtulo II); De la Intervenci\u00f3n y la contabilidad (Cap\u00edtulo IV). El Decreto 70\/2004\r\npor el que se desarrolla el r\u00e9gimen de control interno ejercido por la Intervenci\u00f3n General del Principado de\r\nAsturias. La Resoluci\u00f3n de 16 de mayo de 2005, de la Consejer\u00eda de Econom\u00eda y Administraci\u00f3n P\u00fablica, por la\r\nque se establece el sistema de informaci\u00f3n contable de la Administraci\u00f3n del Principado de Asturias y su sector\r\np\u00fablico y se aprueban las normas sobre los procedimientos de gesti\u00f3n, tramitaci\u00f3n y r\u00e9gimen de contabilidad\r\nen la ejecuci\u00f3n del presupuesto de gastos.\r\n\r\n12. El Servicio de Atenci\u00f3n Ciudadana de la Administraci\u00f3n del Principado de Asturias: El Decreto 89\/2017, de 20 de\r\ndiciembre, por el que se regula la atenci\u00f3n ciudadana y las oficinas de asistencia en materia de registros en la\r\nAdministraci\u00f3n del Principado de Asturias, sus organismos y entes p\u00fablicos (T\u00edtulo I). La informaci\u00f3n general y\r\nparticular al ciudadano (Cap\u00edtulo I del Real Decreto 208\/1996). El Decreto 61\/2014, de 25 de junio, por el que se\r\nregulan las cartas de servicios en el \u00e1mbito de la Administraci\u00f3n del Principado de Asturias.\r\n\r\n13. La documentaci\u00f3n administrativa: su naturaleza y funci\u00f3n. El Decreto 21\/1996, de 6 de junio, por el que se regula la organizaci\u00f3n y funcionamiento del sistema de los archivos administrativos de la Comunidad del Principado de Asturias. El Decreto 89\/2017, de 20 de diciembre, por el que se regula la atenci\u00f3n ciudadana y las oficinas\r\nde asistencia en materia de registros en la Administraci\u00f3n del Principado de Asturias, sus organismos y entes\r\np\u00fablicos (T\u00edtulo II). El Decreto 111\/2005, de 3 de noviembre, del Registro telem\u00e1tico.\r\n\r\n14. El Reglamento (UE) 2016\/679, de 27 de abril, relativo a la protecci\u00f3n de las personas f\u00edsicas en lo que respecta al tratamiento de datos personales y a la libre circulaci\u00f3n de estos datos y la Ley Org\u00e1nica 3\/2018, de 5 de\r\ndiciembre, de Protecci\u00f3n de Datos Personales y garant\u00eda de los derechos digitales. Principios de protecci\u00f3n de\r\ndatos; Derechos de las personas. La Ley 19\/2013, de 9 de diciembre, de transparencia, acceso a la informaci\u00f3n\r\np\u00fablica y buen gobierno: Transparencia de la actividad p\u00fablica: \u00e1mbito subjetivo de aplicaci\u00f3n; publicidad activa; r\u00e9gimen general del derecho de acceso a la informaci\u00f3n p\u00fablica (Cap\u00edtulo I, Cap\u00edtulo II y Secci\u00f3n 1.\u00aa del\r\nCap\u00edtulo III del T\u00edtulo I).\r\n\r\n[\/learn_more][learn_more caption=\"Precios y opciones de inscripci\u00f3n\"]\r\n<h2>Auxiliar Administrativo Principado de Asturias<\/h2>\r\n<ul>\r\n \t<li><strong>No hay permanencia<\/strong>. Las clases son online y en directo, interactivas. Se paga por las horas de clase impartidas en directo.\u00a0 Todas las clases quedan grabadas y a disposici\u00f3n en la plataforma de estudio, donde puedes visualizarlas tantas veces como quieras sin coste alguno<\/li>\r\n \t<li><strong>No importa que te inscribas al curso aunque este haya comenzado<\/strong> y se hayan tratado ya algunos temas, porque tienes todas las clases grabadas, ordenadas por temas, con sus test y apuntes correspondientes, y puedes recuperar la materia impartida. Adem\u00e1s de poder preguntar en clase, puedes formular preguntas en un foro, donde las contestar\u00e1 el profesor.<\/li>\r\n \t<li><strong>Los cursos son c\u00edclicos<\/strong>, y una vez hayas recibido las clases correspondientes a todo el temario, puedes seguir en la plataforma y seguir visualizando las clases grabadas hasta que apruebes el primer examen de la oposici\u00f3n. Tambi\u00e9n puedes acudir otra vez a clases en directo del mismo curso sin coste adicional<\/li>\r\n<\/ul>\r\n[\/learn_more][learn_more caption=\"Instrucciones para acceder a las clases en directo\"]\r\n<h2>Auxiliar Administrativo Principado de Asturias<\/h2>\r\n<div>- La clase tiene lugar <strong>a trav\u00e9s de MEET<\/strong> y, por lo tanto, <strong>NO requiere instalaci\u00f3n de software<\/strong>.<\/div>\r\n<div>- \u00danicamente se necesita<strong> tener iniciada la sesi\u00f3n en google<\/strong> con la direcci\u00f3n de email que nos has proporcionado.<\/div>\r\n<div>- El sistema <strong>\u00fanicamente permite entrar al aula a alumnos matriculados<\/strong> que tengan <strong>sesi\u00f3n iniciada en google<\/strong>.<\/div>\r\n<div>- Se puede acceder al aula aproximadamente 15 minutos antes de comenzar la clase, siempre que ya est\u00e9 presente uno de los administradores.<\/div>\r\n<div>- Se recomienda usar el navegador <strong>Chrome<\/strong>, aunque tambi\u00e9n se puede utilizar Firefox (\u00falt. versi\u00f3n).<\/div>\r\n<div>- Tambi\u00e9n se aconseja utilizar <strong>micr\u00f3fono y auriculares<\/strong> con el fin de participar activamente, siempre acord\u00e1ndose de cerrar el micro una vez realizada la pregunta u observaci\u00f3n al profesor.<\/div>\r\n<div>- <strong>Todas las clases en directo quedan grabadas y puedes visualizarlas tantas veces como quieras sin coste adicional<\/strong>.<\/div>\r\n[\/learn_more][learn_more caption=\"Metodolog\u00eda\"]\r\n<h2>Auxiliar Administrativo Principado de Asturias<\/h2>\r\n<ul>\r\n \t<li>La clase es online interactiva, de modo que los alumnos ven la pizarra y al profesor, y lo escuchan, as\u00ed como el profesor a los alumnos. Los alumnos pueden intervenir en todo momento para realizar preguntas, y el profesor puede preguntar en todo momento a un alumno concreto.<\/li>\r\n \t<li>En clase se explica la teor\u00eda, haciendo hincapi\u00e9 en lo m\u00e1s importante para la oposici\u00f3n, se realizan esquemas, test y ex\u00e1menes peri\u00f3dicos.<\/li>\r\n \t<li>Es necesario que el alumno estudie tambi\u00e9n en casa todos los d\u00edas, para realizar los ejercicios planteados en la \u00faltima clase, estudiar la materia dada y preparar la siguiente clase.<\/li>\r\n \t<li>Todas las clases se graban en v\u00eddeo y las puedes visualizar despu\u00e9s tantas veces como quieras sin coste adicional.<\/li>\r\n<\/ul>\r\n<div><\/div>\r\n<div><\/div>\r\n[\/learn_more]","_et_gb_content_width":""},"product_brand":[],"product_cat":[40,225],"product_tag":[54,393,388],"class_list":{"0":"post-5320","1":"product","2":"type-product","3":"status-publish","4":"has-post-thumbnail","6":"product_cat-cursos-de-oposiciones","7":"product_cat-auxiliares","8":"product_tag-auxiliar-administrativo","9":"product_tag-auxiliar-administrativo-principado-de-asturias","10":"product_tag-ope-2023","12":"first","13":"instock","14":"shipping-taxable","15":"purchasable","16":"product-type-variable"},"_links":{"self":[{"href":"https:\/\/estudiosadministrativos.com\/inscripcion\/wp-json\/wp\/v2\/product\/5320","targetHints":{"allow":["GET"]}}],"collection":[{"href":"https:\/\/estudiosadministrativos.com\/inscripcion\/wp-json\/wp\/v2\/product"}],"about":[{"href":"https:\/\/estudiosadministrativos.com\/inscripcion\/wp-json\/wp\/v2\/types\/product"}],"replies":[{"embeddable":true,"href":"https:\/\/estudiosadministrativos.com\/inscripcion\/wp-json\/wp\/v2\/comments?post=5320"}],"wp:featuredmedia":[{"embeddable":true,"href":"https:\/\/estudiosadministrativos.com\/inscripcion\/wp-json\/wp\/v2\/media\/5323"}],"wp:attachment":[{"href":"https:\/\/estudiosadministrativos.com\/inscripcion\/wp-json\/wp\/v2\/media?parent=5320"}],"wp:term":[{"taxonomy":"product_brand","embeddable":true,"href":"https:\/\/estudiosadministrativos.com\/inscripcion\/wp-json\/wp\/v2\/product_brand?post=5320"},{"taxonomy":"product_cat","embeddable":true,"href":"https:\/\/estudiosadministrativos.com\/inscripcion\/wp-json\/wp\/v2\/product_cat?post=5320"},{"taxonomy":"product_tag","embeddable":true,"href":"https:\/\/estudiosadministrativos.com\/inscripcion\/wp-json\/wp\/v2\/product_tag?post=5320"}],"curies":[{"name":"wp","href":"https:\/\/api.w.org\/{rel}","templated":true}]}}