{"id":5383,"date":"2023-11-15T06:56:56","date_gmt":"2023-11-15T06:56:56","guid":{"rendered":"https:\/\/estudiosadministrativos.com\/inscripcion\/?post_type=product&#038;p=5383"},"modified":"2025-09-19T05:13:26","modified_gmt":"2025-09-19T05:13:26","slug":"subalternos-ayuntamiento-de-bilbao","status":"publish","type":"product","link":"https:\/\/estudiosadministrativos.com\/inscripcion\/oposiciones\/subalternos-ayuntamiento-de-bilbao\/","title":{"rendered":"Subalternos Ayuntamiento de Bilbao 2025"},"content":{"rendered":"<p>[et_pb_section fb_built=\u00bb1&#8243; _builder_version=\u00bb3.22&#8243; custom_padding=\u00bb0px||||false|false\u00bb][et_pb_row _builder_version=\u00bb3.25&#8243; background_size=\u00bbinitial\u00bb background_position=\u00bbtop_left\u00bb background_repeat=\u00bbrepeat\u00bb width=\u00bb100%\u00bb custom_padding=\u00bb0px||0px||false|false\u00bb][et_pb_column type=\u00bb4_4&#8243; _builder_version=\u00bb3.25&#8243; custom_padding=\u00bb|||\u00bb custom_padding__hover=\u00bb|||\u00bb][et_pb_wc_breadcrumb _builder_version=\u00bb3.0.47&#8243;][\/et_pb_wc_breadcrumb][et_pb_wc_cart_notice _builder_version=\u00bb3.0.47&#8243;][\/et_pb_wc_cart_notice][\/et_pb_column][\/et_pb_row][et_pb_row column_structure=\u00bb1_4,3_4&#8243; _builder_version=\u00bb4.6.0&#8243; background_size=\u00bbinitial\u00bb background_position=\u00bbtop_left\u00bb background_repeat=\u00bbrepeat\u00bb width=\u00bb100%\u00bb custom_padding=\u00bb0px||||false|false\u00bb][et_pb_column type=\u00bb1_4&#8243; _builder_version=\u00bb3.25&#8243; custom_padding=\u00bb|||\u00bb custom_padding__hover=\u00bb|||\u00bb][et_pb_wc_images _builder_version=\u00bb3.0.47&#8243;][\/et_pb_wc_images][\/et_pb_column][et_pb_column type=\u00bb3_4&#8243; _builder_version=\u00bb3.25&#8243; custom_padding=\u00bb|||\u00bb custom_padding__hover=\u00bb|||\u00bb][et_pb_wc_price _builder_version=\u00bb3.0.47&#8243;][\/et_pb_wc_price][et_pb_wc_description _builder_version=\u00bb3.0.47&#8243;][\/et_pb_wc_description][et_pb_wc_add_to_cart show_quantity=\u00bboff\u00bb show_stock=\u00bboff\u00bb _builder_version=\u00bb4.6.0&#8243;][\/et_pb_wc_add_to_cart][et_pb_image src=\u00bbhttps:\/\/estudiosadministrativos.com\/inscripcion\/wp-content\/uploads\/2023\/11\/1erejerciciosubalternos.jpg\u00bb alt=\u00bbexamen oposici\u00f3n subalternos\u00bb title_text=\u00bb1erejerciciosubalternos\u00bb _builder_version=\u00bb4.6.0&#8243; _module_preset=\u00bbdefault\u00bb][\/et_pb_image][\/et_pb_column][\/et_pb_row][et_pb_row _builder_version=\u00bb3.25&#8243; background_size=\u00bbinitial\u00bb background_position=\u00bbtop_left\u00bb background_repeat=\u00bbrepeat\u00bb width=\u00bb100%\u00bb][et_pb_column type=\u00bb4_4&#8243; _builder_version=\u00bb3.25&#8243; custom_padding=\u00bb|||\u00bb custom_padding__hover=\u00bb|||\u00bb][et_pb_wc_tabs include_tabs=\u00bbdescription|\u00bb _builder_version=\u00bb4.6.0&#8243;]\t\t\t\t\t[\/et_pb_wc_tabs][et_pb_wc_upsells _builder_version=\u00bb4.6.0&#8243; hover_enabled=\u00bb0&#8243; sticky_enabled=\u00bb0&#8243;][\/et_pb_wc_upsells][et_pb_video _builder_version=\u00bb4.6.0&#8243; _module_preset=\u00bbdefault\u00bb src=\u00bbhttps:\/\/www.youtube.com\/watch?v=nAE-dAZol5c\u00bb hover_enabled=\u00bb0&#8243; sticky_enabled=\u00bb0&#8243;][\/et_pb_video][\/et_pb_column][\/et_pb_row][\/et_pb_section]<\/p>\n","protected":false},"excerpt":{"rendered":"<h1>Subalternos Ayuntamiento de Bilbao<\/h1>\n<h2>\u00a02025<\/h2>\n<p>&nbsp;<\/p>\n<h5><b><b id=\"yui_3_17_2_1_1726276681637_139\"><b id=\"yui_3_17_2_1_1726276681637_138\"><b id=\"yui_3_17_2_1_1726276681637_137\"><b id=\"yui_3_17_2_1_1726276681637_136\"><b id=\"yui_3_17_2_1_1726276681637_135\"><span id=\"yui_3_17_2_1_1726276681637_134\"><b id=\"yui_3_17_2_1_1726276681637_133\"><b id=\"yui_3_17_2_1_1726276681637_132\"><b id=\"yui_3_17_2_1_1726276681637_131\"><span id=\"yui_3_17_2_1_1726276681637_130\"><b id=\"yui_3_17_2_1_1726276681637_129\"><b id=\"yui_3_17_2_1_1726276681637_128\">\u25b6\ufe0f<\/b><\/b><\/span><\/b><\/b><\/b><\/span><\/b><\/b><\/b><\/b><\/b>\u00a0<a href=\"https:\/\/estudiosadministrativos.com\/cursos\/pluginfile.php\/6381\/coursecat\/description\/basesespecificassubaltrnos.pdf\" target=\"_blank\" rel=\"noreferrer noopener\">Bases espec\u00edficas<\/a><\/b><\/h5>\n<ul>\n<li><strong>Un \u00fanico pago hasta que apruebes la oposici\u00f3n<\/strong><\/li>\n<li><strong>Apuntes, esquemas, res\u00famenes, test actualizados para cada tema.\u00a0<\/strong><\/li>\n<li><strong>Puedes visualizar las clases tantas veces como quieras<\/strong><\/li>\n<\/ul>\n<p><b id=\"yui_3_17_2_1_1728483482578_1083\"><span id=\"yui_3_17_2_1_1728483482578_1082\">\u25b6\ufe0f<\/span><\/b>\u00a0<a title=\"P\u00e1gina principal del curso en la plataforma de estudio\" href=\"https:\/\/estudiosadministrativos.com\/cursos\/course\/index.php?categoryid=57\" target=\"_blank\" rel=\"noopener\"><strong>P\u00e1gina principal del curso en la plataforma de estudio<\/strong><\/a><\/p>\n<p>&nbsp;<\/p>\n","protected":false},"featured_media":5911,"comment_status":"open","ping_status":"closed","template":"","meta":{"_et_pb_use_builder":"on","_et_pb_old_content":"<h2>Subalternos Ayuntamiento de Bilbao 2025<\/h2>\r\n&nbsp;\r\n<h5><b><b id=\"yui_3_17_2_1_1726276681637_139\"><b id=\"yui_3_17_2_1_1726276681637_138\"><b id=\"yui_3_17_2_1_1726276681637_137\"><b id=\"yui_3_17_2_1_1726276681637_136\"><b id=\"yui_3_17_2_1_1726276681637_135\"><span id=\"yui_3_17_2_1_1726276681637_134\"><b id=\"yui_3_17_2_1_1726276681637_133\"><b id=\"yui_3_17_2_1_1726276681637_132\"><b id=\"yui_3_17_2_1_1726276681637_131\"><span id=\"yui_3_17_2_1_1726276681637_130\"><b id=\"yui_3_17_2_1_1726276681637_129\"><b id=\"yui_3_17_2_1_1726276681637_128\">\u25b6\ufe0f<\/b><\/b><\/span><\/b><\/b><\/b><\/span><\/b><\/b><\/b><\/b><\/b>\u00a0<a href=\"https:\/\/estudiosadministrativos.com\/cursos\/pluginfile.php\/6381\/coursecat\/description\/basesespecificassubaltrnos.pdf\" target=\"_blank\" rel=\"noreferrer noopener\">Bases especificas 13\/11\/2023<\/a><\/b><\/h5>\r\n<h5><b><b id=\"yui_3_17_2_1_1726276681637_139\"><b id=\"yui_3_17_2_1_1726276681637_138\"><b id=\"yui_3_17_2_1_1726276681637_137\"><b id=\"yui_3_17_2_1_1726276681637_136\"><b id=\"yui_3_17_2_1_1726276681637_135\"><span id=\"yui_3_17_2_1_1726276681637_134\"><b id=\"yui_3_17_2_1_1726276681637_133\"><b id=\"yui_3_17_2_1_1726276681637_132\"><b id=\"yui_3_17_2_1_1726276681637_131\"><span id=\"yui_3_17_2_1_1726276681637_130\"><b id=\"yui_3_17_2_1_1726276681637_129\"><b id=\"yui_3_17_2_1_1726276681637_128\">\u25b6\ufe0f<\/b><\/b><\/span><\/b><\/b><\/b><\/span><\/b><\/b><\/b><\/b><\/b>\u00a0<a href=\"https:\/\/estudiosadministrativos.com\/cursos\/pluginfile.php\/6381\/coursecat\/description\/Temario%20Personal%20de%20Apoyo%202021_compressed.pdf\" target=\"_blank\" rel=\"noopener\">Temario de la Agrupaci\u00f3n Profesional de Personal de Apoyo de Gobierno Vasco (2021) (IVAP)<\/a><\/b><\/h5>\r\n<h5><b><b id=\"yui_3_17_2_1_1726276681637_139\"><b id=\"yui_3_17_2_1_1726276681637_138\"><b id=\"yui_3_17_2_1_1726276681637_137\"><b id=\"yui_3_17_2_1_1726276681637_136\"><b id=\"yui_3_17_2_1_1726276681637_135\"><span id=\"yui_3_17_2_1_1726276681637_134\"><b id=\"yui_3_17_2_1_1726276681637_133\"><b id=\"yui_3_17_2_1_1726276681637_132\"><b id=\"yui_3_17_2_1_1726276681637_131\"><span id=\"yui_3_17_2_1_1726276681637_130\"><b id=\"yui_3_17_2_1_1726276681637_129\"><b id=\"yui_3_17_2_1_1726276681637_128\">\u25b6\ufe0f<\/b><\/b><\/span><\/b><\/b><\/b><\/span><\/b><\/b><\/b><\/b><\/b>\u00a0<a href=\"https:\/\/estudiosadministrativos.com\/cursos\/pluginfile.php\/6381\/coursecat\/description\/Bateria-de-preguntas-Subalternos-2022-CAST-DIG_compressed.pdf\" target=\"_blank\" rel=\"noopener\">Bater\u00eda de preguntas de procesos selectivos: Agrupaci\u00f3n Profesional de Personal de Apoyo del Gobierno Vasco (conserje, ordenanza, subalterno, \u2026)<\/a><\/b><\/h5>\r\n<h5><b><b id=\"yui_3_17_2_1_1726276681637_139\"><b id=\"yui_3_17_2_1_1726276681637_138\"><b id=\"yui_3_17_2_1_1726276681637_137\"><b id=\"yui_3_17_2_1_1726276681637_136\"><b id=\"yui_3_17_2_1_1726276681637_135\"><span id=\"yui_3_17_2_1_1726276681637_134\"><b id=\"yui_3_17_2_1_1726276681637_133\"><b id=\"yui_3_17_2_1_1726276681637_132\"><b id=\"yui_3_17_2_1_1726276681637_131\"><span id=\"yui_3_17_2_1_1726276681637_130\"><b id=\"yui_3_17_2_1_1726276681637_129\"><b id=\"yui_3_17_2_1_1726276681637_128\">\u25b6\ufe0f<\/b><\/b><\/span><\/b><\/b><\/b><\/span><\/b><\/b><\/b><\/b><\/b>\u00a0<a href=\"https:\/\/estudiosadministrativos.com\/cursos\/pluginfile.php\/6381\/coursecat\/description\/bateria-ayunt-bilbao-2024.pdf\" target=\"_blank\" rel=\"noopener\">Bater\u00eda de preguntas 4\u00aa ed. 2023 (del Ayuntamiento de Bilbao)<\/a><\/b><\/h5>\r\n&nbsp;\r\n<h5><b>Primer ejercicio.\u2014Obligatorio y eliminatorio<\/b><\/h5>\r\n&nbsp;\r\n\r\n<b>Consistir\u00e1 en contestar por escrito un cuestionario de 100 preguntas tipo test, de las cuales \u00fanicamente 90 ser\u00e1n evaluables y 10 de reserva, con cuatro respuestas alternativas, siendo s\u00f3lo una de ellas la correcta, determinadas por el Tribunal, en el tiempo m\u00e1ximo que el mismo determine.\u00a0<\/b>\r\n\r\n<b>De dicho cuestionario, las 30 primeras preguntas se extraer\u00e1n de entre una bater\u00eda de preguntas previamente publicada en la web municipal https:\/\/ope.bilbao.eus, basadas en las materias comprendidas en la parte I (parte com\u00fan-temas del 1 al 6) del programa anexo I.\u00a0<\/b>\r\n\r\n<b>Las restantes 60 preguntas evaluables ser\u00e1n propuestas por el Tribunal, basadas en la parte II (parte espec\u00edfica-temas del 7 al 10) y no ser\u00e1n previamente publicadas.\u00a0<\/b>\r\n\r\n<b>Las 10 \u00faltimas preguntas son consideradas preguntas de reserva y \u00fanicamente se tendr\u00e1n en cuenta si alguna de las 90 primeras es anulada. Ser\u00e1n tenidas en cuenta en estricto orden, de la 91 a la 100, independientemente de que la o las preguntas anuladas pertenezcan a una u otra parte del temario.\u00a0<\/b>\r\n\r\n<b>Cada respuesta correcta se valorar\u00e1 con 1,00 punto y cada respuesta err\u00f3nea se penalizar\u00e1 con -0,33 puntos, de modo que la m\u00e1xima puntuaci\u00f3n directa alcanzable ser\u00e1 de 90,00 puntos, equivalentes a 20,00 puntos de puntuaci\u00f3n final.\u00a0<\/b>\r\n\r\n<b>Las preguntas no contestadas y las respuestas dobles no tendr\u00e1n penalizaci\u00f3n. Este ejercicio se calificar\u00e1 entre 0,00 (cero) y 20,00 (veinte) puntos, quedando autom\u00e1ticamente eliminadas las personas aspirantes que no alcancen un m\u00ednimo de 10,00 (diez) puntos.<\/b>\r\n\r\n&nbsp;\r\n<h5><b>Segundo ejercicio.\u2014Obligatorio y eliminatorio\u00a0<\/b><\/h5>\r\n&nbsp;\r\n\r\n<b>De car\u00e1cter pr\u00e1ctico, que consistir\u00e1 en resolver un cuestionario de 50 preguntas tipo test, de las cuales \u00fanicamente 40 ser\u00e1n evaluables y 10 de reserva, con cuatro respuestas alternativas, siendo s\u00f3lo una de ellas la correcta, relativas a uno o varios supuestos pr\u00e1cticos propuestos por el Tribunal, relacionados con la parte II temario anexo I, en el plazo m\u00e1ximo que establezca el Tribunal.<\/b>\r\n\r\n<b>La respuesta correcta valdr\u00e1 un 1,00 punto y la incorrecta penalizar\u00e1 con -0,33 puntos, de modo que la m\u00e1xima puntuaci\u00f3n directa alcanzable ser\u00e1 de 40,00 puntos, equivalentes a 20,00 puntos de puntuaci\u00f3n final.\u00a0<\/b>\r\n\r\n<b>Este ejercicio se calificar\u00e1 entre 0,00 (cero) y 20,00 (veinte) puntos, quedando autom\u00e1ticamente eliminadas las personas aspirantes que no alcancen un m\u00ednimo de 10,00 (diez) puntos.\r\n<\/b>\r\n\r\n&nbsp;\r\n<h5><b>Tercer ejercicio (prueba de euskera).\u2014De car\u00e1cter obligatorio y eliminatori<\/b><b>o\u00a0<\/b><\/h5>\r\n&nbsp;\r\n\r\n<b>Quedar\u00e1n exentos de realizar el presente ejercicio quienes, con anterioridad a la realizaci\u00f3n del mismo, posean la certificaci\u00f3n emitida por el IVAP del perfil ling\u00fc\u00edstico 2 o alguno de los t\u00edtulos o certificados oficiales acreditativos del conocimiento del euskera equiparados con el nivel B-2<\/b>\r\n<div id=\"yui_3_17_2_1_1700031327569_22\" class=\"summary\">\r\n<div id=\"yui_3_17_2_1_1700031327569_21\" class=\"no-overflow\">\r\n\r\n&nbsp;\r\n<p id=\"yui_3_17_2_1_1700031327569_20\" style=\"text-align: center\"><strong>TEMARIO Subalternos Ayuntamiento de Bilbao 2023<\/strong><\/p>\r\n<p style=\"text-align: center\"><strong>Parte I<\/strong><\/p>\r\n<p style=\"text-align: center\"><strong>Parte general<\/strong><\/p>\r\n\r\n<h6 style=\"text-align: center\"><strong>\u00a0<\/strong><\/h6>\r\n<h6 style=\"text-align: left\">Tema 1: La Constituci\u00f3n Espa\u00f1ola de 1.978. Principios Generales. Derechos y deberes fundamentales.<\/h6>\r\n<h6>Tema 2: El Estatuto de Autonom\u00eda del Pa\u00eds Vasco. Las competencias del Pa\u00eds Vasco: exclusivas, de desarrollo legislativo y ejecuci\u00f3n y de ejecuci\u00f3n.<\/h6>\r\n<h6>Tema 3: El Municipio. La organizaci\u00f3n municipal de los municipios de gran poblaci\u00f3n (T\u00edtulo X de la Ley 7\/1985, de 2 de abril, reguladora de las Bases del R\u00e9gimen Local).<\/h6>\r\n<h6>Tema 4: La Ley 11\/2022, de 1 de diciembre, de Empleo P\u00fablico Vasco. Sistema retributivo en el empleo p\u00fablico vasco. Derechos, deberes, c\u00f3digo de conducta, incompatibilidades y responsabilidades del personal empleado p\u00fablico vasco. R\u00e9gimen disciplinario.<\/h6>\r\n<h6>Tema 5: Ley 10\/1982, de 24 de noviembre, B\u00e1sica de normalizaci\u00f3n del uso del Euskera.<\/h6>\r\n<h6>Tema 6: Decreto Legislativo 1\/2023, de 16 de marzo, por el que se aprueba el texto refundido de la Ley para la Igualdad de Mujeres y Hombres y Vidas Libres de Violencia Machista contra las Mujeres. El vigente Plan Municipal para la Igualdad de Mujeres y Hombres del Ayuntamiento de Bilbao.<\/h6>\r\n<h6><strong>\u00a0<\/strong><\/h6>\r\n<p style=\"text-align: center\"><strong>Parte II<\/strong><\/p>\r\n<p style=\"text-align: center\"><strong>Parte espec\u00edfica<\/strong><\/p>\r\n\r\n<h6>Tema 7: Ley 31\/1995, de 8 de noviembre, de prevenci\u00f3n de Riesgos Laborales.<\/h6>\r\n<h6>Tema 8: Comunicaci\u00f3n y atenci\u00f3n a la ciudadan\u00eda. (Disponible en los Temas 16, 17, 18 y 19 del IVAP: Temario de la Agrupaci\u00f3n Profesional de Personal de Apoyo de Gobierno Vasco (2021)).<\/h6>\r\n<h6>Tema 9: Vigilancia, control y labores de apoyo. (Disponible en los Temas 20, 21, y 22 del IVAP: Temario de la Agrupaci\u00f3n Profesional de Personal de Apoyo de Gobierno Vasco. 2021).<\/h6>\r\n<h6>Tema 10: Correspondencia y paqueter\u00eda. Almacenamiento, control de existencias y movimiento de materiales. (Disponible en los Temas 23, 24, 25, 26 y 27 del IVAP: Temario de la Agrupaci\u00f3n Profesional de Personal de Apoyo de Gobierno Vasco. 2021).<\/h6>\r\n<\/div>\r\n<\/div>\r\n<div class=\"courseimage\"><\/div>","_et_gb_content_width":""},"product_brand":[],"product_cat":[40,226],"product_tag":[69,171,170],"class_list":{"0":"post-5383","1":"product","2":"type-product","3":"status-publish","4":"has-post-thumbnail","6":"product_cat-cursos-de-oposiciones","7":"product_cat-personal-de-apoyo-o-subalternos-as","8":"product_tag-ope-ayuntamiento","9":"product_tag-ope-subalternos-bilbao","10":"product_tag-subalternos-ayuntamiento","12":"first","13":"instock","14":"virtual","15":"purchasable","16":"product-type-simple"},"_links":{"self":[{"href":"https:\/\/estudiosadministrativos.com\/inscripcion\/wp-json\/wp\/v2\/product\/5383","targetHints":{"allow":["GET"]}}],"collection":[{"href":"https:\/\/estudiosadministrativos.com\/inscripcion\/wp-json\/wp\/v2\/product"}],"about":[{"href":"https:\/\/estudiosadministrativos.com\/inscripcion\/wp-json\/wp\/v2\/types\/product"}],"replies":[{"embeddable":true,"href":"https:\/\/estudiosadministrativos.com\/inscripcion\/wp-json\/wp\/v2\/comments?post=5383"}],"wp:featuredmedia":[{"embeddable":true,"href":"https:\/\/estudiosadministrativos.com\/inscripcion\/wp-json\/wp\/v2\/media\/5911"}],"wp:attachment":[{"href":"https:\/\/estudiosadministrativos.com\/inscripcion\/wp-json\/wp\/v2\/media?parent=5383"}],"wp:term":[{"taxonomy":"product_brand","embeddable":true,"href":"https:\/\/estudiosadministrativos.com\/inscripcion\/wp-json\/wp\/v2\/product_brand?post=5383"},{"taxonomy":"product_cat","embeddable":true,"href":"https:\/\/estudiosadministrativos.com\/inscripcion\/wp-json\/wp\/v2\/product_cat?post=5383"},{"taxonomy":"product_tag","embeddable":true,"href":"https:\/\/estudiosadministrativos.com\/inscripcion\/wp-json\/wp\/v2\/product_tag?post=5383"}],"curies":[{"name":"wp","href":"https:\/\/api.w.org\/{rel}","templated":true}]}}