{"id":6049,"date":"2025-06-17T20:18:12","date_gmt":"2025-06-17T20:18:12","guid":{"rendered":"https:\/\/estudiosadministrativos.com\/inscripcion\/?post_type=product&#038;p=6049"},"modified":"2025-06-25T12:42:56","modified_gmt":"2025-06-25T12:42:56","slug":"parte-general-tecnicos-superiores-ayuntamiento-de-bilbao","status":"publish","type":"product","link":"https:\/\/estudiosadministrativos.com\/inscripcion\/oposiciones\/parte-general-tecnicos-superiores-ayuntamiento-de-bilbao\/","title":{"rendered":"Parte general T\u00e9cnicos Superiores Ayuntamiento de Bilbao"},"content":{"rendered":"<p>Un \u00fanico pago, sin mensualidades. Acceso hasta que apruebes la oposici\u00f3n.<\/p>\n<p>Incluye la Bateria de preguntas solucionada y con la Ley subrayada argumentando la respuesta correcta. Todas las respuestas que difieran de las respuestas de los sindicatos son analizadas, discutidas y corroboradas.<\/p>\n<p>Incluye todos los aspectos te\u00f3ricos y clases te\u00f3ricas para el caso de que el aspirante quiera comprender mejor el tema parta no tener que esforzarse en memorizar preguntas y respuestas<\/p>\n<p>Acceso al aula en horario de clase para pregutar todas las dudas que surjan.<\/p>\n<p>Este importe ser\u00e1 descontado en el caso de que el aspirante decida inscribirse a uno de nuestros cursos<\/p>\n","protected":false},"excerpt":{"rendered":"<h1>Parte general T\u00e9cnicos Superiores Ayuntamiento de Bilbao<\/h1>\n<p>Un \u00fanico pago, sin mensualidades. Acceso hasta que apruebes la oposici\u00f3n.<\/p>\n<p>Incluye la Bateria de preguntas solucionada y con la Ley subrayada argumentando la respuesta correcta. Todas las respuestas que difieran de las respuestas de los sindicatos son analizadas, discutidas y corroboradas.<\/p>\n<p>Incluye todos los aspectos te\u00f3ricos y clases te\u00f3ricas para el caso de que el aspirante quiera comprender mejor el tema parta no tener que esforzarse en memorizar preguntas y respuestas<\/p>\n<p>Acceso al aula en horario de clase para pregutar todas las dudas que surjan.<\/p>\n<p>Este importe ser\u00e1 descontado en el caso de que el aspirante decida inscribirse a uno de nuestros cursos<\/p>\n","protected":false},"featured_media":6052,"comment_status":"open","ping_status":"closed","template":"","meta":{"_et_pb_use_builder":"","_et_pb_old_content":"","_et_gb_content_width":""},"product_brand":[],"product_cat":[40],"product_tag":[69,385],"class_list":{"0":"post-6049","1":"product","2":"type-product","3":"status-publish","4":"has-post-thumbnail","6":"product_cat-cursos-de-oposiciones","7":"product_tag-ope-ayuntamiento","8":"product_tag-ope-ayuntamiento-de-bilbao","10":"first","11":"instock","12":"virtual","13":"purchasable","14":"product-type-simple"},"_links":{"self":[{"href":"https:\/\/estudiosadministrativos.com\/inscripcion\/wp-json\/wp\/v2\/product\/6049","targetHints":{"allow":["GET"]}}],"collection":[{"href":"https:\/\/estudiosadministrativos.com\/inscripcion\/wp-json\/wp\/v2\/product"}],"about":[{"href":"https:\/\/estudiosadministrativos.com\/inscripcion\/wp-json\/wp\/v2\/types\/product"}],"replies":[{"embeddable":true,"href":"https:\/\/estudiosadministrativos.com\/inscripcion\/wp-json\/wp\/v2\/comments?post=6049"}],"wp:featuredmedia":[{"embeddable":true,"href":"https:\/\/estudiosadministrativos.com\/inscripcion\/wp-json\/wp\/v2\/media\/6052"}],"wp:attachment":[{"href":"https:\/\/estudiosadministrativos.com\/inscripcion\/wp-json\/wp\/v2\/media?parent=6049"}],"wp:term":[{"taxonomy":"product_brand","embeddable":true,"href":"https:\/\/estudiosadministrativos.com\/inscripcion\/wp-json\/wp\/v2\/product_brand?post=6049"},{"taxonomy":"product_cat","embeddable":true,"href":"https:\/\/estudiosadministrativos.com\/inscripcion\/wp-json\/wp\/v2\/product_cat?post=6049"},{"taxonomy":"product_tag","embeddable":true,"href":"https:\/\/estudiosadministrativos.com\/inscripcion\/wp-json\/wp\/v2\/product_tag?post=6049"}],"curies":[{"name":"wp","href":"https:\/\/api.w.org\/{rel}","templated":true}]}}