{"id":6192,"date":"2026-02-16T12:28:57","date_gmt":"2026-02-16T12:28:57","guid":{"rendered":"https:\/\/estudiosadministrativos.com\/inscripcion\/?post_type=product&#038;p=6192"},"modified":"2026-02-16T12:30:24","modified_gmt":"2026-02-16T12:30:24","slug":"administrativos-as-del-ayuntamiento-de-barakaldo","status":"publish","type":"product","link":"https:\/\/estudiosadministrativos.com\/inscripcion\/oposiciones\/administrativos-as-del-ayuntamiento-de-barakaldo\/","title":{"rendered":"Administrativos-as del Ayuntamiento de Barakaldo"},"content":{"rendered":"<h2>Administrativos-as del Ayuntamiento de Barakaldo 2026<\/h2>\n<h3>20 plazas<\/h3>\n<h3>Curso online interactivo<\/h3>\n<ul>\n<li><strong>El pago \u00fanico de 390 \u20ac incluye:<\/strong>\n<ul>\n<li style=\"list-style-type: none;\">\n<ul>\n<li>Acceso al temario completo, con apuntes, esquemas , res\u00famenes y TEST, siempre ajustados al tema<\/li>\n<li>Acceso a todas las clases de los ciclos impartidos desde 2019 y a las que se impartan desde que te inscribas hasta que apruebes, tantas veces como quieras, sin coste adicional<\/li>\n<li>Para los temas que NO van con Bater\u00eda dispones de abundante material en clases, apuntes y TEST<\/li>\n<li>Para los temas que\u00a0 S\u00cf van en Bater\u00eda, tienes, las preguntas correspondientes de la bater\u00eda en PDF con respuestas, tambi\u00e9n en versi\u00f3n online con reordenamiento de preguntas y respuestas y l\u00edmite de tiempo, as\u00ed como el texto legal subrayado seg\u00fan la respuesta correcta<\/li>\n<\/ul>\n<\/li>\n<\/ul>\n<\/li>\n<\/ul>\n","protected":false},"excerpt":{"rendered":"<h2>Administrativos-as del Ayuntamiento de Barakaldo 2026<\/h2>\n<h3>20 plazas<\/h3>\n<h3>Curso online interactivo, con clases online en directo y diferido y con <strong><a href=\"https:\/\/estudiosadministrativos.com\/cursos\/course\/index.php?categoryid=56\" target=\"_blank\" rel=\"noopener\">plataforma de estudio<\/a><\/strong> que incluye todo el material de estudio<\/h3>\n<div class='et-learn-more clearfix'>\n\t\t\t\t\t<h3 class='heading-more'>TEMARIO 2026<span class='et_learnmore_arrow'><span><\/span><\/span><\/h3>\n\t\t\t\t\t<div class='learn-more-content'><ul>\n<li>Se imparte el TEMARIO COMPLETO OFICIAL PUBLICADO EN EL BOB.<\/li>\n<li>Todos los apuntes, ejercicios, test y dem\u00e1s material de estudio es aportado por nosotros. Adem\u00e1s, el alumno tendr\u00e1 acceso a todo el material digitalizado en nuestra <a style=\"font-weight: 950;\" href=\"https:\/\/estudiosadministrativos.com\/plataforma-online.php\">PLATAFORMA DE ESTUDIO<\/a>, donde podr\u00e1 adem\u00e1s realizar test cronometrados.<\/li>\n<li><span style=\"font-weight: 950;\">Todas las respuestas a los TEST de la Academia Oposiciones son 100% fiables, las preguntas han sido recogidas y confeccionadas a lo largo de treinta a\u00f1os de dedicaci\u00f3n a las oposiciones, y est\u00e1n actualizados con la Ley actual<\/span>.<\/li>\n<\/ul>\n<div>\n<h2>TEMARIO Administrativos-as del Ayuntamiento de Barakaldo 2026<\/h2>\n<h3>20 plazas<\/h3>\n<h4>Parte General<\/h4>\n<p>Tema 1: La Constituci\u00f3n Espa\u00f1ola de 1.978. Principios generales. Derechos y deberes fundamentales.<\/p>\n<p>Tema 2:\u00a0El Estatuto de Autonom\u00eda del Pa\u00eds Vasco. T\u00edtulo Preliminar. Las competencias del Pa\u00eds Vasco: exclusivas, de desarrollo legislativo y ejecuci\u00f3n y de ejecuci\u00f3n. Los poderes del Pa\u00eds Vasco.<\/p>\n<p>Tema 3:\u00a0R\u00e9gimen Local: r\u00e9gimen constitucional (art\u00edculos 140 a 142). Ley 7\/1985, de 2 de abril, de Bases del R\u00e9gimen Local: el municipio (art\u00edculo 11); la poblaci\u00f3n (art\u00edculo 16 a 18).<\/p>\n<p>Tema 4: Ley 7\/1985, de 2 de abril, de Bases del R\u00e9gimen Local: El municipio: organizaci\u00f3n y competencias (Cap\u00edtulos II y III del T\u00edtulo II). Ley de Instituciones Locales de Euskadi: Competencias de las Entidades Locales (art\u00edculo 14 a 16).<\/p>\n<p>Tema 5: Ley 7\/1985, de 2 de abril, de Bases del R\u00e9gimen Local: R\u00e9gimen de funcionamiento de las Entidades Locales (Cap\u00edtulo I del T\u00edtulo V). Ley de Instituciones Locales de Euskadi: Derechos, deberes y responsabilidades de las personas vecinas de un municipio. Participaci\u00f3n ciudadana.<\/p>\n<p>Tema 6: Ley de transparencia, acceso a la informaci\u00f3n p\u00fablica y buen gobierno: \u00c1mbito subjetivo de aplicaci\u00f3n. Derecho de acceso a la informaci\u00f3n p\u00fablica (art\u00edculo 12 a 22). Ley de Instituciones Locales de Euskadi: Obligaciones de publicidad activa de las entidades locales vascas (Cap\u00edtulo II del T\u00edulo VI).<\/p>\n<p>Tema 7: Ley Org\u00e1nica 3\/2018, de 5 de diciembre, de Protecci\u00f3n de datos personales y garant\u00eda de los derechos digitales: Disposiciones generales. Principios generales del tratamiento de datos. Legitimaci\u00f3n para el tratamiento. Datos especialmente protegidos. Derechos de las personas<\/p>\n<p>Tema 8: Ley 10\/1982, de 24 de noviembre, b\u00e1sica de normalizaci\u00f3n del uso del Euskera (art\u00edculos 1 a 14). Decreto 19\/2024, de 22 de febrero, de normalizaci\u00f3n del uso del euskera en el sector p\u00fablico vasco (art\u00edculos 1 a 12). Plan de normalizaci\u00f3n del uso del euskera en el Ayuntamiento de Barakaldo (2024-2027), Apartado 3: Criterios de periodos de planificaci\u00f3n. Apartado 4: Ejes del plan, objetivos indicadores y actuaciones de normalizaci\u00f3n.<\/p>\n<p>Tema 9: Decreto Legislativo 1\/2023, de 16 de marzo, por el que se aprueba el texto refundido de la Ley para la Igualdad de Mujeres y Hombres y Vidas Libres de Violencia Machista contra las Mujeres: Principios generales; competencias de la Administraci\u00f3n Local; medidas para la integraci\u00f3n de la perspectiva de g\u00e9nero en la actuaci\u00f3n de los poderes y las administraciones p\u00fablicas vascas (capacitaci\u00f3n del personal y medidas para promover la igualdad en la normativa y actividad administrativa); violencia machista contra las mujeres (marco general de intervenci\u00f3n). IV Plan para la Igualdad de Mujeres y Hombres en Barakaldo. 2021-2025. Finalidad, Caracter\u00edsticas y Estructura. II Plan Igualdad Interno del Ayuntamiento de Barakaldo: Ejes y Medidas de actuaci\u00f3n.<\/p>\n<p>Tema 10: Ley 31\/1995, de 8 de noviembre, de Prevenci\u00f3n de Riesgos Laborales: Cap\u00edtulos I y III.<\/p>\n<div class=\"info\">\n<h4 class=\"moreinfo\">Parte espec\u00edfica<\/h4>\n<div class=\"moreinfo\">Tema 11: Ley 39\/2015, de 1 de octubre, del Procedimiento Administrativo Com\u00fan de las Administraciones P\u00fablicas. Disposiciones generales. De los interesados en el procedimiento.<br data-start=\"281\" data-end=\"284\" \/>Tema 12: Ley 39\/2015, de 1 de octubre, del Procedimiento Administrativo Com\u00fan de las Administraciones P\u00fablicas. De la actividad de las Administraciones P\u00fablicas.<br data-start=\"445\" data-end=\"448\" data-is-only-node=\"\" \/>Tema 13: Ley 39\/2015, de 1 de octubre, del Procedimiento Administrativo Com\u00fan de las Administraciones P\u00fablicas. De los actos administrativos.<br data-start=\"589\" data-end=\"592\" \/>Tema 14: Ley 39\/2015, de 1 de octubre, del Procedimiento Administrativo Com\u00fan de las Administraciones P\u00fablicas. Disposiciones sobre el procedimiento administrativo com\u00fan: art\u00edculos 53 a 74.<br data-start=\"781\" data-end=\"784\" \/>Tema 15: Ley 39\/2015, de 1 de octubre, del Procedimiento Administrativo Com\u00fan de las Administraciones P\u00fablicas. Disposiciones sobre el procedimiento administrativo com\u00fan: art\u00edculos 75 a 95.<br data-start=\"973\" data-end=\"976\" \/>Tema 16: Ley 39\/2015, de 1 de octubre, del Procedimiento Administrativo Com\u00fan de las Administraciones P\u00fablicas. Disposiciones sobre el procedimiento administrativo com\u00fan: art\u00edculos 96 a 105.<br data-start=\"1166\" data-end=\"1169\" \/>Tema 17: Ley 39\/2015, de 1 de octubre, del Procedimiento Administrativo Com\u00fan de las Administraciones P\u00fablicas. Revisi\u00f3n de los actos en v\u00eda administrativa.<br data-start=\"1325\" data-end=\"1328\" \/>Tema 18: Ley 39\/2015, de 1 de octubre, de Procedimiento Administrativo Com\u00fan de las Administraciones. Iniciativa legislativa y potestad para dictar reglamentos y otras disposiciones.<br data-start=\"1510\" data-end=\"1513\" \/>Tema 19: Ley 40\/2015, de 1 de octubre, de R\u00e9gimen Jur\u00eddico del Sector P\u00fablico. T\u00edtulo Preliminar. \u00d3rganos de las Administraciones P\u00fablicas (art\u00edculos 5 a 14).<br data-start=\"1671\" data-end=\"1674\" \/>Tema 20: Ley 40\/2015, de 1 de octubre, de R\u00e9gimen Jur\u00eddico del Sector P\u00fablico. \u00d3rganos de las Administraciones P\u00fablicas (art\u00edculos 15 a 24).<br data-start=\"1814\" data-end=\"1817\" \/>Tema 21: Real Decreto 203\/2021, de 30 de marzo. Reglamento de actuaci\u00f3n y funcionamiento del sector p\u00fablico por medios electr\u00f3nicos. Disposiciones generales. T\u00edtulo I.<br data-start=\"1984\" data-end=\"1987\" \/>Tema 22: Real Decreto 203\/2021, de 30 de marzo. Reglamento de actuaci\u00f3n y funcionamiento del sector p\u00fablico por medios electr\u00f3nicos. T\u00edtulo II, Cap\u00edtulo III.<br data-start=\"2144\" data-end=\"2147\" \/>Tema 23: Real Decreto 203\/2021, de 30 de marzo. Reglamento de actuaci\u00f3n y funcionamiento del sector p\u00fablico por medios electr\u00f3nicos. T\u00edtulo III.<br data-start=\"2291\" data-end=\"2294\" \/>Tema 24: Ley 9\/2017, de 8 de noviembre, de Contratos del Sector P\u00fablico. \u00c1mbito subjetivo, clases de contratos y r\u00e9gimen jur\u00eddico.<br data-start=\"2424\" data-end=\"2427\" \/>Tema 25: Ley 9\/2017, de 8 de noviembre, de Contratos del Sector P\u00fablico. Preparaci\u00f3n y expediente de contrataci\u00f3n.<br data-start=\"2541\" data-end=\"2544\" \/>Tema 26: Ley 9\/2017, de 8 de noviembre, de Contratos del Sector P\u00fablico. Adjudicaci\u00f3n.<br data-start=\"2630\" data-end=\"2633\" \/>Tema 27: Ley 9\/2017, de 8 de noviembre, de Contratos del Sector P\u00fablico. Contratos menores.<br data-start=\"2724\" data-end=\"2727\" \/>Tema 28: Ley 2\/2006, de 30 de junio, del Suelo y Urbanismo. Clasificaci\u00f3n, calificaci\u00f3n y r\u00e9gimen del suelo.<br data-start=\"2835\" data-end=\"2838\" \/>Tema 29: Ley 2\/2006, de 30 de junio, del Suelo y Urbanismo. Licencias urban\u00edsticas.<br data-start=\"2921\" data-end=\"2924\" \/>Tema 30: Norma Foral 10\/2003, de 2 de diciembre. Presupuestos de las Entidades Locales de Bizkaia. T\u00edtulo Preliminar y contenido presupuestario.<br data-start=\"3068\" data-end=\"3071\" \/>Tema 31: Norma Foral 10\/2003, de 2 de diciembre. Estructura, elaboraci\u00f3n, aprobaci\u00f3n y pr\u00f3rroga presupuestaria.<br data-start=\"3182\" data-end=\"3185\" \/>Tema 32: Haciendas Locales. Constituci\u00f3n art\u00edculos 133 y 142. RDL 2\/2004 art\u00edculo 2. Norma Foral 9\/2005 art\u00edculos 2, 20 a 39 y 51 a 56.<br data-start=\"3320\" data-end=\"3323\" \/>Tema 33: Ley 38\/2003, de 17 de noviembre, General de Subvenciones. Disposiciones generales, concesi\u00f3n, gesti\u00f3n y reintegro.<br data-start=\"3446\" data-end=\"3449\" \/>Tema 34: Ley 40\/2015, de 1 de octubre. Principios de la potestad sancionadora.<br data-start=\"3527\" data-end=\"3530\" \/>Tema 35: Ley 1\/2023, de 16 de marzo. Potestad sancionadora de las Administraciones P\u00fablicas Vascas. Procedimiento.<br data-start=\"3644\" data-end=\"3647\" \/>Tema 36: Ley 40\/2015, de 1 de octubre. Responsabilidad patrimonial de las Administraciones P\u00fablicas.<br data-start=\"3747\" data-end=\"3750\" \/>Tema 37: Empleo P\u00fablico Vasco. RDL 5\/2015 T\u00edtulo II. Ley 11\/2022 T\u00edtulo II.<br data-start=\"3825\" data-end=\"3828\" \/>Tema 38: Empleo P\u00fablico Vasco. RDL 5\/2015 T\u00edtulo III. Ley 11\/2022 T\u00edtulo XI.<br data-start=\"3904\" data-end=\"3907\" \/>Tema 39: Empleo P\u00fablico Vasco. RDL 5\/2015 art\u00edculos 93 a 98. Ley 11\/2022 art\u00edculos 172 a 176.<br data-start=\"4000\" data-end=\"4003\" \/>Tema 40: Ley 11\/2022, de 1 de diciembre, de Empleo P\u00fablico Vasco. Situaciones administrativas.<\/div>\n<\/div>\n<p>&nbsp;<\/p>\n<\/div>\n<div><\/div><\/div>\n\t\t\t\t<\/div><div class='et-learn-more clearfix'>\n\t\t\t\t\t<h3 class='heading-more'>Precios y opciones de inscripci\u00f3n<span class='et_learnmore_arrow'><span><\/span><\/span><\/h3>\n\t\t\t\t\t<div class='learn-more-content'><ul>\n<li><strong>No hay permanencia<\/strong>. Las clases son online y en directo, interactivas. Se paga por las horas de clase impartidas en directo.\u00a0 Todas las clases quedan grabadas y a disposici\u00f3n en la plataforma de estudio, donde puedes visualizarlas tantas veces como quieras sin coste alguno<\/li>\n<li><strong>No importa que te inscribas al curso aunque este haya comenzado<\/strong> y se hayan tratado ya algunos temas, porque tienes todas las clases grabadas, ordenadas por temas, con sus test y apuntes correspondientes, y puedes recuperar la materia impartida. Adem\u00e1s de poder preguntar en clase, puedes formular preguntas en un foro, donde las contestar\u00e1 el profesor.<\/li>\n<li><strong>Los cursos son c\u00edclicos<\/strong>, y una vez hayas recibido las clases correspondientes a todo el temario, puedes seguir en la plataforma y seguir visualizando las clases grabadas hasta que apruebes el primer examen de la oposici\u00f3n. Tambi\u00e9n puedes acudir otra vez a clases en directo del mismo curso sin coste adicional<\/li>\n<\/ul><\/div>\n\t\t\t\t<\/div><div class='et-learn-more clearfix'>\n\t\t\t\t\t<h3 class='heading-more'>Instrucciones para acceder a las clases en directo<span class='et_learnmore_arrow'><span><\/span><\/span><\/h3>\n\t\t\t\t\t<div class='learn-more-content'><div>&#8211; La clase tiene lugar <strong>a trav\u00e9s de MEET<\/strong> y, por lo tanto, <strong>NO requiere instalaci\u00f3n de software<\/strong>.<\/div>\n<div>&#8211; \u00danicamente se necesita<strong> tener iniciada la sesi\u00f3n en google<\/strong> con la direcci\u00f3n de email que nos has proporcionado.<\/div>\n<div>&#8211; El sistema <strong>\u00fanicamente permite entrar al aula a alumnos matriculados<\/strong> que tengan <strong>sesi\u00f3n iniciada en google<\/strong>.<\/div>\n<div>&#8211; Se puede acceder al aula aproximadamente 15 minutos antes de comenzar la clase, siempre que ya est\u00e9 presente uno de los administradores.<\/div>\n<div>&#8211; Se recomienda usar el navegador <strong>Chrome<\/strong>, aunque tambi\u00e9n se puede utilizar Firefox (\u00falt. versi\u00f3n).<\/div>\n<div>&#8211; Tambi\u00e9n se aconseja utilizar <strong>micr\u00f3fono y auriculares<\/strong> con el fin de participar activamente, siempre acord\u00e1ndose de cerrar el micro una vez realizada la pregunta u observaci\u00f3n al profesor.<\/div>\n<div>&#8211; <strong>Todas las clases en directo quedan grabadas y puedes visualizarlas tantas veces como quieras sin coste adicional<\/strong>.<\/div><\/div>\n\t\t\t\t<\/div><div class='et-learn-more clearfix'>\n\t\t\t\t\t<h3 class='heading-more'>Metodolog\u00eda<span class='et_learnmore_arrow'><span><\/span><\/span><\/h3>\n\t\t\t\t\t<div class='learn-more-content'><ul>\n<li>La clase es online interactiva, de modo que los alumnos ven la pizarra y al profesor, y lo escuchan, as\u00ed como el profesor a los alumnos. Los alumnos pueden intervenir en todo momento para realizar preguntas, y el profesor puede preguntar en todo momento a un alumno concreto.<\/li>\n<li>En clase se explica la teor\u00eda, haciendo hincapi\u00e9 en lo m\u00e1s importante para la oposici\u00f3n, se realizan esquemas, test y ex\u00e1menes peri\u00f3dicos.<\/li>\n<li>Es necesario que el alumno estudie tambi\u00e9n en casa todos los d\u00edas, para realizar los ejercicios planteados en la \u00faltima clase, estudiar la materia dada y preparar la siguiente clase.<\/li>\n<li>Todas las clases se graban en v\u00eddeo y las puedes visualizar despu\u00e9s tantas veces como quieras sin coste adicional.<\/li>\n<\/ul>\n<div><\/div>\n<div><\/div><\/div>\n\t\t\t\t<\/div><div class='et-learn-more clearfix'>\n\t\t\t\t\t<h3 class='heading-more'>Precio<span class='et_learnmore_arrow'><span><\/span><\/span><\/h3>\n\t\t\t\t\t<div class='learn-more-content'><p><strong>En directo y diferido, CURSO COMPLETO hasta aprobar el examen de oposici\u00f3n 390 \u20ac\u00a0<\/strong><\/p>\n<p>Acceso al temario completo, apuntes, res\u00famenes, esquemas y test de todos los temas, as\u00ed como el acceso a todas las clases impartidas. Incluye el acceso a bloques monotem\u00e1ticos dedicados a los temas m\u00e1s importantes de las oposiciones, as\u00ed como a colecciones de ex\u00e1menes resueltos, con la clase correspondiente Acceso a todas las clases de Supuestos Pr\u00e1cticos, con los respectivos ejercicios. Acceso a todas las clases que traten un tema com\u00fan en las dem\u00e1s oposiciones.<\/p><\/div>\n\t\t\t\t<\/div><\/p>\n","protected":false},"featured_media":6190,"comment_status":"open","ping_status":"closed","template":"","meta":{"_et_pb_use_builder":"","_et_pb_old_content":"","_et_gb_content_width":""},"product_brand":[],"product_cat":[224],"product_tag":[413,411],"class_list":{"0":"post-6192","1":"product","2":"type-product","3":"status-publish","4":"has-post-thumbnail","6":"product_cat-administrativos-as","7":"product_tag-administrativos-ayuntamiento-barakaldo","8":"product_tag-administrativos-ayuntamientos-de-bizkaia","10":"first","11":"instock","12":"virtual","13":"purchasable","14":"product-type-simple"},"_links":{"self":[{"href":"https:\/\/estudiosadministrativos.com\/inscripcion\/wp-json\/wp\/v2\/product\/6192","targetHints":{"allow":["GET"]}}],"collection":[{"href":"https:\/\/estudiosadministrativos.com\/inscripcion\/wp-json\/wp\/v2\/product"}],"about":[{"href":"https:\/\/estudiosadministrativos.com\/inscripcion\/wp-json\/wp\/v2\/types\/product"}],"replies":[{"embeddable":true,"href":"https:\/\/estudiosadministrativos.com\/inscripcion\/wp-json\/wp\/v2\/comments?post=6192"}],"wp:featuredmedia":[{"embeddable":true,"href":"https:\/\/estudiosadministrativos.com\/inscripcion\/wp-json\/wp\/v2\/media\/6190"}],"wp:attachment":[{"href":"https:\/\/estudiosadministrativos.com\/inscripcion\/wp-json\/wp\/v2\/media?parent=6192"}],"wp:term":[{"taxonomy":"product_brand","embeddable":true,"href":"https:\/\/estudiosadministrativos.com\/inscripcion\/wp-json\/wp\/v2\/product_brand?post=6192"},{"taxonomy":"product_cat","embeddable":true,"href":"https:\/\/estudiosadministrativos.com\/inscripcion\/wp-json\/wp\/v2\/product_cat?post=6192"},{"taxonomy":"product_tag","embeddable":true,"href":"https:\/\/estudiosadministrativos.com\/inscripcion\/wp-json\/wp\/v2\/product_tag?post=6192"}],"curies":[{"name":"wp","href":"https:\/\/api.w.org\/{rel}","templated":true}]}}