{"id":1000,"date":"2021-07-26T09:22:11","date_gmt":"2021-07-26T07:22:11","guid":{"rendered":"https:\/\/estudiosadministrativos.com\/test-temarios-oposiciones\/?post_type=product&#038;p=1000"},"modified":"2023-04-30T21:28:39","modified_gmt":"2023-04-30T19:28:39","slug":"test-estatuto-basico-del-empleado-publico-titulo-iv-75-preguntas","status":"publish","type":"product","link":"https:\/\/estudiosadministrativos.com\/test-temarios-oposiciones\/recurso\/test-estatuto-basico-del-empleado-publico-titulo-iv-75-preguntas\/","title":{"rendered":"TEST Estatuto B\u00e1sico del Empleado P\u00fablico &#8211; T\u00edtulo IV &#8211; 75 preguntas"},"content":{"rendered":"<h2>TEST Estatuto B\u00e1sico del Empleado P\u00fablico<\/h2>\n<h3>75 preguntas<\/h3>\n<p>&nbsp;<\/p>\n<h4>T\u00cdTULO IV Adquisici\u00f3n y p\u00e9rdida de la relaci\u00f3n de servicio<\/h4>\n<h5>CAP\u00cdTULO I Acceso al empleo p\u00fablico y adquisici\u00f3n de la relaci\u00f3n de servicio (arts. 55 &#8211; 62)<\/h5>\n<h5>CAP\u00cdTULO II P\u00e9rdida de la relaci\u00f3n de servicio (arts. 63 &#8211; 69)<\/h5>\n","protected":false},"excerpt":{"rendered":"<h2>TEST Estatuto B\u00e1sico del Empleado P\u00fablico<\/h2>\n<h3>75 preguntas<\/h3>\n<p>&nbsp;<\/p>\n<h4>T\u00cdTULO IV Adquisici\u00f3n y p\u00e9rdida de la relaci\u00f3n de servicio<\/h4>\n<h5>CAP\u00cdTULO I Acceso al empleo p\u00fablico y adquisici\u00f3n de la relaci\u00f3n de servicio (arts. 55 &#8211; 62)<\/h5>\n<h5>CAP\u00cdTULO II P\u00e9rdida de la relaci\u00f3n de servicio (arts. 63 &#8211; 69)<\/h5>\n","protected":false},"featured_media":1002,"comment_status":"open","ping_status":"closed","template":"","meta":{"site-sidebar-layout":"default","site-content-layout":"default","ast-site-content-layout":"default","site-content-style":"default","site-sidebar-style":"default","ast-global-header-display":"","ast-banner-title-visibility":"","ast-main-header-display":"","ast-hfb-above-header-display":"","ast-hfb-below-header-display":"","ast-hfb-mobile-header-display":"","site-post-title":"","ast-breadcrumbs-content":"","ast-featured-img":"","footer-sml-layout":"","ast-disable-related-posts":"","theme-transparent-header-meta":"default","adv-header-id-meta":"","stick-header-meta":"","header-above-stick-meta":"","header-main-stick-meta":"","header-below-stick-meta":"","astra-migrate-meta-layouts":"default","ast-page-background-enabled":"default","ast-page-background-meta":{"desktop":{"background-color":"","background-image":"","background-repeat":"repeat","background-position":"center center","background-size":"auto","background-attachment":"scroll","background-type":"","background-media":"","overlay-type":"","overlay-color":"","overlay-opacity":"","overlay-gradient":""},"tablet":{"background-color":"","background-image":"","background-repeat":"repeat","background-position":"center center","background-size":"auto","background-attachment":"scroll","background-type":"","background-media":"","overlay-type":"","overlay-color":"","overlay-opacity":"","overlay-gradient":""},"mobile":{"background-color":"","background-image":"","background-repeat":"repeat","background-position":"center center","background-size":"auto","background-attachment":"scroll","background-type":"","background-media":"","overlay-type":"","overlay-color":"","overlay-opacity":"","overlay-gradient":""}},"ast-content-background-meta":{"desktop":{"background-color":"var(--ast-global-color-5)","background-image":"","background-repeat":"repeat","background-position":"center center","background-size":"auto","background-attachment":"scroll","background-type":"","background-media":"","overlay-type":"","overlay-color":"","overlay-opacity":"","overlay-gradient":""},"tablet":{"background-color":"var(--ast-global-color-5)","background-image":"","background-repeat":"repeat","background-position":"center center","background-size":"auto","background-attachment":"scroll","background-type":"","background-media":"","overlay-type":"","overlay-color":"","overlay-opacity":"","overlay-gradient":""},"mobile":{"background-color":"var(--ast-global-color-5)","background-image":"","background-repeat":"repeat","background-position":"center center","background-size":"auto","background-attachment":"scroll","background-type":"","background-media":"","overlay-type":"","overlay-color":"","overlay-opacity":"","overlay-gradient":""}}},"product_brand":[],"product_cat":[226,35,72],"product_tag":[227,228],"class_list":{"0":"post-1000","1":"product","2":"type-product","3":"status-publish","4":"has-post-thumbnail","6":"product_cat-estatuto-basico-del-empleado-publico","7":"product_cat-test-apuntes-temarios-recursos","8":"product_cat-test-de-oposiciones","9":"product_tag-test-estatuto-basico-del-empleado-publico","10":"product_tag-test-funcion-publica","11":"desktop-align-left","12":"tablet-align-left","13":"mobile-align-left","15":"first","16":"instock","17":"downloadable","18":"virtual","19":"purchasable","20":"product-type-simple"},"_links":{"self":[{"href":"https:\/\/estudiosadministrativos.com\/test-temarios-oposiciones\/wp-json\/wp\/v2\/product\/1000","targetHints":{"allow":["GET"]}}],"collection":[{"href":"https:\/\/estudiosadministrativos.com\/test-temarios-oposiciones\/wp-json\/wp\/v2\/product"}],"about":[{"href":"https:\/\/estudiosadministrativos.com\/test-temarios-oposiciones\/wp-json\/wp\/v2\/types\/product"}],"replies":[{"embeddable":true,"href":"https:\/\/estudiosadministrativos.com\/test-temarios-oposiciones\/wp-json\/wp\/v2\/comments?post=1000"}],"wp:featuredmedia":[{"embeddable":true,"href":"https:\/\/estudiosadministrativos.com\/test-temarios-oposiciones\/wp-json\/wp\/v2\/media\/1002"}],"wp:attachment":[{"href":"https:\/\/estudiosadministrativos.com\/test-temarios-oposiciones\/wp-json\/wp\/v2\/media?parent=1000"}],"wp:term":[{"taxonomy":"product_brand","embeddable":true,"href":"https:\/\/estudiosadministrativos.com\/test-temarios-oposiciones\/wp-json\/wp\/v2\/product_brand?post=1000"},{"taxonomy":"product_cat","embeddable":true,"href":"https:\/\/estudiosadministrativos.com\/test-temarios-oposiciones\/wp-json\/wp\/v2\/product_cat?post=1000"},{"taxonomy":"product_tag","embeddable":true,"href":"https:\/\/estudiosadministrativos.com\/test-temarios-oposiciones\/wp-json\/wp\/v2\/product_tag?post=1000"}],"curies":[{"name":"wp","href":"https:\/\/api.w.org\/{rel}","templated":true}]}}