{"id":1034,"date":"2021-07-29T02:45:59","date_gmt":"2021-07-29T00:45:59","guid":{"rendered":"https:\/\/estudiosadministrativos.com\/test-temarios-oposiciones\/?post_type=product&#038;p=1034"},"modified":"2023-04-30T21:27:43","modified_gmt":"2023-04-30T19:27:43","slug":"esquemas-sobre-el-ordenamiento-juridico","status":"publish","type":"product","link":"https:\/\/estudiosadministrativos.com\/test-temarios-oposiciones\/recurso\/esquemas-sobre-el-ordenamiento-juridico\/","title":{"rendered":"Esquemas sobre el ordenamiento jur\u00eddico de las Administraciones P\u00fablicas"},"content":{"rendered":"<h2>Esquemas sobre el ordenamiento jur\u00eddico<\/h2>\n<h3>el ordenamiento jur\u00eddico de las Administraciones P\u00fablicas<\/h3>\n<h4>6 esquemas fundamentales<\/h4>\n<hr \/>\n<ul id=\"yui_3_17_2_1_1627518900749_27\">\n<li id=\"yui_3_17_2_1_1627518900749_26\"><strong>1. Las Administraciones p\u00fablicas en el ordenamiento jur\u00eddico<\/strong><\/li>\n<li><strong>2. Administraci\u00f3n p\u00fablica de la Comunidad Aut\u00f3noma del Pa\u00eds Vasco<\/strong><\/li>\n<li><strong>3. Principios de actuaci\u00f3n de la Administraci\u00f3n P\u00fablica<\/strong><\/li>\n<li><strong>4. Eficacia<\/strong><\/li>\n<li><strong>5. Jerarqu\u00eda<\/strong><\/li>\n<li><strong>6. Descentralizaci\u00f3n &#8211; Desconcentraci\u00f3n<\/strong><\/li>\n<\/ul>\n","protected":false},"excerpt":{"rendered":"<h2>Esquemas sobre el ordenamiento jur\u00eddico<\/h2>\n<h3>el ordenamiento jur\u00eddico de las Administraciones P\u00fablicas<\/h3>\n<h4>6 esquemas fundamentales<\/h4>\n","protected":false},"featured_media":1036,"comment_status":"open","ping_status":"closed","template":"","meta":{"site-sidebar-layout":"default","site-content-layout":"default","ast-site-content-layout":"default","site-content-style":"default","site-sidebar-style":"default","ast-global-header-display":"","ast-banner-title-visibility":"","ast-main-header-display":"","ast-hfb-above-header-display":"","ast-hfb-below-header-display":"","ast-hfb-mobile-header-display":"","site-post-title":"","ast-breadcrumbs-content":"","ast-featured-img":"","footer-sml-layout":"","ast-disable-related-posts":"","theme-transparent-header-meta":"default","adv-header-id-meta":"","stick-header-meta":"","header-above-stick-meta":"","header-main-stick-meta":"","header-below-stick-meta":"","astra-migrate-meta-layouts":"default","ast-page-background-enabled":"default","ast-page-background-meta":{"desktop":{"background-color":"","background-image":"","background-repeat":"repeat","background-position":"center center","background-size":"auto","background-attachment":"scroll","background-type":"","background-media":"","overlay-type":"","overlay-color":"","overlay-opacity":"","overlay-gradient":""},"tablet":{"background-color":"","background-image":"","background-repeat":"repeat","background-position":"center center","background-size":"auto","background-attachment":"scroll","background-type":"","background-media":"","overlay-type":"","overlay-color":"","overlay-opacity":"","overlay-gradient":""},"mobile":{"background-color":"","background-image":"","background-repeat":"repeat","background-position":"center center","background-size":"auto","background-attachment":"scroll","background-type":"","background-media":"","overlay-type":"","overlay-color":"","overlay-opacity":"","overlay-gradient":""}},"ast-content-background-meta":{"desktop":{"background-color":"var(--ast-global-color-5)","background-image":"","background-repeat":"repeat","background-position":"center center","background-size":"auto","background-attachment":"scroll","background-type":"","background-media":"","overlay-type":"","overlay-color":"","overlay-opacity":"","overlay-gradient":""},"tablet":{"background-color":"var(--ast-global-color-5)","background-image":"","background-repeat":"repeat","background-position":"center center","background-size":"auto","background-attachment":"scroll","background-type":"","background-media":"","overlay-type":"","overlay-color":"","overlay-opacity":"","overlay-gradient":""},"mobile":{"background-color":"var(--ast-global-color-5)","background-image":"","background-repeat":"repeat","background-position":"center center","background-size":"auto","background-attachment":"scroll","background-type":"","background-media":"","overlay-type":"","overlay-color":"","overlay-opacity":"","overlay-gradient":""}}},"product_brand":[],"product_cat":[19,68,35],"product_tag":[235,234],"class_list":{"0":"post-1034","1":"product","2":"type-product","3":"status-publish","4":"has-post-thumbnail","6":"product_cat-esquemas-para-oposiciones","7":"product_cat-ley-40-2015-de-1-de-octubre","8":"product_cat-test-apuntes-temarios-recursos","9":"product_tag-esquemas-sobre-el-ordenamiento-juridico","10":"product_tag-esquemas-sobre-oposiciones","11":"desktop-align-left","12":"tablet-align-left","13":"mobile-align-left","15":"first","16":"instock","17":"downloadable","18":"virtual","19":"purchasable","20":"product-type-simple"},"_links":{"self":[{"href":"https:\/\/estudiosadministrativos.com\/test-temarios-oposiciones\/wp-json\/wp\/v2\/product\/1034","targetHints":{"allow":["GET"]}}],"collection":[{"href":"https:\/\/estudiosadministrativos.com\/test-temarios-oposiciones\/wp-json\/wp\/v2\/product"}],"about":[{"href":"https:\/\/estudiosadministrativos.com\/test-temarios-oposiciones\/wp-json\/wp\/v2\/types\/product"}],"replies":[{"embeddable":true,"href":"https:\/\/estudiosadministrativos.com\/test-temarios-oposiciones\/wp-json\/wp\/v2\/comments?post=1034"}],"wp:featuredmedia":[{"embeddable":true,"href":"https:\/\/estudiosadministrativos.com\/test-temarios-oposiciones\/wp-json\/wp\/v2\/media\/1036"}],"wp:attachment":[{"href":"https:\/\/estudiosadministrativos.com\/test-temarios-oposiciones\/wp-json\/wp\/v2\/media?parent=1034"}],"wp:term":[{"taxonomy":"product_brand","embeddable":true,"href":"https:\/\/estudiosadministrativos.com\/test-temarios-oposiciones\/wp-json\/wp\/v2\/product_brand?post=1034"},{"taxonomy":"product_cat","embeddable":true,"href":"https:\/\/estudiosadministrativos.com\/test-temarios-oposiciones\/wp-json\/wp\/v2\/product_cat?post=1034"},{"taxonomy":"product_tag","embeddable":true,"href":"https:\/\/estudiosadministrativos.com\/test-temarios-oposiciones\/wp-json\/wp\/v2\/product_tag?post=1034"}],"curies":[{"name":"wp","href":"https:\/\/api.w.org\/{rel}","templated":true}]}}