{"id":1040,"date":"2021-07-29T06:30:09","date_gmt":"2021-07-29T04:30:09","guid":{"rendered":"https:\/\/estudiosadministrativos.com\/test-temarios-oposiciones\/?post_type=product&#038;p=1040"},"modified":"2023-04-30T21:27:26","modified_gmt":"2023-04-30T19:27:26","slug":"esquemas-ope-justicia","status":"publish","type":"product","link":"https:\/\/estudiosadministrativos.com\/test-temarios-oposiciones\/recurso\/esquemas-ope-justicia\/","title":{"rendered":"Esquemas OPE Justicia &#8211; Gesti\u00f3n y Tramitaci\u00f3n Procesal &#8211; La EJECUCI\u00d3N  (11 esquemas)"},"content":{"rendered":"<h2>Esquemas OPE justicia<\/h2>\n<h3>Gesti\u00f3n y Tramitaci\u00f3n Procesal<\/h3>\n<p>&nbsp;<\/p>\n<h4>11 Esquemas sobre la EJECUCI\u00d3N<\/h4>\n<p>&nbsp;<\/p>\n<hr \/>\n<h5>Contiene los siguientes esquemas:<\/h5>\n<p>&nbsp;<\/p>\n<ol>\n<li>DESARROLLO DEL PROCESO DE EJECUCI\u00d3N<\/li>\n<li>DESPACHO DE EJECUCION<\/li>\n<li>DETERMINACION CANTIDAD Y DESPACHO DE LA EJECUCION<\/li>\n<li>EJECUCION NO DINERARIA<\/li>\n<li>EJECUCION PROVISIONAL<\/li>\n<li>EMBARGO DE BIENES<\/li>\n<li>ESQUEMA TERCERIA DE DOMINIO<\/li>\n<li>MEDIDAS CAUTELARES<\/li>\n<li>PROCEDIMIENTO DE APREMIO I<\/li>\n<li>PROCEDIMIENTO DE APREMIO II<\/li>\n<li>SUBASTA<\/li>\n<\/ol>\n<p>&nbsp;<\/p>\n","protected":false},"excerpt":{"rendered":"<h2>Esquemas OPE justicia<\/h2>\n<h3>Gesti\u00f3n y Tramitaci\u00f3n Procesal<\/h3>\n<h4>11 Esquemas sobre la EJECUCI\u00d3N<\/h4>\n<p>&nbsp;<\/p>\n<hr \/>\n<h5>Contiene los siguientes esquemas:<\/h5>\n<p>&nbsp;<\/p>\n<ol>\n<li>DESARROLLO DEL PROCESO DE EJECUCI\u00d3N<\/li>\n<li>DESPACHO DE EJECUCION<\/li>\n<li>DETERMINACION CANTIDAD Y DESPACHO DE LA EJECUCION<\/li>\n<li>EJECUCION NO DINERARIA<\/li>\n<li>EJECUCION PROVISIONAL<\/li>\n<li>EMBARGO DE BIENES<\/li>\n<li>ESQUEMA TERCERIA DE DOMINIO<\/li>\n<li>MEDIDAS CAUTELARES<\/li>\n<li>PROCEDIMIENTO DE APREMIO I<\/li>\n<li>PROCEDIMIENTO DE APREMIO II<\/li>\n<li>SUBASTA<\/li>\n<\/ol>\n","protected":false},"featured_media":1044,"comment_status":"open","ping_status":"closed","template":"","meta":{"site-sidebar-layout":"default","site-content-layout":"default","ast-site-content-layout":"default","site-content-style":"default","site-sidebar-style":"default","ast-global-header-display":"","ast-banner-title-visibility":"","ast-main-header-display":"","ast-hfb-above-header-display":"","ast-hfb-below-header-display":"","ast-hfb-mobile-header-display":"","site-post-title":"","ast-breadcrumbs-content":"","ast-featured-img":"","footer-sml-layout":"","ast-disable-related-posts":"","theme-transparent-header-meta":"default","adv-header-id-meta":"","stick-header-meta":"","header-above-stick-meta":"","header-main-stick-meta":"","header-below-stick-meta":"","astra-migrate-meta-layouts":"default","ast-page-background-enabled":"default","ast-page-background-meta":{"desktop":{"background-color":"","background-image":"","background-repeat":"repeat","background-position":"center center","background-size":"auto","background-attachment":"scroll","background-type":"","background-media":"","overlay-type":"","overlay-color":"","overlay-opacity":"","overlay-gradient":""},"tablet":{"background-color":"","background-image":"","background-repeat":"repeat","background-position":"center center","background-size":"auto","background-attachment":"scroll","background-type":"","background-media":"","overlay-type":"","overlay-color":"","overlay-opacity":"","overlay-gradient":""},"mobile":{"background-color":"","background-image":"","background-repeat":"repeat","background-position":"center center","background-size":"auto","background-attachment":"scroll","background-type":"","background-media":"","overlay-type":"","overlay-color":"","overlay-opacity":"","overlay-gradient":""}},"ast-content-background-meta":{"desktop":{"background-color":"var(--ast-global-color-5)","background-image":"","background-repeat":"repeat","background-position":"center center","background-size":"auto","background-attachment":"scroll","background-type":"","background-media":"","overlay-type":"","overlay-color":"","overlay-opacity":"","overlay-gradient":""},"tablet":{"background-color":"var(--ast-global-color-5)","background-image":"","background-repeat":"repeat","background-position":"center center","background-size":"auto","background-attachment":"scroll","background-type":"","background-media":"","overlay-type":"","overlay-color":"","overlay-opacity":"","overlay-gradient":""},"mobile":{"background-color":"var(--ast-global-color-5)","background-image":"","background-repeat":"repeat","background-position":"center center","background-size":"auto","background-attachment":"scroll","background-type":"","background-media":"","overlay-type":"","overlay-color":"","overlay-opacity":"","overlay-gradient":""}}},"product_brand":[],"product_cat":[19,35,236],"product_tag":[239,238,237],"class_list":{"0":"post-1040","1":"product","2":"type-product","3":"status-publish","4":"has-post-thumbnail","6":"product_cat-esquemas-para-oposiciones","7":"product_cat-test-apuntes-temarios-recursos","8":"product_cat-tramitacion-y-gestion-procesal","9":"product_tag-esquemas-ope-justicia","10":"product_tag-gestion-judicial","11":"product_tag-tramitacion-judicial","12":"desktop-align-left","13":"tablet-align-left","14":"mobile-align-left","16":"first","17":"instock","18":"downloadable","19":"virtual","20":"purchasable","21":"product-type-simple"},"_links":{"self":[{"href":"https:\/\/estudiosadministrativos.com\/test-temarios-oposiciones\/wp-json\/wp\/v2\/product\/1040","targetHints":{"allow":["GET"]}}],"collection":[{"href":"https:\/\/estudiosadministrativos.com\/test-temarios-oposiciones\/wp-json\/wp\/v2\/product"}],"about":[{"href":"https:\/\/estudiosadministrativos.com\/test-temarios-oposiciones\/wp-json\/wp\/v2\/types\/product"}],"replies":[{"embeddable":true,"href":"https:\/\/estudiosadministrativos.com\/test-temarios-oposiciones\/wp-json\/wp\/v2\/comments?post=1040"}],"wp:featuredmedia":[{"embeddable":true,"href":"https:\/\/estudiosadministrativos.com\/test-temarios-oposiciones\/wp-json\/wp\/v2\/media\/1044"}],"wp:attachment":[{"href":"https:\/\/estudiosadministrativos.com\/test-temarios-oposiciones\/wp-json\/wp\/v2\/media?parent=1040"}],"wp:term":[{"taxonomy":"product_brand","embeddable":true,"href":"https:\/\/estudiosadministrativos.com\/test-temarios-oposiciones\/wp-json\/wp\/v2\/product_brand?post=1040"},{"taxonomy":"product_cat","embeddable":true,"href":"https:\/\/estudiosadministrativos.com\/test-temarios-oposiciones\/wp-json\/wp\/v2\/product_cat?post=1040"},{"taxonomy":"product_tag","embeddable":true,"href":"https:\/\/estudiosadministrativos.com\/test-temarios-oposiciones\/wp-json\/wp\/v2\/product_tag?post=1040"}],"curies":[{"name":"wp","href":"https:\/\/api.w.org\/{rel}","templated":true}]}}