{"id":1089,"date":"2021-07-30T09:49:50","date_gmt":"2021-07-30T07:49:50","guid":{"rendered":"https:\/\/estudiosadministrativos.com\/test-temarios-oposiciones\/?post_type=product&#038;p=1089"},"modified":"2023-04-30T21:26:00","modified_gmt":"2023-04-30T19:26:00","slug":"esquemas-division-de-herencia","status":"publish","type":"product","link":"https:\/\/estudiosadministrativos.com\/test-temarios-oposiciones\/recurso\/esquemas-division-de-herencia\/","title":{"rendered":"Esquemas Divisi\u00f3n de Herencia &#8211; Arts. 782 a 805 LEC 1\/2000 &#8211; Tramitaci\u00f3n y Gesti\u00f3n Procesal &#8211; 5 esquemas"},"content":{"rendered":"<h2>Esquemas Divisi\u00f3n de Herencia<\/h2>\n<h3>Arts. 782 a 805 LEC 1\/2000<\/h3>\n<h4>5 esquemas<\/h4>\n<p>&nbsp;<\/p>\n<ol>\n<li><strong>Procedimiento para la divisi\u00f3n de herencia<\/strong><\/li>\n<li><strong>Intervenci\u00f3n del caudal hereditario (arts. 790 a 792)<\/strong><\/li>\n<li><strong>Formaci\u00f3n de inventario (arts. 793 al 796)<\/strong><\/li>\n<li><strong>Divisi\u00f3n del caudal y adjudicaci\u00f3n (art. 782 al 786 LEC)<\/strong><\/li>\n<li><strong>Aprobaci\u00f3n de las operaciones divisorias (arts. 787 a 789 LEC)<\/strong><\/li>\n<\/ol>\n<p>&nbsp;<\/p>\n","protected":false},"excerpt":{"rendered":"<h2>Esquemas Divisi\u00f3n de Herencia<\/h2>\n<h3>Arts. 782 a 805 LEC 1\/2000<\/h3>\n<h4>5 esquemas<\/h4>\n<p>&nbsp;<\/p>\n<ol>\n<li><strong>Procedimiento para la divisi\u00f3n de herencia<\/strong><\/li>\n<li><strong>Intervenci\u00f3n del caudal hereditario (arts. 790 a 792)<\/strong><\/li>\n<li><strong>Formaci\u00f3n de inventario (arts. 793 al 796)<\/strong><\/li>\n<li><strong>Divisi\u00f3n del caudal y adjudicaci\u00f3n (art. 782 al 786 LEC)<\/strong><\/li>\n<li><strong>Aprobaci\u00f3n de las operaciones divisorias (arts. 787 a 789 LEC)<\/strong><\/li>\n<\/ol>\n","protected":false},"featured_media":1090,"comment_status":"open","ping_status":"closed","template":"","meta":{"site-sidebar-layout":"default","site-content-layout":"default","ast-site-content-layout":"default","site-content-style":"default","site-sidebar-style":"default","ast-global-header-display":"","ast-banner-title-visibility":"","ast-main-header-display":"","ast-hfb-above-header-display":"","ast-hfb-below-header-display":"","ast-hfb-mobile-header-display":"","site-post-title":"","ast-breadcrumbs-content":"","ast-featured-img":"","footer-sml-layout":"","ast-disable-related-posts":"","theme-transparent-header-meta":"default","adv-header-id-meta":"","stick-header-meta":"","header-above-stick-meta":"","header-main-stick-meta":"","header-below-stick-meta":"","astra-migrate-meta-layouts":"default","ast-page-background-enabled":"default","ast-page-background-meta":{"desktop":{"background-color":"","background-image":"","background-repeat":"repeat","background-position":"center center","background-size":"auto","background-attachment":"scroll","background-type":"","background-media":"","overlay-type":"","overlay-color":"","overlay-opacity":"","overlay-gradient":""},"tablet":{"background-color":"","background-image":"","background-repeat":"repeat","background-position":"center center","background-size":"auto","background-attachment":"scroll","background-type":"","background-media":"","overlay-type":"","overlay-color":"","overlay-opacity":"","overlay-gradient":""},"mobile":{"background-color":"","background-image":"","background-repeat":"repeat","background-position":"center center","background-size":"auto","background-attachment":"scroll","background-type":"","background-media":"","overlay-type":"","overlay-color":"","overlay-opacity":"","overlay-gradient":""}},"ast-content-background-meta":{"desktop":{"background-color":"var(--ast-global-color-5)","background-image":"","background-repeat":"repeat","background-position":"center center","background-size":"auto","background-attachment":"scroll","background-type":"","background-media":"","overlay-type":"","overlay-color":"","overlay-opacity":"","overlay-gradient":""},"tablet":{"background-color":"var(--ast-global-color-5)","background-image":"","background-repeat":"repeat","background-position":"center center","background-size":"auto","background-attachment":"scroll","background-type":"","background-media":"","overlay-type":"","overlay-color":"","overlay-opacity":"","overlay-gradient":""},"mobile":{"background-color":"var(--ast-global-color-5)","background-image":"","background-repeat":"repeat","background-position":"center center","background-size":"auto","background-attachment":"scroll","background-type":"","background-media":"","overlay-type":"","overlay-color":"","overlay-opacity":"","overlay-gradient":""}}},"product_brand":[],"product_cat":[19,35,236],"product_tag":[248,247,246],"class_list":{"0":"post-1089","1":"product","2":"type-product","3":"status-publish","4":"has-post-thumbnail","6":"product_cat-esquemas-para-oposiciones","7":"product_cat-test-apuntes-temarios-recursos","8":"product_cat-tramitacion-y-gestion-procesal","9":"product_tag-esquemas-la-division-de-herencia","10":"product_tag-gestion-procesal","11":"product_tag-tramitacion-procesal","12":"desktop-align-left","13":"tablet-align-left","14":"mobile-align-left","16":"first","17":"instock","18":"downloadable","19":"virtual","20":"purchasable","21":"product-type-simple"},"_links":{"self":[{"href":"https:\/\/estudiosadministrativos.com\/test-temarios-oposiciones\/wp-json\/wp\/v2\/product\/1089","targetHints":{"allow":["GET"]}}],"collection":[{"href":"https:\/\/estudiosadministrativos.com\/test-temarios-oposiciones\/wp-json\/wp\/v2\/product"}],"about":[{"href":"https:\/\/estudiosadministrativos.com\/test-temarios-oposiciones\/wp-json\/wp\/v2\/types\/product"}],"replies":[{"embeddable":true,"href":"https:\/\/estudiosadministrativos.com\/test-temarios-oposiciones\/wp-json\/wp\/v2\/comments?post=1089"}],"wp:featuredmedia":[{"embeddable":true,"href":"https:\/\/estudiosadministrativos.com\/test-temarios-oposiciones\/wp-json\/wp\/v2\/media\/1090"}],"wp:attachment":[{"href":"https:\/\/estudiosadministrativos.com\/test-temarios-oposiciones\/wp-json\/wp\/v2\/media?parent=1089"}],"wp:term":[{"taxonomy":"product_brand","embeddable":true,"href":"https:\/\/estudiosadministrativos.com\/test-temarios-oposiciones\/wp-json\/wp\/v2\/product_brand?post=1089"},{"taxonomy":"product_cat","embeddable":true,"href":"https:\/\/estudiosadministrativos.com\/test-temarios-oposiciones\/wp-json\/wp\/v2\/product_cat?post=1089"},{"taxonomy":"product_tag","embeddable":true,"href":"https:\/\/estudiosadministrativos.com\/test-temarios-oposiciones\/wp-json\/wp\/v2\/product_tag?post=1089"}],"curies":[{"name":"wp","href":"https:\/\/api.w.org\/{rel}","templated":true}]}}