{"id":1350,"date":"2021-09-06T04:39:50","date_gmt":"2021-09-06T02:39:50","guid":{"rendered":"https:\/\/estudiosadministrativos.com\/test-temarios-oposiciones\/?post_type=product&#038;p=1350"},"modified":"2023-04-08T03:35:35","modified_gmt":"2023-04-08T01:35:35","slug":"curso-ley-reguladora-de-las-bases-del-regimen-local","status":"publish","type":"product","link":"https:\/\/estudiosadministrativos.com\/test-temarios-oposiciones\/recurso\/curso-ley-reguladora-de-las-bases-del-regimen-local\/","title":{"rendered":"Curso Ley Reguladora de las Bases del R\u00e9gimen Local \u2013 Clases con apuntes, esquemas, res\u00famenes y test"},"content":{"rendered":"<h2>Curso Ley Reguladora de las Bases del R\u00e9gimen Local<\/h2>\n<h2><\/h2>\n<h3>Clases con apuntes, esquemas, res\u00famenes y test<\/h3>\n<h3>Acceso por tiempo ilimitado (nuestra plataforma est\u00e1 en\u00a0 continua atualizaci\u00f3n y ampliaci\u00f3n)<\/h3>\n<h4>En cuanto realizas la inscripci\u00f3n te llega un correo con un enlace para acceder <a href=\"https:\/\/estudiosadministrativos.com\/cursos\/course\/index.php?categoryid=84\" target=\"_blank\" rel=\"noopener\">a la plataforma<\/a><\/h4>\n<p>Tienes los TEST en versi\u00f3n PDF para descargar y online cronometrados con reordenamiento de preguntas.<\/p>\n<p>El contenido del curso Ley Reguladora de las Bases del R\u00e9gimen Local es fundamental e indispensable para las oposiciones a cualquier Ayuntamiento de Espa\u00f1a.<\/p>\n<h4><strong>Contenido<\/strong><\/h4>\n<h5><a href=\"https:\/\/estudiosadministrativos.com\/cursos\/course\/view.php?id=85#section-1\" data-et-has-event-already=\"true\">I.) T\u00edtulo I Disposiciones generales, T\u00edtulo II El Municipio: Territorio y poblaci\u00f3n, Organizaci\u00f3n, Competencias y Reg\u00edmenes especiales<\/a><\/h5>\n<h5><a href=\"https:\/\/estudiosadministrativos.com\/cursos\/course\/view.php?id=85#section-2\" data-et-has-event-already=\"true\">El padr\u00f3n municipal: su gesti\u00f3n por parte de los Ayuntamientos . La Resoluci\u00f3n de 29 de abril de 2020<\/a><\/h5>\n<h5><a href=\"https:\/\/estudiosadministrativos.com\/cursos\/course\/view.php?id=85#section-3\" data-et-has-event-already=\"true\">II.) T\u00edtulo III La Provincia: Organizaci\u00f3n, Competencias y Reg\u00edmenes especiales. T\u00edtulo IV: Otras entidades locales<\/a><\/h5>\n<h5><a href=\"https:\/\/estudiosadministrativos.com\/cursos\/course\/view.php?id=85#section-4\" data-et-has-event-already=\"true\">III.) T\u00edtulo V Disposiciones comunes a las Entidades locales: R\u00e9gimen de funcionamiento, Relaciones interadministrativas, Impugnaci\u00f3n de actos y acuerdos y ejercicio de acciones, Informaci\u00f3n y participaci\u00f3n ciudadanas<\/a><\/h5>\n<h5><a href=\"https:\/\/estudiosadministrativos.com\/cursos\/course\/view.php?id=85#section-8\" data-et-has-event-already=\"true\">VII.) T\u00edtulo VIII Haciendas Locales<\/a><\/h5>\n<h5><a href=\"https:\/\/estudiosadministrativos.com\/cursos\/course\/view.php?id=85#section-10\" data-et-has-event-already=\"true\">IX.) T\u00edtulo X R\u00e9gimen de organizaci\u00f3n de los municipios de gran poblaci\u00f3n: \u00e1mbito de aplicaci\u00f3n y organizaci\u00f3n y funcionamiento de los \u00f3rganos municipales necesarios. Cap\u00edtulos I y II del T\u00edtulo X de la Ley 7\/1985, de 2 de abril.<\/a><\/h5>\n<p>&nbsp;<\/p>\n<p><em><a href=\"https:\/\/www.boe.es\/buscar\/act.php?id=BOE-A-1985-5392&amp;tn=1&amp;p=20211229\" target=\"_blank\" rel=\"noopener\">Descarga aqu\u00ed la \u00faltima actualizaci\u00f3n de la Ley 7\/1985, de 2 de abril, Reguladora de las Bases del R\u00e9gimen Local (p\u00e1gina oficial del BOE)<\/a><\/em><\/p>\n","protected":false},"excerpt":{"rendered":"<h2>Curso Ley Reguladora de las Bases del R\u00e9gimen Local<\/h2>\n<h2><\/h2>\n<h3>Clases con apuntes, esquemas, res\u00famenes y test<\/h3>\n<h3>Acceso por tiempo ilimitado (nuestra plataforma est\u00e1 en\u00a0 continua atualizaci\u00f3n y ampliaci\u00f3n)<\/h3>\n<h4>En cuanto realizas la inscripci\u00f3n te llega un correo con un enlace para acceder <a href=\"https:\/\/estudiosadministrativos.com\/cursos\/course\/index.php?categoryid=84\" target=\"_blank\" rel=\"noopener\">a la plataforma<\/a>.<\/h4>\n","protected":false},"featured_media":2406,"comment_status":"open","ping_status":"closed","template":"","meta":{"site-sidebar-layout":"default","site-content-layout":"default","ast-site-content-layout":"default","site-content-style":"default","site-sidebar-style":"default","ast-global-header-display":"","ast-banner-title-visibility":"","ast-main-header-display":"","ast-hfb-above-header-display":"","ast-hfb-below-header-display":"","ast-hfb-mobile-header-display":"","site-post-title":"","ast-breadcrumbs-content":"","ast-featured-img":"","footer-sml-layout":"","ast-disable-related-posts":"","theme-transparent-header-meta":"default","adv-header-id-meta":"","stick-header-meta":"","header-above-stick-meta":"","header-main-stick-meta":"","header-below-stick-meta":"","astra-migrate-meta-layouts":"default","ast-page-background-enabled":"default","ast-page-background-meta":{"desktop":{"background-color":"","background-image":"","background-repeat":"repeat","background-position":"center center","background-size":"auto","background-attachment":"scroll","background-type":"","background-media":"","overlay-type":"","overlay-color":"","overlay-opacity":"","overlay-gradient":""},"tablet":{"background-color":"","background-image":"","background-repeat":"repeat","background-position":"center center","background-size":"auto","background-attachment":"scroll","background-type":"","background-media":"","overlay-type":"","overlay-color":"","overlay-opacity":"","overlay-gradient":""},"mobile":{"background-color":"","background-image":"","background-repeat":"repeat","background-position":"center center","background-size":"auto","background-attachment":"scroll","background-type":"","background-media":"","overlay-type":"","overlay-color":"","overlay-opacity":"","overlay-gradient":""}},"ast-content-background-meta":{"desktop":{"background-color":"var(--ast-global-color-5)","background-image":"","background-repeat":"repeat","background-position":"center center","background-size":"auto","background-attachment":"scroll","background-type":"","background-media":"","overlay-type":"","overlay-color":"","overlay-opacity":"","overlay-gradient":""},"tablet":{"background-color":"var(--ast-global-color-5)","background-image":"","background-repeat":"repeat","background-position":"center center","background-size":"auto","background-attachment":"scroll","background-type":"","background-media":"","overlay-type":"","overlay-color":"","overlay-opacity":"","overlay-gradient":""},"mobile":{"background-color":"var(--ast-global-color-5)","background-image":"","background-repeat":"repeat","background-position":"center center","background-size":"auto","background-attachment":"scroll","background-type":"","background-media":"","overlay-type":"","overlay-color":"","overlay-opacity":"","overlay-gradient":""}}},"product_brand":[],"product_cat":[100,63],"product_tag":[309,307,310,308],"class_list":{"0":"post-1350","1":"product","2":"type-product","3":"status-publish","4":"has-post-thumbnail","6":"product_cat-clases-en-diferido-sobre-temas-concretos","7":"product_cat-ley-7-1985-reguladora-de-las-bases-del-regimen-local","8":"product_tag-test-administrativo-ayuntamientos","9":"product_tag-test-ayuntamientos","10":"product_tag-test-bases-del-regimen-local","11":"product_tag-test-oposicion-ayuntamiento","12":"desktop-align-left","13":"tablet-align-left","14":"mobile-align-left","16":"first","17":"instock","18":"shipping-taxable","19":"product-type-external"},"_links":{"self":[{"href":"https:\/\/estudiosadministrativos.com\/test-temarios-oposiciones\/wp-json\/wp\/v2\/product\/1350","targetHints":{"allow":["GET"]}}],"collection":[{"href":"https:\/\/estudiosadministrativos.com\/test-temarios-oposiciones\/wp-json\/wp\/v2\/product"}],"about":[{"href":"https:\/\/estudiosadministrativos.com\/test-temarios-oposiciones\/wp-json\/wp\/v2\/types\/product"}],"replies":[{"embeddable":true,"href":"https:\/\/estudiosadministrativos.com\/test-temarios-oposiciones\/wp-json\/wp\/v2\/comments?post=1350"}],"wp:featuredmedia":[{"embeddable":true,"href":"https:\/\/estudiosadministrativos.com\/test-temarios-oposiciones\/wp-json\/wp\/v2\/media\/2406"}],"wp:attachment":[{"href":"https:\/\/estudiosadministrativos.com\/test-temarios-oposiciones\/wp-json\/wp\/v2\/media?parent=1350"}],"wp:term":[{"taxonomy":"product_brand","embeddable":true,"href":"https:\/\/estudiosadministrativos.com\/test-temarios-oposiciones\/wp-json\/wp\/v2\/product_brand?post=1350"},{"taxonomy":"product_cat","embeddable":true,"href":"https:\/\/estudiosadministrativos.com\/test-temarios-oposiciones\/wp-json\/wp\/v2\/product_cat?post=1350"},{"taxonomy":"product_tag","embeddable":true,"href":"https:\/\/estudiosadministrativos.com\/test-temarios-oposiciones\/wp-json\/wp\/v2\/product_tag?post=1350"}],"curies":[{"name":"wp","href":"https:\/\/api.w.org\/{rel}","templated":true}]}}