{"id":1458,"date":"2021-09-28T04:47:39","date_gmt":"2021-09-28T02:47:39","guid":{"rendered":"https:\/\/estudiosadministrativos.com\/test-temarios-oposiciones\/?post_type=product&#038;p=1458"},"modified":"2023-04-30T21:21:11","modified_gmt":"2023-04-30T19:21:11","slug":"test-ley-40-2015","status":"publish","type":"product","link":"https:\/\/estudiosadministrativos.com\/test-temarios-oposiciones\/recurso\/test-ley-40-2015\/","title":{"rendered":"TEST Ley 40\/2015 sobre el T\u00edtulo Preliminar con 84 preguntas"},"content":{"rendered":"<h2>TEST Ley 40\/2015<\/h2>\n<h3>T\u00edtulo Preliminar<\/h3>\n<h4>84 preguntas<\/h4>\n<p><img decoding=\"async\" class=\"iconlarge activityicon\" role=\"presentation\" src=\"https:\/\/estudiosadministrativos.com\/cursos\/theme\/image.php\/boost\/quiz\/1632678021\/icon\" alt=\"\" aria-hidden=\"true\" title=\"\"><span class=\"instancename\">TEST 1. Disposiciones generales, PRINCIPIOS DE ACTUACI\u00d3N Y FUNCIONAMIENTO DEL SECTOR P\u00daBLICO (22 preguntas)<\/span><\/p>\n<p><img decoding=\"async\" class=\"iconlarge activityicon\" role=\"presentation\" src=\"https:\/\/estudiosadministrativos.com\/cursos\/theme\/image.php\/boost\/quiz\/1632678021\/icon\" alt=\"\" aria-hidden=\"true\" title=\"\"><span class=\"instancename\">TEST 2 Ley 40\/2015 T\u00cdTULO PRELIMINAR: DELEGACI\u00d3N DE COMPETENCIAS, ENCOMIENDA DE GESTI\u00d3N, AVOCACI\u00d3N (33 preguntas)<\/span><\/p>\n<p><img decoding=\"async\" class=\"iconlarge activityicon\" role=\"presentation\" src=\"https:\/\/estudiosadministrativos.com\/cursos\/theme\/image.php\/boost\/quiz\/1632678021\/icon\" alt=\"\" aria-hidden=\"true\" title=\"\"><span class=\"instancename\">TEST 3 Ley 40\/2015 \u00d3RGANOS COLEGIADOS, COMPETENCIAS, ABSTENCI\u00d3N Y RECUSACI\u00d3N (29 preguntas)<\/span><\/p>\n<hr \/>\n<ul>\n<li>T\u00cdTULO PRELIMINAR. Disposiciones generales, principios de actuaci\u00f3n y funcionamiento del sector p\u00fablico\n<ul>\n<li>CAP\u00cdTULO I. Disposiciones generales<\/li>\n<li>CAP\u00cdTULO II. De los \u00f3rganos de las Administraciones P\u00fablicas<\/li>\n<li>Secci\u00f3n 1.\u00aa De los \u00f3rganos administrativos<\/li>\n<li>Secci\u00f3n 2.\u00aa Competencia<\/li>\n<li>Secci\u00f3n 3.\u00aa \u00d3rganos colegiados de las distintas administraciones p\u00fablicas<\/li>\n<li>Subsecci\u00f3n 1.\u00aa Funcionamiento<\/li>\n<li>Subsecci\u00f3n 2.\u00aa De los \u00f3rganos colegiados en la Administraci\u00f3n General del Estado<\/li>\n<li>Secci\u00f3n 4.\u00aa Abstenci\u00f3n y recusaci\u00f3n<\/li>\n<li>CAP\u00cdTULO III. Principios de la potestad sancionadora<\/li>\n<li>CAP\u00cdTULO IV. De la responsabilidad patrimonial de las Administraciones P\u00fablicas<\/li>\n<li>Secci\u00f3n 1.\u00aa Responsabilidad patrimonial de las Administraciones P\u00fablicas<\/li>\n<li>Secci\u00f3n 2.\u00aa Responsabilidad de las autoridades y personal al servicio de las Administraciones P\u00fablicas<\/li>\n<li>CAP\u00cdTULO V. Funcionamiento electr\u00f3nico del sector p\u00fablico<\/li>\n<li>CAP\u00cdTULO VI. De los convenios<\/li>\n<\/ul>\n<\/li>\n<\/ul>\n<hr \/>\n<h4>Conceptos importantes de la Ley 40\/2015<\/h4>\n<p>&nbsp;<\/p>\n<ul>\n<li>El <strong>principio de eficacia<\/strong> buscar\u00e1, mediante su inspiraci\u00f3n, que la Administraci\u00f3n P\u00fablica cumpla los objetivos fijados en los servicios prestados a los ciudadanos.<\/li>\n<li>El <strong>principio de jerarqu\u00eda<\/strong>. La organizaci\u00f3n administrativa se estructura de manera jer\u00e1rquica con una multiplicidad de \u00f3rganos<\/li>\n<li>La <strong>descentralizaci\u00f3n<\/strong> presupone reordenaci\u00f3n de funciones entre distintas Administraciones P\u00fablicas.<\/li>\n<li>Por el contrario, se habla de <strong>desconcentraci\u00f3n<\/strong> cuando dentro de una misma Administraci\u00f3n P\u00fablica se reordenan funciones a favor de \u00f3rganos inferiores o perif\u00e9ricos.<\/li>\n<li>Transferencia de la titularidad y el ejercicio de competencias de un \u00f3rgano superior a otro inferior o perif\u00e9rico dentro de un mismo ente p\u00fablico, con car\u00e1cter permanente.<\/li>\n<li>La <strong>coordinaci\u00f3n<\/strong> es un principio organizativo que pretende lograr la unidad en la actuaci\u00f3n administrativa entre Administraciones diferentes o entre \u00f3rganos<br \/>\npertenecientes a \u00e1mbitos distintos de una misma Administraci\u00f3n, no relacionados por el principio de jerarqu\u00eda.<\/li>\n<li>La existencia de una pluralidad de Administraciones genera la posibilidad de duplicidades y contradicciones en una misma materia, con el riesgo de producirse tanto derroches sobre costes materiales como de esfuerzo por la superposici\u00f3n.<\/li>\n<\/ul>\n<hr \/>\n<h4 style=\"text-align: center;\">LA ESTRUCTURA ORGANIZATIVA DE LAS ADMINISTRACIONES P\u00daBLICAS LA ORGANIZACI\u00d3N DE LA ADMINISTRACI\u00d3N GENERAL DEL ESTADO<\/h4>\n<p>&nbsp;<\/p>\n<pre>(extract0 de apuntes que podr\u00e1s encontrar en esta web y que te pueden ayudar con este test ley 40\/2015)<\/pre>\n<p>En la Administraci\u00f3n del Estado se aplica la Ley 40\/2015, de 1 de octubre, de R\u00e9gimen Jur\u00eddico del Sector P\u00fablico que derog\u00f3 la Ley 6\/1997, de 14 de abril, de organizaci\u00f3n y funcionamiento de la Administraci\u00f3n General del Estado (LOFAGE).<\/p>\n<p>La Administraci\u00f3n General del Estado est\u00e1 constituida por \u00f3rganos jer\u00e1rquicamente ordenados que extienden su competencia a todo el territorio espa\u00f1ol, salvo cuando las normas que les sean de aplicaci\u00f3n la limiten expresamente a una parte del mismo, y act\u00faa con personalidad jur\u00eddica \u00fanica (Art 3).<\/p>\n<p>Esta ley establece y regula las bases del r\u00e9gimen jur\u00eddico de las Administraciones P\u00fablicas, los principios del sistema de responsabilidad de las Administraciones P\u00fablicas y de la potestad sancionadora, as\u00ed como la organizaci\u00f3n y funcionamiento de la Administraci\u00f3n General del Estado y de su sector p\u00fablico institucional para el desarrollo de sus actividades (Art.1).<\/p>\n<p>Conforme al T\u00edtulo I (Administraci\u00f3n General del Estado), viene distinguiendo entre Organizaci\u00f3n Central, Organizaci\u00f3n Territorial y la Administraci\u00f3n General del Estado en el exterior.<\/p>\n<p>A su vez, dentro de los \u00f3rganos centrales, se distingue entre \u00f3rganos superiores y \u00f3rganos directivos, que todos ellos tienen la condici\u00f3n de alto cargo excepto los subdirectores generales y asimilados.<\/p>\n<p>Son \u00f3rganos superiores de la Administraci\u00f3n Central del Estado los Ministros y los Secretarios de Estado (art. 55).<\/p>\n<p>Hay \u00f3rganos directivos que tienen a su cargo los mal denominados \u00abservicios comunes\u00bb dentro de cada Ministerio: como son los Subsecretarios y los Secretarios Generales T\u00e9cnicos<\/p>\n<hr \/>\n<p><em>Antes de realizar el test Ley 40\/2015 es conveniente leer y asimilar bien el t\u00edtulo correspondiente de\u00a0 la Ley 40\/2015<\/em><\/p>\n<p><a href=\"https:\/\/www.boe.es\/buscar\/pdf\/2015\/BOE-A-2015-10566-consolidado.pdf\" target=\"_blank\" rel=\"noopener\">Puedes descargar gratis un ejemplar de la Ley 40\/2015 pinchando en este enlace<\/a><\/p>\n","protected":false},"excerpt":{"rendered":"<h4>84 preguntas<\/h4>\n<p>&nbsp;<\/p>\n<h5><img decoding=\"async\" class=\"iconlarge activityicon\" role=\"presentation\" src=\"https:\/\/estudiosadministrativos.com\/cursos\/theme\/image.php\/boost\/quiz\/1632678021\/icon\" alt=\"\" aria-hidden=\"true\" \/><span class=\"instancename\">TEST 1. Disposiciones generales, PRINCIPIOS DE ACTUACI\u00d3N Y FUNCIONAMIENTO DEL SECTOR P\u00daBLICO (22 preguntas)<\/span><\/h5>\n<p>&nbsp;<\/p>\n<h5><img decoding=\"async\" class=\"iconlarge activityicon\" role=\"presentation\" src=\"https:\/\/estudiosadministrativos.com\/cursos\/theme\/image.php\/boost\/quiz\/1632678021\/icon\" alt=\"\" aria-hidden=\"true\" \/><span class=\"instancename\">TEST 2 Ley 40\/2015 T\u00cdTULO PRELIMINAR: DELEGACI\u00d3N DE COMPETENCIAS, ENCOMIENDA DE GESTI\u00d3N, AVOCACI\u00d3N (33 preguntas)<\/span><\/h5>\n<p>&nbsp;<\/p>\n<h5><img decoding=\"async\" class=\"iconlarge activityicon\" role=\"presentation\" src=\"https:\/\/estudiosadministrativos.com\/cursos\/theme\/image.php\/boost\/quiz\/1632678021\/icon\" alt=\"\" aria-hidden=\"true\" \/><span class=\"instancename\">TEST 3 Ley 40\/2015 \u00d3RGANOS COLEGIADOS, COMPETENCIAS, ABSTENCI\u00d3N Y RECUSACI\u00d3N (29 preguntas)<\/span><\/h5>\n<p>&nbsp;<\/p>\n<p>con plantilla y hoja de respuestas<\/p>\n<p><em>Antes de realizar el test Ley 40\/2015 es conveniente leer y asimilar bien el t\u00edtulo correspondiente de\u00a0 la Ley 40\/2015<\/em><\/p>\n<p>&nbsp;<\/p>\n<p>&nbsp;<\/p>\n","protected":false},"featured_media":1460,"comment_status":"open","ping_status":"closed","template":"","meta":{"site-sidebar-layout":"default","site-content-layout":"default","ast-site-content-layout":"default","site-content-style":"default","site-sidebar-style":"default","ast-global-header-display":"","ast-banner-title-visibility":"","ast-main-header-display":"","ast-hfb-above-header-display":"","ast-hfb-below-header-display":"","ast-hfb-mobile-header-display":"","site-post-title":"","ast-breadcrumbs-content":"","ast-featured-img":"","footer-sml-layout":"","ast-disable-related-posts":"","theme-transparent-header-meta":"default","adv-header-id-meta":"","stick-header-meta":"","header-above-stick-meta":"","header-main-stick-meta":"","header-below-stick-meta":"","astra-migrate-meta-layouts":"default","ast-page-background-enabled":"default","ast-page-background-meta":{"desktop":{"background-color":"","background-image":"","background-repeat":"repeat","background-position":"center center","background-size":"auto","background-attachment":"scroll","background-type":"","background-media":"","overlay-type":"","overlay-color":"","overlay-opacity":"","overlay-gradient":""},"tablet":{"background-color":"","background-image":"","background-repeat":"repeat","background-position":"center center","background-size":"auto","background-attachment":"scroll","background-type":"","background-media":"","overlay-type":"","overlay-color":"","overlay-opacity":"","overlay-gradient":""},"mobile":{"background-color":"","background-image":"","background-repeat":"repeat","background-position":"center center","background-size":"auto","background-attachment":"scroll","background-type":"","background-media":"","overlay-type":"","overlay-color":"","overlay-opacity":"","overlay-gradient":""}},"ast-content-background-meta":{"desktop":{"background-color":"var(--ast-global-color-5)","background-image":"","background-repeat":"repeat","background-position":"center center","background-size":"auto","background-attachment":"scroll","background-type":"","background-media":"","overlay-type":"","overlay-color":"","overlay-opacity":"","overlay-gradient":""},"tablet":{"background-color":"var(--ast-global-color-5)","background-image":"","background-repeat":"repeat","background-position":"center center","background-size":"auto","background-attachment":"scroll","background-type":"","background-media":"","overlay-type":"","overlay-color":"","overlay-opacity":"","overlay-gradient":""},"mobile":{"background-color":"var(--ast-global-color-5)","background-image":"","background-repeat":"repeat","background-position":"center center","background-size":"auto","background-attachment":"scroll","background-type":"","background-media":"","overlay-type":"","overlay-color":"","overlay-opacity":"","overlay-gradient":""}}},"product_brand":[],"product_cat":[68,35,72],"product_tag":[185,283,284],"class_list":{"0":"post-1458","1":"product","2":"type-product","3":"status-publish","4":"has-post-thumbnail","6":"product_cat-ley-40-2015-de-1-de-octubre","7":"product_cat-test-apuntes-temarios-recursos","8":"product_cat-test-de-oposiciones","9":"product_tag-test-de-la-ley-40-2015","10":"product_tag-test-ley-40-2015","11":"product_tag-test-organos-colegiados","12":"desktop-align-left","13":"tablet-align-left","14":"mobile-align-left","16":"first","17":"instock","18":"downloadable","19":"virtual","20":"purchasable","21":"product-type-simple"},"_links":{"self":[{"href":"https:\/\/estudiosadministrativos.com\/test-temarios-oposiciones\/wp-json\/wp\/v2\/product\/1458","targetHints":{"allow":["GET"]}}],"collection":[{"href":"https:\/\/estudiosadministrativos.com\/test-temarios-oposiciones\/wp-json\/wp\/v2\/product"}],"about":[{"href":"https:\/\/estudiosadministrativos.com\/test-temarios-oposiciones\/wp-json\/wp\/v2\/types\/product"}],"replies":[{"embeddable":true,"href":"https:\/\/estudiosadministrativos.com\/test-temarios-oposiciones\/wp-json\/wp\/v2\/comments?post=1458"}],"wp:featuredmedia":[{"embeddable":true,"href":"https:\/\/estudiosadministrativos.com\/test-temarios-oposiciones\/wp-json\/wp\/v2\/media\/1460"}],"wp:attachment":[{"href":"https:\/\/estudiosadministrativos.com\/test-temarios-oposiciones\/wp-json\/wp\/v2\/media?parent=1458"}],"wp:term":[{"taxonomy":"product_brand","embeddable":true,"href":"https:\/\/estudiosadministrativos.com\/test-temarios-oposiciones\/wp-json\/wp\/v2\/product_brand?post=1458"},{"taxonomy":"product_cat","embeddable":true,"href":"https:\/\/estudiosadministrativos.com\/test-temarios-oposiciones\/wp-json\/wp\/v2\/product_cat?post=1458"},{"taxonomy":"product_tag","embeddable":true,"href":"https:\/\/estudiosadministrativos.com\/test-temarios-oposiciones\/wp-json\/wp\/v2\/product_tag?post=1458"}],"curies":[{"name":"wp","href":"https:\/\/api.w.org\/{rel}","templated":true}]}}