{"id":1501,"date":"2021-10-05T14:42:05","date_gmt":"2021-10-05T12:42:05","guid":{"rendered":"https:\/\/estudiosadministrativos.com\/test-temarios-oposiciones\/?post_type=product&#038;p=1501"},"modified":"2023-04-30T21:20:36","modified_gmt":"2023-04-30T19:20:36","slug":"tema-prevencion-de-riesgos-laborales","status":"publish","type":"product","link":"https:\/\/estudiosadministrativos.com\/test-temarios-oposiciones\/recurso\/tema-prevencion-de-riesgos-laborales\/","title":{"rendered":"Tema Prevenci\u00f3n de Riesgos Laborales, 4 horas de clase grabadas, con apuntes, res\u00famenes, esquemas y test (257 preguntas)"},"content":{"rendered":"<h2>Tema Prevenci\u00f3n de Riesgos Laborales<\/h2>\n<h3>4 horas de clase grabadas, con apuntes, res\u00famenes, esquemas y test<\/h3>\n<p>&nbsp;<\/p>\n<p>CONTENIDO<\/p>\n<ul id=\"yui_3_17_2_1_1633436645626_26\" class=\"topics\">\n<li id=\"section-1\" class=\"section main clearfix\" role=\"region\" aria-label=\"Ley 31\/1995, de 8 de noviembre, de Prevenci\u00f3n de Riesgos Laborales:\">\n<div id=\"yui_3_17_2_1_1633436645626_25\" class=\"content\">\n<h3 class=\"sectionname\"><a href=\"https:\/\/estudiosadministrativos.com\/cursos\/course\/view.php?id=99#section-1\">Ley 31\/1995, de 8 de noviembre, de Prevenci\u00f3n de Riesgos Laborales:<\/a><\/h3>\n<\/div>\n<div class=\"summary\"><\/div>\n<\/li>\n<\/ul>\n<p><img fetchpriority=\"high\" decoding=\"async\" class=\"size-full wp-image-1051\" src=\"https:\/\/estudiosadministrativos.com\/test-temarios-oposiciones\/wp-content\/uploads\/2021\/07\/monitor-1.png\" alt=\"clases online\" width=\"300\" height=\"200\" title=\"\" srcset=\"https:\/\/estudiosadministrativos.com\/test-temarios-oposiciones\/wp-content\/uploads\/2021\/07\/monitor-1.png 300w, https:\/\/estudiosadministrativos.com\/test-temarios-oposiciones\/wp-content\/uploads\/2021\/07\/monitor-1-150x100.png 150w, https:\/\/estudiosadministrativos.com\/test-temarios-oposiciones\/wp-content\/uploads\/2021\/07\/monitor-1-200x133.png 200w\" sizes=\"(max-width: 300px) 100vw, 300px\" \/><\/p>\n<div id=\"yui_3_17_2_1_1633436645626_25\" class=\"content\">\n<ul class=\"section img-text\">\n<li id=\"module-3597\" class=\"activity url modtype_url \">\n<div class=\"mod-indent-outer\">\n<div class=\"activityinstance\"><a class=\"\" href=\"https:\/\/estudiosadministrativos.com\/cursos\/mod\/url\/view.php?id=3597\"><img decoding=\"async\" class=\"iconlarge activityicon\" role=\"presentation\" src=\"https:\/\/estudiosadministrativos.com\/cursos\/theme\/image.php\/boost\/url\/1632813025\/icon\" alt=\"\" aria-hidden=\"true\" title=\"\"><span class=\"instancename\">Ley de Prevenci\u00f3n de Riesgos Laborales (clase 08\/07\/2021)<span class=\"accesshide \">URL<\/span><\/span><\/a><\/div>\n<div>\n<p><img fetchpriority=\"high\" decoding=\"async\" class=\"size-full wp-image-1051\" src=\"https:\/\/estudiosadministrativos.com\/test-temarios-oposiciones\/wp-content\/uploads\/2021\/07\/monitor-1.png\" alt=\"clases online\" width=\"300\" height=\"200\" title=\"\" srcset=\"https:\/\/estudiosadministrativos.com\/test-temarios-oposiciones\/wp-content\/uploads\/2021\/07\/monitor-1.png 300w, https:\/\/estudiosadministrativos.com\/test-temarios-oposiciones\/wp-content\/uploads\/2021\/07\/monitor-1-150x100.png 150w, https:\/\/estudiosadministrativos.com\/test-temarios-oposiciones\/wp-content\/uploads\/2021\/07\/monitor-1-200x133.png 200w\" sizes=\"(max-width: 300px) 100vw, 300px\" \/><\/p>\n<\/div>\n<\/div>\n<\/li>\n<li id=\"module-3598\" class=\"activity url modtype_url \">\n<div>\n<div class=\"mod-indent-outer\">\n<div>\n<div class=\"activityinstance\"><a class=\"\" href=\"https:\/\/estudiosadministrativos.com\/cursos\/mod\/url\/view.php?id=3598\"><img decoding=\"async\" class=\"iconlarge activityicon\" role=\"presentation\" src=\"https:\/\/estudiosadministrativos.com\/cursos\/theme\/image.php\/boost\/url\/1632813025\/icon\" alt=\"\" aria-hidden=\"true\" title=\"\"><span class=\"instancename\">2\u00aa parte Ley de Prevenci\u00f3n de Riesgos Laborales (15\/07\/2021)<span class=\"accesshide \">URL<\/span><\/span><\/a><\/div>\n<div class=\"contentafterlink\">\n<div class=\"no-overflow\">\n<div class=\"no-overflow\">\n<div><\/div>\n<\/div>\n<\/div>\n<\/div>\n<\/div>\n<\/div>\n<\/div>\n<\/li>\n<li id=\"module-3599\" class=\"activity resource modtype_resource \">\n<div>\n<div class=\"mod-indent-outer\">\n<div>\n<div class=\"activityinstance\"><a class=\"\" href=\"https:\/\/estudiosadministrativos.com\/cursos\/mod\/resource\/view.php?id=3599\"><img decoding=\"async\" class=\"iconlarge activityicon\" role=\"presentation\" src=\"https:\/\/estudiosadministrativos.com\/cursos\/theme\/image.php\/boost\/core\/1632813025\/f\/pdf-24\" alt=\"\" aria-hidden=\"true\" title=\"\"><span class=\"instancename\">\u2b50\u2b50\u2b50 APUNTES Ley 31\/1995, de 8 de noviembre, de Prevenci\u00f3n de Riesgos Laborales: Cap\u00edtulo I. Objeto y \u00e1mbito de aplicaci\u00f3n. Cap\u00edtulo III. Derechos y obligaciones. \u2b50\u2b50\u2b50<\/span><\/a><\/div>\n<\/div>\n<\/div>\n<\/div>\n<\/li>\n<li id=\"module-3600\" class=\"activity resource modtype_resource \">\n<div>\n<div class=\"mod-indent-outer\">\n<div>\n<div class=\"activityinstance\"><a class=\"\" href=\"https:\/\/estudiosadministrativos.com\/cursos\/mod\/resource\/view.php?id=3600\"><img decoding=\"async\" class=\"iconlarge activityicon\" role=\"presentation\" src=\"https:\/\/estudiosadministrativos.com\/cursos\/theme\/image.php\/boost\/core\/1632813025\/f\/pdf-24\" alt=\"\" aria-hidden=\"true\" title=\"\"><span class=\"instancename\">\u2b50\u2b50\u2b50 RESUMEN Ley de Prevenci\u00f3n de Riesgos Laborales<\/span><\/a><\/div>\n<\/div>\n<\/div>\n<\/div>\n<\/li>\n<li id=\"module-3601\" class=\"activity resource modtype_resource \">\n<div>\n<div class=\"mod-indent-outer\">\n<div>\n<div class=\"activityinstance\"><a class=\"\" href=\"https:\/\/estudiosadministrativos.com\/cursos\/mod\/resource\/view.php?id=3601\"><img decoding=\"async\" class=\"iconlarge activityicon\" role=\"presentation\" src=\"https:\/\/estudiosadministrativos.com\/cursos\/theme\/image.php\/boost\/core\/1632813025\/f\/pdf-24\" alt=\"\" aria-hidden=\"true\" title=\"\"><span class=\"instancename\">Ley 31\/1995, de 8 de noviembre, de Prevenci\u00f3n de Riesgos Laborales<\/span><\/a><\/div>\n<\/div>\n<\/div>\n<\/div>\n<\/li>\n<li id=\"module-3602\" class=\"activity resource modtype_resource \">\n<div>\n<div class=\"mod-indent-outer\">\n<div>\n<div class=\"activityinstance\"><a class=\"\" href=\"https:\/\/estudiosadministrativos.com\/cursos\/mod\/resource\/view.php?id=3602\"><img decoding=\"async\" class=\"iconlarge activityicon\" role=\"presentation\" src=\"https:\/\/estudiosadministrativos.com\/cursos\/theme\/image.php\/boost\/core\/1632813025\/f\/pdf-24\" alt=\"\" aria-hidden=\"true\" title=\"\"><span class=\"instancename\">Real Decreto Legislativo 5\/2000, de 4 de agosto, por el que se aprueba el texto refundido de la Ley sobre Infracciones y Sanciones en el Orden Social<\/span><\/a><\/div>\n<\/div>\n<\/div>\n<\/div>\n<\/li>\n<li id=\"module-3603\" class=\"activity quiz modtype_quiz \">\n<div>\n<div class=\"mod-indent-outer\">\n<div>\n<div class=\"activityinstance\"><a class=\"\" href=\"https:\/\/estudiosadministrativos.com\/cursos\/mod\/quiz\/view.php?id=3603\"><img decoding=\"async\" class=\"iconlarge activityicon\" role=\"presentation\" src=\"https:\/\/estudiosadministrativos.com\/cursos\/theme\/image.php\/boost\/quiz\/1632813025\/icon\" alt=\"\" aria-hidden=\"true\" title=\"\"><span class=\"instancename\">TEST 7.1 Prevenci\u00f3n de Riesgos Laborales: Objeto, derechos y obligaciones (50 preguntas)<\/span><\/a><\/div>\n<div class=\"contentafterlink\">\n<div class=\"no-overflow\">\n<div class=\"no-overflow\">\n<p>cap. I (<b>art. 2<\/b>)\u00a0<i>Objeto y car\u00e1cter de la norma<\/i><\/p>\n<p>&#8212; cap III (<b>art. 14<\/b>,\u00a0<i>Derecho a la protecci\u00f3n frente a los riesgos laborales,\u00a0<\/i><b>art.<\/b><b>15<\/b>,\u00a0<i>Principios de la acci\u00f3n preventiva,\u00a0<b>art.<\/b><\/i><b>16<\/b>,\u00a0<i>Plan de prevenci\u00f3n de riesgos laborales, evaluaci\u00f3n de los riesgos y planificaci\u00f3n de la actividad preventiva.\u00a0<b>art.<\/b><\/i><b>20\u00a0<\/b>\u00a0<i>Medidas de emergencia.,\u00a0<b>art .<\/b><\/i><b>21<\/b>,\u00a0<i>Riesgo grave e inminente,\u00a0<b>art.\u00a0<\/b><\/i><b>23<\/b>,\u00a0<i>Documentaci\u00f3n<\/i>)<\/p>\n<\/div>\n<\/div>\n<\/div>\n<\/div>\n<\/div>\n<\/div>\n<\/li>\n<li id=\"module-3604\" class=\"activity quiz modtype_quiz \">\n<div>\n<div class=\"mod-indent-outer\">\n<div>\n<div class=\"activityinstance\"><a class=\"\" href=\"https:\/\/estudiosadministrativos.com\/cursos\/mod\/quiz\/view.php?id=3604\"><img decoding=\"async\" class=\"iconlarge activityicon\" role=\"presentation\" src=\"https:\/\/estudiosadministrativos.com\/cursos\/theme\/image.php\/boost\/quiz\/1632813025\/icon\" alt=\"\" aria-hidden=\"true\" title=\"\"><span class=\"instancename\">TEST 7.2 Prevenci\u00f3n de riesgos laborales<\/span><\/a><\/div>\n<div class=\"contentafterlink\">\n<div class=\"no-overflow\">\n<div class=\"no-overflow\">\n<p>20 preguntas, 16 minutos<\/p>\n<\/div>\n<\/div>\n<\/div>\n<\/div>\n<\/div>\n<\/div>\n<\/li>\n<li id=\"module-3605\" class=\"activity quiz modtype_quiz \">\n<div>\n<div class=\"mod-indent-outer\">\n<div>\n<div class=\"activityinstance\"><a class=\"\" href=\"https:\/\/estudiosadministrativos.com\/cursos\/mod\/quiz\/view.php?id=3605\"><img decoding=\"async\" class=\"iconlarge activityicon\" role=\"presentation\" src=\"https:\/\/estudiosadministrativos.com\/cursos\/theme\/image.php\/boost\/quiz\/1632813025\/icon\" alt=\"\" aria-hidden=\"true\" title=\"\"><span class=\"instancename\">TEST 7.3. Ley 31\/1995, de 8 de noviembre, Cap\u00edtulo III Derechos y obligaciones = Art. 14 a 29<\/span><\/a><\/div>\n<div class=\"contentafterlink\">\n<div class=\"no-overflow\">\n<div class=\"no-overflow\">\n<p>&#8211;&gt;\u00a0<a href=\"https:\/\/estudiosadministrativos.com\/cursos\/pluginfile.php\/4882\/mod_quiz\/intro\/TEST_LEY_%20311995_de_PrevenciOn_de_riesgos_laborales_Cap_III_Derechos_obligaciones.pdf\" target=\"_blank\" rel=\"noopener\">41 preguntas, con hoja de respuestas y referencia al art\u00edculo correspondiente, pincha aqu\u00ed para descargar PDF<\/a><\/p>\n<\/div>\n<\/div>\n<\/div>\n<\/div>\n<\/div>\n<\/div>\n<\/li>\n<li id=\"module-3606\" class=\"activity quiz modtype_quiz \">\n<div>\n<div class=\"mod-indent-outer\">\n<div>\n<div class=\"activityinstance\"><a class=\"\" href=\"https:\/\/estudiosadministrativos.com\/cursos\/mod\/quiz\/view.php?id=3606\"><img decoding=\"async\" class=\"iconlarge activityicon\" role=\"presentation\" src=\"https:\/\/estudiosadministrativos.com\/cursos\/theme\/image.php\/boost\/quiz\/1632813025\/icon\" alt=\"\" aria-hidden=\"true\" title=\"\"><span class=\"instancename\">TEST 7.4. TEST 19.4. Ley de Prevenci\u00f3n de Riesgos Laborales, Cap. I (objeto, \u00e1mbito de aplicaci\u00f3n y definiciones) Cap. III (Derechos y Obligaciones)<\/span><\/a><\/div>\n<div class=\"contentafterlink\">\n<div class=\"no-overflow\">\n<div class=\"no-overflow\">\n<p>70 preguntas.\u00a0<a href=\"https:\/\/estudiosadministrativos.com\/cursos\/pluginfile.php\/4883\/mod_quiz\/intro\/TEST_PREVENCION_RIESGOS_LABORALES_70_PREGUNTAS_CAP_I_CAP_III_compressed.pdf\" target=\"_blank\" rel=\"noopener\">Pincha aqu\u00ed para descargar la versi\u00f3n en PDF<\/a><\/p>\n<\/div>\n<\/div>\n<\/div>\n<\/div>\n<\/div>\n<\/div>\n<\/li>\n<li id=\"module-3607\" class=\"activity quiz modtype_quiz \">\n<div>\n<div class=\"mod-indent-outer\">\n<div>\n<div class=\"activityinstance\"><a class=\"\" href=\"https:\/\/estudiosadministrativos.com\/cursos\/mod\/quiz\/view.php?id=3607\"><img decoding=\"async\" class=\"iconlarge activityicon\" role=\"presentation\" src=\"https:\/\/estudiosadministrativos.com\/cursos\/theme\/image.php\/boost\/quiz\/1632813025\/icon\" alt=\"\" aria-hidden=\"true\" title=\"\"><span class=\"instancename\">TEST 7.5 Ley 31\/1995. Cap\u00edtulo III Derechos y obligaciones (art. 14 a 29) Cap\u00edtulo V Consulta y participaci\u00f3n de los trabajadores (art. 33 a 40).<\/span><\/a><\/div>\n<div class=\"contentafterlink\">\n<div class=\"no-overflow\">\n<div class=\"no-overflow\">\n<p>76 peguntas.\u00a0<a href=\"https:\/\/estudiosadministrativos.com\/cursos\/pluginfile.php\/4884\/mod_quiz\/intro\/TEST_LPRL_CAP_III_CAP_V_76_PREGUNTAS.pdf\" target=\"_blank\" rel=\"noopener\">Pincha aqu\u00ed para descargar la versi\u00f3n en PDF<\/a><\/p>\n<p><em>Antes de comenzar a realizar los test sobre el Tema Prevenci\u00f3n de Riesgos Laborales, es conveniente visualizar las clases y realizar una lectura comprensiva de los apuntes<\/em><\/p>\n<p><em><a href=\"https:\/\/www.boe.es\/buscar\/pdf\/1995\/BOE-A-1995-24292-consolidado.pdf\" target=\"_blank\" rel=\"noopener\">Puedes descarga gratis la Ley 31\/1995, de 8 de noviembre, de Prevenci\u00f3n de Riesgos Laborales directamente desde la p\u00e1gina del BOE pinchando en este enlace<\/a><\/em><\/p>\n<\/div>\n<\/div>\n<\/div>\n<\/div>\n<\/div>\n<\/div>\n<\/li>\n<\/ul>\n<\/div>\n","protected":false},"excerpt":{"rendered":"<h2>4 horas de clase grabadas, con apuntes, res\u00famenes, esquemas y test<\/h2>\n<h3>Tienes acceso a todos los recursos (v\u00eddeos y material) por tiempo indefinido<\/h3>\n<p>&nbsp;<\/p>\n<p>&nbsp;<\/p>\n","protected":false},"featured_media":1502,"comment_status":"open","ping_status":"closed","template":"","meta":{"site-sidebar-layout":"default","site-content-layout":"default","ast-site-content-layout":"default","site-content-style":"default","site-sidebar-style":"default","ast-global-header-display":"","ast-banner-title-visibility":"","ast-main-header-display":"","ast-hfb-above-header-display":"","ast-hfb-below-header-display":"","ast-hfb-mobile-header-display":"","site-post-title":"","ast-breadcrumbs-content":"","ast-featured-img":"","footer-sml-layout":"","ast-disable-related-posts":"","theme-transparent-header-meta":"default","adv-header-id-meta":"","stick-header-meta":"","header-above-stick-meta":"","header-main-stick-meta":"","header-below-stick-meta":"","astra-migrate-meta-layouts":"default","ast-page-background-enabled":"default","ast-page-background-meta":{"desktop":{"background-color":"","background-image":"","background-repeat":"repeat","background-position":"center center","background-size":"auto","background-attachment":"scroll","background-type":"","background-media":"","overlay-type":"","overlay-color":"","overlay-opacity":"","overlay-gradient":""},"tablet":{"background-color":"","background-image":"","background-repeat":"repeat","background-position":"center center","background-size":"auto","background-attachment":"scroll","background-type":"","background-media":"","overlay-type":"","overlay-color":"","overlay-opacity":"","overlay-gradient":""},"mobile":{"background-color":"","background-image":"","background-repeat":"repeat","background-position":"center center","background-size":"auto","background-attachment":"scroll","background-type":"","background-media":"","overlay-type":"","overlay-color":"","overlay-opacity":"","overlay-gradient":""}},"ast-content-background-meta":{"desktop":{"background-color":"var(--ast-global-color-5)","background-image":"","background-repeat":"repeat","background-position":"center center","background-size":"auto","background-attachment":"scroll","background-type":"","background-media":"","overlay-type":"","overlay-color":"","overlay-opacity":"","overlay-gradient":""},"tablet":{"background-color":"var(--ast-global-color-5)","background-image":"","background-repeat":"repeat","background-position":"center center","background-size":"auto","background-attachment":"scroll","background-type":"","background-media":"","overlay-type":"","overlay-color":"","overlay-opacity":"","overlay-gradient":""},"mobile":{"background-color":"var(--ast-global-color-5)","background-image":"","background-repeat":"repeat","background-position":"center center","background-size":"auto","background-attachment":"scroll","background-type":"","background-media":"","overlay-type":"","overlay-color":"","overlay-opacity":"","overlay-gradient":""}}},"product_brand":[],"product_cat":[100,81],"product_tag":[288,289,290],"class_list":{"0":"post-1501","1":"product","2":"type-product","3":"status-publish","4":"has-post-thumbnail","6":"product_cat-clases-en-diferido-sobre-temas-concretos","7":"product_cat-ley-31-1995-de-prevencion-de-riesgos-laborales","8":"product_tag-apuntes-prevencion-de-riesgos-laborales","9":"product_tag-clases-prevencion-de-riesgos-laborales","10":"product_tag-tema-prevencion-de-riesgos-laborales","11":"desktop-align-left","12":"tablet-align-left","13":"mobile-align-left","15":"first","16":"instock","17":"virtual","18":"purchasable","19":"product-type-simple"},"_links":{"self":[{"href":"https:\/\/estudiosadministrativos.com\/test-temarios-oposiciones\/wp-json\/wp\/v2\/product\/1501","targetHints":{"allow":["GET"]}}],"collection":[{"href":"https:\/\/estudiosadministrativos.com\/test-temarios-oposiciones\/wp-json\/wp\/v2\/product"}],"about":[{"href":"https:\/\/estudiosadministrativos.com\/test-temarios-oposiciones\/wp-json\/wp\/v2\/types\/product"}],"replies":[{"embeddable":true,"href":"https:\/\/estudiosadministrativos.com\/test-temarios-oposiciones\/wp-json\/wp\/v2\/comments?post=1501"}],"wp:featuredmedia":[{"embeddable":true,"href":"https:\/\/estudiosadministrativos.com\/test-temarios-oposiciones\/wp-json\/wp\/v2\/media\/1502"}],"wp:attachment":[{"href":"https:\/\/estudiosadministrativos.com\/test-temarios-oposiciones\/wp-json\/wp\/v2\/media?parent=1501"}],"wp:term":[{"taxonomy":"product_brand","embeddable":true,"href":"https:\/\/estudiosadministrativos.com\/test-temarios-oposiciones\/wp-json\/wp\/v2\/product_brand?post=1501"},{"taxonomy":"product_cat","embeddable":true,"href":"https:\/\/estudiosadministrativos.com\/test-temarios-oposiciones\/wp-json\/wp\/v2\/product_cat?post=1501"},{"taxonomy":"product_tag","embeddable":true,"href":"https:\/\/estudiosadministrativos.com\/test-temarios-oposiciones\/wp-json\/wp\/v2\/product_tag?post=1501"}],"curies":[{"name":"wp","href":"https:\/\/api.w.org\/{rel}","templated":true}]}}