{"id":1752,"date":"2021-12-29T05:13:46","date_gmt":"2021-12-29T04:13:46","guid":{"rendered":"https:\/\/estudiosadministrativos.com\/test-temarios-oposiciones\/?post_type=product&#038;p=1752"},"modified":"2022-04-24T03:37:33","modified_gmt":"2022-04-24T01:37:33","slug":"test-turno-discapacidad-intelectual","status":"publish","type":"product","link":"https:\/\/estudiosadministrativos.com\/test-temarios-oposiciones\/recurso\/test-turno-discapacidad-intelectual\/","title":{"rendered":"TEST Turno discapacidad intelectual Celadores y PSM La Administraci\u00f3n 296 preguntas en 12 test"},"content":{"rendered":"<h2>TEST Turno discapacidad intelectual<\/h2>\n<h3>Celadores y PSM<\/h3>\n<h4>TEMA 1. La Administraci\u00f3n General del Estado<\/h4>\n<h5>Descarga los test en PDF con <strong>296 preguntas ce\u00f1idas a los apuntes oficiales<\/strong> (se incluyen tambi\u00e9n), repartidas del siguiente modo:<\/h5>\n<p>&nbsp;<\/p>\n<ul id=\"yui_3_17_2_1_1640745415633_31\" class=\"section img-text\">\n<li id=\"module-3950\" class=\"activity quiz modtype_quiz \">\n<div id=\"yui_3_17_2_1_1640745415633_43\">\n<div id=\"yui_3_17_2_1_1640745415633_42\" class=\"mod-indent-outer\">\n<div id=\"yui_3_17_2_1_1640745415633_41\">\n<div class=\"activityinstance\"><a class=\"\" href=\"https:\/\/estudiosadministrativos.com\/cursos\/mod\/quiz\/view.php?id=3950\"><img decoding=\"async\" class=\"iconlarge activityicon\" role=\"presentation\" src=\"https:\/\/estudiosadministrativos.com\/cursos\/theme\/image.php\/boost\/quiz\/1640436913\/icon\" alt=\"\" aria-hidden=\"true\" title=\"\"><span class=\"instancename\">TEST 1.1. La Administraci\u00f3n<\/span><\/a><\/div>\n<div id=\"yui_3_17_2_1_1640745415633_40\" class=\"contentafterlink\">\n<div id=\"yui_3_17_2_1_1640745415633_39\" class=\"no-overflow\">\n<div id=\"yui_3_17_2_1_1640745415633_38\" class=\"no-overflow\">\n<p id=\"yui_3_17_2_1_1640745415633_37\">21 preguntas<\/p>\n<\/div>\n<\/div>\n<\/div>\n<\/div>\n<\/div>\n<\/div>\n<\/li>\n<li id=\"module-4025\" class=\"activity quiz modtype_quiz \">\n<div id=\"yui_3_17_2_1_1640745415633_51\">\n<div id=\"yui_3_17_2_1_1640745415633_50\" class=\"mod-indent-outer\">\n<div id=\"yui_3_17_2_1_1640745415633_49\">\n<div class=\"activityinstance\"><a class=\"\" href=\"https:\/\/estudiosadministrativos.com\/cursos\/mod\/quiz\/view.php?id=4025\"><img decoding=\"async\" class=\"iconlarge activityicon\" role=\"presentation\" src=\"https:\/\/estudiosadministrativos.com\/cursos\/theme\/image.php\/boost\/quiz\/1640436913\/icon\" alt=\"\" aria-hidden=\"true\" title=\"\"><span class=\"instancename\">TEST. 1.2. Funcionamiento de la Administraci\u00f3n seg\u00fan la Constituci\u00f3n<\/span><\/a><\/div>\n<div id=\"yui_3_17_2_1_1640745415633_48\" class=\"contentafterlink\">\n<div id=\"yui_3_17_2_1_1640745415633_47\" class=\"no-overflow\">\n<div id=\"yui_3_17_2_1_1640745415633_46\" class=\"no-overflow\">\n<p id=\"yui_3_17_2_1_1640745415633_45\">24 preguntas,<\/p>\n<\/div>\n<\/div>\n<\/div>\n<\/div>\n<\/div>\n<\/div>\n<\/li>\n<li id=\"module-4035\" class=\"activity quiz modtype_quiz \">\n<div id=\"yui_3_17_2_1_1640745415633_59\">\n<div id=\"yui_3_17_2_1_1640745415633_58\" class=\"mod-indent-outer\">\n<div id=\"yui_3_17_2_1_1640745415633_57\">\n<div class=\"activityinstance\"><a class=\"\" href=\"https:\/\/estudiosadministrativos.com\/cursos\/mod\/quiz\/view.php?id=4035\"><img decoding=\"async\" class=\"iconlarge activityicon\" role=\"presentation\" src=\"https:\/\/estudiosadministrativos.com\/cursos\/theme\/image.php\/boost\/quiz\/1640436913\/icon\" alt=\"\" aria-hidden=\"true\" title=\"\"><span class=\"instancename\">TEST 1.3. Niveles de la Administraci\u00f3n<\/span><\/a><\/div>\n<div id=\"yui_3_17_2_1_1640745415633_56\" class=\"contentafterlink\">\n<div id=\"yui_3_17_2_1_1640745415633_55\" class=\"no-overflow\">\n<div id=\"yui_3_17_2_1_1640745415633_54\" class=\"no-overflow\">\n<p id=\"yui_3_17_2_1_1640745415633_53\">27 preguntas<\/p>\n<\/div>\n<\/div>\n<\/div>\n<\/div>\n<\/div>\n<\/div>\n<\/li>\n<li id=\"module-4036\" class=\"activity quiz modtype_quiz \">\n<div id=\"yui_3_17_2_1_1640745415633_67\">\n<div id=\"yui_3_17_2_1_1640745415633_66\" class=\"mod-indent-outer\">\n<div id=\"yui_3_17_2_1_1640745415633_65\">\n<div class=\"activityinstance\"><a class=\"\" href=\"https:\/\/estudiosadministrativos.com\/cursos\/mod\/quiz\/view.php?id=4036\"><img decoding=\"async\" class=\"iconlarge activityicon\" role=\"presentation\" src=\"https:\/\/estudiosadministrativos.com\/cursos\/theme\/image.php\/boost\/quiz\/1640436913\/icon\" alt=\"\" aria-hidden=\"true\" title=\"\"><span class=\"instancename\">TEST 1.4. Organizaci\u00f3n de la Administraci\u00f3n General del Estado<\/span><\/a><\/div>\n<div id=\"yui_3_17_2_1_1640745415633_64\" class=\"contentafterlink\">\n<div id=\"yui_3_17_2_1_1640745415633_63\" class=\"no-overflow\">\n<div id=\"yui_3_17_2_1_1640745415633_62\" class=\"no-overflow\">\n<p id=\"yui_3_17_2_1_1640745415633_61\">20 preguntas.<\/p>\n<\/div>\n<\/div>\n<\/div>\n<\/div>\n<\/div>\n<\/div>\n<\/li>\n<li id=\"module-4118\" class=\"activity quiz modtype_quiz \">\n<div id=\"yui_3_17_2_1_1640745415633_75\">\n<div id=\"yui_3_17_2_1_1640745415633_74\" class=\"mod-indent-outer\">\n<div id=\"yui_3_17_2_1_1640745415633_73\">\n<div class=\"activityinstance\"><a class=\"\" href=\"https:\/\/estudiosadministrativos.com\/cursos\/mod\/quiz\/view.php?id=4118\"><img decoding=\"async\" class=\"iconlarge activityicon\" role=\"presentation\" src=\"https:\/\/estudiosadministrativos.com\/cursos\/theme\/image.php\/boost\/quiz\/1640436913\/icon\" alt=\"\" aria-hidden=\"true\" title=\"\"><span class=\"instancename\">TEST 1.5. Organizaci\u00f3n de la Administraci\u00f3n General del Estado II<\/span><\/a><\/div>\n<div id=\"yui_3_17_2_1_1640745415633_72\" class=\"contentafterlink\">\n<div id=\"yui_3_17_2_1_1640745415633_71\" class=\"no-overflow\">\n<div id=\"yui_3_17_2_1_1640745415633_70\" class=\"no-overflow\">\n<p id=\"yui_3_17_2_1_1640745415633_69\">26 preguntas.<\/p>\n<\/div>\n<\/div>\n<\/div>\n<\/div>\n<\/div>\n<\/div>\n<\/li>\n<li id=\"module-4169\" class=\"activity quiz modtype_quiz \">\n<div id=\"yui_3_17_2_1_1640745415633_83\">\n<div id=\"yui_3_17_2_1_1640745415633_82\" class=\"mod-indent-outer\">\n<div id=\"yui_3_17_2_1_1640745415633_81\">\n<div class=\"activityinstance\"><a class=\"\" href=\"https:\/\/estudiosadministrativos.com\/cursos\/mod\/quiz\/view.php?id=4169\"><img decoding=\"async\" class=\"iconlarge activityicon\" role=\"presentation\" src=\"https:\/\/estudiosadministrativos.com\/cursos\/theme\/image.php\/boost\/quiz\/1640436913\/icon\" alt=\"\" aria-hidden=\"true\" title=\"\"><span class=\"instancename\">TEST 1.6. La Igualdad en la Administraci\u00f3n. Respeto por la diferencia y la discapacidad &#8211; Accesibilidad en la Administraci\u00f3n<\/span><\/a><\/div>\n<div id=\"yui_3_17_2_1_1640745415633_80\" class=\"contentafterlink\">\n<div id=\"yui_3_17_2_1_1640745415633_79\" class=\"no-overflow\">\n<div id=\"yui_3_17_2_1_1640745415633_78\" class=\"no-overflow\">\n<p id=\"yui_3_17_2_1_1640745415633_77\">32 preguntas.<\/p>\n<\/div>\n<\/div>\n<\/div>\n<\/div>\n<\/div>\n<\/div>\n<\/li>\n<li id=\"module-4171\" class=\"activity quiz modtype_quiz \">\n<div id=\"yui_3_17_2_1_1640745415633_90\">\n<div id=\"yui_3_17_2_1_1640745415633_89\" class=\"mod-indent-outer\">\n<div id=\"yui_3_17_2_1_1640745415633_88\">\n<div class=\"activityinstance\"><a class=\"\" href=\"https:\/\/estudiosadministrativos.com\/cursos\/mod\/quiz\/view.php?id=4171\"><img decoding=\"async\" class=\"iconlarge activityicon\" role=\"presentation\" src=\"https:\/\/estudiosadministrativos.com\/cursos\/theme\/image.php\/boost\/quiz\/1640436913\/icon\" alt=\"\" aria-hidden=\"true\" title=\"\"><span class=\"instancename\">TEST 1.7. Igualdad entre mujeres y hombres<\/span><\/a><\/div>\n<div id=\"yui_3_17_2_1_1640745415633_87\" class=\"contentafterlink\">\n<div id=\"yui_3_17_2_1_1640745415633_86\" class=\"no-overflow\">\n<div id=\"yui_3_17_2_1_1640745415633_85\" class=\"no-overflow\">\n<p id=\"yui_3_17_2_1_1640745415633_84\">23 preguntas.<a id=\"yui_3_17_2_1_1640745415633_91\" href=\"https:\/\/estudiosadministrativos.com\/cursos\/pluginfile.php\/5548\/mod_quiz\/intro\/test_IGUALDAD_ENTRE_MUJERES_Y_HOMBRES_SUBALTERNOS_AGE.pdf\" target=\"_blank\" rel=\"noopener\">\u00a0<\/a><\/p>\n<\/div>\n<\/div>\n<\/div>\n<\/div>\n<\/div>\n<\/div>\n<\/li>\n<li id=\"module-4174\" class=\"activity quiz modtype_quiz \">\n<div id=\"yui_3_17_2_1_1640745415633_99\">\n<div id=\"yui_3_17_2_1_1640745415633_98\" class=\"mod-indent-outer\">\n<div id=\"yui_3_17_2_1_1640745415633_97\">\n<div class=\"activityinstance\"><a class=\"\" href=\"https:\/\/estudiosadministrativos.com\/cursos\/mod\/quiz\/view.php?id=4174\"><img decoding=\"async\" class=\"iconlarge activityicon\" role=\"presentation\" src=\"https:\/\/estudiosadministrativos.com\/cursos\/theme\/image.php\/boost\/quiz\/1640436913\/icon\" alt=\"\" aria-hidden=\"true\" title=\"\"><span class=\"instancename\">TEST 1.8. Los Empleados P\u00fablicos (I) Tipos de empleados<\/span><\/a><\/div>\n<div id=\"yui_3_17_2_1_1640745415633_96\" class=\"contentafterlink\">\n<div id=\"yui_3_17_2_1_1640745415633_95\" class=\"no-overflow\">\n<div id=\"yui_3_17_2_1_1640745415633_94\" class=\"no-overflow\">\n<p id=\"yui_3_17_2_1_1640745415633_93\">31 preguntas<\/p>\n<\/div>\n<\/div>\n<\/div>\n<\/div>\n<\/div>\n<\/div>\n<\/li>\n<li id=\"module-4183\" class=\"activity quiz modtype_quiz \">\n<div id=\"yui_3_17_2_1_1640745415633_107\">\n<div id=\"yui_3_17_2_1_1640745415633_106\" class=\"mod-indent-outer\">\n<div id=\"yui_3_17_2_1_1640745415633_105\">\n<div class=\"activityinstance\"><a class=\"\" href=\"https:\/\/estudiosadministrativos.com\/cursos\/mod\/quiz\/view.php?id=4183\"><img decoding=\"async\" class=\"iconlarge activityicon\" role=\"presentation\" src=\"https:\/\/estudiosadministrativos.com\/cursos\/theme\/image.php\/boost\/quiz\/1640436913\/icon\" alt=\"\" aria-hidden=\"true\" title=\"\"><span class=\"instancename\">TEST 1.9. Los Empleados P\u00fablicos. Derechos de los empleados p\u00fablicos<\/span><\/a><\/div>\n<div id=\"yui_3_17_2_1_1640745415633_104\" class=\"contentafterlink\">\n<div id=\"yui_3_17_2_1_1640745415633_103\" class=\"no-overflow\">\n<div id=\"yui_3_17_2_1_1640745415633_102\" class=\"no-overflow\">\n<p id=\"yui_3_17_2_1_1640745415633_101\">38 preguntas.<\/p>\n<\/div>\n<\/div>\n<\/div>\n<\/div>\n<\/div>\n<\/div>\n<\/li>\n<li id=\"module-4184\" class=\"activity quiz modtype_quiz \">\n<div id=\"yui_3_17_2_1_1640745415633_115\">\n<div id=\"yui_3_17_2_1_1640745415633_114\" class=\"mod-indent-outer\">\n<div id=\"yui_3_17_2_1_1640745415633_113\">\n<div class=\"activityinstance\"><a class=\"\" href=\"https:\/\/estudiosadministrativos.com\/cursos\/mod\/quiz\/view.php?id=4184\"><img decoding=\"async\" class=\"iconlarge activityicon\" role=\"presentation\" src=\"https:\/\/estudiosadministrativos.com\/cursos\/theme\/image.php\/boost\/quiz\/1640436913\/icon\" alt=\"\" aria-hidden=\"true\" title=\"\"><span class=\"instancename\">TEST 1.10 Los empleados p\u00fablicos. Obligaciones de los Empleados P\u00fablicos<\/span><\/a><\/div>\n<div id=\"yui_3_17_2_1_1640745415633_112\" class=\"contentafterlink\">\n<div id=\"yui_3_17_2_1_1640745415633_111\" class=\"no-overflow\">\n<div id=\"yui_3_17_2_1_1640745415633_110\" class=\"no-overflow\">\n<p id=\"yui_3_17_2_1_1640745415633_109\">21 preguntas.<\/p>\n<\/div>\n<\/div>\n<\/div>\n<\/div>\n<\/div>\n<\/div>\n<\/li>\n<li id=\"module-4185\" class=\"activity quiz modtype_quiz \">\n<div id=\"yui_3_17_2_1_1640745415633_123\">\n<div id=\"yui_3_17_2_1_1640745415633_122\" class=\"mod-indent-outer\">\n<div id=\"yui_3_17_2_1_1640745415633_121\">\n<div class=\"activityinstance\"><a class=\"\" href=\"https:\/\/estudiosadministrativos.com\/cursos\/mod\/quiz\/view.php?id=4185\"><img decoding=\"async\" class=\"iconlarge activityicon\" role=\"presentation\" src=\"https:\/\/estudiosadministrativos.com\/cursos\/theme\/image.php\/boost\/quiz\/1640436913\/icon\" alt=\"\" aria-hidden=\"true\" title=\"\"><span class=\"instancename\">TEST 1.11 Ingreso en la Administraci\u00f3n P\u00fablica. Requisitos de la Oferta de Empleo P\u00fablico<\/span><\/a><\/div>\n<div id=\"yui_3_17_2_1_1640745415633_120\" class=\"contentafterlink\">\n<div id=\"yui_3_17_2_1_1640745415633_119\" class=\"no-overflow\">\n<div id=\"yui_3_17_2_1_1640745415633_118\" class=\"no-overflow\">\n<p id=\"yui_3_17_2_1_1640745415633_117\">25 preguntas.<\/p>\n<\/div>\n<\/div>\n<\/div>\n<\/div>\n<\/div>\n<\/div>\n<\/li>\n<li id=\"module-4186\" class=\"activity quiz modtype_quiz \">\n<div id=\"yui_3_17_2_1_1640745415633_131\">\n<div id=\"yui_3_17_2_1_1640745415633_130\" class=\"mod-indent-outer\">\n<div id=\"yui_3_17_2_1_1640745415633_129\">\n<div class=\"activityinstance\"><a class=\"\" href=\"https:\/\/estudiosadministrativos.com\/cursos\/mod\/quiz\/view.php?id=4186\"><img decoding=\"async\" class=\"iconlarge activityicon\" role=\"presentation\" src=\"https:\/\/estudiosadministrativos.com\/cursos\/theme\/image.php\/boost\/quiz\/1640436913\/icon\" alt=\"\" aria-hidden=\"true\" title=\"\"><span class=\"instancename\">TEST 1.12 Ingreso en la Administraci\u00f3n P\u00fablica. Sistemas Selectivos<\/span><\/a><\/div>\n<div id=\"yui_3_17_2_1_1640745415633_128\" class=\"contentafterlink\">\n<div id=\"yui_3_17_2_1_1640745415633_127\" class=\"no-overflow\">\n<div id=\"yui_3_17_2_1_1640745415633_126\" class=\"no-overflow\">\n<p id=\"yui_3_17_2_1_1640745415633_125\">20 preguntas.<\/p>\n<hr \/>\n<p><a href=\"https:\/\/www.youtube.com\/watch?v=EiSi-zvxSTA\" target=\"_blank\" rel=\"noopener\">https:\/\/www.youtube.com\/watch?v=EiSi-zvxSTA<\/a><\/p>\n<\/div>\n<\/div>\n<\/div>\n<\/div>\n<\/div>\n<\/div>\n<\/li>\n<\/ul>\n","protected":false},"excerpt":{"rendered":"<h3>Celadores y PSM<\/h3>\n<h4>TEMA 1. La Administraci\u00f3n General del Estado<\/h4>\n<h5>Descarga los test en PDF con <span style=\"color: #ff0000;\"><strong>296 preguntas ce\u00f1idas a los apuntes oficiales (se incluyen)<\/strong><\/span><\/h5>\n","protected":false},"featured_media":1753,"comment_status":"open","ping_status":"closed","template":"","meta":{"site-sidebar-layout":"default","site-content-layout":"default","ast-site-content-layout":"default","site-content-style":"default","site-sidebar-style":"default","ast-global-header-display":"","ast-banner-title-visibility":"","ast-main-header-display":"","ast-hfb-above-header-display":"","ast-hfb-below-header-display":"","ast-hfb-mobile-header-display":"","site-post-title":"","ast-breadcrumbs-content":"","ast-featured-img":"","footer-sml-layout":"","ast-disable-related-posts":"","theme-transparent-header-meta":"default","adv-header-id-meta":"","stick-header-meta":"","header-above-stick-meta":"","header-main-stick-meta":"","header-below-stick-meta":"","astra-migrate-meta-layouts":"default","ast-page-background-enabled":"default","ast-page-background-meta":{"desktop":{"background-color":"","background-image":"","background-repeat":"repeat","background-position":"center center","background-size":"auto","background-attachment":"scroll","background-type":"","background-media":"","overlay-type":"","overlay-color":"","overlay-opacity":"","overlay-gradient":""},"tablet":{"background-color":"","background-image":"","background-repeat":"repeat","background-position":"center center","background-size":"auto","background-attachment":"scroll","background-type":"","background-media":"","overlay-type":"","overlay-color":"","overlay-opacity":"","overlay-gradient":""},"mobile":{"background-color":"","background-image":"","background-repeat":"repeat","background-position":"center center","background-size":"auto","background-attachment":"scroll","background-type":"","background-media":"","overlay-type":"","overlay-color":"","overlay-opacity":"","overlay-gradient":""}},"ast-content-background-meta":{"desktop":{"background-color":"var(--ast-global-color-5)","background-image":"","background-repeat":"repeat","background-position":"center center","background-size":"auto","background-attachment":"scroll","background-type":"","background-media":"","overlay-type":"","overlay-color":"","overlay-opacity":"","overlay-gradient":""},"tablet":{"background-color":"var(--ast-global-color-5)","background-image":"","background-repeat":"repeat","background-position":"center center","background-size":"auto","background-attachment":"scroll","background-type":"","background-media":"","overlay-type":"","overlay-color":"","overlay-opacity":"","overlay-gradient":""},"mobile":{"background-color":"var(--ast-global-color-5)","background-image":"","background-repeat":"repeat","background-position":"center center","background-size":"auto","background-attachment":"scroll","background-type":"","background-media":"","overlay-type":"","overlay-color":"","overlay-opacity":"","overlay-gradient":""}}},"product_brand":[],"product_cat":[35,267],"product_tag":[302,303,301,300],"class_list":{"0":"post-1752","1":"product","2":"type-product","3":"status-publish","4":"has-post-thumbnail","6":"product_cat-test-apuntes-temarios-recursos","7":"product_cat-turno-discapacidad-intelectual","8":"product_tag-test-celadores-age","9":"product_tag-test-celadores-discapacidad","10":"product_tag-test-la-administracion","11":"product_tag-turno-discapacidad-intelectual","12":"desktop-align-left","13":"tablet-align-left","14":"mobile-align-left","16":"first","17":"instock","18":"downloadable","19":"shipping-taxable","20":"purchasable","21":"product-type-simple"},"_links":{"self":[{"href":"https:\/\/estudiosadministrativos.com\/test-temarios-oposiciones\/wp-json\/wp\/v2\/product\/1752","targetHints":{"allow":["GET"]}}],"collection":[{"href":"https:\/\/estudiosadministrativos.com\/test-temarios-oposiciones\/wp-json\/wp\/v2\/product"}],"about":[{"href":"https:\/\/estudiosadministrativos.com\/test-temarios-oposiciones\/wp-json\/wp\/v2\/types\/product"}],"replies":[{"embeddable":true,"href":"https:\/\/estudiosadministrativos.com\/test-temarios-oposiciones\/wp-json\/wp\/v2\/comments?post=1752"}],"wp:featuredmedia":[{"embeddable":true,"href":"https:\/\/estudiosadministrativos.com\/test-temarios-oposiciones\/wp-json\/wp\/v2\/media\/1753"}],"wp:attachment":[{"href":"https:\/\/estudiosadministrativos.com\/test-temarios-oposiciones\/wp-json\/wp\/v2\/media?parent=1752"}],"wp:term":[{"taxonomy":"product_brand","embeddable":true,"href":"https:\/\/estudiosadministrativos.com\/test-temarios-oposiciones\/wp-json\/wp\/v2\/product_brand?post=1752"},{"taxonomy":"product_cat","embeddable":true,"href":"https:\/\/estudiosadministrativos.com\/test-temarios-oposiciones\/wp-json\/wp\/v2\/product_cat?post=1752"},{"taxonomy":"product_tag","embeddable":true,"href":"https:\/\/estudiosadministrativos.com\/test-temarios-oposiciones\/wp-json\/wp\/v2\/product_tag?post=1752"}],"curies":[{"name":"wp","href":"https:\/\/api.w.org\/{rel}","templated":true}]}}