{"id":206,"date":"2021-04-03T18:50:20","date_gmt":"2021-04-03T16:50:20","guid":{"rendered":"https:\/\/estudiosadministrativos.com\/test-temarios-oposiciones\/?post_type=product&#038;p=206"},"modified":"2023-04-30T21:51:01","modified_gmt":"2023-04-30T19:51:01","slug":"test-sobre-la-constitucion","status":"publish","type":"product","link":"https:\/\/estudiosadministrativos.com\/test-temarios-oposiciones\/recurso\/test-sobre-la-constitucion\/","title":{"rendered":"133 preguntas tipo TEST sobre La Constituci\u00f3n (T\u00edtulo Preliminar y T\u00edtulo Primero)"},"content":{"rendered":"<h3>133 preguntas tipo TEST sobre la Constituci\u00f3n &#8211; T\u00edtulo Preliminar y T\u00edtulo Primero, con hoja de respuestas<\/h3>\n<p>&nbsp;<\/p>\n<hr \/>\n<p><a href=\"https:\/\/www.boe.es\/buscar\/pdf\/1978\/BOE-A-1978-31229-consolidado.pdf\" target=\"_blank\" rel=\"nofollow noopener\">Pincha aqu\u00ed para descargar un ejemplar en pdf de la Constituci\u00f3n Espa\u00f1ola<\/a><\/p>\n<hr \/>\n<p>Antes de comenzar con el test sobre la Constituci\u00f3n, es muy importante leer y asimilar el contenido del tema concreto.<\/p>\n<hr \/>\n<p><strong>LA CONSTITUCI\u00d3N ESPA\u00d1OLA DE 1978: ESTRUCTURA Y CONTENIDO<\/strong><\/p>\n<p>Nuestra Constituci\u00f3n est\u00e1 formada por 169 art\u00edculos, por lo que puede calificarse de extensa, por 1 pre\u00e1mbulo en el que se Proclama la voluntad de la propia Constituci\u00f3n, por 4 disposiciones adicionales, 9 transitorias, 1derogatoria a y 1 final. Los art\u00edculos est\u00e1n integrados en 10 t\u00edtulos, existiendo adem\u00e1s 1 t\u00edtulo Preliminar.<br \/>\nCada t\u00edtulo se divide en cap\u00edtulos y estos, a su vez, en secciones. En el t\u00edtulo preliminar, se recogen los principios generales del ordenamiento constitucional. Los t\u00edtulos est\u00e1n encabezados por un enunciado que refleja la materiaque recoge:<\/p>\n<p>T\u00edtulo I: \u201cDe los derechos y deberes fundamentales\u00bb.<br \/>\nT\u00edtulo II: \u201cDe la Corona\u201d.<br \/>\nT\u00edtulo III: \u201cDe las Cortes Generales\u201d.<br \/>\nT\u00edtulo IV: \u201cDel Gobierno y de la Administraci\u00f3n\u201d.<br \/>\nT\u00edtulo V: \u201cDe las relaciones entre el Gobierno y las Cortes Generales\u00bb.<br \/>\nT\u00edtulo VI: \u201cDel Poder Judicial\u00bb.<br \/>\nT\u00edtulo VII: \u201cEconom\u00eda y Hacienda\u201d.<br \/>\nT\u00edtulo VIII: \u201cDe la Organizaci\u00f3n Territorial del Estado\u00bb.<br \/>\nT\u00edtulo IX: \u201cDel Tribunal Constitucional\u00bb.<br \/>\nT\u00edtulo X: \u201cDe la reforma Constitucional\u00bb<\/p>\n<p><strong>CONSTITUCI\u00d3N: CARACTER\u00cdSTICAS<\/strong><br \/>\nEst\u00e1 compuesta por:<\/p>\n<p>\u2022 Parte dogm\u00e1tica (t\u00edtulo preliminar y titulo primero)<br \/>\n\u2022 Parte org\u00e1nica (el resto de los t\u00edtulos) que recoge lo relativo a la organizaci\u00f3n y funcionamiento de los poderes p\u00fablicos y sus \u00f3rganos<\/p>\n<p>Se trata de una Constituci\u00f3n escrita y codificada conforme a la tradici\u00f3n del continente europeo. Es decir, forma por s\u00ed misma lo que podr\u00edamos calificar, en palabras de alg\u00fan autor, \u201cc\u00f3digo de leyes o \u201csistema de leyes\u201d Extensa tanto por su n\u00famero de art\u00edculos como por la extensi\u00f3n de alguno de ellosSe trata de una Constituci\u00f3n r\u00edgida, por la dificultad de su reforma.<\/p>\n<p><strong>T\u00c9RMINOS PREVIOS<\/strong><\/p>\n<p>\u2022 <strong>Ley Org\u00e1nica<\/strong> es aquella que, el sentido de su importancia se deriva dela constituci\u00f3n nacional, adem\u00e1s posee garant\u00edas especiales como la aprobaci\u00f3n, modificaci\u00f3n o derogaci\u00f3n por mayor\u00eda absoluta o calificada del congreso, en una votaci\u00f3n final sobre el conjunto del proyecto de ley.<br \/>\n\u2022 <strong>Ley Ordinaria<\/strong> es aquella que se dirige a la ciudadan\u00eda para regular casos concretos sobre alguna materia. Las leyes ordinarias tienen lafunci\u00f3n de regular aquellas situaciones que dejan de regular las leyes org\u00e1nicas. Se aprueban por mayor\u00eda simple.<\/p>\n<p><strong>T\u00cdTULO PREELIMINAR<\/strong><br \/>\nArt\u00edculo 1 <span style=\"font-size: 16px;\">Art\u00edculo 2 Art\u00edculo 3\u00a0 Art\u00edculo 4\u00a0 Art\u00edculo 5 Art\u00edculo 6 Art\u00edculo 7 Art\u00edculo 8<\/span><\/p>\n<p><strong>Art\u00edculo 1 (Estructura jur\u00eddica y pol\u00edtica del Estado)<\/strong><\/p>\n<p>1 . \u00bfC\u00f3mo se define la Estructura jur\u00eddica del Estado?<\/p>\n<p>Espa\u00f1a se constituye en un Estado social y democr\u00e1tico de Derecho<br \/>\nEl Estado de Derecho implica una separaci\u00f3n de poderes y el principio de legalidad<br \/>\n\u00bfQu\u00e9 propugna el Estado como valores superiores de su ordenamiento jur\u00eddico?<br \/>\n\u2022 La libertad<br \/>\n\u2022 La justicia<br \/>\n\u2022 La igualdad<br \/>\n\u2022 El pluralismo pol\u00edtico<\/p>\n<p><strong>2. \u00bfD\u00f3nde reside la soberan\u00eda nacional? \u00bfDe qui\u00e9n emanan los poderes del Estado?<\/strong><br \/>\nEn el pueblo espa\u00f1ol, del que emanan los poderes del Estado<\/p>\n<p><strong>3. \u00bfCu\u00e1l es la forma pol\u00edtica del Estado espa\u00f1ol?<\/strong><br \/>\nLa Monarqu\u00eda Parlamentaria (El Rey se encuentra limitado por el pueblo espa\u00f1ol, titular de la soberan\u00eda nacional; por las Cortes Generales, leg\u00edtimos representantes del Pueblo espa\u00f1ol y por la Constituci\u00f3n Espa\u00f1ola)<\/p>\n<p><strong>Art\u00edculo 2 (Estructura territorial del Estado)<\/strong><br \/>\n\u2022 \u00bfEn que se fundamenta la Constituci\u00f3n?<br \/>\nEn la indisoluble unidad de la Naci\u00f3n espa\u00f1ola, patria com\u00fan e indivisible de todos los espa\u00f1oles<br \/>\n\u2022 \u00bf De qui\u00e9n reconoce y garantiza el derecho a la autonom\u00eda y la solidaridad entre todas ellas?<br \/>\nDe las nacionalidades y regiones que la integran<br \/>\n\u2022 IMPORTANTE: El art\u00edculo 2 hay que relacionarlo con el T\u00edtulo VIII de la C.E y concretamente el art\u00edculo 137 de la C.E. \u201cEl Estado se organiza territorialmente en municipios, provincias y en las CCAA que se constituyan. Todas estas entidades gozan de autonom\u00eda para la gesti\u00f3n de sus respectivos intereses\u201d<\/p>\n<hr \/>\n<p><em>si necesitas m\u00e1s test sobre la Constituci\u00f3n, ponte en contacto con nosotros<\/em><\/p>\n","protected":false},"excerpt":{"rendered":"<h3>TEST sobre la Constituci\u00f3n<\/h3>\n<p>133 preguntas\u00a0 &#8211; T\u00edtulo Preliminar y T\u00edtulo Primero, con hoja de respuestas<\/p>\n","protected":false},"featured_media":385,"comment_status":"open","ping_status":"closed","template":"","meta":{"site-sidebar-layout":"default","site-content-layout":"default","ast-site-content-layout":"default","site-content-style":"default","site-sidebar-style":"default","ast-global-header-display":"","ast-banner-title-visibility":"","ast-main-header-display":"","ast-hfb-above-header-display":"","ast-hfb-below-header-display":"","ast-hfb-mobile-header-display":"","site-post-title":"","ast-breadcrumbs-content":"","ast-featured-img":"","footer-sml-layout":"","ast-disable-related-posts":"","theme-transparent-header-meta":"default","adv-header-id-meta":"","stick-header-meta":"","header-above-stick-meta":"","header-main-stick-meta":"","header-below-stick-meta":"","astra-migrate-meta-layouts":"default","ast-page-background-enabled":"default","ast-page-background-meta":{"desktop":{"background-color":"","background-image":"","background-repeat":"repeat","background-position":"center center","background-size":"auto","background-attachment":"scroll","background-type":"","background-media":"","overlay-type":"","overlay-color":"","overlay-opacity":"","overlay-gradient":""},"tablet":{"background-color":"","background-image":"","background-repeat":"repeat","background-position":"center center","background-size":"auto","background-attachment":"scroll","background-type":"","background-media":"","overlay-type":"","overlay-color":"","overlay-opacity":"","overlay-gradient":""},"mobile":{"background-color":"","background-image":"","background-repeat":"repeat","background-position":"center center","background-size":"auto","background-attachment":"scroll","background-type":"","background-media":"","overlay-type":"","overlay-color":"","overlay-opacity":"","overlay-gradient":""}},"ast-content-background-meta":{"desktop":{"background-color":"var(--ast-global-color-5)","background-image":"","background-repeat":"repeat","background-position":"center center","background-size":"auto","background-attachment":"scroll","background-type":"","background-media":"","overlay-type":"","overlay-color":"","overlay-opacity":"","overlay-gradient":""},"tablet":{"background-color":"var(--ast-global-color-5)","background-image":"","background-repeat":"repeat","background-position":"center center","background-size":"auto","background-attachment":"scroll","background-type":"","background-media":"","overlay-type":"","overlay-color":"","overlay-opacity":"","overlay-gradient":""},"mobile":{"background-color":"var(--ast-global-color-5)","background-image":"","background-repeat":"repeat","background-position":"center center","background-size":"auto","background-attachment":"scroll","background-type":"","background-media":"","overlay-type":"","overlay-color":"","overlay-opacity":"","overlay-gradient":""}}},"product_brand":[],"product_cat":[54,35,72],"product_tag":[38,26,37,53],"class_list":{"0":"post-206","1":"product","2":"type-product","3":"status-publish","4":"has-post-thumbnail","6":"product_cat-la-constitucion-espanola","7":"product_cat-test-apuntes-temarios-recursos","8":"product_cat-test-de-oposiciones","9":"product_tag-constitucion","10":"product_tag-descargar","11":"product_tag-test","12":"product_tag-test-sobre-la-constitucion","13":"desktop-align-left","14":"tablet-align-left","15":"mobile-align-left","17":"first","18":"instock","19":"downloadable","20":"virtual","21":"purchasable","22":"product-type-simple"},"_links":{"self":[{"href":"https:\/\/estudiosadministrativos.com\/test-temarios-oposiciones\/wp-json\/wp\/v2\/product\/206","targetHints":{"allow":["GET"]}}],"collection":[{"href":"https:\/\/estudiosadministrativos.com\/test-temarios-oposiciones\/wp-json\/wp\/v2\/product"}],"about":[{"href":"https:\/\/estudiosadministrativos.com\/test-temarios-oposiciones\/wp-json\/wp\/v2\/types\/product"}],"replies":[{"embeddable":true,"href":"https:\/\/estudiosadministrativos.com\/test-temarios-oposiciones\/wp-json\/wp\/v2\/comments?post=206"}],"wp:featuredmedia":[{"embeddable":true,"href":"https:\/\/estudiosadministrativos.com\/test-temarios-oposiciones\/wp-json\/wp\/v2\/media\/385"}],"wp:attachment":[{"href":"https:\/\/estudiosadministrativos.com\/test-temarios-oposiciones\/wp-json\/wp\/v2\/media?parent=206"}],"wp:term":[{"taxonomy":"product_brand","embeddable":true,"href":"https:\/\/estudiosadministrativos.com\/test-temarios-oposiciones\/wp-json\/wp\/v2\/product_brand?post=206"},{"taxonomy":"product_cat","embeddable":true,"href":"https:\/\/estudiosadministrativos.com\/test-temarios-oposiciones\/wp-json\/wp\/v2\/product_cat?post=206"},{"taxonomy":"product_tag","embeddable":true,"href":"https:\/\/estudiosadministrativos.com\/test-temarios-oposiciones\/wp-json\/wp\/v2\/product_tag?post=206"}],"curies":[{"name":"wp","href":"https:\/\/api.w.org\/{rel}","templated":true}]}}