{"id":223,"date":"2021-04-04T00:13:31","date_gmt":"2021-04-03T22:13:31","guid":{"rendered":"https:\/\/estudiosadministrativos.com\/test-temarios-oposiciones\/?post_type=product&#038;p=223"},"modified":"2023-04-30T21:50:46","modified_gmt":"2023-04-30T19:50:46","slug":"test-sobre-la-ley-40-2015","status":"publish","type":"product","link":"https:\/\/estudiosadministrativos.com\/test-temarios-oposiciones\/recurso\/test-sobre-la-ley-40-2015\/","title":{"rendered":"90 preguntas tipo TEST sobre la Ley 40\/2015"},"content":{"rendered":"<h3>TEST sobre la Ley 40\/2015<\/h3>\n<p>T\u00cdTULO PRELIMINAR<\/p>\n<p><strong>90 preguntas tipo TEST sobre la Ley 40\/2015 , de 1 de octubre, de R\u00e9gimen Jur\u00eddico del Sector P\u00fablico, dedicadas al TITULO PRELIMINAR, con hoja de respuestas<\/strong><\/p>\n<hr \/>\n<p><span style=\"font-size: 16px;\">Todas las leyes se pueden descargar gratis desde la p\u00e1gina del BOE. <a href=\"https:\/\/www.boe.es\/buscar\/pdf\/2015\/BOE-A-2015-10566-consolidado.pdf\" target=\"_blank\" rel=\"nofollow noopener\">Si quieres descargar la Ley 40\/2015 , de 1 de octubre, de R\u00e9gimen Jur\u00eddico del Sector P\u00fablico, pincha aqu\u00ed<\/a><\/span><\/p>\n<p><strong style=\"font-size: 16px;\">INTRODUCCI\u00d3N\u00a0 a la Ley 40\/2015, de 1 de octubre, de R\u00e9gimen Jur\u00eddico del Sector P\u00fablico,<\/strong><\/p>\n<p>La organizaci\u00f3n es una exigencia racional de reparto del trabajo. En cualquier colectivo humano, all\u00ed donde exista un conjunto de medios puestos al servicio de un fin, la organizaci\u00f3n asigna las funciones entre los componentes del colectivo. Si nos movemos en el \u00e1mbito de la administraci\u00f3n p\u00fablica los componentes del colectivo son los diferentes \u00f3rganos administrativos, entendidos como aquellas unidades funcionales abstractas pertenecientes a una Administraci\u00f3n P\u00fablica que est\u00e1n capacitadas para llevar a cabo funciones con efectos jur\u00eddicos frente a terceros, y cuya<br \/>\nactuaci\u00f3n tiene car\u00e1cter preceptivo. La expresi\u00f3n \u00ab\u00f3rgano\u00bb ha sido tomada por el Derecho desde la Biolog\u00eda (como parte de un cuerpo vivo, que desempe\u00f1a una funci\u00f3n) y se utiliza en sentido metaf\u00f3rico, con referencia a las partes de que consta una organizaci\u00f3n administrativa. Esta concepci\u00f3n es una dimensi\u00f3n interna de la organizaci\u00f3n que se impone conceptualmente al Derecho. Pero, de cara al exterior, es decir, cuando hay que explicar las relaciones entre los diversos \u00f3rganos para preservar la unidad del conjunto y, sobre todo, cuando hay que explicar la vinculaci\u00f3n del conjunto a las decisiones adoptadas por sus miembros, las reglas jur\u00eddicas devienen indispensables. En torno a esta dimensi\u00f3n externa de la organizaci\u00f3n surge, precisamente, y superando experiencias anteriores, la teor\u00eda del \u00f3rgano. Al parecer, fue el Derecho Can\u00f3nico el que primero advirti\u00f3 la necesidad de distinguir entre el \u00f3rgano y la persona que lo ocupa. En la actualidad, el \u00f3rgano se entiende como centro permanente de decisi\u00f3n con independencia de las personas f\u00edsicas que lo puedan ocupar en cada momento.<\/p>\n<p>Pues bien, aunque s\u00f3lo fuera por las razones materiales que se acaban de exponer, no cabe pensar en una actividad administrativa desorganizada. La caracterizaci\u00f3n constitucional de las Administraciones P\u00fablicas, y en particular, los principios de eficacia, jerarqu\u00eda, descentralizaci\u00f3n, desconcentraci\u00f3n y coordinaci\u00f3n del art\u00edculo 103.1 de la Constituci\u00f3n Espa\u00f1ola de 1978 presuponen su condici\u00f3n de estructuras organizadas:<\/p>\n<ul>\n<li>El <strong>principio de eficacia<\/strong> buscar\u00e1, mediante su inspiraci\u00f3n, que la Administraci\u00f3n P\u00fablica cumpla los objetivos fijados en los servicios prestados a los ciudadanos. Pero debe ir m\u00e1s all\u00e1 del mero cumplimiento, tendiendo hacia unos \u00edndices de calidad \u00f3ptimos.<\/li>\n<li>\u00a0El <strong>principio de jerarqu\u00eda<\/strong>. La organizaci\u00f3n administrativa se estructura de manera jer\u00e1rquica con una multiplicidad de \u00f3rganos, de ellos los de nivel superior que hacen primar su voluntad sobre los del inferior. Para su efectividad real, los \u00f3rganos superiores se invisten de una serie de facultades o poderes, que se corresponden con el deber de obediencia, respeto y acatamiento de las \u00f3rdenes por parte del \u00f3rgano inferior so pena de responsabilidad disciplinaria.<\/li>\n<li>\u00a0La <strong>descentralizaci\u00f3n<\/strong> presupone reordenaci\u00f3n de funciones entre distintas Administraciones P\u00fablicas. Si se produce entre el Estado y las Comunidades Aut\u00f3nomas o Provincias y Municipios, se habla de descentralizaci\u00f3n territorial. Pero tambi\u00e9n es posible una descentralizaci\u00f3n funcional que explica la aparici\u00f3n de entes instrumentales con personalidad jur\u00eddica propia que conforman la denominada Administraci\u00f3n institucional.<\/li>\n<li>Por el contrario, se habla de <strong>desconcentraci\u00f3n<\/strong> cuando dentro de una misma Administraci\u00f3n P\u00fablica se reordenan funciones a favor de \u00f3rganos inferiores o perif\u00e9ricos. Transferencia de la titularidad y el ejercicio de competencias de un \u00f3rgano superior a otro inferior o perif\u00e9rico dentro de un mismo ente p\u00fablico, con car\u00e1cter permanente.<\/li>\n<li>La <strong>coordinaci\u00f3n<\/strong> es un principio organizativo que pretende lograr la unidad en la actuaci\u00f3n administrativa entre Administraciones diferentes o entre \u00f3rganos pertenecientes a \u00e1mbitos distintos de una misma Administraci\u00f3n, no relacionados por el principio de jerarqu\u00eda. La existencia de una pluralidad de Administraciones genera la posibilidad de duplicidades y contradicciones en una misma materia, con el riesgo de producirse tanto derroches sobre costes materiales como de esfuerzo por la superposici\u00f3n.<\/li>\n<\/ul>\n<hr \/>\n<p><em>Antes de comenzar a realizar los test sobre la Ley 40\/2015 es conveniente leer y asimilar bien la Ley.<\/em><\/p>\n","protected":false},"excerpt":{"rendered":"<p>TEST sobre la Ley 40\/2015<\/p>\n<p>T\u00cdTULO PRLIMINAR<\/p>\n<p>90 preguntas tipo test sobre la Ley 40\/2015, de 1 de octubre, de R\u00e9gimen Jur\u00eddico del Sector P\u00fablico, dedicadas al T\u00cdTULO PRELIMINAR, con hoja de respuestas<\/p>\n","protected":false},"featured_media":383,"comment_status":"open","ping_status":"closed","template":"","meta":{"site-sidebar-layout":"default","site-content-layout":"default","ast-site-content-layout":"default","site-content-style":"default","site-sidebar-style":"default","ast-global-header-display":"","ast-banner-title-visibility":"","ast-main-header-display":"","ast-hfb-above-header-display":"","ast-hfb-below-header-display":"","ast-hfb-mobile-header-display":"","site-post-title":"","ast-breadcrumbs-content":"","ast-featured-img":"","footer-sml-layout":"","ast-disable-related-posts":"","theme-transparent-header-meta":"default","adv-header-id-meta":"","stick-header-meta":"","header-above-stick-meta":"","header-main-stick-meta":"","header-below-stick-meta":"","astra-migrate-meta-layouts":"default","ast-page-background-enabled":"default","ast-page-background-meta":{"desktop":{"background-color":"","background-image":"","background-repeat":"repeat","background-position":"center center","background-size":"auto","background-attachment":"scroll","background-type":"","background-media":"","overlay-type":"","overlay-color":"","overlay-opacity":"","overlay-gradient":""},"tablet":{"background-color":"","background-image":"","background-repeat":"repeat","background-position":"center center","background-size":"auto","background-attachment":"scroll","background-type":"","background-media":"","overlay-type":"","overlay-color":"","overlay-opacity":"","overlay-gradient":""},"mobile":{"background-color":"","background-image":"","background-repeat":"repeat","background-position":"center center","background-size":"auto","background-attachment":"scroll","background-type":"","background-media":"","overlay-type":"","overlay-color":"","overlay-opacity":"","overlay-gradient":""}},"ast-content-background-meta":{"desktop":{"background-color":"var(--ast-global-color-5)","background-image":"","background-repeat":"repeat","background-position":"center center","background-size":"auto","background-attachment":"scroll","background-type":"","background-media":"","overlay-type":"","overlay-color":"","overlay-opacity":"","overlay-gradient":""},"tablet":{"background-color":"var(--ast-global-color-5)","background-image":"","background-repeat":"repeat","background-position":"center center","background-size":"auto","background-attachment":"scroll","background-type":"","background-media":"","overlay-type":"","overlay-color":"","overlay-opacity":"","overlay-gradient":""},"mobile":{"background-color":"var(--ast-global-color-5)","background-image":"","background-repeat":"repeat","background-position":"center center","background-size":"auto","background-attachment":"scroll","background-type":"","background-media":"","overlay-type":"","overlay-color":"","overlay-opacity":"","overlay-gradient":""}}},"product_brand":[],"product_cat":[68,35,72],"product_tag":[26,39,40,37],"class_list":{"0":"post-223","1":"product","2":"type-product","3":"status-publish","4":"has-post-thumbnail","6":"product_cat-ley-40-2015-de-1-de-octubre","7":"product_cat-test-apuntes-temarios-recursos","8":"product_cat-test-de-oposiciones","9":"product_tag-descargar","10":"product_tag-ley-40-2015","11":"product_tag-oposicion-administrativos","12":"product_tag-test","13":"desktop-align-left","14":"tablet-align-left","15":"mobile-align-left","17":"first","18":"instock","19":"downloadable","20":"virtual","21":"purchasable","22":"product-type-simple"},"_links":{"self":[{"href":"https:\/\/estudiosadministrativos.com\/test-temarios-oposiciones\/wp-json\/wp\/v2\/product\/223","targetHints":{"allow":["GET"]}}],"collection":[{"href":"https:\/\/estudiosadministrativos.com\/test-temarios-oposiciones\/wp-json\/wp\/v2\/product"}],"about":[{"href":"https:\/\/estudiosadministrativos.com\/test-temarios-oposiciones\/wp-json\/wp\/v2\/types\/product"}],"replies":[{"embeddable":true,"href":"https:\/\/estudiosadministrativos.com\/test-temarios-oposiciones\/wp-json\/wp\/v2\/comments?post=223"}],"wp:featuredmedia":[{"embeddable":true,"href":"https:\/\/estudiosadministrativos.com\/test-temarios-oposiciones\/wp-json\/wp\/v2\/media\/383"}],"wp:attachment":[{"href":"https:\/\/estudiosadministrativos.com\/test-temarios-oposiciones\/wp-json\/wp\/v2\/media?parent=223"}],"wp:term":[{"taxonomy":"product_brand","embeddable":true,"href":"https:\/\/estudiosadministrativos.com\/test-temarios-oposiciones\/wp-json\/wp\/v2\/product_brand?post=223"},{"taxonomy":"product_cat","embeddable":true,"href":"https:\/\/estudiosadministrativos.com\/test-temarios-oposiciones\/wp-json\/wp\/v2\/product_cat?post=223"},{"taxonomy":"product_tag","embeddable":true,"href":"https:\/\/estudiosadministrativos.com\/test-temarios-oposiciones\/wp-json\/wp\/v2\/product_tag?post=223"}],"curies":[{"name":"wp","href":"https:\/\/api.w.org\/{rel}","templated":true}]}}