{"id":2240,"date":"2022-09-15T17:57:05","date_gmt":"2022-09-15T15:57:05","guid":{"rendered":"https:\/\/estudiosadministrativos.com\/test-temarios-oposiciones\/?post_type=product&#038;p=2240"},"modified":"2022-09-15T18:00:59","modified_gmt":"2022-09-15T16:00:59","slug":"supuesto-practico-examen-oficial-diputacion-alava-2022","status":"publish","type":"product","link":"https:\/\/estudiosadministrativos.com\/test-temarios-oposiciones\/recurso\/supuesto-practico-examen-oficial-diputacion-alava-2022\/","title":{"rendered":"Supuesto pr\u00e1ctico examen oficial Diputaci\u00f3n \u00c1lava 2022"},"content":{"rendered":"<h2>Supuesto pr\u00e1ctico examen oficial Diputaci\u00f3n \u00c1lava 2022<\/h2>\n<h3>Tiempo de clase: 1 hora 45 minutos<\/h3>\n<p>&nbsp;<\/p>\n<h4>Incluye el supuesto pr\u00e1ctico tratado en clase<\/h4>\n<p>&nbsp;<\/p>\n<p>2\u00ba Ejercicio. Supuesto pr\u00e1ctico. Obligatorio y no eliminatorio<br \/>\nSUPUESTO PR\u00c1CTICO<br \/>\na) El 7 de enero de 2019, D. Francisco Morell L\u00f3pez, con capacidad de obrar ante la administraci\u00f3n, presenta solicitud de iniciaci\u00f3n de procedimiento administrativo en el registro general del Ayuntamiento de Morella (Castell\u00f3n).<br \/>\nLa mencionada solicitud contiene \u00fanicamente su nombre y apellidos, y los hechos, razones y petici\u00f3n expresados con toda claridad en que se concreta la solicitud. En el momento de la presentaci\u00f3n el interesado exige en el citado registro una copia en la<br \/>\nque figura el d\u00eda 7 de enero de 2019 como fecha de presentaci\u00f3n.<br \/>\nEl Ayuntamiento notifica una resoluci\u00f3n con fecha 17 de enero al interesado en la que sele informa que la solicitud de iniciaci\u00f3n que present\u00f3 el d\u00eda 7 de enero de 2019 no re\u00fane los requisitos exigidos, requiri\u00e9ndole para que, en un plazo de 5 d\u00edas subsane la falta.<br \/>\nAsimismo se le indica que si no lo hace se le tendr\u00e1 por desistido de su petici\u00f3n.<\/p>\n<p>Se ha constatado que existe otra interesada, Do\u00f1a Valentina Gonz\u00e1lez Ruiz, que sin haber iniciado el procedimiento, tiene intereses leg\u00edtimos que pueden verse afectados por la posible resoluci\u00f3n que se adopte.<\/p>\n<p>b) Do\u00f1a Clara Hurtado Guti\u00e9rrez con fecha 4 de febrero de 2019, interesada en otro procedimiento administrativo, presenta en el mismo registro general, recurso de alzada ante el superior jer\u00e1rquico del \u00f3rgano que dict\u00f3 el acto. \u00c9ste inadmite el recurso alegando que se ha presentado fuera de plazo y, por tanto, la resoluci\u00f3n ya es firme.<\/p>\n<p>De acuerdo con la Ley 39\/2015, de 1 de octubre, del Procedimiento Administrativo Com\u00fan de las Administraciones P\u00fablicas, responda a las siguientes preguntas:<\/p>\n","protected":false},"excerpt":{"rendered":"<h2>Supuesto pr\u00e1ctico examen oficial Diputaci\u00f3n \u00c1lava 2022<\/h2>\n<h3>Tiempo de clase: 1 hora 45 minutos<\/h3>\n<p>&nbsp;<\/p>\n<h4>Incluye el supuesto pr\u00e1ctico tratado en clase<\/h4>\n","protected":false},"featured_media":2242,"comment_status":"open","ping_status":"closed","template":"","meta":{"site-sidebar-layout":"default","site-content-layout":"default","ast-site-content-layout":"default","site-content-style":"default","site-sidebar-style":"default","ast-global-header-display":"","ast-banner-title-visibility":"","ast-main-header-display":"","ast-hfb-above-header-display":"","ast-hfb-below-header-display":"","ast-hfb-mobile-header-display":"","site-post-title":"","ast-breadcrumbs-content":"","ast-featured-img":"","footer-sml-layout":"","ast-disable-related-posts":"","theme-transparent-header-meta":"default","adv-header-id-meta":"","stick-header-meta":"","header-above-stick-meta":"","header-main-stick-meta":"","header-below-stick-meta":"","astra-migrate-meta-layouts":"default","ast-page-background-enabled":"default","ast-page-background-meta":{"desktop":{"background-color":"","background-image":"","background-repeat":"repeat","background-position":"center center","background-size":"auto","background-attachment":"scroll","background-type":"","background-media":"","overlay-type":"","overlay-color":"","overlay-opacity":"","overlay-gradient":""},"tablet":{"background-color":"","background-image":"","background-repeat":"repeat","background-position":"center center","background-size":"auto","background-attachment":"scroll","background-type":"","background-media":"","overlay-type":"","overlay-color":"","overlay-opacity":"","overlay-gradient":""},"mobile":{"background-color":"","background-image":"","background-repeat":"repeat","background-position":"center center","background-size":"auto","background-attachment":"scroll","background-type":"","background-media":"","overlay-type":"","overlay-color":"","overlay-opacity":"","overlay-gradient":""}},"ast-content-background-meta":{"desktop":{"background-color":"var(--ast-global-color-5)","background-image":"","background-repeat":"repeat","background-position":"center center","background-size":"auto","background-attachment":"scroll","background-type":"","background-media":"","overlay-type":"","overlay-color":"","overlay-opacity":"","overlay-gradient":""},"tablet":{"background-color":"var(--ast-global-color-5)","background-image":"","background-repeat":"repeat","background-position":"center center","background-size":"auto","background-attachment":"scroll","background-type":"","background-media":"","overlay-type":"","overlay-color":"","overlay-opacity":"","overlay-gradient":""},"mobile":{"background-color":"var(--ast-global-color-5)","background-image":"","background-repeat":"repeat","background-position":"center center","background-size":"auto","background-attachment":"scroll","background-type":"","background-media":"","overlay-type":"","overlay-color":"","overlay-opacity":"","overlay-gradient":""}}},"product_brand":[],"product_cat":[186],"product_tag":[],"class_list":{"0":"post-2240","1":"product","2":"type-product","3":"status-publish","4":"has-post-thumbnail","6":"product_cat-supuestos-practicos","7":"desktop-align-left","8":"tablet-align-left","9":"mobile-align-left","11":"first","12":"instock","13":"downloadable","14":"virtual","15":"purchasable","16":"product-type-simple"},"_links":{"self":[{"href":"https:\/\/estudiosadministrativos.com\/test-temarios-oposiciones\/wp-json\/wp\/v2\/product\/2240","targetHints":{"allow":["GET"]}}],"collection":[{"href":"https:\/\/estudiosadministrativos.com\/test-temarios-oposiciones\/wp-json\/wp\/v2\/product"}],"about":[{"href":"https:\/\/estudiosadministrativos.com\/test-temarios-oposiciones\/wp-json\/wp\/v2\/types\/product"}],"replies":[{"embeddable":true,"href":"https:\/\/estudiosadministrativos.com\/test-temarios-oposiciones\/wp-json\/wp\/v2\/comments?post=2240"}],"wp:featuredmedia":[{"embeddable":true,"href":"https:\/\/estudiosadministrativos.com\/test-temarios-oposiciones\/wp-json\/wp\/v2\/media\/2242"}],"wp:attachment":[{"href":"https:\/\/estudiosadministrativos.com\/test-temarios-oposiciones\/wp-json\/wp\/v2\/media?parent=2240"}],"wp:term":[{"taxonomy":"product_brand","embeddable":true,"href":"https:\/\/estudiosadministrativos.com\/test-temarios-oposiciones\/wp-json\/wp\/v2\/product_brand?post=2240"},{"taxonomy":"product_cat","embeddable":true,"href":"https:\/\/estudiosadministrativos.com\/test-temarios-oposiciones\/wp-json\/wp\/v2\/product_cat?post=2240"},{"taxonomy":"product_tag","embeddable":true,"href":"https:\/\/estudiosadministrativos.com\/test-temarios-oposiciones\/wp-json\/wp\/v2\/product_tag?post=2240"}],"curies":[{"name":"wp","href":"https:\/\/api.w.org\/{rel}","templated":true}]}}