{"id":404,"date":"2021-04-11T07:25:05","date_gmt":"2021-04-11T05:25:05","guid":{"rendered":"https:\/\/estudiosadministrativos.com\/test-temarios-oposiciones\/?post_type=product&#038;p=404"},"modified":"2023-04-30T21:45:46","modified_gmt":"2023-04-30T19:45:46","slug":"apuntes-de-la-ley-39-2015","status":"publish","type":"product","link":"https:\/\/estudiosadministrativos.com\/test-temarios-oposiciones\/recurso\/apuntes-de-la-ley-39-2015\/","title":{"rendered":"Apuntes de la Ley 39\/2015 y 40\/2015 Funcionamiento electr\u00f3nico del sector p\u00fablico + TEST de 50 preguntas"},"content":{"rendered":"<h2>Apuntes de la Ley 39\/2015 (T\u00edtulos I y II)<\/h2>\n<h3>+ Apuntes de la Ley 40\/2015\u00a0 (Cap. V del T\u00edt. Preliminar)<\/h3>\n<p>+ TEST de 50 preguntas sobre la Relaci\u00f3n de los interesados con la Administraci\u00f3n por medios electr\u00f3nicos.<\/p>\n<p><strong>Funcionamiento electr\u00f3nico del sector p\u00fablico<\/strong><\/p>\n<hr \/>\n<p><a href=\"https:\/\/www.boe.es\/buscar\/pdf\/2015\/BOE-A-2015-10565-consolidado.pdf\" target=\"_blank\" rel=\"nofollow noopener\">Puedes descargar un ejemplar en pdf de la Ley 39\/2015 pinchando en este enlace<\/a><\/p>\n<p><a href=\"https:\/\/www.boe.es\/buscar\/pdf\/2015\/BOE-A-2015-10566-consolidado.pdf\" target=\"_blank\" rel=\"noopener\">Puedes descargar un ejemplar en pdf de la Ley 40\/2015 pinchando en este enlace<\/a><\/p>\n<hr \/>\n<p>&nbsp;<\/p>\n","protected":false},"excerpt":{"rendered":"<h2>Apuntes de la Ley 39\/2015 (T\u00edtulos I y II)<\/h2>\n<h3>+ Apuntes de la Ley 40\/2015\u00a0 (Cap. V del T\u00edt. Preliminar)<\/h3>\n<p>+ TEST de 50 preguntas sobre la Relaci\u00f3n de los interesados con la Administraci\u00f3n por medios electr\u00f3nicos. y el funcionamiento electr\u00f3nico del sector p\u00fablico<\/p>\n<ul>\n<li><span class=\"TextRun SCXW260056458 BCX0\" lang=\"ES-ES\" xml:lang=\"ES-ES\" data-contrast=\"none\"><span class=\"NormalTextRun SCXW260056458 BCX0\" data-ccp-parastyle=\"heading 1\">OFICINAS\u00a0DE\u00a0REGISTRO<\/span><\/span><span class=\"EOP SCXW260056458 BCX0\" data-ccp-props=\"{&quot;201341983&quot;:0,&quot;335551550&quot;:2,&quot;335551620&quot;:2,&quot;335559738&quot;:240,&quot;335559739&quot;:0,&quot;335559740&quot;:259}\">\u00a0<\/span><\/li>\n<li><span class=\"TextRun SCXW196353470 BCX0\" lang=\"ES-ES\" xml:lang=\"ES-ES\" data-contrast=\"none\"><span class=\"NormalTextRun SCXW196353470 BCX0\" data-ccp-parastyle=\"heading 1\">DOCUMENTOS\u00a0ADMINISTRATIVOS<\/span><\/span><span class=\"EOP SCXW196353470 BCX0\" data-ccp-props=\"{&quot;201341983&quot;:0,&quot;335551550&quot;:2,&quot;335551620&quot;:2,&quot;335559738&quot;:240,&quot;335559739&quot;:0,&quot;335559740&quot;:259}\">\u00a0<\/span><\/li>\n<li><span class=\"TextRun SCXW233948711 BCX0\" lang=\"ES-ES\" xml:lang=\"ES-ES\" data-contrast=\"none\"><span class=\"NormalTextRun SCXW233948711 BCX0\" data-ccp-parastyle=\"heading 5\">NOTIFICACIONES ELECTR\u00d3NICAS<\/span><\/span><span class=\"EOP SCXW233948711 BCX0\" data-ccp-props=\"{&quot;201341983&quot;:0,&quot;335551550&quot;:2,&quot;335551620&quot;:2,&quot;335559738&quot;:40,&quot;335559739&quot;:0,&quot;335559740&quot;:259}\">\u00a0<\/span><\/li>\n<li><span class=\"TextRun SCXW266263753 BCX0\" lang=\"ES-ES\" xml:lang=\"ES-ES\" data-contrast=\"none\"><span class=\"NormalTextRun SCXW266263753 BCX0\" data-ccp-parastyle=\"heading 5\">IDENTIFICACI\u00d3N Y FIRMA ELECTR\u00d3NICA<\/span><\/span><span class=\"EOP SCXW266263753 BCX0\" data-ccp-props=\"{&quot;201341983&quot;:0,&quot;335551550&quot;:2,&quot;335551620&quot;:2,&quot;335559738&quot;:40,&quot;335559739&quot;:0,&quot;335559740&quot;:259}\">\u00a0<\/span><\/li>\n<li><span class=\"TextRun SCXW114252589 BCX0\" lang=\"ES-ES\" xml:lang=\"ES-ES\" data-contrast=\"none\"><span class=\"NormalTextRun SCXW114252589 BCX0\" data-ccp-parastyle=\"heading 5\">REPRESENTACI\u00d3N<\/span><\/span><span class=\"EOP SCXW114252589 BCX0\" data-ccp-props=\"{&quot;201341983&quot;:0,&quot;335551550&quot;:2,&quot;335551620&quot;:2,&quot;335559738&quot;:40,&quot;335559739&quot;:0,&quot;335559740&quot;:259}\">\u00a0<\/span><\/li>\n<\/ul>\n<p>&nbsp;<\/p>\n<p>&nbsp;<\/p>\n","protected":false},"featured_media":411,"comment_status":"open","ping_status":"closed","template":"","meta":{"site-sidebar-layout":"default","site-content-layout":"default","ast-site-content-layout":"default","site-content-style":"default","site-sidebar-style":"default","ast-global-header-display":"","ast-banner-title-visibility":"","ast-main-header-display":"","ast-hfb-above-header-display":"","ast-hfb-below-header-display":"","ast-hfb-mobile-header-display":"","site-post-title":"","ast-breadcrumbs-content":"","ast-featured-img":"","footer-sml-layout":"","ast-disable-related-posts":"","theme-transparent-header-meta":"default","adv-header-id-meta":"","stick-header-meta":"","header-above-stick-meta":"","header-main-stick-meta":"","header-below-stick-meta":"","astra-migrate-meta-layouts":"default","ast-page-background-enabled":"default","ast-page-background-meta":{"desktop":{"background-color":"","background-image":"","background-repeat":"repeat","background-position":"center center","background-size":"auto","background-attachment":"scroll","background-type":"","background-media":"","overlay-type":"","overlay-color":"","overlay-opacity":"","overlay-gradient":""},"tablet":{"background-color":"","background-image":"","background-repeat":"repeat","background-position":"center center","background-size":"auto","background-attachment":"scroll","background-type":"","background-media":"","overlay-type":"","overlay-color":"","overlay-opacity":"","overlay-gradient":""},"mobile":{"background-color":"","background-image":"","background-repeat":"repeat","background-position":"center center","background-size":"auto","background-attachment":"scroll","background-type":"","background-media":"","overlay-type":"","overlay-color":"","overlay-opacity":"","overlay-gradient":""}},"ast-content-background-meta":{"desktop":{"background-color":"var(--ast-global-color-5)","background-image":"","background-repeat":"repeat","background-position":"center center","background-size":"auto","background-attachment":"scroll","background-type":"","background-media":"","overlay-type":"","overlay-color":"","overlay-opacity":"","overlay-gradient":""},"tablet":{"background-color":"var(--ast-global-color-5)","background-image":"","background-repeat":"repeat","background-position":"center center","background-size":"auto","background-attachment":"scroll","background-type":"","background-media":"","overlay-type":"","overlay-color":"","overlay-opacity":"","overlay-gradient":""},"mobile":{"background-color":"var(--ast-global-color-5)","background-image":"","background-repeat":"repeat","background-position":"center center","background-size":"auto","background-attachment":"scroll","background-type":"","background-media":"","overlay-type":"","overlay-color":"","overlay-opacity":"","overlay-gradient":""}}},"product_brand":[],"product_cat":[44,58,68,35,72],"product_tag":[70,71,39],"class_list":{"0":"post-404","1":"product","2":"type-product","3":"status-publish","4":"has-post-thumbnail","6":"product_cat-apuntes-del-temario-oposiciones","7":"product_cat-ley-39-2015","8":"product_cat-ley-40-2015-de-1-de-octubre","9":"product_cat-test-apuntes-temarios-recursos","10":"product_cat-test-de-oposiciones","11":"product_tag-funcionamiento-electronico-del-sector-publico","12":"product_tag-ley-39-2015","13":"product_tag-ley-40-2015","14":"desktop-align-left","15":"tablet-align-left","16":"mobile-align-left","18":"first","19":"instock","20":"downloadable","21":"virtual","22":"purchasable","23":"product-type-simple"},"_links":{"self":[{"href":"https:\/\/estudiosadministrativos.com\/test-temarios-oposiciones\/wp-json\/wp\/v2\/product\/404","targetHints":{"allow":["GET"]}}],"collection":[{"href":"https:\/\/estudiosadministrativos.com\/test-temarios-oposiciones\/wp-json\/wp\/v2\/product"}],"about":[{"href":"https:\/\/estudiosadministrativos.com\/test-temarios-oposiciones\/wp-json\/wp\/v2\/types\/product"}],"replies":[{"embeddable":true,"href":"https:\/\/estudiosadministrativos.com\/test-temarios-oposiciones\/wp-json\/wp\/v2\/comments?post=404"}],"wp:featuredmedia":[{"embeddable":true,"href":"https:\/\/estudiosadministrativos.com\/test-temarios-oposiciones\/wp-json\/wp\/v2\/media\/411"}],"wp:attachment":[{"href":"https:\/\/estudiosadministrativos.com\/test-temarios-oposiciones\/wp-json\/wp\/v2\/media?parent=404"}],"wp:term":[{"taxonomy":"product_brand","embeddable":true,"href":"https:\/\/estudiosadministrativos.com\/test-temarios-oposiciones\/wp-json\/wp\/v2\/product_brand?post=404"},{"taxonomy":"product_cat","embeddable":true,"href":"https:\/\/estudiosadministrativos.com\/test-temarios-oposiciones\/wp-json\/wp\/v2\/product_cat?post=404"},{"taxonomy":"product_tag","embeddable":true,"href":"https:\/\/estudiosadministrativos.com\/test-temarios-oposiciones\/wp-json\/wp\/v2\/product_tag?post=404"}],"curies":[{"name":"wp","href":"https:\/\/api.w.org\/{rel}","templated":true}]}}