{"id":456,"date":"2021-04-12T21:37:41","date_gmt":"2021-04-12T19:37:41","guid":{"rendered":"https:\/\/estudiosadministrativos.com\/test-temarios-oposiciones\/?post_type=product&#038;p=456"},"modified":"2025-10-10T06:40:53","modified_gmt":"2025-10-10T04:40:53","slug":"apuntes-de-el-municipio","status":"publish","type":"product","link":"https:\/\/estudiosadministrativos.com\/test-temarios-oposiciones\/recurso\/apuntes-de-el-municipio\/","title":{"rendered":"Esquemas y Apuntes de El Municipio, Ley 7\/1985, de 2 de abril, Reguladora de las Bases del R\u00e9gimen Local. T\u00edtulos II y V"},"content":{"rendered":"<h2>Apuntes de El Municipio<\/h2>\n<p><strong>Ley 7\/1985, de 2 de abril, Reguladora de las Bases del R\u00e9gimen Local. T\u00edtulos II y V<\/strong><\/p>\n<p><strong>El municipio: territorio y poblaci\u00f3n. El padr\u00f3n municipal. El vecino: sus derechos y deberes. Organizaci\u00f3n del municipio. \u00d3rganos necesarios y complementarios.<\/strong><\/p>\n<h3><strong>+ 26 esquemas<\/strong><\/h3>\n<hr \/>\n<p><a href=\"https:\/\/www.boe.es\/buscar\/pdf\/1985\/BOE-A-1985-5392-consolidado.pdf\" target=\"_blank\" rel=\"noopener\">Puedes descargar gratis de la p\u00e1gina del BOE una versi\u00f3n en pdf de la ley 7\/1985, de 2 de abril, Reguladora de las Bases del R\u00e9gimen Local pinchando en este enlace<\/a><\/p>\n<hr \/>\n<p><em>Es importante leer y asimilar bien los apuntes de El Municipio antes de comenzar a realizar test<\/em><\/p>\n<p>Extracto de nuestros apuntes:<\/p>\n<p><strong>ELEMENTOS DEL MUNICIPIO<\/strong><\/p>\n<p><strong>T\u00e9rmino municipal<\/strong>: El t\u00e9rmino municipal es el territorio en el que ejerce sus competencias el Ayuntamiento. La creaci\u00f3n, supresi\u00f3n y alteraci\u00f3n de los t\u00e9rminos municipales ser\u00e1n reguladas por las Comunidades Aut\u00f3nomas, requiri\u00e9ndose dictamen del Consejo de Estado. En ning\u00fan caso la alteraci\u00f3n de los t\u00e9rminos municipales podr\u00e1n suponer modificaci\u00f3n de los l\u00edmites provinciales. (Se requiere L.O.)<\/p>\n<p><strong>Poblaci\u00f3n municipal<\/strong>: La poblaci\u00f3n municipal est\u00e1 constituida por el conjunto de personas que se encuentran en el t\u00e9rmino municipal. Se divide entre vecinos (empadronados, que es la poblaci\u00f3n de un municipio a efectos legales) y no residentes, tambi\u00e9n llamados transe\u00fantes<\/p>\n<p><strong>Organizaci\u00f3n municipal<\/strong>: La organizaci\u00f3n municipal est\u00e1 constituida por los medios personales e institucionales (personas y gobierno), que desarrollan las actividades propias del municipio<\/p>\n<h4>Art\u00edculo 12.<\/h4>\n<ol>\n<li>El t\u00e9rmino municipal es el territorio en que el ayuntamiento ejerce sus competencias.<\/li>\n<li>Cada municipio pertenecer\u00e1 a una sola provincia<\/li>\n<\/ol>\n<h4>Art\u00edculo 13.<\/h4>\n<p><strong>1.<\/strong><\/p>\n<ul>\n<li>La creaci\u00f3n<\/li>\n<li>Supresi\u00f3n de municipios<\/li>\n<li>La alteraci\u00f3n de t\u00e9rminos municipales<\/li>\n<\/ul>\n<p><strong>Requerir\u00e1n en todo caso:<\/strong><\/p>\n<ul>\n<li>Audiencia de los municipios interesados<\/li>\n<li>Dictamen del Consejo de Estado o del \u00f3rgano consultivo superior de los Consejos de Gobierno de las Comunidades Aut\u00f3nomas, si existiere<\/li>\n<li>Informe de la Administraci\u00f3n que ejerza la tutela financiera (Control financiero)<\/li>\n<li>Simult\u00e1neamente a la petici\u00f3n de este dictamen se dar\u00e1 conocimiento a la Administraci\u00f3n General del Estado<\/li>\n<\/ul>\n<p><strong>2. La creaci\u00f3n de nuevos municipios solo podr\u00e1 realizarse:<\/strong><\/p>\n<ul>\n<li>Sobre la base de <strong>n\u00facleos de poblaci\u00f3n<\/strong> territorialmente diferenciados<\/li>\n<li>De al <strong>menos 5.000<\/strong> habitantes<\/li>\n<li>Siempre que los municipios resultantes sean <strong>financieramente sostenibles<\/strong><\/li>\n<li>Cuenten con <strong>recursos suficientes para el cumplimiento de las competencias<\/strong> municipales<\/li>\n<li><strong>No suponga disminuci\u00f3n en la calidad de los servicios<\/strong> que ven\u00edan siendo prestados<\/li>\n<\/ul>\n<p><strong>3. Sin perjuicio de las competencias de las Comunidades Aut\u00f3nomas, el Estado, atendiendo a criterios:<\/strong><\/p>\n<ul>\n<li>Geogr\u00e1ficos<\/li>\n<li>Sociales<\/li>\n<li>Econ\u00f3micos<\/li>\n<li>\u00a0Culturales<\/li>\n<\/ul>\n<p><strong>4. Los municipios:<\/strong><\/p>\n<ul>\n<li>Con independencia de su poblaci\u00f3n<\/li>\n<li>Colindantes<\/li>\n<li>Dentro de la misma provincia<\/li>\n<\/ul>\n<p>Podr\u00e1n acordar su fusi\u00f3n mediante un convenio de fusi\u00f3n, sin perjuicio del procedimiento previsto en la normativa auton\u00f3mica.<\/p>\n<p>El nuevo municipio resultante de la fusi\u00f3n no podr\u00e1 segregarse hasta transcurridos diez a\u00f1os desde la adopci\u00f3n del convenio de fusi\u00f3n.<\/p>\n<p><strong>Al municipio resultante de esta fusi\u00f3n le ser\u00e1 de aplicaci\u00f3n lo siguiente:<\/strong><\/p>\n<p>a) El <strong>coeficiente de ponderaci\u00f3n<\/strong> que resulte de aplicaci\u00f3n de acuerdo con el art\u00edculo 124.1 del texto refundido de la <strong>Ley Reguladora de las Haciendas Locales<\/strong>, aprobado mediante Real Decreto Legislativo 2\/2004, de 5 de marzo <strong>se incrementar\u00e1 en 0,10. <\/strong><\/p>\n<p>b) El<strong> esfuerzo fiscal<\/strong> y el inverso de la capacidad tributaria que le corresponda <strong>en ning\u00fan caso podr\u00e1 ser inferior al m\u00e1s elevado<\/strong> de los valores previos que tuvieran cada municipio por separado antes de la fusi\u00f3n <strong>de acuerdo con el art\u00edculo 124.1 del texto refundido de la Ley Reguladora de las Haciendas Locales<\/strong>, aprobado mediante Real Decreto Legislativo 2\/2004, de 5 de marzo.<\/p>\n<p>c) <strong>Su financiaci\u00f3n m\u00ednima ser\u00e1 la suma de las financiaciones m\u00ednimas que tuviera cada municipio por separado<\/strong> antes de la fusi\u00f3n de acuerdo con el art\u00edculo 124.2 del texto refundido de la Ley Reguladora de las Haciendas Locales, aprobado mediante Real Decreto Legislativo 2\/2004, de 5 de marzo.<\/p>\n<p>d) De la aplicaci\u00f3n de las reglas contenidas en las letras anteriores <strong>no podr\u00e1 derivarse, para cada ejercicio, un importe total superior al que resulte de lo dispuesto en el art\u00edculo 123 del citado texto refundido de la Ley Reguladora de las Haciendas Locales<\/strong><\/p>\n<p><em>Es importante leer y asimilar bien los apuntes de El Municipio antes de comenzar a realizar test<\/em><\/p>\n","protected":false},"excerpt":{"rendered":"<h2>Apuntes de El Municipio<\/h2>\n<p><strong>Ley 7\/1985, de 2 de abril, Reguladora de las Bases del R\u00e9gimen Local. T\u00edtulos II y V<\/strong><\/p>\n<p><strong>El municipio: territorio y poblaci\u00f3n. El padr\u00f3n municipal. El vecino: sus derechos y deberes. Organizaci\u00f3n del municipio. \u00d3rganos necesarios y complementarios.<\/strong><\/p>\n<p>T\u00cdTULO II: El Municipio<\/p>\n<p>T\u00cdTULO V: Disposiciones comunes a las entidades locales<\/p>\n<h3><strong>+ 26 esquemas<\/strong><\/h3>\n<p>&nbsp;<\/p>\n","protected":false},"featured_media":461,"comment_status":"open","ping_status":"closed","template":"","meta":{"site-sidebar-layout":"default","site-content-layout":"default","ast-site-content-layout":"default","site-content-style":"default","site-sidebar-style":"default","ast-global-header-display":"","ast-banner-title-visibility":"","ast-main-header-display":"","ast-hfb-above-header-display":"","ast-hfb-below-header-display":"","ast-hfb-mobile-header-display":"","site-post-title":"","ast-breadcrumbs-content":"","ast-featured-img":"","footer-sml-layout":"","ast-disable-related-posts":"","theme-transparent-header-meta":"default","adv-header-id-meta":"","stick-header-meta":"","header-above-stick-meta":"","header-main-stick-meta":"","header-below-stick-meta":"","astra-migrate-meta-layouts":"default","ast-page-background-enabled":"default","ast-page-background-meta":{"desktop":{"background-color":"","background-image":"","background-repeat":"repeat","background-position":"center center","background-size":"auto","background-attachment":"scroll","background-type":"","background-media":"","overlay-type":"","overlay-color":"","overlay-opacity":"","overlay-gradient":""},"tablet":{"background-color":"","background-image":"","background-repeat":"repeat","background-position":"center center","background-size":"auto","background-attachment":"scroll","background-type":"","background-media":"","overlay-type":"","overlay-color":"","overlay-opacity":"","overlay-gradient":""},"mobile":{"background-color":"","background-image":"","background-repeat":"repeat","background-position":"center center","background-size":"auto","background-attachment":"scroll","background-type":"","background-media":"","overlay-type":"","overlay-color":"","overlay-opacity":"","overlay-gradient":""}},"ast-content-background-meta":{"desktop":{"background-color":"var(--ast-global-color-5)","background-image":"","background-repeat":"repeat","background-position":"center center","background-size":"auto","background-attachment":"scroll","background-type":"","background-media":"","overlay-type":"","overlay-color":"","overlay-opacity":"","overlay-gradient":""},"tablet":{"background-color":"var(--ast-global-color-5)","background-image":"","background-repeat":"repeat","background-position":"center center","background-size":"auto","background-attachment":"scroll","background-type":"","background-media":"","overlay-type":"","overlay-color":"","overlay-opacity":"","overlay-gradient":""},"mobile":{"background-color":"var(--ast-global-color-5)","background-image":"","background-repeat":"repeat","background-position":"center center","background-size":"auto","background-attachment":"scroll","background-type":"","background-media":"","overlay-type":"","overlay-color":"","overlay-opacity":"","overlay-gradient":""}}},"product_brand":[],"product_cat":[44,19,63,35],"product_tag":[88,90,91,89],"class_list":{"0":"post-456","1":"product","2":"type-product","3":"status-publish","4":"has-post-thumbnail","6":"product_cat-apuntes-del-temario-oposiciones","7":"product_cat-esquemas-para-oposiciones","8":"product_cat-ley-7-1985-reguladora-de-las-bases-del-regimen-local","9":"product_cat-test-apuntes-temarios-recursos","10":"product_tag-apuntes-el-municipio","11":"product_tag-esquemas-entidades-locales","12":"product_tag-ley-7-1985","13":"product_tag-ley-reguladora-de-las-bases-del-regimen-local","14":"desktop-align-left","15":"tablet-align-left","16":"mobile-align-left","18":"first","19":"instock","20":"downloadable","21":"virtual","22":"purchasable","23":"product-type-simple"},"_links":{"self":[{"href":"https:\/\/estudiosadministrativos.com\/test-temarios-oposiciones\/wp-json\/wp\/v2\/product\/456","targetHints":{"allow":["GET"]}}],"collection":[{"href":"https:\/\/estudiosadministrativos.com\/test-temarios-oposiciones\/wp-json\/wp\/v2\/product"}],"about":[{"href":"https:\/\/estudiosadministrativos.com\/test-temarios-oposiciones\/wp-json\/wp\/v2\/types\/product"}],"replies":[{"embeddable":true,"href":"https:\/\/estudiosadministrativos.com\/test-temarios-oposiciones\/wp-json\/wp\/v2\/comments?post=456"}],"wp:featuredmedia":[{"embeddable":true,"href":"https:\/\/estudiosadministrativos.com\/test-temarios-oposiciones\/wp-json\/wp\/v2\/media\/461"}],"wp:attachment":[{"href":"https:\/\/estudiosadministrativos.com\/test-temarios-oposiciones\/wp-json\/wp\/v2\/media?parent=456"}],"wp:term":[{"taxonomy":"product_brand","embeddable":true,"href":"https:\/\/estudiosadministrativos.com\/test-temarios-oposiciones\/wp-json\/wp\/v2\/product_brand?post=456"},{"taxonomy":"product_cat","embeddable":true,"href":"https:\/\/estudiosadministrativos.com\/test-temarios-oposiciones\/wp-json\/wp\/v2\/product_cat?post=456"},{"taxonomy":"product_tag","embeddable":true,"href":"https:\/\/estudiosadministrativos.com\/test-temarios-oposiciones\/wp-json\/wp\/v2\/product_tag?post=456"}],"curies":[{"name":"wp","href":"https:\/\/api.w.org\/{rel}","templated":true}]}}