{"id":479,"date":"2021-04-18T03:23:15","date_gmt":"2021-04-18T01:23:15","guid":{"rendered":"https:\/\/www.estudiosadministrativos.com\/test-temarios-oposiciones\/?post_type=product&#038;p=479"},"modified":"2023-04-30T21:39:38","modified_gmt":"2023-04-30T19:39:38","slug":"el-estatuto-de-autonomia-de-euskadi-ope-osakidetza","status":"publish","type":"product","link":"https:\/\/estudiosadministrativos.com\/test-temarios-oposiciones\/recurso\/el-estatuto-de-autonomia-de-euskadi-ope-osakidetza\/","title":{"rendered":"El Estatuto de Autonom\u00eda de Euskadi OPE Osakidetza AUXILIARES, ADMINISTRATIVOS, CELADORES (clases + apuntes + test)"},"content":{"rendered":"<h2>El Estatuto de Autonom\u00eda de Euskadi<\/h2>\n<h3>OPE Osakidetza AUXILIARES, ADMINISTRATIVOS, CELADORES<\/h3>\n<h3 style=\"text-align: left;\"><span style=\"color: #008000;\">El Estatuto de Autonom\u00eda de Euskadi. El T\u00edtulo Preliminar. El Parlamento vasco. El Gobierno vasco y el Lehendakari.<\/span><\/h3>\n<ul>\n<li>\n<h4><strong>Acceso sin l\u00edmite temporal a la plataforma, en la que puedes visualizar las clases de este tema tantas veces como quieras, ver y descargar los apuntes y test del Tema El Estatuto de Autonom\u00eda de Euskadi <\/strong><strong>de Osakidetza<\/strong><\/h4>\n<\/li>\n<\/ul>\n<h4><\/h4>\n<hr \/>\n<h2 style=\"text-align: center;\"><strong>CONTENIDO<\/strong><\/h2>\n<div>\n<div style=\"width: 300px; height: 200px; margin: auto;\"><a style=\"font-size: 82%; font-weight: bold; line-height: 100%; align-items: center; display: flex; text-align: justify; background-image: url(&#039;https:\/\/estudiosadministrativos.com\/images\/monitor.png&#039;); background-repeat: no-repeat; background-size: cover; position: relative; overflow: hidden; height: 200px; padding-left: 20px; padding-right: 15px; padding-top: 0px; color: #ffffff;\" title=\"clase online\" href=\"https:\/\/drive.google.com\/file\/d\/1Pq5TPdm4LvknbDC5-Jwl8n7PMxtmOwAK\/view?usp=sharing\" target=\"_blank\" rel=\"noopener\">Todos los detalles sobre la oposici\u00f3n. La pir\u00e1mide jer\u00e1rquica normativa. Leyes org\u00e1nicas vs. leyes ordinarias. Reales Decretos Ley y Reales Decretos legislativos. Ley org\u00e1nica 3\/1979 de 18 de diciembre, de Estatuto de Autonom\u00eda para el Pa\u00eds Vasco. Art. 1\u00a0 (Territorio); art. 2.1 y art. 2.2 (Territorio); art. 3 (Territorios Hist\u00f3ricos); art. 4 (Designaci\u00f3n de sedes &#8211; las instituciones comunes); art. 6 (La Lengua en la CAPV)<\/a><\/div>\n<ul>\n<li><a class=\"\" href=\"https:\/\/estudiosadministrativos.com\/cursos\/mod\/url\/view.php?id=1546\"><img decoding=\"async\" class=\"iconlarge activityicon\" role=\"presentation\" src=\"https:\/\/estudiosadministrativos.com\/cursos\/theme\/image.php\/boost\/url\/1618696438\/icon\" alt=\"\" aria-hidden=\"true\" title=\"\">1<\/a><a class=\"\" href=\"https:\/\/estudiosadministrativos.com\/cursos\/mod\/url\/view.php?id=1546\"><span class=\"instancename\">\u00aa SESI\u00d3N\u00a0 (3 horas)<\/span><\/a><\/li>\n<li class=\"contentafterlink\">\n<div class=\"no-overflow\">\n<div class=\"no-overflow\"><b>Todos los detalles sobre la oposici\u00f3n. La pir\u00e1mide jer\u00e1rquica normativa. Leyes org\u00e1nicas vs. leyes ordinarias. Reales Decretos Ley y Reales Decretos legislativos. Ley org\u00e1nica 3\/1979 de 18 de diciembre, de Estatuto de Autonom\u00eda para el Pa\u00eds Vasco. Art. 1\u00a0 (Territorio); art. 2.1 y art. 2.2 (Territorio); art. 3 (Territorios Hist\u00f3ricos); art. 4 (Designaci\u00f3n de sedes &#8211; las instituciones comunes); art. 6 (La Lengua en la CAPV)<\/b><\/div>\n<\/div>\n<\/li>\n<\/ul>\n<\/div>\n<div class=\"mod-indent-outer\">\n<div>\n<div style=\"width: 300px; height: 200px; margin: auto;\"><a style=\"font-size: 82%; font-weight: bold; line-height: 100%; align-items: center; display: flex; text-align: justify; background-image: url(&#039;https:\/\/estudiosadministrativos.com\/images\/monitor.png&#039;); background-repeat: no-repeat; background-size: cover; position: relative; overflow: hidden; height: 200px; padding-left: 20px; padding-right: 15px; padding-top: 0px; color: #ffffff;\" title=\"clase online\" href=\"https:\/\/drive.google.com\/file\/d\/11td1fjYrjLfbTOnUorgR0OgpOlp_bBEu\/view?usp=sharing\" target=\"_blank\" rel=\"noopener\">(cont.) El Estatuto de Autonom\u00eda: art. 7 (Condici\u00f3n pol\u00edtica de vascos); art. 8 (Incorporaci\u00f3n de otros territorios). Competencias del Pa\u00eds Vasco (arts. 10, 11, 12, 18: Los Poderes del Pa\u00eds Vasco (art. 25); El Parlamento Vasco (art. 26); Organismos y funciones parlamentarias (art. 27)<\/a><\/div>\n<p>&nbsp;<\/p>\n<ul>\n<li class=\"activityinstance\"><a class=\"\" href=\"https:\/\/estudiosadministrativos.com\/cursos\/mod\/url\/view.php?id=1546\"><img decoding=\"async\" class=\"iconlarge activityicon\" role=\"presentation\" src=\"https:\/\/estudiosadministrativos.com\/cursos\/theme\/image.php\/boost\/url\/1618696438\/icon\" alt=\"\" aria-hidden=\"true\" title=\"\"><span class=\"instancename\">2\u00aa SESI\u00d3N\u00a0 (3 horas)<\/span><\/a><\/li>\n<li class=\"contentafterlink\">\n<div class=\"no-overflow\">\n<div class=\"no-overflow\">\n<div><a title=\"clase online\" href=\"https:\/\/drive.google.com\/file\/d\/11td1fjYrjLfbTOnUorgR0OgpOlp_bBEu\/view?usp=sharing\" target=\"_blank\" rel=\"noopener\">(cont.) El Estatuto de Autonom\u00eda: art. 7 (Condici\u00f3n pol\u00edtica de vascos); art. 8 (Incorporaci\u00f3n de otros territorios). Competencias del Pa\u00eds Vasco (arts. 10, 11, 12, 18: Los Poderes del Pa\u00eds Vasco (art. 25); El Parlamento Vasco (art. 26); Organismos y funciones parlamentarias (art. 27)<\/a><\/div>\n<p><b>El Estatuto de Autonom\u00eda (cont.) : art. 7 Condici\u00f3n pol\u00edtica de vascos; art. 8 Incorporaci\u00f3n de otros territorios. T\u00cdTULO I De las competencias del Pa\u00eds Vasco: Arts. 10, 11, 12, 18 &#8211; T\u00cdTULO II De los poderes del Pa\u00eds Vasco CAP\u00cdTULO I Del Parlamento Vasco: Art. 25, Art. 26; Organismos y funciones parlamentarias: Art. 27.<\/b><\/p>\n<\/div>\n<\/div>\n<\/li>\n<\/ul>\n<\/div>\n<\/div>\n<div>\n<div class=\"mod-indent-outer\">\n<div>\n<ul>\n<li><a class=\"\" href=\"https:\/\/estudiosadministrativos.com\/cursos\/mod\/resource\/view.php?id=1547\"><img decoding=\"async\" class=\"iconlarge activityicon\" role=\"presentation\" src=\"https:\/\/estudiosadministrativos.com\/cursos\/theme\/image.php\/boost\/core\/1618696438\/f\/pdf-24\" alt=\"\" aria-hidden=\"true\" title=\"\"><span class=\"instancename\">\u2b50\u2b50\u2b50 Apuntes El Estatuto de Autonom\u00eda de Euskadi. El T\u00edtulo Preliminar. El Parlamento vasco. El Gobierno vasco y el Lehendakari \u2b50\u2b50\u2b50<span class=\"accesshide \">Archivo<\/span><\/span><\/a><\/li>\n<\/ul>\n<\/div>\n<\/div>\n<\/div>\n<div>\n<div class=\"mod-indent-outer\">\n<ul>\n<li class=\"mod-indent\"><a class=\"\" style=\"font-size: 16px; background-color: #ffffff;\" href=\"https:\/\/estudiosadministrativos.com\/cursos\/mod\/resource\/view.php?id=1548\"><img decoding=\"async\" class=\"iconlarge activityicon\" role=\"presentation\" src=\"https:\/\/estudiosadministrativos.com\/cursos\/theme\/image.php\/boost\/core\/1618696438\/f\/pdf-24\" alt=\"\" aria-hidden=\"true\" title=\"\"><span class=\"instancename\">\u2b50\u2b50\u2b50 APUNTES esquematizados. El Estatuto de Autonom\u00eda (completo) \u2b50\u2b50\u2b50<\/span><\/a><\/li>\n<\/ul>\n<\/div>\n<\/div>\n<div id=\"yui_3_17_2_1_1618706837290_37\">\n<div class=\"mod-indent-outer\">\n<ul>\n<li class=\"mod-indent\"><a class=\"\" style=\"font-size: 16px; background-color: #ffffff;\" href=\"https:\/\/estudiosadministrativos.com\/cursos\/mod\/resource\/view.php?id=1549\"><img decoding=\"async\" class=\"iconlarge activityicon\" role=\"presentation\" src=\"https:\/\/estudiosadministrativos.com\/cursos\/theme\/image.php\/boost\/core\/1618696438\/f\/pdf-24\" alt=\"\" aria-hidden=\"true\" title=\"\"><span class=\"instancename\">APUNTES El Estatuto de Autonom\u00eda<\/span><\/a><\/li>\n<\/ul>\n<\/div>\n<\/div>\n<div>\n<div class=\"mod-indent-outer\">\n<ul>\n<li class=\"activityinstance\"><a class=\"\" href=\"https:\/\/estudiosadministrativos.com\/cursos\/mod\/resource\/view.php?id=1550\"><img decoding=\"async\" class=\"iconlarge activityicon\" role=\"presentation\" src=\"https:\/\/estudiosadministrativos.com\/cursos\/theme\/image.php\/boost\/core\/1618696438\/f\/powerpoint-24\" alt=\"\" aria-hidden=\"true\" title=\"\"><span class=\"instancename\">Historia del Estatuto de Autonom\u00eda<\/span><\/a><\/li>\n<li><a class=\"\" style=\"font-size: 16px; background-color: #ffffff;\" href=\"https:\/\/estudiosadministrativos.com\/cursos\/mod\/resource\/view.php?id=1551\"><img decoding=\"async\" class=\"iconlarge activityicon\" role=\"presentation\" src=\"https:\/\/estudiosadministrativos.com\/cursos\/theme\/image.php\/boost\/core\/1618696438\/f\/pdf-24\" alt=\"\" aria-hidden=\"true\" title=\"\"><span class=\"instancename\">Ley Org\u00e1nica 3\/1979, de 18 de diciembre, de Estatuto de Autonom\u00eda para el Pa\u00eds Vasco.<\/span><\/a> (<b style=\"font-style: inherit;\">arts.<\/b><span style=\"font-size: 16px;\">\u00a0<\/span><b style=\"font-style: inherit;\">1, 2, 3, 4, 5, 6, 7, 8, 9, 25, 26, 27, 28, 29, 30, 31, 32 y 33<\/b><span style=\"font-size: 16px;\">)<\/span><\/li>\n<\/ul>\n<\/div>\n<\/div>\n<div>\n<div class=\"mod-indent-outer\">\n<ul>\n<li class=\"mod-indent\"><a class=\"\" style=\"font-size: 16px; background-color: #ffffff;\" href=\"https:\/\/estudiosadministrativos.com\/cursos\/mod\/book\/view.php?id=1552\"><img decoding=\"async\" class=\"iconlarge activityicon\" role=\"presentation\" src=\"https:\/\/estudiosadministrativos.com\/cursos\/theme\/image.php\/boost\/book\/1618696438\/icon\" alt=\"\" aria-hidden=\"true\" title=\"\"><span class=\"instancename\">ESQUEMAS sobre El Estatuto de Autonom\u00eda<\/span><\/a><\/li>\n<\/ul>\n<\/div>\n<\/div>\n<div>\n<div class=\"mod-indent-outer\">\n<div>\n<ul>\n<li class=\"activityinstance\"><a class=\"\" href=\"https:\/\/estudiosadministrativos.com\/cursos\/mod\/book\/view.php?id=1553\"><img decoding=\"async\" class=\"iconlarge activityicon\" role=\"presentation\" src=\"https:\/\/estudiosadministrativos.com\/cursos\/theme\/image.php\/boost\/book\/1618696438\/icon\" alt=\"\" aria-hidden=\"true\" title=\"\"><span class=\"instancename\">ESQUEMAS El Parlamento Vasco, el Gobierno Vasco y el Lehendakari<\/span><\/a><\/li>\n<\/ul>\n<\/div>\n<\/div>\n<\/div>\n<div>\n<div class=\"mod-indent-outer\">\n<div>\n<ul>\n<li class=\"activityinstance\"><a class=\"\" href=\"https:\/\/estudiosadministrativos.com\/cursos\/mod\/quiz\/view.php?id=1554\"><img decoding=\"async\" class=\"iconlarge activityicon\" role=\"presentation\" src=\"https:\/\/estudiosadministrativos.com\/cursos\/theme\/image.php\/boost\/quiz\/1618696438\/icon\" alt=\"\" aria-hidden=\"true\" title=\"\"><span class=\"instancename\">TEST 1.1 Estatuto de Autonom\u00eda &#8211; T\u00edtulo Preliminar<\/span><\/a><\/li>\n<\/ul>\n<\/div>\n<\/div>\n<\/div>\n<div>\n<div class=\"mod-indent-outer\">\n<div>\n<ul>\n<li class=\"activityinstance\"><a class=\"\" href=\"https:\/\/estudiosadministrativos.com\/cursos\/mod\/quiz\/view.php?id=1555\"><img decoding=\"async\" class=\"iconlarge activityicon\" role=\"presentation\" src=\"https:\/\/estudiosadministrativos.com\/cursos\/theme\/image.php\/boost\/quiz\/1618696438\/icon\" alt=\"\" aria-hidden=\"true\" title=\"\"><span class=\"instancename\">TEST 1.2 Estatuto de Autonom\u00eda T\u00edtulo I &#8211; De las competencias del Pa\u00eds Vasco (I)<\/span><\/a><\/li>\n<\/ul>\n<\/div>\n<\/div>\n<\/div>\n<div>\n<div class=\"mod-indent-outer\">\n<div>\n<ul>\n<li class=\"activityinstance\"><a class=\"\" href=\"https:\/\/estudiosadministrativos.com\/cursos\/mod\/quiz\/view.php?id=1556\"><img decoding=\"async\" class=\"iconlarge activityicon\" role=\"presentation\" src=\"https:\/\/estudiosadministrativos.com\/cursos\/theme\/image.php\/boost\/quiz\/1618696438\/icon\" alt=\"\" aria-hidden=\"true\" title=\"\"><span class=\"instancename\">TEST 1.3 Estatuto de Autonom\u00eda T\u00edtulo I &#8211; De las competencias del Pa\u00eds Vasco (II)<\/span><\/a><\/li>\n<\/ul>\n<\/div>\n<\/div>\n<\/div>\n<div>\n<div class=\"mod-indent-outer\">\n<ul>\n<li class=\"activityinstance\"><a class=\"\" href=\"https:\/\/estudiosadministrativos.com\/cursos\/mod\/quiz\/view.php?id=1557\"><img decoding=\"async\" class=\"iconlarge activityicon\" role=\"presentation\" src=\"https:\/\/estudiosadministrativos.com\/cursos\/theme\/image.php\/boost\/quiz\/1618696438\/icon\" alt=\"\" aria-hidden=\"true\" title=\"\"><span class=\"instancename\">TEST 1.4 Estatuto de Autonom\u00eda (repaso)<\/span><\/a><\/li>\n<li><a style=\"font-size: 16px; background-color: #ffffff;\" href=\"https:\/\/estudiosadministrativos.com\/cursos\/pluginfile.php\/2586\/mod_quiz\/intro\/estatutoAutonomiaRepaso.pdf\" target=\"_blank\" rel=\"noopener\"><b>96 preguntas, con hoja de respuestas, v<\/b><b>ersi\u00f3n en pdf para descargar, haz click aqu\u00ed<\/b><\/a><\/li>\n<\/ul>\n<\/div>\n<\/div>\n<div>\n<div class=\"mod-indent-outer\">\n<ul>\n<li class=\"activityinstance\"><a class=\"\" href=\"https:\/\/estudiosadministrativos.com\/cursos\/mod\/quiz\/view.php?id=1558\"><img decoding=\"async\" class=\"iconlarge activityicon\" role=\"presentation\" src=\"https:\/\/estudiosadministrativos.com\/cursos\/theme\/image.php\/boost\/quiz\/1618696438\/icon\" alt=\"\" aria-hidden=\"true\" title=\"\"><span class=\"instancename\">TEST 1.5 El Estatuto de Autonom\u00eda (45 p.)<\/span><\/a><\/li>\n<li class=\"activityinstance\"><a style=\"font-size: 16px; background-color: #ffffff;\" href=\"https:\/\/estudiosadministrativos.com\/cursos\/pluginfile.php\/2587\/mod_quiz\/intro\/TEST_Estatuto_de_Autonomia.pdf\" target=\"_blank\" rel=\"noopener\">45 preguntas, con hoja de respuestas, versi\u00f3n en pdf para descargar, haz click aqu\u00ed.<\/a><\/li>\n<\/ul>\n<hr \/>\n<p>Extracto de los apuntes del Tema 1 de Osakidetza:<\/p>\n<p><strong>1.1. LA CONSTITUCI\u00d3N DE 1978 Y EL ACCESO A LA AUTONOM\u00cdA<\/strong><\/p>\n<p>La Constituci\u00f3n espa\u00f1ola garantiza en el art. 2 el derecho de autonom\u00eda y dedica su T\u00edtulo VIII a la organizaci\u00f3n territorial del Estado.<\/p>\n<p>\u201cLa Constituci\u00f3n se fundamenta en la indisoluble unidad de la Naci\u00f3n espa\u00f1ola, patria com\u00fan e indivisible de todos los espa\u00f1oles, y reconoce y garantiza el derecho a la autonom\u00eda de las<br \/>\nnacionalidades y regiones que la integran y la solidaridad entre todas ellas.\u201d<\/p>\n<p>En ese T\u00edtulo, adem\u00e1s del Cap\u00edtulo primero, dedicado a los principios generales, es de destacar el Cap\u00edtulo tercero \u00edntegramente dedicado a las Comunidades Aut\u00f3nomas.<br \/>\nAdem\u00e1s, para el Pa\u00eds Vasco, reviste un especial inter\u00e9s la Disposici\u00f3n Adicional primera, que ampara y respeta la actualizaci\u00f3n de los derechos hist\u00f3ricos de los territorios forales.<br \/>\n\u201cLa Constituci\u00f3n ampara y respeta los derechos hist\u00f3ricos de los territorios forales.<\/p>\n<p>La actualizaci\u00f3n general de dicho r\u00e9gimen foral se llevar\u00e1 a cabo, en su caso, en el marco de la Constituci\u00f3n y de los Estatutos de Autonom\u00eda.\u201d Para acceder a la autonom\u00eda la Constituci\u00f3n estableci\u00f3 varias f\u00f3rmulas, una de las cuales se basaba en la Disposici\u00f3n Transitoria Segunda:<\/p>\n<p>\u201cLos territorios que en el pasado hubiesen plebiscitado afirmativamente proyectos de Estatuto de autonom\u00eda y cuenten, al tiempo de promulgarse esta Constituci\u00f3n, con reg\u00edmenes provisionales<br \/>\nde autonom\u00eda podr\u00e1n proceder inmediatamente en la forma que se prev\u00e9 en el apartado 2 del art\u00edculo 148, cuando as\u00ed lo acordaren, por mayor\u00eda absoluta, sus \u00f3rganos preauton\u00f3micos<br \/>\ncolegiados superiores, comunic\u00e1ndolo al Gobierno. El proyecto de Estatuto ser\u00e1 elaborado de acuerdo con lo establecido en el art\u00edculo 151, n\u00famero 2, a convocatoria del \u00f3rgano colegiado<br \/>\npreauton\u00f3mico.\u201d<\/p>\n<p>a) Se exig\u00eda que en el pasado se hubiese plebiscitado afirmativamente un proyecto de Estatuto de Autonom\u00eda.<\/p>\n<p>b) Que al tiempo de promulgarse la Constituci\u00f3n, se contase con un r\u00e9gimen provisional de autonom\u00eda.<\/p>\n<p>c) Que as\u00ed lo acordasen, por mayor\u00eda absoluta, los \u00f3rganos preauton\u00f3micos colegiados superiores, comunic\u00e1ndolo al Gobierno.<\/p>\n<p><span style=\"font-size: 16px;\">Como el Pa\u00eds Vasco cumpli\u00f3 los tres requisitos mencionados en la Disposici\u00f3n Transitoria Segunda, gracias a su experiencia auton\u00f3mica en la II Rep\u00fablica y a la [&#8230;]<\/span><\/p>\n<p><em>Puedes descargar todos los apuntes del Tema 1 de Osakidetza.<\/em><\/p>\n<\/div>\n<\/div>\n","protected":false},"excerpt":{"rendered":"<h2>El Estatuto de Autonom\u00eda de Euskadi<\/h2>\n<h3>OPE Osakidetza AUXILIARES, ADMINISTRATIVOS, CELADORES<\/h3>\n<h3 style=\"text-align: left;\"><span style=\"color: #008000;\">El Estatuto de Autonom\u00eda de Euskadi. El T\u00edtulo Preliminar. El Parlamento vasco. El Gobierno vasco y el Lehendakari.<\/span><\/h3>\n<h4><\/h4>\n<ul>\n<li>\n<h4>6 horas de clase, incluido apuntes y test<\/h4>\n<\/li>\n<li>\n<h4>test para descargar y test cronometrados con reordenamiento de preguntas<\/h4>\n<\/li>\n<li>\n<h4><strong>Acceso sin l\u00edmite temporal a la plataforma, en la que puedes visualizar las clases de este tema tantas veces como quieras, ver y descargar los apuntes y test<\/strong><\/h4>\n<\/li>\n<\/ul>\n<p><em>REG\u00cdSTRATE CON TU DIRECCI\u00d3N DE GMAIL EN EL ENLACE QUE TE SUMINISTRAMOS Y ENTRAR\u00c1S AUTOM\u00c1TICAMENTE EN EL CURSO<\/em><\/p>\n<hr \/>\n<p><em>extracto<\/em>:<\/p>\n[video width=\"1280\" height=\"720\" mp4=\"https:\/\/www.estudiosadministrativos.com\/test-temarios-oposiciones\/wp-content\/uploads\/2021\/04\/extractotema1.mp4\"][\/video]\n<p>&nbsp;<\/p>\n","protected":false},"featured_media":1088,"comment_status":"open","ping_status":"closed","template":"","meta":{"site-sidebar-layout":"default","site-content-layout":"default","ast-site-content-layout":"default","site-content-style":"default","site-sidebar-style":"default","ast-global-header-display":"","ast-banner-title-visibility":"","ast-main-header-display":"","ast-hfb-above-header-display":"","ast-hfb-below-header-display":"","ast-hfb-mobile-header-display":"","site-post-title":"","ast-breadcrumbs-content":"","ast-featured-img":"","footer-sml-layout":"","ast-disable-related-posts":"","theme-transparent-header-meta":"default","adv-header-id-meta":"","stick-header-meta":"","header-above-stick-meta":"","header-main-stick-meta":"","header-below-stick-meta":"","astra-migrate-meta-layouts":"default","ast-page-background-enabled":"default","ast-page-background-meta":{"desktop":{"background-color":"","background-image":"","background-repeat":"repeat","background-position":"center center","background-size":"auto","background-attachment":"scroll","background-type":"","background-media":"","overlay-type":"","overlay-color":"","overlay-opacity":"","overlay-gradient":""},"tablet":{"background-color":"","background-image":"","background-repeat":"repeat","background-position":"center center","background-size":"auto","background-attachment":"scroll","background-type":"","background-media":"","overlay-type":"","overlay-color":"","overlay-opacity":"","overlay-gradient":""},"mobile":{"background-color":"","background-image":"","background-repeat":"repeat","background-position":"center center","background-size":"auto","background-attachment":"scroll","background-type":"","background-media":"","overlay-type":"","overlay-color":"","overlay-opacity":"","overlay-gradient":""}},"ast-content-background-meta":{"desktop":{"background-color":"var(--ast-global-color-5)","background-image":"","background-repeat":"repeat","background-position":"center center","background-size":"auto","background-attachment":"scroll","background-type":"","background-media":"","overlay-type":"","overlay-color":"","overlay-opacity":"","overlay-gradient":""},"tablet":{"background-color":"var(--ast-global-color-5)","background-image":"","background-repeat":"repeat","background-position":"center center","background-size":"auto","background-attachment":"scroll","background-type":"","background-media":"","overlay-type":"","overlay-color":"","overlay-opacity":"","overlay-gradient":""},"mobile":{"background-color":"var(--ast-global-color-5)","background-image":"","background-repeat":"repeat","background-position":"center center","background-size":"auto","background-attachment":"scroll","background-type":"","background-media":"","overlay-type":"","overlay-color":"","overlay-opacity":"","overlay-gradient":""}}},"product_brand":[],"product_cat":[44,100,18,19,219,35,72],"product_tag":[99,96,97,98],"class_list":{"0":"post-479","1":"product","2":"type-product","3":"status-publish","4":"has-post-thumbnail","6":"product_cat-apuntes-del-temario-oposiciones","7":"product_cat-clases-en-diferido-sobre-temas-concretos","8":"product_cat-cursos-de-oposiciones","9":"product_cat-esquemas-para-oposiciones","10":"product_cat-estatutos-de-autonomia","11":"product_cat-test-apuntes-temarios-recursos","12":"product_cat-test-de-oposiciones","13":"product_tag-clases-de-osakidetza","14":"product_tag-osakidetza","15":"product_tag-tema-1-osakidetza","16":"product_tag-temario-osakidetza","17":"desktop-align-left","18":"tablet-align-left","19":"mobile-align-left","21":"first","22":"instock","23":"virtual","24":"purchasable","25":"product-type-simple"},"_links":{"self":[{"href":"https:\/\/estudiosadministrativos.com\/test-temarios-oposiciones\/wp-json\/wp\/v2\/product\/479","targetHints":{"allow":["GET"]}}],"collection":[{"href":"https:\/\/estudiosadministrativos.com\/test-temarios-oposiciones\/wp-json\/wp\/v2\/product"}],"about":[{"href":"https:\/\/estudiosadministrativos.com\/test-temarios-oposiciones\/wp-json\/wp\/v2\/types\/product"}],"replies":[{"embeddable":true,"href":"https:\/\/estudiosadministrativos.com\/test-temarios-oposiciones\/wp-json\/wp\/v2\/comments?post=479"}],"wp:featuredmedia":[{"embeddable":true,"href":"https:\/\/estudiosadministrativos.com\/test-temarios-oposiciones\/wp-json\/wp\/v2\/media\/1088"}],"wp:attachment":[{"href":"https:\/\/estudiosadministrativos.com\/test-temarios-oposiciones\/wp-json\/wp\/v2\/media?parent=479"}],"wp:term":[{"taxonomy":"product_brand","embeddable":true,"href":"https:\/\/estudiosadministrativos.com\/test-temarios-oposiciones\/wp-json\/wp\/v2\/product_brand?post=479"},{"taxonomy":"product_cat","embeddable":true,"href":"https:\/\/estudiosadministrativos.com\/test-temarios-oposiciones\/wp-json\/wp\/v2\/product_cat?post=479"},{"taxonomy":"product_tag","embeddable":true,"href":"https:\/\/estudiosadministrativos.com\/test-temarios-oposiciones\/wp-json\/wp\/v2\/product_tag?post=479"}],"curies":[{"name":"wp","href":"https:\/\/api.w.org\/{rel}","templated":true}]}}