{"id":828,"date":"2021-07-09T07:33:01","date_gmt":"2021-07-09T05:33:01","guid":{"rendered":"https:\/\/estudiosadministrativos.com\/test-temarios-oposiciones\/?post_type=product&#038;p=828"},"modified":"2023-05-30T02:54:27","modified_gmt":"2023-05-30T00:54:27","slug":"test-sobre-prevencion-de-riesgos-laborales","status":"publish","type":"product","link":"https:\/\/estudiosadministrativos.com\/test-temarios-oposiciones\/recurso\/test-sobre-prevencion-de-riesgos-laborales\/","title":{"rendered":"TEST sobre Prevenci\u00f3n de Riesgos Laborales 70 preguntas de la Ley 31\/1995"},"content":{"rendered":"<h2>TEST sobre Prevenci\u00f3n de Riesgos Laborales<\/h2>\n<h3>70 preguntas<\/h3>\n<p>&nbsp;<\/p>\n<h4>Ley 31\/1995, de 8 de noviembre, de Prevenci\u00f3n de Riesgos Laborales.<\/h4>\n<h5>Cap. I: Objeto, \u00e1mbito de aplicaci\u00f3n y definiciones<\/h5>\n<h5>Cap. III: Derechos y obligaciones<\/h5>\n<hr \/>\n<p><a href=\"https:\/\/www.boe.es\/buscar\/pdf\/1995\/BOE-A-1995-24292-consolidado.pdf\" target=\"_blank\" rel=\"noopener\">Puedes descargar gratis de la p\u00e1gina del BOE una versi\u00f3n en pdf de la Ley 31\/1995, de 8 de noviembre, de Prevenci\u00f3n de Riesgos Laborales pinchando en este enlace<\/a><\/p>\n<hr \/>\n<h6>INSPECCI\u00d3N DE TRABAJO Y DE LA SEGURIDAD SOCIAL<\/h6>\n<p>&nbsp;<\/p>\n<ul>\n<li>Dentro de su esfera de competencias, le corresponden las potestades administrativas precisas para el cumplimiento de los fines que le encomienda Ley 23\/2015, de 21 de julio, Ordenadora del Sistema de Inspecci\u00f3n de Trabajo y Seguridad Social, en los t\u00e9rminos previstos en estos Estatutos y en el resto de la normativa de aplicaci\u00f3n, salvo la potestad expropiatoria.<\/li>\n<li>Las potestades administrativas que tiene atribuidas le facultan, en su \u00e1mbito competencial y a trav\u00e9s de los \u00f3rganos que integran su estructura, para ejercer la vigilancia del cumplimiento de las normas del orden social y exigir las responsabilidades pertinentes, as\u00ed como el asesoramiento y, en su caso, conciliaci\u00f3n, mediaci\u00f3n y arbitraje en dichas materias.<\/li>\n<li>Para la consecuci\u00f3n de los fines anteriores, ejercer\u00e1 las potestades administrativas de planificaci\u00f3n y programaci\u00f3n de la actuaci\u00f3n inspectora, as\u00ed como la de establecimiento de<br \/>\ninstrucciones de organizaci\u00f3n de los servicios, criterios operativos generales y criterios t\u00e9cnicos vinculantes, en los t\u00e9rminos y con el alcance previsto en estos Estatutos.<\/li>\n<\/ul>\n<p>&nbsp;<\/p>\n<p><a href=\"http:\/\/www.empleo.gob.es\/itss\/web\/Que_hacemos\/Funciones_ITSS\/\" target=\"_blank\" rel=\"noopener\">http:\/\/www.empleo.gob.es\/itss\/web\/Que_hacemos\/Funciones_ITSS\/<\/a><\/p>\n<h4><\/h4>\n<h6>INSTITUTO NACIONAL DE SEGURIDAD E HIGIENE<\/h6>\n<p>&nbsp;<\/p>\n<h6>El Instituto tiene, entre otras, las siguientes funciones:<\/h6>\n<p>&nbsp;<\/p>\n<ul>\n<li>Asesoramiento t\u00e9cnico en la elaboraci\u00f3n de la normativa legal y en el desarrollo de la normalizaci\u00f3n, tanto a nivel nacional como internacional.<\/li>\n<\/ul>\n<p>&nbsp;<\/p>\n<ul>\n<li>Promoci\u00f3n y realizaci\u00f3n de actividades de formaci\u00f3n, informaci\u00f3n, investigaci\u00f3n, estudio y divulgaci\u00f3n en materia de prevenci\u00f3n de riesgos laborales, con la adecuada coordinaci\u00f3n y\u00a0 colaboraci\u00f3n, en su caso, con los \u00f3rganos t\u00e9cnicos en materia preventiva de la Comunidades Aut\u00f3nomas en el ejercicio de sus funciones en esta materia.<\/li>\n<\/ul>\n<p>&nbsp;<\/p>\n<ul>\n<li>Apoyo t\u00e9cnico y colaboraci\u00f3n con la Inspecci\u00f3n de Trabajo y Seguridad Social en el cumplimiento de su funci\u00f3n de vigilancia y control, prevista en el art\u00edculo 9 de la Ley de Prevenci\u00f3n de Riesgos Laborales, en el \u00e1mbito de las Administraciones P\u00fablicas.<\/li>\n<\/ul>\n<p>&nbsp;<\/p>\n<ul>\n<li>Colaboraci\u00f3n con organismos internacionales y desarrollo de programas de cooperaci\u00f3n internacional en este \u00e1mbito, facilitando la participaci\u00f3n de las Comunidades Aut\u00f3nomas.<\/li>\n<\/ul>\n<p>&nbsp;<\/p>\n<ul>\n<li>Velar por la coordinaci\u00f3n, apoyar el intercambio de informaci\u00f3n y las experiencias entre las distintas Administraciones P\u00fablicas y especialmente fomentar y prestar apoyo a la realizaci\u00f3n de actividades de promoci\u00f3n de la seguridad y de la salud por las Comunidades Aut\u00f3nomas.<\/li>\n<\/ul>\n<p>&nbsp;<\/p>\n<ul>\n<li>Prestar de acuerdo con las Administraciones competentes, apoyo t\u00e9cnico especializado en materia de certificaci\u00f3n, ensayo y acreditaci\u00f3n.<\/li>\n<\/ul>\n<p>&nbsp;<\/p>\n<ul>\n<li>Actuar como Centro de Referencia Nacional en relaci\u00f3n con las Instituciones de la Uni\u00f3n Europea garantizando la coordinaci\u00f3n y transmisi\u00f3n de la informaci\u00f3n que facilita a escala nacional, en particular respecto a la Agencia Europea para la Seguridad y Salud en el Trabajo y su Red.<\/li>\n<\/ul>\n<p>&nbsp;<\/p>\n<ul>\n<li>Desempe\u00f1ar la Secretar\u00eda de la Comisi\u00f3n Nacional de Seguridad y Salud en el Trabajo prest\u00e1ndole la asistencia t\u00e9cnica y cient\u00edfica necesaria para el desarrollo de sus competencias.<\/li>\n<\/ul>\n<p>&nbsp;<\/p>\n<ul>\n<li>Cualesquiera otras que sean necesarias para el cumplimiento de sus fines y le sean encomendadas en el \u00e1mbito de sus competencias, de acuerdo con la Comisi\u00f3n Nacional de Seguridad y Salud en el Trabajo con la colaboraci\u00f3n, en su caso, de los \u00f3rganos t\u00e9cnicos de las Comunidades Aut\u00f3nomas con competencias en la materia.<\/li>\n<\/ul>\n<p>&nbsp;<\/p>\n<h6>COMISION NACIONAL DE SEGUIRIDAD EN EL TRABAJO<\/h6>\n<p>&nbsp;<\/p>\n<p>La Comisi\u00f3n Nacional de Seguridad y Salud en el Trabajo (CNSST) es el \u00f3rgano colegiado asesor de las Administraciones P\u00fablicas en la (art\u00edculo 13 de la Ley de Prevenci\u00f3n de Riesgos Laborales) formulaci\u00f3n de las pol\u00edticas de prevenci\u00f3n y el \u00f3rgano de participaci\u00f3n institucional en materia de Seguridad y Salud en el Trabajo y riesgos laborales).<\/p>\n<p>La CNSST, est\u00e1 integrada por representantes de la Administraci\u00f3n General del Estado, de las Administraciones de las Comunidades Aut\u00f3nomas y de las ciudades de Ceuta y Melilla y por representantes de las organizaciones empresariales y sindicales m\u00e1s representativas, constituyendo as\u00ed, los cuatro grupos de representaci\u00f3n de la misma.<\/p>\n<p>La participaci\u00f3n dentro de la CNSST s\u00f3lo es posible mediante la designaci\u00f3n de alguno de estos cuatro grupos.<\/p>\n<p>&nbsp;<\/p>\n<p><em>Antes de comenzar con los test sobre la Ley de Prevenci\u00f3n de Riesgos Laborales es conveniente leer y asimilar bien los Apuntes de la Ley de Prevenci\u00f3n de Riesgos Laborales<\/em><\/p>\n<p>[adp_products_on_sale]<\/p>\n","protected":false},"excerpt":{"rendered":"<h2>TEST sobre Prevenci\u00f3n de Riesgos Laborales<\/h2>\n<h3>70 preguntas<\/h3>\n<h4>Ley 31\/1995, Cap. I: Objeto, \u00e1mbito de aplicaci\u00f3n y definiciones ; Cap III: Derechos y obligaciones<\/h4>\n","protected":false},"featured_media":829,"comment_status":"open","ping_status":"closed","template":"","meta":{"site-sidebar-layout":"default","site-content-layout":"default","ast-site-content-layout":"default","site-content-style":"default","site-sidebar-style":"default","ast-global-header-display":"","ast-banner-title-visibility":"","ast-main-header-display":"","ast-hfb-above-header-display":"","ast-hfb-below-header-display":"","ast-hfb-mobile-header-display":"","site-post-title":"","ast-breadcrumbs-content":"","ast-featured-img":"","footer-sml-layout":"","ast-disable-related-posts":"","theme-transparent-header-meta":"default","adv-header-id-meta":"","stick-header-meta":"","header-above-stick-meta":"","header-main-stick-meta":"","header-below-stick-meta":"","astra-migrate-meta-layouts":"default","ast-page-background-enabled":"default","ast-page-background-meta":{"desktop":{"background-color":"","background-image":"","background-repeat":"repeat","background-position":"center center","background-size":"auto","background-attachment":"scroll","background-type":"","background-media":"","overlay-type":"","overlay-color":"","overlay-opacity":"","overlay-gradient":""},"tablet":{"background-color":"","background-image":"","background-repeat":"repeat","background-position":"center center","background-size":"auto","background-attachment":"scroll","background-type":"","background-media":"","overlay-type":"","overlay-color":"","overlay-opacity":"","overlay-gradient":""},"mobile":{"background-color":"","background-image":"","background-repeat":"repeat","background-position":"center center","background-size":"auto","background-attachment":"scroll","background-type":"","background-media":"","overlay-type":"","overlay-color":"","overlay-opacity":"","overlay-gradient":""}},"ast-content-background-meta":{"desktop":{"background-color":"var(--ast-global-color-5)","background-image":"","background-repeat":"repeat","background-position":"center center","background-size":"auto","background-attachment":"scroll","background-type":"","background-media":"","overlay-type":"","overlay-color":"","overlay-opacity":"","overlay-gradient":""},"tablet":{"background-color":"var(--ast-global-color-5)","background-image":"","background-repeat":"repeat","background-position":"center center","background-size":"auto","background-attachment":"scroll","background-type":"","background-media":"","overlay-type":"","overlay-color":"","overlay-opacity":"","overlay-gradient":""},"mobile":{"background-color":"var(--ast-global-color-5)","background-image":"","background-repeat":"repeat","background-position":"center center","background-size":"auto","background-attachment":"scroll","background-type":"","background-media":"","overlay-type":"","overlay-color":"","overlay-opacity":"","overlay-gradient":""}}},"product_brand":[],"product_cat":[81,35,72],"product_tag":[183,184],"class_list":{"0":"post-828","1":"product","2":"type-product","3":"status-publish","4":"has-post-thumbnail","6":"product_cat-ley-31-1995-de-prevencion-de-riesgos-laborales","7":"product_cat-test-apuntes-temarios-recursos","8":"product_cat-test-de-oposiciones","9":"product_tag-riesgos-laborales","10":"product_tag-test-sobre-riesgos-laborales","11":"desktop-align-left","12":"tablet-align-left","13":"mobile-align-left","15":"first","16":"instock","17":"downloadable","18":"virtual","19":"purchasable","20":"product-type-simple"},"_links":{"self":[{"href":"https:\/\/estudiosadministrativos.com\/test-temarios-oposiciones\/wp-json\/wp\/v2\/product\/828","targetHints":{"allow":["GET"]}}],"collection":[{"href":"https:\/\/estudiosadministrativos.com\/test-temarios-oposiciones\/wp-json\/wp\/v2\/product"}],"about":[{"href":"https:\/\/estudiosadministrativos.com\/test-temarios-oposiciones\/wp-json\/wp\/v2\/types\/product"}],"replies":[{"embeddable":true,"href":"https:\/\/estudiosadministrativos.com\/test-temarios-oposiciones\/wp-json\/wp\/v2\/comments?post=828"}],"wp:featuredmedia":[{"embeddable":true,"href":"https:\/\/estudiosadministrativos.com\/test-temarios-oposiciones\/wp-json\/wp\/v2\/media\/829"}],"wp:attachment":[{"href":"https:\/\/estudiosadministrativos.com\/test-temarios-oposiciones\/wp-json\/wp\/v2\/media?parent=828"}],"wp:term":[{"taxonomy":"product_brand","embeddable":true,"href":"https:\/\/estudiosadministrativos.com\/test-temarios-oposiciones\/wp-json\/wp\/v2\/product_brand?post=828"},{"taxonomy":"product_cat","embeddable":true,"href":"https:\/\/estudiosadministrativos.com\/test-temarios-oposiciones\/wp-json\/wp\/v2\/product_cat?post=828"},{"taxonomy":"product_tag","embeddable":true,"href":"https:\/\/estudiosadministrativos.com\/test-temarios-oposiciones\/wp-json\/wp\/v2\/product_tag?post=828"}],"curies":[{"name":"wp","href":"https:\/\/api.w.org\/{rel}","templated":true}]}}