{"id":846,"date":"2021-07-10T09:02:29","date_gmt":"2021-07-10T07:02:29","guid":{"rendered":"https:\/\/estudiosadministrativos.com\/test-temarios-oposiciones\/?post_type=product&#038;p=846"},"modified":"2023-04-30T21:33:25","modified_gmt":"2023-04-30T19:33:25","slug":"test-de-la-ley-40-2015","status":"publish","type":"product","link":"https:\/\/estudiosadministrativos.com\/test-temarios-oposiciones\/recurso\/test-de-la-ley-40-2015\/","title":{"rendered":"TEST de la Ley 40\/2015 sobre el T\u00edtulo Preliminar con 47 preguntas importantes que suelen salir en los examenes"},"content":{"rendered":"<h2>TEST de la Ley 40\/2015<\/h2>\n<h3>T\u00edtulo Preliminar<\/h3>\n<h4>Selecci\u00f3n de 47 preguntas importantes que suelen salir en los ex\u00e1menes<\/h4>\n<p>&nbsp;<\/p>\n<hr \/>\n<ul>\n<li>\u00cdTULO PRELIMINAR. Disposiciones generales, principios de actuaci\u00f3n y funcionamiento del sector p\u00fablico\n<ul>\n<li>CAP\u00cdTULO I. Disposiciones generales<\/li>\n<li>CAP\u00cdTULO II. De los \u00f3rganos de las Administraciones P\u00fablicas<\/li>\n<li>Secci\u00f3n 1.\u00aa De los \u00f3rganos administrativos<\/li>\n<li>Secci\u00f3n 2.\u00aa Competencia<\/li>\n<li>Secci\u00f3n 3.\u00aa \u00d3rganos colegiados de las distintas administraciones p\u00fablicas<\/li>\n<li>Subsecci\u00f3n 1.\u00aa Funcionamiento<\/li>\n<li>Subsecci\u00f3n 2.\u00aa De los \u00f3rganos colegiados en la Administraci\u00f3n General del Estado<\/li>\n<li>Secci\u00f3n 4.\u00aa Abstenci\u00f3n y recusaci\u00f3n<\/li>\n<li>CAP\u00cdTULO III. Principios de la potestad sancionadora<\/li>\n<li>CAP\u00cdTULO IV. De la responsabilidad patrimonial de las Administraciones P\u00fablicas<\/li>\n<li>Secci\u00f3n 1.\u00aa Responsabilidad patrimonial de las Administraciones P\u00fablicas<\/li>\n<li>Secci\u00f3n 2.\u00aa Responsabilidad de las autoridades y personal al servicio de las Administraciones P\u00fablicas<\/li>\n<li>CAP\u00cdTULO V. Funcionamiento electr\u00f3nico del sector p\u00fablico<\/li>\n<li>CAP\u00cdTULO VI. De los convenios<\/li>\n<\/ul>\n<\/li>\n<\/ul>\n<hr \/>\n<h4>Conceptos importantes de la Ley 40\/2015<\/h4>\n<p>&nbsp;<\/p>\n<ul>\n<li>El <strong>principio de eficacia<\/strong> buscar\u00e1, mediante su inspiraci\u00f3n, que la Administraci\u00f3n P\u00fablica cumpla los objetivos fijados en los servicios prestados a los ciudadanos.<\/li>\n<li>El <strong>principio de jerarqu\u00eda<\/strong>. La organizaci\u00f3n administrativa se estructura de manera jer\u00e1rquica con una multiplicidad de \u00f3rganos<\/li>\n<li>La <strong>descentralizaci\u00f3n<\/strong> presupone reordenaci\u00f3n de funciones entre distintas Administraciones P\u00fablicas.<\/li>\n<li>Por el contrario, se habla de <strong>desconcentraci\u00f3n<\/strong> cuando dentro de una misma Administraci\u00f3n P\u00fablica se reordenan funciones a favor de \u00f3rganos inferiores o perif\u00e9ricos.<\/li>\n<li>Transferencia de la titularidad y el ejercicio de competencias de un \u00f3rgano superior a otro inferior o perif\u00e9rico dentro de un mismo ente p\u00fablico, con car\u00e1cter permanente.<\/li>\n<li>La <strong>coordinaci\u00f3n<\/strong> es un principio organizativo que pretende lograr la unidad en la actuaci\u00f3n administrativa entre Administraciones diferentes o entre \u00f3rganos<br \/>\npertenecientes a \u00e1mbitos distintos de una misma Administraci\u00f3n, no relacionados por el principio de jerarqu\u00eda.<\/li>\n<li>La existencia de una pluralidad de Administraciones genera la posibilidad de duplicidades y contradicciones en una misma materia, con el riesgo de producirse tanto derroches sobre costes materiales como de esfuerzo por la superposici\u00f3n.<\/li>\n<\/ul>\n<hr \/>\n<p><a href=\"https:\/\/www.boe.es\/buscar\/pdf\/2015\/BOE-A-2015-10566-consolidado.pdf\" target=\"_blank\" rel=\"noopener\">Puedes descargar gratis un ejemplar de la Ley 40\/2015 pinchando en este enlace<\/a><\/p>\n<hr \/>\n<p>&nbsp;<\/p>\n","protected":false},"excerpt":{"rendered":"<h2>TEST de la Ley 40\/2015<\/h2>\n<h3>T\u00edtulo Preliminar<\/h3>\n<h4>Selecci\u00f3n de 47 preguntas importantes que suelen salir en los ex\u00e1menes<\/h4>\n","protected":false},"featured_media":849,"comment_status":"open","ping_status":"closed","template":"","meta":{"site-sidebar-layout":"default","site-content-layout":"default","ast-site-content-layout":"default","site-content-style":"default","site-sidebar-style":"default","ast-global-header-display":"","ast-banner-title-visibility":"","ast-main-header-display":"","ast-hfb-above-header-display":"","ast-hfb-below-header-display":"","ast-hfb-mobile-header-display":"","site-post-title":"","ast-breadcrumbs-content":"","ast-featured-img":"","footer-sml-layout":"","ast-disable-related-posts":"","theme-transparent-header-meta":"default","adv-header-id-meta":"","stick-header-meta":"","header-above-stick-meta":"","header-main-stick-meta":"","header-below-stick-meta":"","astra-migrate-meta-layouts":"default","ast-page-background-enabled":"default","ast-page-background-meta":{"desktop":{"background-color":"","background-image":"","background-repeat":"repeat","background-position":"center center","background-size":"auto","background-attachment":"scroll","background-type":"","background-media":"","overlay-type":"","overlay-color":"","overlay-opacity":"","overlay-gradient":""},"tablet":{"background-color":"","background-image":"","background-repeat":"repeat","background-position":"center center","background-size":"auto","background-attachment":"scroll","background-type":"","background-media":"","overlay-type":"","overlay-color":"","overlay-opacity":"","overlay-gradient":""},"mobile":{"background-color":"","background-image":"","background-repeat":"repeat","background-position":"center center","background-size":"auto","background-attachment":"scroll","background-type":"","background-media":"","overlay-type":"","overlay-color":"","overlay-opacity":"","overlay-gradient":""}},"ast-content-background-meta":{"desktop":{"background-color":"var(--ast-global-color-5)","background-image":"","background-repeat":"repeat","background-position":"center center","background-size":"auto","background-attachment":"scroll","background-type":"","background-media":"","overlay-type":"","overlay-color":"","overlay-opacity":"","overlay-gradient":""},"tablet":{"background-color":"var(--ast-global-color-5)","background-image":"","background-repeat":"repeat","background-position":"center center","background-size":"auto","background-attachment":"scroll","background-type":"","background-media":"","overlay-type":"","overlay-color":"","overlay-opacity":"","overlay-gradient":""},"mobile":{"background-color":"var(--ast-global-color-5)","background-image":"","background-repeat":"repeat","background-position":"center center","background-size":"auto","background-attachment":"scroll","background-type":"","background-media":"","overlay-type":"","overlay-color":"","overlay-opacity":"","overlay-gradient":""}}},"product_brand":[],"product_cat":[68,35,72],"product_tag":[39,185,78],"class_list":{"0":"post-846","1":"product","2":"type-product","3":"status-publish","4":"has-post-thumbnail","6":"product_cat-ley-40-2015-de-1-de-octubre","7":"product_cat-test-apuntes-temarios-recursos","8":"product_cat-test-de-oposiciones","9":"product_tag-ley-40-2015","10":"product_tag-test-de-la-ley-40-2015","11":"product_tag-test-de-oposiciones","12":"desktop-align-left","13":"tablet-align-left","14":"mobile-align-left","16":"first","17":"instock","18":"downloadable","19":"virtual","20":"purchasable","21":"product-type-simple"},"_links":{"self":[{"href":"https:\/\/estudiosadministrativos.com\/test-temarios-oposiciones\/wp-json\/wp\/v2\/product\/846","targetHints":{"allow":["GET"]}}],"collection":[{"href":"https:\/\/estudiosadministrativos.com\/test-temarios-oposiciones\/wp-json\/wp\/v2\/product"}],"about":[{"href":"https:\/\/estudiosadministrativos.com\/test-temarios-oposiciones\/wp-json\/wp\/v2\/types\/product"}],"replies":[{"embeddable":true,"href":"https:\/\/estudiosadministrativos.com\/test-temarios-oposiciones\/wp-json\/wp\/v2\/comments?post=846"}],"wp:featuredmedia":[{"embeddable":true,"href":"https:\/\/estudiosadministrativos.com\/test-temarios-oposiciones\/wp-json\/wp\/v2\/media\/849"}],"wp:attachment":[{"href":"https:\/\/estudiosadministrativos.com\/test-temarios-oposiciones\/wp-json\/wp\/v2\/media?parent=846"}],"wp:term":[{"taxonomy":"product_brand","embeddable":true,"href":"https:\/\/estudiosadministrativos.com\/test-temarios-oposiciones\/wp-json\/wp\/v2\/product_brand?post=846"},{"taxonomy":"product_cat","embeddable":true,"href":"https:\/\/estudiosadministrativos.com\/test-temarios-oposiciones\/wp-json\/wp\/v2\/product_cat?post=846"},{"taxonomy":"product_tag","embeddable":true,"href":"https:\/\/estudiosadministrativos.com\/test-temarios-oposiciones\/wp-json\/wp\/v2\/product_tag?post=846"}],"curies":[{"name":"wp","href":"https:\/\/api.w.org\/{rel}","templated":true}]}}