{"id":866,"date":"2021-07-11T08:27:40","date_gmt":"2021-07-11T06:27:40","guid":{"rendered":"https:\/\/estudiosadministrativos.com\/test-temarios-oposiciones\/?post_type=product&#038;p=866"},"modified":"2023-04-30T21:33:16","modified_gmt":"2023-04-30T19:33:16","slug":"supuestos-practicos-contratos-administrativos-2-supuestos","status":"publish","type":"product","link":"https:\/\/estudiosadministrativos.com\/test-temarios-oposiciones\/recurso\/supuestos-practicos-contratos-administrativos-2-supuestos\/","title":{"rendered":"SUPUESTOS PR\u00c1CTICOS CONTRATOS ADMINISTRATIVOS (2 SUPUESTOS)"},"content":{"rendered":"<h2>SUPUESTOS PR\u00c1CTICOS<\/h2>\n<h3>CONTRATOS ADMINISTRATIVOS<\/h3>\n<h4>2 SUPUESTOS PR\u00c1CTICOS SOBRE CONTRATOS ADMINISTRATIVOS<\/h4>\n<hr \/>\n<h5>ENUNCIADO PRIMER SUPUESTO<\/h5>\n<h6>Un Ayuntamiento andaluz decide construir un puente sobre el r\u00edo Guadalquivir, que atraviesa la localidad, para favorecer los desplazamientos m\u00e1s fluidos de sus habitantes. Con este motivo,\u00a0 prueba un pliego de condiciones para la contrataci\u00f3n de dicha obra, el cual, establece un tipo de licitaci\u00f3n m\u00e1ximo de 2.103.542 euros y un plazo de ejecuci\u00f3n de 12 meses.<\/h6>\n<h6>Del mismo modo, desea tambi\u00e9n contratar dicho Ayuntamiento el suministro de papel que se vaya a utilizar en las dependencias administrativas que de \u00e9l dependen duran- te el a\u00f1o pr\u00f3ximo.<\/h6>\n<h6>Se plantean dudas acerca de la contrataci\u00f3n a realizar, de las que se nos da traslado para que emitamos informe y nos pronunciemos sobre su legalidad.<\/h6>\n<hr \/>\n<h5>ENUNCIADO SEGUNDO SUPUESTO<\/h5>\n<p>&nbsp;<\/p>\n<h6>El Organismo Aut\u00f3nomo \u201cOrganismo para el Fomento de la Inversi\u00f3n Privada\u201d, adscrito al Ministerio de Fomento, acuerda sacar a licitaci\u00f3n una serie de contratos en septiembre de 2015.<br \/>\nEl primero y m\u00e1s importante es la construcci\u00f3n de un edificio donde va a tener su nueva sede dicho Organismo, cuyo presupuesto de licitaci\u00f3n va a ascender a 5.300.000 euros, IVA excluido. Se llevar\u00e1 a cabo por procedimiento abierto. Dado el alto coste, ser\u00e1 necesario proveer a que una empresa especializada supervise la ejecuci\u00f3n de las obras, cuyo coste adicional<br \/>\nser\u00e1 de 150.253,03 euros.<\/h6>\n<h6>Tambi\u00e9n tiene previsto celebrar un Convenio de Colaboraci\u00f3n con otros organismos aut\u00f3nomos de las Comunidades Aut\u00f3nomas, para seguir una l\u00ednea coherente en materia de inversiones en todo el territorio nacional.<\/h6>\n<h6>Otro contrato va a ser la adquisici\u00f3n de un programa de ordenador que satisfaga las exigencias del organismo, habi\u00e9ndose constatado que, aquellos de los que dispone actual- mente la Administraci\u00f3n, no son adaptables al caso. El presupuesto de licitaci\u00f3n es de 124.212,54 euros, y tendr\u00e1 car\u00e1cter urgente. Otro contrato tendr\u00e1 car\u00e1cter excepcional, pues teniendo en cuenta<br \/>\nque su actividad es el fomento de la inversi\u00f3n privada y es fundamental la imagen que se ofrece a los empresarios, tanto espa\u00f1oles como europeos, hay que contar con un creativo art\u00edstico para que siga su trayectoria institucional. Ya se ha constatado que en la Administraci\u00f3n espa\u00f1ola no se cuenta con funcionarios expertos en la materia y se piensa que se podr\u00eda contratar a un creativo italiano que acaba de instalarse en Madrid que podr\u00eda perfectamente ocuparse detal tarea cobrando 96.161,94 euros.<\/h6>\n<h6>El contrato de obras viene adjudicado a la empresa \u201cContratas y Construcciones S.A., que es la que oferta el precio m\u00e1s bajo, habi\u00e9ndose presentado, entre otros licitadores, \u201cLa Construcci\u00f3n Perfecta S.A.\u201d. La supervisi\u00f3n de las mismas correr\u00e1 a cargo de \u201cIngenieros y Arquitectos Reunidos S.L.\u201d. El programa de ordenador se ha adjudicado a la empresa inglesa \u201cBest Informatic System\u201d y la creaci\u00f3n art\u00edstica al Sr. Carlo Ponti, a realizar en 12 meses. Como a lo largo de la vida de estos contratos se van a producir vicisitudes, el organismo, en su departamento de contrataci\u00f3n, cuenta con un equipo de letrados, encarga- do de preparar los escritos a dirigir a los contratistas cuando surge alguna incidencia. Se plantean las siguientes cuestiones en orden a estos acontecimientos y a los que seguidamente se expresan:<\/h6>\n<p>&nbsp;<\/p>\n<ol>\n<li>\n<h6>En primer lugar, la Empresa \u201cLa Construcci\u00f3n Perfecta S.A.\u201d recurre la propuesta a favor de \u201cContratas y Construcciones S.A.\u201d, de la Mesa de contrataci\u00f3n. A pesar de ello, tiene lugar la adjudicaci\u00f3n propuesta.<\/h6>\n<\/li>\n<li>\n<h6>Mientras tiene lugar la ejecuci\u00f3n de la obra, la empresa adjudicataria decide sub- contratar el 40% de la misma a \u201cImpermeabilizaciones S.A.\u201d Posteriormente, y en virtud del ius variandi de la Administraci\u00f3n, \u00e9sta decide aumentar las unidades de obra en un 19% y como la obra tiene ya unas dimensiones excesivas, la empresa contratista decide cederla a \u201cLa Construcci\u00f3n Perfecta S.A.\u201d, que ten\u00eda tanto inter\u00e9s. Esto se lleva a cabo cuando se ha ejecutado el 60% del importe del contrato.<\/h6>\n<\/li>\n<li>\n<h6>\u00a0\u201cContratas y Construcciones S.A.\u201d ten\u00eda unas deudas con otra constructora, as\u00ed que le cede tres certificaciones de obra. Adem\u00e1s, debido a un movimiento de tierras que la empresa no habr\u00eda podido prever, sufri\u00f3 da\u00f1os en su maquinaria por importe de 60.101,21 euros.<\/h6>\n<\/li>\n<li>\n<h6>El Sr. Carlo Ponti, cuando lleva realizando la creaci\u00f3n art\u00edstica desde hace siete meses, y a pesar de haber recibido ya por adelantado 48.080,97 euros, exige a la Administraci\u00f3n la revisi\u00f3n de precios, seg\u00fan los \u00edndices que se publican en el BOE.<\/h6>\n<\/li>\n<\/ol>\n<p>&nbsp;<\/p>\n","protected":false},"excerpt":{"rendered":"<h2>SUPUESTOS PR\u00c1CTICOS<\/h2>\n<h3>CONTRATOS ADMINISTRATIVOS<\/h3>\n<p>2 SUPUESTOS PR\u00c1CTICOS SOBRE CONTRATOS ADMINISTRATIVOS<\/p>\n","protected":false},"featured_media":868,"comment_status":"open","ping_status":"closed","template":"","meta":{"site-sidebar-layout":"default","site-content-layout":"default","ast-site-content-layout":"default","site-content-style":"default","site-sidebar-style":"default","ast-global-header-display":"","ast-banner-title-visibility":"","ast-main-header-display":"","ast-hfb-above-header-display":"","ast-hfb-below-header-display":"","ast-hfb-mobile-header-display":"","site-post-title":"","ast-breadcrumbs-content":"","ast-featured-img":"","footer-sml-layout":"","ast-disable-related-posts":"","theme-transparent-header-meta":"default","adv-header-id-meta":"","stick-header-meta":"","header-above-stick-meta":"","header-main-stick-meta":"","header-below-stick-meta":"","astra-migrate-meta-layouts":"default","ast-page-background-enabled":"default","ast-page-background-meta":{"desktop":{"background-color":"","background-image":"","background-repeat":"repeat","background-position":"center center","background-size":"auto","background-attachment":"scroll","background-type":"","background-media":"","overlay-type":"","overlay-color":"","overlay-opacity":"","overlay-gradient":""},"tablet":{"background-color":"","background-image":"","background-repeat":"repeat","background-position":"center center","background-size":"auto","background-attachment":"scroll","background-type":"","background-media":"","overlay-type":"","overlay-color":"","overlay-opacity":"","overlay-gradient":""},"mobile":{"background-color":"","background-image":"","background-repeat":"repeat","background-position":"center center","background-size":"auto","background-attachment":"scroll","background-type":"","background-media":"","overlay-type":"","overlay-color":"","overlay-opacity":"","overlay-gradient":""}},"ast-content-background-meta":{"desktop":{"background-color":"var(--ast-global-color-5)","background-image":"","background-repeat":"repeat","background-position":"center center","background-size":"auto","background-attachment":"scroll","background-type":"","background-media":"","overlay-type":"","overlay-color":"","overlay-opacity":"","overlay-gradient":""},"tablet":{"background-color":"var(--ast-global-color-5)","background-image":"","background-repeat":"repeat","background-position":"center center","background-size":"auto","background-attachment":"scroll","background-type":"","background-media":"","overlay-type":"","overlay-color":"","overlay-opacity":"","overlay-gradient":""},"mobile":{"background-color":"var(--ast-global-color-5)","background-image":"","background-repeat":"repeat","background-position":"center center","background-size":"auto","background-attachment":"scroll","background-type":"","background-media":"","overlay-type":"","overlay-color":"","overlay-opacity":"","overlay-gradient":""}}},"product_brand":[],"product_cat":[213,186,35,72],"product_tag":[190,188,187],"class_list":{"0":"post-866","1":"product","2":"type-product","3":"status-publish","4":"has-post-thumbnail","6":"product_cat-ley-9-2017-de-contratos-del-sector-publico","7":"product_cat-supuestos-practicos","8":"product_cat-test-apuntes-temarios-recursos","9":"product_cat-test-de-oposiciones","10":"product_tag-contratos-administrativos","11":"product_tag-supuesto-practico","12":"product_tag-supuestos-practicos","13":"desktop-align-left","14":"tablet-align-left","15":"mobile-align-left","17":"first","18":"instock","19":"downloadable","20":"virtual","21":"purchasable","22":"product-type-simple"},"_links":{"self":[{"href":"https:\/\/estudiosadministrativos.com\/test-temarios-oposiciones\/wp-json\/wp\/v2\/product\/866","targetHints":{"allow":["GET"]}}],"collection":[{"href":"https:\/\/estudiosadministrativos.com\/test-temarios-oposiciones\/wp-json\/wp\/v2\/product"}],"about":[{"href":"https:\/\/estudiosadministrativos.com\/test-temarios-oposiciones\/wp-json\/wp\/v2\/types\/product"}],"replies":[{"embeddable":true,"href":"https:\/\/estudiosadministrativos.com\/test-temarios-oposiciones\/wp-json\/wp\/v2\/comments?post=866"}],"wp:featuredmedia":[{"embeddable":true,"href":"https:\/\/estudiosadministrativos.com\/test-temarios-oposiciones\/wp-json\/wp\/v2\/media\/868"}],"wp:attachment":[{"href":"https:\/\/estudiosadministrativos.com\/test-temarios-oposiciones\/wp-json\/wp\/v2\/media?parent=866"}],"wp:term":[{"taxonomy":"product_brand","embeddable":true,"href":"https:\/\/estudiosadministrativos.com\/test-temarios-oposiciones\/wp-json\/wp\/v2\/product_brand?post=866"},{"taxonomy":"product_cat","embeddable":true,"href":"https:\/\/estudiosadministrativos.com\/test-temarios-oposiciones\/wp-json\/wp\/v2\/product_cat?post=866"},{"taxonomy":"product_tag","embeddable":true,"href":"https:\/\/estudiosadministrativos.com\/test-temarios-oposiciones\/wp-json\/wp\/v2\/product_tag?post=866"}],"curies":[{"name":"wp","href":"https:\/\/api.w.org\/{rel}","templated":true}]}}