{"id":96,"date":"2021-04-02T11:09:13","date_gmt":"2021-04-02T09:09:13","guid":{"rendered":"https:\/\/estudiosadministrativos.com\/test-temarios-oposiciones\/?post_type=product&#038;p=96"},"modified":"2023-04-30T21:51:15","modified_gmt":"2023-04-30T19:51:15","slug":"esquemas-fundamentales-para-comenzar-una-oposicion","status":"publish","type":"product","link":"https:\/\/estudiosadministrativos.com\/test-temarios-oposiciones\/recurso\/esquemas-fundamentales-para-comenzar-una-oposicion\/","title":{"rendered":"17 Esquemas fundamentales para comenzar una oposici\u00f3n al cuerpo de Administrativos"},"content":{"rendered":"<h2>17 esquemas fundamentales<\/h2>\n<hr \/>\n<ul>\n<li>\u00bfQu\u00e9 es un \u00f3rgano? \u00bfQui\u00e9n o qu\u00e9 tiene personalidad jur\u00eddica? \u00bfCu\u00e1l es la diferencia entre un Decreto y una Ley? Aqu\u00ed tienes 17 esquemas sobre conceptos que hay que tener bien claros a la hora de comenzar una oposici\u00f3n al Cuerpo de Administrativos.<\/li>\n<\/ul>\n<hr \/>\n<ol>\n<li style=\"list-style-type: none;\">\n<ol>\n<li>Los Poderes P\u00fablicos en el Estado Espa\u00f1ol<\/li>\n<li>Las Administraciones p\u00fablicas en el ordenamiento jur\u00eddico<\/li>\n<li>Administraci\u00f3n General del Estado<\/li>\n<li>Ministerios<\/li>\n<li>Nombramientos en la Administraci\u00f3n General del Estado<\/li>\n<li>Creaci\u00f3n de \u00d3rganos en a Administraci\u00f3n General del Estado<\/li>\n<li>Administraci\u00f3n p\u00fablica de la CAPV<\/li>\n<li>Administraci\u00f3n local<\/li>\n<li>Entidades institucionales, Corporaciones, Fundaciones<\/li>\n<li>Entes, entidades y organismos p\u00fablicos<\/li>\n<li>\u00d3rganos<\/li>\n<li>Entidades con personalidad jur\u00eddico-p\u00fablica o con personalidad jur\u00eddica<\/li>\n<li>Entes p\u00fablicos, organismos p\u00fablicos, organismos administrativos<\/li>\n<li>Principios de actuaci\u00f3n de la Administraci\u00f3n P\u00fablica<\/li>\n<li>Eficacia<\/li>\n<li>Jerarqu\u00eda<\/li>\n<li>Descentralizaci\u00f3n, Desconcentraci\u00f3n y Delegaci\u00f3n<\/li>\n<\/ol>\n<\/li>\n<\/ol>\n<hr \/>\n<p>Desc\u00e1rgate los 17 esquemas sin marca de agua<\/p>\n","protected":false},"excerpt":{"rendered":"<h2>17 esquemas fundamentales<\/h2>\n<hr \/>\n<p>Conceptos que hay que tener bien claros a la hora de comenzar una oposici\u00f3n al Cuerpo de Administrativos.<\/p>\n<hr \/>\n<ol>\n<li>Los Poderes P\u00fablicos en el Estado Espa\u00f1ol<\/li>\n<li>Las Administraciones p\u00fablicas en el ordenamiento jur\u00eddico<\/li>\n<li>Administraci\u00f3n General del Estado<\/li>\n<li>Ministerios<\/li>\n<li>Nombramientos en la Administraci\u00f3n General del Estado<\/li>\n<li>Creaci\u00f3n de \u00d3rganos en a Administraci\u00f3n General del Estado<\/li>\n<li>Administraci\u00f3n p\u00fablica de la CAPV<\/li>\n<li>Administraci\u00f3n local<\/li>\n<li>Entidades institucionales, Corporaciones, Fundaciones<\/li>\n<li>Entes, entidades y organismos p\u00fablicos<\/li>\n<li>\u00d3rganos<\/li>\n<li>Entidades con personalidad jur\u00eddico-p\u00fablica o con personalidad jur\u00eddica<\/li>\n<li>Entes p\u00fablicos, organismos p\u00fablicos, organismos administrativos<\/li>\n<li>Principios de actuaci\u00f3n de la Administraci\u00f3n P\u00fablica<\/li>\n<li>Eficacia<\/li>\n<li>Jerarqu\u00eda<\/li>\n<li>Descentralizaci\u00f3n, Desconcentraci\u00f3n y Delegaci\u00f3n<\/li>\n<\/ol>\n<hr \/>\n<p>Desc\u00e1rgatelos todos sin marca de agua<\/p>\n","protected":false},"featured_media":386,"comment_status":"open","ping_status":"closed","template":"","meta":{"site-sidebar-layout":"default","site-content-layout":"default","ast-site-content-layout":"default","site-content-style":"default","site-sidebar-style":"default","ast-global-header-display":"","ast-banner-title-visibility":"","ast-main-header-display":"","ast-hfb-above-header-display":"","ast-hfb-below-header-display":"","ast-hfb-mobile-header-display":"","site-post-title":"","ast-breadcrumbs-content":"","ast-featured-img":"","footer-sml-layout":"","ast-disable-related-posts":"","theme-transparent-header-meta":"default","adv-header-id-meta":"","stick-header-meta":"","header-above-stick-meta":"","header-main-stick-meta":"","header-below-stick-meta":"","astra-migrate-meta-layouts":"default","ast-page-background-enabled":"default","ast-page-background-meta":{"desktop":{"background-color":"","background-image":"","background-repeat":"repeat","background-position":"center center","background-size":"auto","background-attachment":"scroll","background-type":"","background-media":"","overlay-type":"","overlay-color":"","overlay-opacity":"","overlay-gradient":""},"tablet":{"background-color":"","background-image":"","background-repeat":"repeat","background-position":"center center","background-size":"auto","background-attachment":"scroll","background-type":"","background-media":"","overlay-type":"","overlay-color":"","overlay-opacity":"","overlay-gradient":""},"mobile":{"background-color":"","background-image":"","background-repeat":"repeat","background-position":"center center","background-size":"auto","background-attachment":"scroll","background-type":"","background-media":"","overlay-type":"","overlay-color":"","overlay-opacity":"","overlay-gradient":""}},"ast-content-background-meta":{"desktop":{"background-color":"var(--ast-global-color-5)","background-image":"","background-repeat":"repeat","background-position":"center center","background-size":"auto","background-attachment":"scroll","background-type":"","background-media":"","overlay-type":"","overlay-color":"","overlay-opacity":"","overlay-gradient":""},"tablet":{"background-color":"var(--ast-global-color-5)","background-image":"","background-repeat":"repeat","background-position":"center center","background-size":"auto","background-attachment":"scroll","background-type":"","background-media":"","overlay-type":"","overlay-color":"","overlay-opacity":"","overlay-gradient":""},"mobile":{"background-color":"var(--ast-global-color-5)","background-image":"","background-repeat":"repeat","background-position":"center center","background-size":"auto","background-attachment":"scroll","background-type":"","background-media":"","overlay-type":"","overlay-color":"","overlay-opacity":"","overlay-gradient":""}}},"product_brand":[],"product_cat":[19,35,72],"product_tag":[21,24,26,20,25],"class_list":{"0":"post-96","1":"product","2":"type-product","3":"status-publish","4":"has-post-thumbnail","6":"product_cat-esquemas-para-oposiciones","7":"product_cat-test-apuntes-temarios-recursos","8":"product_cat-test-de-oposiciones","9":"product_tag-administrativos","10":"product_tag-auxiliares","11":"product_tag-descargar","12":"product_tag-esquemas","13":"product_tag-oposicion","14":"desktop-align-left","15":"tablet-align-left","16":"mobile-align-left","18":"first","19":"instock","20":"downloadable","21":"virtual","22":"purchasable","23":"product-type-simple"},"_links":{"self":[{"href":"https:\/\/estudiosadministrativos.com\/test-temarios-oposiciones\/wp-json\/wp\/v2\/product\/96","targetHints":{"allow":["GET"]}}],"collection":[{"href":"https:\/\/estudiosadministrativos.com\/test-temarios-oposiciones\/wp-json\/wp\/v2\/product"}],"about":[{"href":"https:\/\/estudiosadministrativos.com\/test-temarios-oposiciones\/wp-json\/wp\/v2\/types\/product"}],"replies":[{"embeddable":true,"href":"https:\/\/estudiosadministrativos.com\/test-temarios-oposiciones\/wp-json\/wp\/v2\/comments?post=96"}],"wp:featuredmedia":[{"embeddable":true,"href":"https:\/\/estudiosadministrativos.com\/test-temarios-oposiciones\/wp-json\/wp\/v2\/media\/386"}],"wp:attachment":[{"href":"https:\/\/estudiosadministrativos.com\/test-temarios-oposiciones\/wp-json\/wp\/v2\/media?parent=96"}],"wp:term":[{"taxonomy":"product_brand","embeddable":true,"href":"https:\/\/estudiosadministrativos.com\/test-temarios-oposiciones\/wp-json\/wp\/v2\/product_brand?post=96"},{"taxonomy":"product_cat","embeddable":true,"href":"https:\/\/estudiosadministrativos.com\/test-temarios-oposiciones\/wp-json\/wp\/v2\/product_cat?post=96"},{"taxonomy":"product_tag","embeddable":true,"href":"https:\/\/estudiosadministrativos.com\/test-temarios-oposiciones\/wp-json\/wp\/v2\/product_tag?post=96"}],"curies":[{"name":"wp","href":"https:\/\/api.w.org\/{rel}","templated":true}]}}