{"id":983,"date":"2021-07-22T22:05:53","date_gmt":"2021-07-22T20:05:53","guid":{"rendered":"https:\/\/estudiosadministrativos.com\/test-temarios-oposiciones\/?post_type=product&#038;p=983"},"modified":"2023-04-30T21:28:53","modified_gmt":"2023-04-30T19:28:53","slug":"tema-la-organizacion-territorial-del-estado","status":"publish","type":"product","link":"https:\/\/estudiosadministrativos.com\/test-temarios-oposiciones\/recurso\/tema-la-organizacion-territorial-del-estado\/","title":{"rendered":"Tema La organizaci\u00f3n territorial del Estado en la Constituci\u00f3n, clases con apuntes, res\u00famenes, esquemas y test"},"content":{"rendered":"<h2>Tema La organizaci\u00f3n territorial del Estado<\/h2>\n<p>&nbsp;<\/p>\n<h3>Con clases, apuntes, esquemas, res\u00famenes y test<\/h3>\n<h4>En cuanto realizas la inscripci\u00f3n te llega un correo con un enlace para acceder a la plataforma.<\/h4>\n<p>&nbsp;<\/p>\n<h4>T\u00cdTULO VIII: De la Organizaci\u00f3n Territorial del Estado<\/h4>\n<h5>CAP\u00cdTULO PRIMERO: Principios generales<\/h5>\n<h5>CAP\u00cdTULO SEGUNDO: De la Administraci\u00f3n local<\/h5>\n<h5>CAP\u00cdTULO TERCERO: De las Comunidades Aut\u00f3nomas<\/h5>\n<div class=\"wp-video\">\n<div id=\"mep_0\" class=\"mejs-container mejs-container-keyboard-inactive wp-video-shortcode mejs-video\" tabindex=\"0\" role=\"application\" aria-label=\"Reproductor de v\u00eddeo\">\n<div class=\"mejs-inner\">\n<div class=\"mejs-controls\">\n<div class=\"mejs-time mejs-duration-container\"><\/div>\n<div class=\"mejs-button mejs-volume-button mejs-mute\">\n<table id=\"yui_3_17_2_1_1668272614607_3207\">\n<tbody id=\"yui_3_17_2_1_1668272614607_3206\">\n<tr id=\"yui_3_17_2_1_1668272614607_3205\">\n<td>\n<h6>Sobre las Competencias recogidas en los Estatutos de Autonom\u00eda. Modificaci\u00f3n de competencias. Leyes de armonizaci\u00f3n. Art. 145.1\u00a0145.2\u00a0Control de la actividad de los \u00f3rganos de las Comunidades Aut\u00f3nomas (art. 150.2, art 153). Organizaci\u00f3n institucional b\u00e1sica de las\u00a0CC.AA. (art. 152) &#8211; La Jurisdicci\u00f3n contencioso-administrativa. Incumplimiento de obligaciones (art. 155). Recursos y l\u00edmites de las CC.AA. (art. 157.1 y 157.2)- Tribunal Superior de Justicia. Art. 1 de la Ley de Bases del R\u00e9gimen local. La Provincia y el Municipio.<\/h6>\n<\/td>\n<\/tr>\n<\/tbody>\n<\/table>\n<table id=\"yui_3_17_2_1_1668272614607_3268\">\n<tbody id=\"yui_3_17_2_1_1668272614607_3267\">\n<tr id=\"yui_3_17_2_1_1668272614607_3266\">\n<td id=\"yui_3_17_2_1_1668272614607_3265\">\n<h6 id=\"yui_3_17_2_1_1668272614607_3264\">Configuraci\u00f3n territorial del Estado Espa\u00f1ol en la Constituci\u00f3n, arts. 137 a 140. Principios generales. arts. 143 a 158. Introducci\u00f3n a la Ley de Bases del R\u00e9gimen Local. V\u00edas de acceso a la autonom\u00eda.<\/h6>\n<\/td>\n<\/tr>\n<\/tbody>\n<\/table>\n<table id=\"yui_3_17_2_1_1668272614607_3268\">\n<tbody id=\"yui_3_17_2_1_1668272614607_3267\">\n<tr id=\"yui_3_17_2_1_1668272614607_3266\">\n<td id=\"yui_3_17_2_1_1668272614607_3322\">\n<h6 id=\"yui_3_17_2_1_1668272614607_3321\">T\u00cdTULO VIII: De la Organizaci\u00f3n Territorial del Estado, CAP. 1\u00ba, Principios generales: Art. 137, 138, 139\u00a0&#8211; CAP. 2\u00ba, De la Administraci\u00f3n Local: Art. 140 (El Municipio), Art. 141 (La Provincia). Art. 142 (Las Haciendas) &#8211; Concepto de \u00abLegislaci\u00f3n B\u00e1sica\u00bb (Art. 148 y 149)<br \/>\nConcepto\u00a0<i>\u00abLey de Bases\u00bb, \u00abDecreto Legislativo\u00bb , \u00abReal Decreto Legislativo\u00bb<\/i><\/h6>\n<\/td>\n<\/tr>\n<\/tbody>\n<\/table>\n<\/div>\n<div class=\"mejs-button mejs-fullscreen-button\"><\/div>\n<\/div>\n<\/div>\n<\/div>\n<\/div>\n","protected":false},"excerpt":{"rendered":"<h2>La organizaci\u00f3n territorial del Estado en la Constituci\u00f3n<\/h2>\n<p>&nbsp;<\/p>\n<h3>Completo, con clases, apuntes, esquemas, res\u00famenes y test<\/h3>\n<p>&nbsp;<\/p>\n<h4>T\u00cdTULO VIII: De la Organizaci\u00f3n Territorial del Estado<\/h4>\n<h5>CAP\u00cdTULO PRIMERO: Principios generales<\/h5>\n<h5>CAP\u00cdTULO SEGUNDO: De la Administraci\u00f3n local<\/h5>\n<h5>CAP\u00cdTULO TERCERO: De las Comunidades Aut\u00f3nomas<\/h5>\n<h4><\/h4>\n<h4>En cuanto realizas la inscripci\u00f3n te llega un correo con un enlace para acceder a la plataforma.<\/h4>\n<h5>Un \u00fanico pago, acceso por tiempo ilimitado<\/h5>\n","protected":false},"featured_media":2412,"comment_status":"open","ping_status":"closed","template":"","meta":{"site-sidebar-layout":"default","site-content-layout":"default","ast-site-content-layout":"default","site-content-style":"default","site-sidebar-style":"default","ast-global-header-display":"","ast-banner-title-visibility":"","ast-main-header-display":"","ast-hfb-above-header-display":"","ast-hfb-below-header-display":"","ast-hfb-mobile-header-display":"","site-post-title":"","ast-breadcrumbs-content":"","ast-featured-img":"","footer-sml-layout":"","ast-disable-related-posts":"","theme-transparent-header-meta":"default","adv-header-id-meta":"","stick-header-meta":"","header-above-stick-meta":"","header-main-stick-meta":"","header-below-stick-meta":"","astra-migrate-meta-layouts":"default","ast-page-background-enabled":"default","ast-page-background-meta":{"desktop":{"background-color":"","background-image":"","background-repeat":"repeat","background-position":"center center","background-size":"auto","background-attachment":"scroll","background-type":"","background-media":"","overlay-type":"","overlay-color":"","overlay-opacity":"","overlay-gradient":""},"tablet":{"background-color":"","background-image":"","background-repeat":"repeat","background-position":"center center","background-size":"auto","background-attachment":"scroll","background-type":"","background-media":"","overlay-type":"","overlay-color":"","overlay-opacity":"","overlay-gradient":""},"mobile":{"background-color":"","background-image":"","background-repeat":"repeat","background-position":"center center","background-size":"auto","background-attachment":"scroll","background-type":"","background-media":"","overlay-type":"","overlay-color":"","overlay-opacity":"","overlay-gradient":""}},"ast-content-background-meta":{"desktop":{"background-color":"var(--ast-global-color-5)","background-image":"","background-repeat":"repeat","background-position":"center center","background-size":"auto","background-attachment":"scroll","background-type":"","background-media":"","overlay-type":"","overlay-color":"","overlay-opacity":"","overlay-gradient":""},"tablet":{"background-color":"var(--ast-global-color-5)","background-image":"","background-repeat":"repeat","background-position":"center center","background-size":"auto","background-attachment":"scroll","background-type":"","background-media":"","overlay-type":"","overlay-color":"","overlay-opacity":"","overlay-gradient":""},"mobile":{"background-color":"var(--ast-global-color-5)","background-image":"","background-repeat":"repeat","background-position":"center center","background-size":"auto","background-attachment":"scroll","background-type":"","background-media":"","overlay-type":"","overlay-color":"","overlay-opacity":"","overlay-gradient":""}}},"product_brand":[],"product_cat":[44,100,18,19,54,35,72],"product_tag":[225],"class_list":{"0":"post-983","1":"product","2":"type-product","3":"status-publish","4":"has-post-thumbnail","6":"product_cat-apuntes-del-temario-oposiciones","7":"product_cat-clases-en-diferido-sobre-temas-concretos","8":"product_cat-cursos-de-oposiciones","9":"product_cat-esquemas-para-oposiciones","10":"product_cat-la-constitucion-espanola","11":"product_cat-test-apuntes-temarios-recursos","12":"product_cat-test-de-oposiciones","13":"product_tag-la-organizacion-territorial-del-estado-en-la-constitucion","14":"desktop-align-left","15":"tablet-align-left","16":"mobile-align-left","18":"first","19":"instock","20":"shipping-taxable","21":"product-type-external"},"_links":{"self":[{"href":"https:\/\/estudiosadministrativos.com\/test-temarios-oposiciones\/wp-json\/wp\/v2\/product\/983","targetHints":{"allow":["GET"]}}],"collection":[{"href":"https:\/\/estudiosadministrativos.com\/test-temarios-oposiciones\/wp-json\/wp\/v2\/product"}],"about":[{"href":"https:\/\/estudiosadministrativos.com\/test-temarios-oposiciones\/wp-json\/wp\/v2\/types\/product"}],"replies":[{"embeddable":true,"href":"https:\/\/estudiosadministrativos.com\/test-temarios-oposiciones\/wp-json\/wp\/v2\/comments?post=983"}],"wp:featuredmedia":[{"embeddable":true,"href":"https:\/\/estudiosadministrativos.com\/test-temarios-oposiciones\/wp-json\/wp\/v2\/media\/2412"}],"wp:attachment":[{"href":"https:\/\/estudiosadministrativos.com\/test-temarios-oposiciones\/wp-json\/wp\/v2\/media?parent=983"}],"wp:term":[{"taxonomy":"product_brand","embeddable":true,"href":"https:\/\/estudiosadministrativos.com\/test-temarios-oposiciones\/wp-json\/wp\/v2\/product_brand?post=983"},{"taxonomy":"product_cat","embeddable":true,"href":"https:\/\/estudiosadministrativos.com\/test-temarios-oposiciones\/wp-json\/wp\/v2\/product_cat?post=983"},{"taxonomy":"product_tag","embeddable":true,"href":"https:\/\/estudiosadministrativos.com\/test-temarios-oposiciones\/wp-json\/wp\/v2\/product_tag?post=983"}],"curies":[{"name":"wp","href":"https:\/\/api.w.org\/{rel}","templated":true}]}}